{"id":353,"date":"2026-01-29T18:49:06","date_gmt":"2026-01-29T18:49:06","guid":{"rendered":"https:\/\/globalsolidarity.live\/robotagency0.7\/?page_id=353"},"modified":"2026-01-29T18:49:09","modified_gmt":"2026-01-29T18:49:09","slug":"read-this-first","status":"publish","type":"page","link":"https:\/\/globalsolidarity.live\/robotagency0.7\/read-this-first\/","title":{"rendered":"READ THIS FIRST"},"content":{"rendered":"\n<div class=\"wp-block-columns is-layout-flex wp-container-core-columns-is-layout-28f84493 wp-block-columns-is-layout-flex\">\n<div class=\"wp-block-column is-layout-flow wp-block-column-is-layout-flow\" style=\"flex-basis:100%\">\n<div class=\"wp-block-cover alignfull is-light has-foreground-color has-text-color\" style=\"min-height:90vh;aspect-ratio:unset;\"><span aria-hidden=\"true\" class=\"wp-block-cover__background has-background-background-color has-background-dim-0 has-background-dim\"><\/span><div class=\"wp-block-cover__inner-container is-layout-flow wp-block-cover-is-layout-flow\">\n<div class=\"wp-block-group has-global-padding is-layout-constrained wp-container-core-group-is-layout-b6fef00a wp-block-group-is-layout-constrained\"><\/div>\n\n\n\n<p>READ THIS FIRST<\/p>\n\n\n\n<p>1. You can change your photo in the Telesales listing only once, send it through Facebook account.<\/p>\n\n\n\n<p>2. Confirm your participation in our sales team.<\/p>\n\n\n\n<p>3. It is essential to constantly increase our training, we have added a list of free courses and with paid certificates that will be useful to you.<\/p>\n\n\n\n<p>4. Constantly update your CV, especially on Linkedin, with each new course you complete. If possible try to obtain certificates for each course<\/p>\n\n\n\n<p>5. Our system will provide an Online Marketing Course with certificate within one month. We will notify when it is available.<\/p>\n\n\n\n<p>6. When the company charges for the sales you make, we will immediately make the corresponding payment for your commission to your PayPal account. Please activate a free Paypal account to operate.<\/p>\n\n\n\n<p>7. We will communicate internally via Telegram, please register in the system and give us your username.<\/p>\n\n\n\n<p>8. Sales commission percentages are notified from this same command section. Please visit it periodically to stay informed of news.<\/p>\n\n\n\n<p>9. Sales percentages average 5 to 50%. For advertising sales the average is 10%.<\/p>\n\n\n\n<p>10. In the second phase we will reduce this percentage from 20% to 10% and we will give you the possibility of incorporating new sellers and you will charge an additional 15% (5% corresponding to the commission) for each sale made by the members of your team. .<\/p>\n\n\n\n<p>11. In sales your most valuable capital is your portfolio of contacts and clients. As you organize and advance you will make great progress.<\/p>\n\n\n\n<p>12. If you manage to get a company to incorporate its products and\/or services into our sales team, you will receive a permanent fixed commission on all sales that may be made through us from said company.<\/p>\n\n\n\n<p>13. To formalize the relationship between the parties, it is necessary that you sign a contract as a sales commission agent.<\/p>\n\n\n\n<p>14. On 12\/26\/2024 on this same page we will publish the first products for commercialization.<\/p>\n\n\n\n<p>15. What do we sell? We start with advertising, then we will add more products and services. Internet marketing today averages 4 trillion dollars per year.<\/p>\n\n\n\n<p>16. Our systems range from Hollywood Agency to developments in AI. You will be able to specialize in the market sector that you prefer.<\/p>\n\n\n\n<p>17. In the future you will be able to set up your own sales operations center, with our support and advice.<\/p>\n\n\n\n<p>18. At <a href=\"http:\/\/telesales.solutions\/sellerlist.htm\">http:\/\/telesales.solutions\/<\/a>&nbsp; you have a marketing course on YouTube, if possible watch it in full.<\/p>\n\n\n\n<p>19. The best salesperson of the month will be the group leader and will receive a 1% commission on all sales as a bonus. The salesperson who manages to sell the most for 4 consecutive months will obtain leadership of the Sales Division permanently.<\/p>\n\n\n\n<hr class=\"wp-block-separator has-alpha-channel-opacity\"\/>\n<\/div><\/div>\n<\/div>\n<\/div>\n\n\n\n<p><strong>LEE ESTO PRIMERO<\/strong><\/p>\n\n\n\n<ol class=\"wp-block-list\">\n<li>Puedes cambiar tu foto en el listado de Telesales solo una vez, env\u00edala a trav\u00e9s de tu cuenta de Facebook.<\/li>\n\n\n\n<li>Confirma tu participaci\u00f3n en nuestro equipo de ventas.<\/li>\n\n\n\n<li>Es esencial mejorar constantemente nuestra formaci\u00f3n, hemos a\u00f1adido una lista de cursos gratuitos y con certificados pagos que te ser\u00e1n \u00fatiles.<\/li>\n\n\n\n<li>Actualiza constantemente tu CV, especialmente en LinkedIn, con cada nuevo curso que completes. Si es posible, trata de obtener certificados para cada curso.<\/li>\n\n\n\n<li>Nuestro sistema proporcionar\u00e1 un Curso de Marketing Online con certificado dentro de un mes. Te notificaremos cuando est\u00e9 disponible.<\/li>\n\n\n\n<li>Cuando la empresa reciba el pago por las ventas que realices, te haremos el pago correspondiente de tu comisi\u00f3n a tu cuenta de PayPal de forma inmediata. Por favor, activa una cuenta gratuita de PayPal para operar.<\/li>\n\n\n\n<li>Nos comunicaremos internamente a trav\u00e9s de Telegram, por favor reg\u00edstrate en el sistema y env\u00edanos tu nombre de usuario.<\/li>\n\n\n\n<li>Los porcentajes de comisi\u00f3n de ventas se notificar\u00e1n desde esta misma secci\u00f3n de comandos. Vis\u00edtala peri\u00f3dicamente para mantenerte informado sobre novedades.<\/li>\n\n\n\n<li>Los porcentajes de ventas var\u00edan entre un 5% y un 50%. Para ventas de publicidad el promedio es del 10%.<\/li>\n\n\n\n<li>En la segunda fase reduciremos este porcentaje del 20% al 10% y te daremos la posibilidad de incorporar nuevos vendedores, y cobrar\u00e1s un 15% adicional (5% correspondiente a la comisi\u00f3n) por cada venta realizada por los miembros de tu equipo.<\/li>\n\n\n\n<li>En ventas, tu capital m\u00e1s valioso es tu cartera de contactos y clientes. A medida que te organices y avances, lograr\u00e1s grandes progresos.<\/li>\n\n\n\n<li>Si logras que una empresa incorpore sus productos y\/o servicios a nuestro equipo de ventas, recibir\u00e1s una comisi\u00f3n fija permanente sobre todas las ventas que se realicen a trav\u00e9s de nosotros de dicha empresa.<\/li>\n\n\n\n<li>Para formalizar la relaci\u00f3n entre las partes, es necesario que firmes un contrato como agente de comisi\u00f3n por ventas.<\/li>\n\n\n\n<li>El 26\/12\/2024 publicaremos en esta misma p\u00e1gina los primeros productos para comercializaci\u00f3n.<\/li>\n\n\n\n<li>\u00bfQu\u00e9 vendemos? Comenzamos con publicidad, luego a\u00f1adiremos m\u00e1s productos y servicios. El marketing en Internet genera hoy en d\u00eda un promedio de 4 billones de d\u00f3lares al a\u00f1o.<\/li>\n\n\n\n<li>Nuestros sistemas van desde Hollywood Agency hasta desarrollos en IA. Podr\u00e1s especializarte en el sector del mercado que prefieras.<\/li>\n\n\n\n<li>En el futuro podr\u00e1s montar tu propio centro de operaciones de ventas, con nuestro apoyo y asesor\u00eda.<\/li>\n\n\n\n<li>En <a href=\"http:\/\/telesales.solutions\/sellerlist.htm\">http:\/\/telesales.solutions<\/a>\/ tienes un curso de marketing en YouTube, si es posible, m\u00edralo completo.<\/li>\n\n\n\n<li>El mejor vendedor del mes ser\u00e1 el l\u00edder del grupo y recibir\u00e1 un 1% de comisi\u00f3n sobre todas las ventas como bono. El vendedor que logre vender m\u00e1s durante 4 meses consecutivos obtendr\u00e1 el liderazgo permanente de la Divisi\u00f3n de Ventas.<\/li>\n<\/ol>\n\n\n\n<p>A Better World, Now Possible!<\/p>\n\n\n\n<p>EcoBuddha Maitreya<\/p>\n\n\n\n<p><\/p>\n","protected":false},"excerpt":{"rendered":"<p>LEE ESTO PRIMERO A Better World, Now Possible! EcoBuddha Maitreya<\/p>\n","protected":false},"author":1,"featured_media":299,"parent":0,"menu_order":0,"comment_status":"closed","ping_status":"closed","template":"","meta":{"footnotes":""},"class_list":["post-353","page","type-page","status-publish","has-post-thumbnail","hentry"],"_links":{"self":[{"href":"https:\/\/globalsolidarity.live\/robotagency0.7\/wp-json\/wp\/v2\/pages\/353","targetHints":{"allow":["GET"]}}],"collection":[{"href":"https:\/\/globalsolidarity.live\/robotagency0.7\/wp-json\/wp\/v2\/pages"}],"about":[{"href":"https:\/\/globalsolidarity.live\/robotagency0.7\/wp-json\/wp\/v2\/types\/page"}],"author":[{"embeddable":true,"href":"https:\/\/globalsolidarity.live\/robotagency0.7\/wp-json\/wp\/v2\/users\/1"}],"replies":[{"embeddable":true,"href":"https:\/\/globalsolidarity.live\/robotagency0.7\/wp-json\/wp\/v2\/comments?post=353"}],"version-history":[{"count":1,"href":"https:\/\/globalsolidarity.live\/robotagency0.7\/wp-json\/wp\/v2\/pages\/353\/revisions"}],"predecessor-version":[{"id":354,"href":"https:\/\/globalsolidarity.live\/robotagency0.7\/wp-json\/wp\/v2\/pages\/353\/revisions\/354"}],"wp:featuredmedia":[{"embeddable":true,"href":"https:\/\/globalsolidarity.live\/robotagency0.7\/wp-json\/wp\/v2\/media\/299"}],"wp:attachment":[{"href":"https:\/\/globalsolidarity.live\/robotagency0.7\/wp-json\/wp\/v2\/media?parent=353"}],"curies":[{"name":"wp","href":"https:\/\/api.w.org\/{rel}","templated":true}]}}