{"id":1454,"date":"2025-09-28T03:08:22","date_gmt":"2025-09-28T03:08:22","guid":{"rendered":"https:\/\/globalsolidarity.live\/spacearch\/?page_id=1454"},"modified":"2026-01-28T19:44:44","modified_gmt":"2026-01-28T19:44:44","slug":"%e2%98%8e%ef%b8%8f-iaucip-telesales-network","status":"publish","type":"page","link":"https:\/\/globalsolidarity.live\/spacearch\/%e2%98%8e%ef%b8%8f-iaucip-telesales-network\/","title":{"rendered":"\u260e\ufe0f IAUCIP TELESALES NETWORK"},"content":{"rendered":"\n<p><strong>Fuerza de ventas global al servicio de cada asociado<\/strong><\/p>\n\n\n\n<figure class=\"wp-block-image size-large\"><a href=\"https:\/\/globalsolidarity.live\/spacearch\/wp-content\/uploads\/2025\/09\/image-137.png\"><img loading=\"lazy\" decoding=\"async\" width=\"1024\" height=\"1024\" src=\"https:\/\/globalsolidarity.live\/spacearch\/wp-content\/uploads\/2025\/09\/image-137-1024x1024.png\" alt=\"\" class=\"wp-image-1455\" srcset=\"https:\/\/globalsolidarity.live\/spacearch\/wp-content\/uploads\/2025\/09\/image-137.png 1024w, https:\/\/globalsolidarity.live\/spacearch\/wp-content\/uploads\/2025\/09\/image-137-300x300.png 300w, https:\/\/globalsolidarity.live\/spacearch\/wp-content\/uploads\/2025\/09\/image-137-150x150.png 150w, https:\/\/globalsolidarity.live\/spacearch\/wp-content\/uploads\/2025\/09\/image-137-768x768.png 768w\" sizes=\"auto, (max-width: 1024px) 100vw, 1024px\" \/><\/a><\/figure>\n\n\n\n<figure class=\"wp-block-image size-large\"><a href=\"https:\/\/globalsolidarity.live\/spacearch\/wp-content\/uploads\/2025\/09\/1.png\"><img loading=\"lazy\" decoding=\"async\" width=\"1024\" height=\"683\" src=\"https:\/\/globalsolidarity.live\/spacearch\/wp-content\/uploads\/2025\/09\/1-1024x683.png\" alt=\"\" class=\"wp-image-1461\" srcset=\"https:\/\/globalsolidarity.live\/spacearch\/wp-content\/uploads\/2025\/09\/1-1024x683.png 1024w, https:\/\/globalsolidarity.live\/spacearch\/wp-content\/uploads\/2025\/09\/1-300x200.png 300w, https:\/\/globalsolidarity.live\/spacearch\/wp-content\/uploads\/2025\/09\/1-768x512.png 768w, https:\/\/globalsolidarity.live\/spacearch\/wp-content\/uploads\/2025\/09\/1.png 1200w\" sizes=\"auto, (max-width: 1024px) 100vw, 1024px\" \/><\/a><\/figure>\n\n\n\n<figure class=\"wp-block-gallery has-nested-images columns-default is-cropped wp-block-gallery-1 is-layout-flex wp-block-gallery-is-layout-flex\">\n<figure class=\"wp-block-image size-large\"><a href=\"https:\/\/globalsolidarity.live\/spacearch\/wp-content\/uploads\/2025\/09\/4.png\"><img loading=\"lazy\" decoding=\"async\" width=\"554\" height=\"555\" data-id=\"1459\" src=\"https:\/\/globalsolidarity.live\/spacearch\/wp-content\/uploads\/2025\/09\/4.png\" alt=\"\" class=\"wp-image-1459\" srcset=\"https:\/\/globalsolidarity.live\/spacearch\/wp-content\/uploads\/2025\/09\/4.png 554w, https:\/\/globalsolidarity.live\/spacearch\/wp-content\/uploads\/2025\/09\/4-300x300.png 300w, https:\/\/globalsolidarity.live\/spacearch\/wp-content\/uploads\/2025\/09\/4-150x150.png 150w\" sizes=\"auto, (max-width: 554px) 100vw, 554px\" \/><\/a><\/figure>\n\n\n\n<figure class=\"wp-block-image size-large\"><a href=\"https:\/\/globalsolidarity.live\/spacearch\/wp-content\/uploads\/2025\/09\/13.png\"><img loading=\"lazy\" decoding=\"async\" width=\"460\" height=\"463\" data-id=\"1457\" src=\"https:\/\/globalsolidarity.live\/spacearch\/wp-content\/uploads\/2025\/09\/13.png\" alt=\"\" class=\"wp-image-1457\" srcset=\"https:\/\/globalsolidarity.live\/spacearch\/wp-content\/uploads\/2025\/09\/13.png 460w, https:\/\/globalsolidarity.live\/spacearch\/wp-content\/uploads\/2025\/09\/13-298x300.png 298w, https:\/\/globalsolidarity.live\/spacearch\/wp-content\/uploads\/2025\/09\/13-150x150.png 150w\" sizes=\"auto, (max-width: 460px) 100vw, 460px\" \/><\/a><\/figure>\n\n\n\n<figure class=\"wp-block-image size-large\"><a href=\"https:\/\/globalsolidarity.live\/spacearch\/wp-content\/uploads\/2025\/09\/18.png\"><img loading=\"lazy\" decoding=\"async\" width=\"462\" height=\"511\" data-id=\"1458\" src=\"https:\/\/globalsolidarity.live\/spacearch\/wp-content\/uploads\/2025\/09\/18.png\" alt=\"\" class=\"wp-image-1458\" srcset=\"https:\/\/globalsolidarity.live\/spacearch\/wp-content\/uploads\/2025\/09\/18.png 462w, https:\/\/globalsolidarity.live\/spacearch\/wp-content\/uploads\/2025\/09\/18-271x300.png 271w\" sizes=\"auto, (max-width: 462px) 100vw, 462px\" \/><\/a><\/figure>\n<\/figure>\n\n\n\n<h2 class=\"wp-block-heading\">\ud83d\udd39 Concepto<\/h2>\n\n\n\n<p>El sistema de <strong>telesalers IAUCIP<\/strong> convierte cualquier empresa, PyME o profesional en un actor con alcance <strong>planetario<\/strong>.<br>Cada telesaler act\u00faa como un <strong>embajador comercial<\/strong>, entrenado en el knowhow digital, ventas remotas y escalabilidad de mercados.<\/p>\n\n\n\n<hr class=\"wp-block-separator has-alpha-channel-opacity\"\/>\n\n\n\n<h2 class=\"wp-block-heading\">\ud83d\udcbc Servicios de Telesales IAUCIP<\/h2>\n\n\n\n<h3 class=\"wp-block-heading\">1. \ud83d\udccd <strong>Ventas Locales Inteligentes<\/strong><\/h3>\n\n\n\n<ul class=\"wp-block-list\">\n<li>Contacto directo con clientes de la ciudad\/regi\u00f3n.<\/li>\n\n\n\n<li>Captaci\u00f3n de nuevos compradores y fidelizaci\u00f3n de clientes existentes.<\/li>\n\n\n\n<li>Uso de herramientas digitales para <strong>duplicar tr\u00e1fico y ventas<\/strong> de asociados.<\/li>\n<\/ul>\n\n\n\n<h3 class=\"wp-block-heading\">2. \ud83c\udde6\ud83c\uddf7 <strong>Red Nacional de Telesalers<\/strong><\/h3>\n\n\n\n<ul class=\"wp-block-list\">\n<li>Cada telesaler conecta empresas locales con <strong>proveedores y clientes de todo el pa\u00eds<\/strong>.<\/li>\n\n\n\n<li>Generaci\u00f3n de <strong>alianzas comerciales interprovinciales<\/strong>.<\/li>\n\n\n\n<li>Expansi\u00f3n de PyMEs m\u00e1s all\u00e1 de su mercado inmediato.<\/li>\n<\/ul>\n\n\n\n<h3 class=\"wp-block-heading\">3. \ud83c\udf0d <strong>Escala Internacional<\/strong><\/h3>\n\n\n\n<ul class=\"wp-block-list\">\n<li>Incorporaci\u00f3n a la <strong>red IAUCIP en 129 pa\u00edses<\/strong>.<\/li>\n\n\n\n<li>Representaci\u00f3n comercial en nodos estrat\u00e9gicos: Denver, Miami, Dubai, Tokio y New Delhi.<\/li>\n\n\n\n<li>Acceso a ferias hologr\u00e1ficas (<em>ExoPlanet International<\/em>) para mostrar productos 24\/7.<\/li>\n<\/ul>\n\n\n\n<hr class=\"wp-block-separator has-alpha-channel-opacity\"\/>\n\n\n\n<h2 class=\"wp-block-heading\">\ud83d\udd11 Servicios Espec\u00edficos de Telesalers<\/h2>\n\n\n\n<h3 class=\"wp-block-heading\">\ud83d\udcde <strong>Prospecci\u00f3n Activa Multicanal<\/strong><\/h3>\n\n\n\n<ul class=\"wp-block-list\">\n<li>Llamadas, WhatsApp Business, email marketing y videollamadas.<\/li>\n\n\n\n<li>Presentaciones profesionales de productos y servicios en nombre del asociado.<\/li>\n<\/ul>\n\n\n\n<h3 class=\"wp-block-heading\">\ud83e\udd1d <strong>Cierre de Ventas Asistido por IA<\/strong><\/h3>\n\n\n\n<ul class=\"wp-block-list\">\n<li>Scripts de ventas optimizados por IA.<\/li>\n\n\n\n<li>Traducci\u00f3n autom\u00e1tica en tiempo real para negociar en cualquier idioma.<\/li>\n\n\n\n<li>Reducci\u00f3n de tiempos de cierre hasta en <strong>70%<\/strong>.<\/li>\n<\/ul>\n\n\n\n<h3 class=\"wp-block-heading\">\ud83d\udcbb <strong>Gesti\u00f3n Digital de Cartera de Clientes (CRM IAUCIP)<\/strong><\/h3>\n\n\n\n<ul class=\"wp-block-list\">\n<li>Registro automatizado de leads y clientes en base de datos IA.<\/li>\n\n\n\n<li>Seguimiento de oportunidades de negocio.<\/li>\n\n\n\n<li>Reportes en tiempo real para asociados.<\/li>\n<\/ul>\n\n\n\n<h3 class=\"wp-block-heading\">\ud83d\udce2 <strong>Publicidad Integrada<\/strong><\/h3>\n\n\n\n<ul class=\"wp-block-list\">\n<li>Promoci\u00f3n de productos en <strong>Dinner Network y Global News<\/strong>.<\/li>\n\n\n\n<li>Campa\u00f1as de micro-marketing segmentadas.<\/li>\n\n\n\n<li>Inclusi\u00f3n en marketplace IAUCIP y <strong>GlobalMarkets<\/strong>.<\/li>\n<\/ul>\n\n\n\n<h3 class=\"wp-block-heading\">\ud83d\udcb3 <strong>Modelo de Comisi\u00f3n Flexible<\/strong><\/h3>\n\n\n\n<ul class=\"wp-block-list\">\n<li>Pago a telesalers en funci\u00f3n de resultados.<\/li>\n\n\n\n<li>Escalas de comisi\u00f3n progresiva (5% a 60% seg\u00fan nivel de ventas).<\/li>\n\n\n\n<li>Transparencia total mediante reportes online.<\/li>\n<\/ul>\n\n\n\n<hr class=\"wp-block-separator has-alpha-channel-opacity\"\/>\n\n\n\n<h2 class=\"wp-block-heading\">\ud83c\udf1f Ventajas del Sistema IAUCIP Telesales<\/h2>\n\n\n\n<p>\u2714\ufe0f Ventas sin fronteras: de la cuadra al planeta.<br>\u2714\ufe0f Costos comerciales variables (pag\u00e1s solo cuando vend\u00e9s).<br>\u2714\ufe0f Knowhow digital aplicado en cada operaci\u00f3n.<br>\u2714\ufe0f Generaci\u00f3n de empleo en red, desde teletrabajo local a operaci\u00f3n internacional.<br>\u2714\ufe0f Soporte IA en prospecci\u00f3n, negociaci\u00f3n y cierre de ventas.<\/p>\n\n\n\n<hr class=\"wp-block-separator has-alpha-channel-opacity\"\/>\n\n\n\n<p>\ud83d\udd25 <strong>Lema del \u00e1rea Telesales IAUCIP<\/strong><br><strong>\u201cTu producto en todas partes, tus ventas sin l\u00edmites.\u201d<\/strong><\/p>\n\n\n\n<figure class=\"wp-block-image size-full\"><a href=\"https:\/\/globalsolidarity.live\/spacearch\/wp-content\/uploads\/2025\/09\/4-3.jpg\"><img loading=\"lazy\" decoding=\"async\" width=\"720\" height=\"479\" src=\"https:\/\/globalsolidarity.live\/spacearch\/wp-content\/uploads\/2025\/09\/4-3.jpg\" alt=\"\" class=\"wp-image-1460\" srcset=\"https:\/\/globalsolidarity.live\/spacearch\/wp-content\/uploads\/2025\/09\/4-3.jpg 720w, https:\/\/globalsolidarity.live\/spacearch\/wp-content\/uploads\/2025\/09\/4-3-300x200.jpg 300w\" sizes=\"auto, (max-width: 720px) 100vw, 720px\" \/><\/a><\/figure>\n\n\n\n<h2 class=\"wp-block-heading\">\ud83d\udce9 Contacto Institucional<\/h2>\n\n\n\n<figure class=\"wp-block-embed is-type-wp-embed is-provider-spacearch-solutions wp-block-embed-spacearch-solutions\"><div class=\"wp-block-embed__wrapper\">\n<blockquote class=\"wp-embedded-content\" data-secret=\"FjIrRoI6CA\"><a href=\"https:\/\/globalsolidarity.live\/spacearch\/contact\/\">Contact<\/a><\/blockquote><iframe loading=\"lazy\" class=\"wp-embedded-content\" sandbox=\"allow-scripts\" security=\"restricted\" style=\"position: absolute; visibility: hidden;\" title=\"\u00abContact\u00bb \u2014 SpaceArch Solutions\" src=\"https:\/\/globalsolidarity.live\/spacearch\/contact\/embed\/#?secret=UwA0CFe94M#?secret=FjIrRoI6CA\" data-secret=\"FjIrRoI6CA\" width=\"600\" height=\"338\" frameborder=\"0\" marginwidth=\"0\" marginheight=\"0\" scrolling=\"no\"><\/iframe>\n<\/div><\/figure>\n\n\n\n<ul class=\"wp-block-list\"><\/ul>\n\n\n\n<figure class=\"wp-block-embed is-type-wp-embed is-provider-spacearch-solutions wp-block-embed-spacearch-solutions\"><div class=\"wp-block-embed__wrapper\">\n<blockquote class=\"wp-embedded-content\" data-secret=\"qQLmOQTfkU\"><a href=\"https:\/\/globalsolidarity.live\/spacearch\/aiomega-international-strategy-unit\/\">\u2600\ufe0f+AIOmega International Strategy Unit<\/a><\/blockquote><iframe loading=\"lazy\" class=\"wp-embedded-content\" sandbox=\"allow-scripts\" security=\"restricted\" style=\"position: absolute; visibility: hidden;\" title=\"\u00ab\u2600\ufe0f+AIOmega International Strategy Unit\u00bb \u2014 SpaceArch Solutions\" src=\"https:\/\/globalsolidarity.live\/spacearch\/aiomega-international-strategy-unit\/embed\/#?secret=ZHk7pWlVwR#?secret=qQLmOQTfkU\" data-secret=\"qQLmOQTfkU\" width=\"600\" height=\"338\" frameborder=\"0\" marginwidth=\"0\" marginheight=\"0\" scrolling=\"no\"><\/iframe>\n<\/div><\/figure>\n","protected":false},"excerpt":{"rendered":"<p>Fuerza de ventas global al servicio de cada asociado \ud83d\udd39 Concepto El sistema de telesalers IAUCIP convierte cualquier<\/p>\n","protected":false},"author":1,"featured_media":0,"parent":0,"menu_order":0,"comment_status":"closed","ping_status":"closed","template":"","meta":{"footnotes":""},"class_list":["post-1454","page","type-page","status-publish","hentry"],"_links":{"self":[{"href":"https:\/\/globalsolidarity.live\/spacearch\/wp-json\/wp\/v2\/pages\/1454","targetHints":{"allow":["GET"]}}],"collection":[{"href":"https:\/\/globalsolidarity.live\/spacearch\/wp-json\/wp\/v2\/pages"}],"about":[{"href":"https:\/\/globalsolidarity.live\/spacearch\/wp-json\/wp\/v2\/types\/page"}],"author":[{"embeddable":true,"href":"https:\/\/globalsolidarity.live\/spacearch\/wp-json\/wp\/v2\/users\/1"}],"replies":[{"embeddable":true,"href":"https:\/\/globalsolidarity.live\/spacearch\/wp-json\/wp\/v2\/comments?post=1454"}],"version-history":[{"count":4,"href":"https:\/\/globalsolidarity.live\/spacearch\/wp-json\/wp\/v2\/pages\/1454\/revisions"}],"predecessor-version":[{"id":5849,"href":"https:\/\/globalsolidarity.live\/spacearch\/wp-json\/wp\/v2\/pages\/1454\/revisions\/5849"}],"wp:attachment":[{"href":"https:\/\/globalsolidarity.live\/spacearch\/wp-json\/wp\/v2\/media?parent=1454"}],"curies":[{"name":"wp","href":"https:\/\/api.w.org\/{rel}","templated":true}]}}