{"id":1034,"date":"2020-05-17T02:27:46","date_gmt":"2020-05-17T02:27:46","guid":{"rendered":"https:\/\/globalsolidarity.live\/wikiyoga\/?page_id=1034"},"modified":"2020-05-17T02:27:48","modified_gmt":"2020-05-17T02:27:48","slug":"profesores-de-yoga","status":"publish","type":"page","link":"https:\/\/globalsolidarity.live\/wikiyoga\/profesores-de-yoga\/","title":{"rendered":"Profesores de Yoga"},"content":{"rendered":"\n<strong>Promociona tu actividad como profesor. Env\u00edanos tu curriculum, una foto linda, tu n\u00famero de celular y tu e-mail de contacto. Completa estos datos:<\/strong>\n\n\n\n1- Curriculum Vitae<br>2- Metodolog\u00eda<br>3-Trayectoria acad\u00e9mica y profesional<br>4- Precios: Consultar valores actualizados al contactar.\n\n\n\n<strong>Contesta la entrevista:<\/strong><br>\u00bfPor qu\u00e9 decidiste dedicarte al Yoga, qu\u00e9 te motiv\u00f3?<br>\u00bfTuviste alg\u00fan maestro en especial?<br>\u00bfQu\u00e9 te aporta el Yoga en lo personal y a los dem\u00e1s?<br>\u00bfCu\u00e1l es la experiencia m\u00e1s curiosa que viviste con el Yoga?<br>\u00bfQu\u00e9 hac\u00e9s para mantenerte actualizado?<br>\u00bfA qu\u00e9 te dedicas en tus ratos libres?\n\n\n\n\u2013 Pedile a tus amigos, colegas, ex alumnos que te dejen una recomendaci\u00f3n en los comentarios. Responde r\u00e1pidamente el pedido de clases. Si tienes video subelo a Youtube y env\u00edanos el link para agregarlo a tu p\u00e1gina.\n\n\n\n\n<h5 class=\"wp-block-heading\">\u00bfC\u00f3mo doy mi clase virtual?<\/h5>\n\n\n\n\n\u2013&nbsp;<a href=\"https:\/\/hangouts.google.com\/?&amp;\">Google HangOuts<\/a>\n\n\n\n\u2013&nbsp;<a href=\"https:\/\/www.skype.com\/es\/\">Skype<\/a>\n\n\n\n\u2013 FaceTime\n\n\n\n\u2013&nbsp;<a href=\"https:\/\/www.whatsapp.com\/\">WhatsApp<\/a>\n\n\n\n\u2013&nbsp;<a href=\"https:\/\/zoom.us\/\">Zoom<\/a>\n\n\n\n\u2013&nbsp;<a href=\"https:\/\/app.houseparty.com\/login\">HouseParty<\/a>\n\n\n\n\n<ul class=\"wp-block-list\"><li>Para clases de hasta 10 personas, recomendamos&nbsp;<a href=\"https:\/\/hangouts.google.com\/?&amp;\">Google HangOuts<\/a>&nbsp;y&nbsp;<a href=\"https:\/\/zoom.us\/\">Zoom<\/a><\/li><\/ul>\n\n\n\n\n\n<h5 class=\"wp-block-heading\">\u00bfC\u00f3mo cobrar?<\/h5>\n\n\n\n\n\u2013&nbsp;<a href=\"https:\/\/www.mercadopago.com.ar\/\">MercadoPago<\/a>\n\n\n\n\u2013&nbsp;<a href=\"https:\/\/transferwise.com\/\">TransferWise<\/a>\n\n\n\n\u2013&nbsp;<a href=\"https:\/\/www.westernunion.com\/ar\/es\/home.html\">WesternUnion<\/a>\n\n\n\n\u2013&nbsp;<a href=\"https:\/\/www.paypal.com\/es\/home\">PayPal<\/a>\n\n\n\n\n<h5 class=\"wp-block-heading\">\u00bfClases virtuales?<\/h5>\n\n\n\n\n\u2013<a href=\"https:\/\/moodle.org\/\" target=\"_blank\" rel=\"noreferrer noopener\">Moodle<\/a>&nbsp;aula virtual gratuita\n\n\n\n\u2013&nbsp;<a href=\"https:\/\/www.canva.com\/\">Canva<\/a>&nbsp;para crear&nbsp;<strong>presentaciones<\/strong>\n\n\n\n\u2013&nbsp;<a href=\"https:\/\/jamboard.google.com\/\">Google JamBoard<\/a>&nbsp;para tener un&nbsp;<strong>pizarr\u00f3n virtual<\/strong>\n\n\n\n\u2013&nbsp;<a href=\"https:\/\/kahoot.com\/\">Kahoot<\/a>&nbsp;para crear&nbsp;<strong>cuestionarios y tests l\u00fadicos<\/strong>\n\n\n\n*Env\u00eda todos los datos a wikiyogas@gmail.com\n","protected":false},"excerpt":{"rendered":"<p>Promociona tu actividad como profesor. Env\u00edanos tu curriculum, una foto linda, tu n\u00famero de celular y tu e-mail<\/p>\n","protected":false},"author":1,"featured_media":0,"parent":0,"menu_order":0,"comment_status":"closed","ping_status":"closed","template":"","meta":{"footnotes":""},"class_list":["post-1034","page","type-page","status-publish","hentry"],"_links":{"self":[{"href":"https:\/\/globalsolidarity.live\/wikiyoga\/wp-json\/wp\/v2\/pages\/1034","targetHints":{"allow":["GET"]}}],"collection":[{"href":"https:\/\/globalsolidarity.live\/wikiyoga\/wp-json\/wp\/v2\/pages"}],"about":[{"href":"https:\/\/globalsolidarity.live\/wikiyoga\/wp-json\/wp\/v2\/types\/page"}],"author":[{"embeddable":true,"href":"https:\/\/globalsolidarity.live\/wikiyoga\/wp-json\/wp\/v2\/users\/1"}],"replies":[{"embeddable":true,"href":"https:\/\/globalsolidarity.live\/wikiyoga\/wp-json\/wp\/v2\/comments?post=1034"}],"version-history":[{"count":2,"href":"https:\/\/globalsolidarity.live\/wikiyoga\/wp-json\/wp\/v2\/pages\/1034\/revisions"}],"predecessor-version":[{"id":1036,"href":"https:\/\/globalsolidarity.live\/wikiyoga\/wp-json\/wp\/v2\/pages\/1034\/revisions\/1036"}],"wp:attachment":[{"href":"https:\/\/globalsolidarity.live\/wikiyoga\/wp-json\/wp\/v2\/media?parent=1034"}],"curies":[{"name":"wp","href":"https:\/\/api.w.org\/{rel}","templated":true}]}}