{"id":1086,"date":"2020-05-17T03:19:59","date_gmt":"2020-05-17T03:19:59","guid":{"rendered":"https:\/\/globalsolidarity.live\/wikiyoga\/?page_id=1086"},"modified":"2020-07-22T00:52:13","modified_gmt":"2020-07-22T00:52:13","slug":"inversiones","status":"publish","type":"page","link":"https:\/\/globalsolidarity.live\/wikiyoga\/inversiones\/","title":{"rendered":"Inversores"},"content":{"rendered":"\n\n\n\n\n\n<div class=\"wp-block-group\"><div class=\"wp-block-group__inner-container is-layout-flow wp-block-group-is-layout-flow\">\n<figure id=\"attachment_4629\" aria-describedby=\"caption-attachment-4629\" style=\"width: 1733px\" class=\"wp-caption alignnone\"><img loading=\"lazy\" decoding=\"async\" class=\"alignnone size-full wp-image-4629\" src=\"https:\/\/wikiyogas.files.wordpress.com\/2020\/07\/pexels-photo-68912.jpeg\" alt=\"pexels-photo-68912.jpeg\" width=\"1733\" height=\"1300\" \/><figcaption id=\"caption-attachment-4629\" class=\"wp-caption-text\">Photo by Sohel Patel on <a href=\"https:\/\/www.pexels.com\/es-es\/foto\/50-rupias-acciones-billete-bolsa-68912\/\" rel=\"nofollow\">Pexels.com<\/a><\/figcaption><\/figure>\n\n\u00a0\n<p style=\"text-align:center;\"><a href=\"https:\/\/wiki-yoga.org\/inversiones\/\" target=\"_blank\" rel=\"noopener noreferrer\">INVERSORES<\/a> &#8211; <a href=\"https:\/\/wiki-yoga.org\/telemarketing-y-televentas\/\" target=\"_blank\" rel=\"noopener noreferrer\">TELEMARKETING<\/a> &#8211; <a href=\"https:\/\/wiki-yoga.org\/proyecto-wikiyoga\/\" target=\"_blank\" rel=\"noopener noreferrer\">PROYECTO<\/a>&#8211; <a href=\"https:\/\/wiki-yoga.org\/libreria-digital-la-mejor-inversion\/\" target=\"_blank\" rel=\"noopener noreferrer\">LIBER\u00cdA DIGITAL<\/a> &#8211; <a href=\"https:\/\/wiki-yoga.org\/invierta-en-e-commerce\/\" target=\"_blank\" rel=\"noopener noreferrer\">E-COMMERCE<\/a><\/p>\n<p style=\"text-align:justify;\">Wikiyoga, es un portal apol\u00edtico, dise\u00f1ado para contener toda la informaci\u00f3n sobre Yoga y Budismo, en forma de textos, fotos y videos. Adem\u00e1s de las listas de profesores de yoga y centros de Yoga de todo el mundo.<\/p>\n<p style=\"text-align:justify;\">La informaci\u00f3n ser\u00e1 parcialmente gratuita y se podr\u00e1 acceder a las t\u00e9cnicas mediante suscripci\u00f3n, otro medio de ingresos ser\u00e1 la publicidad y la venta de servicios del aula virtual para que los maestros ofrezcan sus clases en l\u00ednea. Podr\u00e1 contener adem\u00e1s una editorial y tienda virtual.<\/p>\n<p style=\"text-align:justify;\">Hay 230 millones de budistas en el mundo. En la India hay 1.300 millones de habitantes. Y el yoga en el mundo tiene 500 millones de seguidores. En principio, Wikiyoga se publicar\u00e1 en ingl\u00e9s y espa\u00f1ol.<\/p>\n<p style=\"text-align:justify;\">El sistema est\u00e1 abierto a los aportes de capital de los peque\u00f1os inversionistas a partir de U$S 1.200 por mes (+impuestos), durante dos a\u00f1os, a cambio del 1% propietario del portal (<a href=\"http:\/\/wikiyoga.net\/\" target=\"_blank\" rel=\"noopener noreferrer\">wikiyoga.net<\/a>)<\/p>\n<p style=\"text-align:justify;\">Un destacado portal dedicado al Yoga y temas de inter\u00e9s general, factura 18 millones de d\u00f3lares por a\u00f1o, por el solo concepto de suscripciones a sus contenidos. Wikiyoga, plenamente desarrollado en todos sus \u00edtems est\u00e1 proyectado para percibir ganancias por U$S 100 millones\/a\u00f1o. Esto significa que el 1% propietario tendr\u00e1 entonces un valor de mercado desde U$S 1 a 5\/10 millones.<\/p>\n<p style=\"text-align:justify;\">No existen garant\u00edas de resultados, nuestro compromiso es trabajar duramente para alcanzar los objetivos en forma eficaz y en el menor tiempo posible.<\/p>\n<p style=\"text-align:justify;\">Los servicios gratuitos de Wikiyoga consisten en una enciclopedia libre enfocada en el Yoga y budismo, que se extender\u00e1 luego a otras disciplinas orientales y contenidos. Se podr\u00e1 acceder a textos, fotos y videos. Asimismo proporciona un directorio con el listado de profesores de Yoga y centros de Yoga de todo el mundo y servicio de noticias sobre el tema.<\/p>\n<p style=\"text-align:justify;\">Se monetiza mediante suscripciones a sus contenidos sobre t\u00e9cnicas y acceso al aula virtual, publicidad y portales asociados conteniendo: tienda virtual, editorial digital, oferta de deliverys, moda, viajes y terapias altenativas.<\/p>\n<p style=\"text-align:justify;\">La estrategia es simple, Wikigoya, como enciclopedia libre del Yoga, concentra toda la informaci\u00f3n disponible sobre el tema. Esto genera tr\u00e1fico y torna factible a\u00f1adir otros servicios al sistema.<\/p>\nTrabajo full time y part time\n<p style=\"text-align:justify;\">Otra forma de participar societariamente del portal Wikiyoga es trabajando full time o part time, desde 8, 6, 4 y 2 horas diarias, incluyendo los d\u00edas s\u00e1bados. Esto da derecho al 1%, al 0,75%, al 0,50% y al 0,25% societario mediante contrato de partes. El compromiso es durante dos a\u00f1os. Luego se podr\u00e1 disfrutar de los beneficios que aportar\u00e1 el sistema. La tarea se definir\u00e1 seg\u00fan las competencias laborales de cada candidato una vez que califique. Esta es una oferta de tiempo limitada.<\/p>\nTransformaci\u00f3n cultural\n<p style=\"text-align:justify;\">En pa\u00edses como Estados Unidos, Canad\u00e1, Inglaterra, Espa\u00f1a y Australia, se est\u00e1 introduciendo el Mindfulness y el Yoga, en los planes de estudio de sus escuelas. Esta transformaci\u00f3n con el tiempo llegar\u00e1 a todas las aulas del mundo. Desde Wikiyoga aspiramos a aportar las herramientas online para ser \u00fatiles dentro de esta transformaci\u00f3n.<\/p>\nObjetivos\n<p style=\"text-align:justify;\">Aspiramos a formar una comunidad de personas inteligentes, interesadas en el Yoga y en la adquisici\u00f3n del conocimiento de S\u00ed Mismo, que adem\u00e1s deseen colaborar para Salvar al Planeta de los desaf\u00edos que se perfilan a futuro:<\/p>\n<p style=\"text-align:justify;\">1- calentamiento global.\n2- reemplazo de los trabajadores por robots e IA.\n3- posible intrusi\u00f3n Al\u00eden hostil.<\/p>\n<p style=\"text-align:justify;\">Podemos superar todas estas pruebas si acertamos en activar los programas adecuados para enfrentarlas. Esto ser\u00e1 posible si todos trabajamos con esp\u00edritu de solidaridad, compasi\u00f3n y colaboraci\u00f3n.<\/p>\n<p style=\"text-align:justify;\">De lo que se trata es hacer realidad un mundo mejor para todos y asegurar nuestra supervivencia en los siglos por venir.<\/p>\n<p style=\"text-align:justify;\">El pleno despertar de la conciencia no es s\u00f3lo saber lo que somos, sino tambi\u00e9n saber lo que acontece en el mundo y qu\u00e9 futuro nos espera, y dentro del mismo, qu\u00e9 podemos hacer para mejorar nuestras condiciones de vida ma\u00f1ana.<\/p>\n<p style=\"text-align:justify;\">Creemos conocer las respuestas correctas que tanto necesitamos. Las puedes leer aqu\u00ed:<\/p>\n<p style=\"text-align:center;\"><a href=\"https:\/\/www.amazon.com\/-\/es\/Roberto-Guillermo-Gomes-ebook\/dp\/B089G634BP\/ref=tmm_kin_swatch_0?_encoding=UTF8&#038;qid=1591594452&#038;sr=1-2\" target=\"_blank\" rel=\"noopener noreferrer\"><img loading=\"lazy\" decoding=\"async\" class=\"alignnone  wp-image-1960\" src=\"https:\/\/wikiyogas.files.wordpress.com\/2020\/06\/calentamiento-global-solucic393n-1.jpg\" alt=\"CALENTAMIENTO GLOBAL-SOLUCI\u00d3N-1\" width=\"260\" height=\"380\" \/><\/a><\/p>\n<p style=\"text-align:justify;\">Contacto: Wikiyogas@gmail.com<\/p>\nEnv\u00edenos su consulta:\n\n[contact-form][contact-field label=&#8221;Name&#8221; type=&#8221;name&#8221; required=&#8221;1&#8243; \/][contact-field label=&#8221;Email&#8221; type=&#8221;email&#8221; required=&#8221;1&#8243; \/][contact-field label=&#8221;Website&#8221; type=&#8221;url&#8221; \/][contact-field label=&#8221;Comment&#8221; type=&#8221;textarea&#8221; required=&#8221;1&#8243; \/][\/contact-form]\n<\/div><\/div>\n\n","protected":false},"excerpt":{"rendered":"<p>\u00a0 INVERSORES &#8211; TELEMARKETING &#8211; PROYECTO&#8211; LIBER\u00cdA DIGITAL &#8211; E-COMMERCE Wikiyoga, es un portal apol\u00edtico, dise\u00f1ado para contener<\/p>\n","protected":false},"author":1,"featured_media":0,"parent":0,"menu_order":0,"comment_status":"closed","ping_status":"closed","template":"","meta":{"footnotes":""},"class_list":["post-1086","page","type-page","status-publish","hentry"],"_links":{"self":[{"href":"https:\/\/globalsolidarity.live\/wikiyoga\/wp-json\/wp\/v2\/pages\/1086","targetHints":{"allow":["GET"]}}],"collection":[{"href":"https:\/\/globalsolidarity.live\/wikiyoga\/wp-json\/wp\/v2\/pages"}],"about":[{"href":"https:\/\/globalsolidarity.live\/wikiyoga\/wp-json\/wp\/v2\/types\/page"}],"author":[{"embeddable":true,"href":"https:\/\/globalsolidarity.live\/wikiyoga\/wp-json\/wp\/v2\/users\/1"}],"replies":[{"embeddable":true,"href":"https:\/\/globalsolidarity.live\/wikiyoga\/wp-json\/wp\/v2\/comments?post=1086"}],"version-history":[{"count":16,"href":"https:\/\/globalsolidarity.live\/wikiyoga\/wp-json\/wp\/v2\/pages\/1086\/revisions"}],"predecessor-version":[{"id":2294,"href":"https:\/\/globalsolidarity.live\/wikiyoga\/wp-json\/wp\/v2\/pages\/1086\/revisions\/2294"}],"wp:attachment":[{"href":"https:\/\/globalsolidarity.live\/wikiyoga\/wp-json\/wp\/v2\/media?parent=1086"}],"curies":[{"name":"wp","href":"https:\/\/api.w.org\/{rel}","templated":true}]}}