{"id":2297,"date":"2020-07-22T00:55:43","date_gmt":"2020-07-22T00:55:43","guid":{"rendered":"https:\/\/globalsolidarity.live\/wikiyoga\/?page_id=2297"},"modified":"2020-07-22T00:55:46","modified_gmt":"2020-07-22T00:55:46","slug":"proyecto-wikiyoga","status":"publish","type":"page","link":"https:\/\/globalsolidarity.live\/wikiyoga\/proyecto-wikiyoga\/","title":{"rendered":"Proyecto Wikiyoga"},"content":{"rendered":"\n<figure id=\"attachment_4634\" aria-describedby=\"caption-attachment-4634\" style=\"width: 1880px\" class=\"wp-caption alignnone\"><img loading=\"lazy\" decoding=\"async\" class=\"alignnone size-full wp-image-4634\" src=\"https:\/\/wikiyogas.files.wordpress.com\/2020\/07\/pexels-photo-3184670.jpeg\" alt=\"pexels-photo-3184670.jpeg\" width=\"1880\" height=\"1253\" \/><figcaption id=\"caption-attachment-4634\" class=\"wp-caption-text\">Photo by fauxels on <a href=\"https:\/\/www.pexels.com\/es-es\/foto\/gente-taza-copa-trabajando-3184670\/\" rel=\"nofollow\">Pexels.com<\/a><\/figcaption><\/figure>\n\n\u00a0\n\n<p style=\"text-align:center;\"><a href=\"https:\/\/wiki-yoga.org\/inversiones\/\" target=\"_blank\" rel=\"noopener noreferrer\">INVERSORES<\/a>\u00a0\u2013\u00a0<a href=\"https:\/\/wiki-yoga.org\/telemarketing-y-televentas\/\" target=\"_blank\" rel=\"noopener noreferrer\">TELEMARKETING<\/a>\u00a0\u2013\u00a0<a href=\"https:\/\/wiki-yoga.org\/proyecto-wikiyoga\/\" target=\"_blank\" rel=\"noopener noreferrer\">PROYECTO<\/a>\u2013\u00a0<a href=\"https:\/\/wiki-yoga.org\/libreria-digital-la-mejor-inversion\/\" target=\"_blank\" rel=\"noopener noreferrer\">LIBER\u00cdA DIGITAL<\/a>\u00a0\u2013\u00a0<a href=\"https:\/\/wiki-yoga.org\/invierta-en-e-commerce\/\" target=\"_blank\" rel=\"noopener noreferrer\">E-COMMERCE<\/a><\/p>\n\n<img loading=\"lazy\" decoding=\"async\" class=\"alignnone size-full wp-image-4637\" src=\"https:\/\/wikiyogas.files.wordpress.com\/2020\/07\/logos-wikiyoga.jpg\" alt=\"logos-wikiyoga\" width=\"1029\" height=\"364\" \/>\n\n<h2>Proyecto Wikiyoga<\/h2>\n\n<p style=\"text-align:justify;\">Wikiyoga es la Primera Enciclopedia Libre del Yoga, un portal apol\u00edtico, conteniendo informaci\u00f3n sobre esta disciplina y el budismo en forma inicial, que se extender\u00e1 luego a otras disciplinas orientales y contenidos. Se podr\u00e1 acceder a textos, fotos y videos. Asimismo proporciona un directorio con el listado de profesores de Yoga y centros de Yoga, certificados, de todo el mundo y servicio de noticias sobre el tema. Todos pueden participar y contribuir a su enriquecimiento en l\u00ednea.<\/p>\n\n<p style=\"text-align:justify;\">Se monetiza mediante suscripciones a sus contenidos sobre t\u00e9cnicas y acceso al aula virtual, publicidad y portales asociados conteniendo: tienda virtual, editorial digital, oferta de deliverys, moda, viajes y terapias altenativas.<\/p>\n\n<p style=\"text-align:justify;\">La estrategia es simple, Wikigoya, como enciclopedia libre del Yoga, concentra toda la informaci\u00f3n disponible sobre el tema. Esto genera tr\u00e1fico y torna factible a\u00f1adir otros servicios al sistema.<\/p>\n\n<p style=\"text-align:justify;\">La filosof\u00eda es brindar el m\u00e1ximo de informaci\u00f3n posible en forma gratuita y las de instrucci\u00f3n y las correspondientes a cursos mediante suscripci\u00f3n.<\/p>\n\n<p style=\"text-align:justify;\">Para financiar el desarrollo de la informaci\u00f3n gratuita contamos con el apoyo de los donativos de todos aquellos que comprendan los beneficios que brinda Wikiyoga.<\/p>\n\n<p style=\"text-align:justify;\">Transformaci\u00f3n cultural<\/p>\n\n<p style=\"text-align:justify;\">En pa\u00edses como Estados Unidos, Canad\u00e1, Inglaterra, Espa\u00f1a y Australia, se est\u00e1 introduciendo el Mindfulness y el Yoga, en los planes de estudio de sus escuelas. Esta transformaci\u00f3n con el tiempo llegar\u00e1 a todas las aulas del mundo. Desde Wikiyoga aspiramos a aportar las herramientas online para ser \u00fatiles dentro de esta transformaci\u00f3n.<\/p>\n\n<p style=\"text-align:justify;\">Objetivos<\/p>\n\n<p style=\"text-align:justify;\">Aspiramos a formar una comunidad de personas inteligentes, interesadas en el Yoga y en la adquisici\u00f3n del conocimiento de S\u00ed Mismo, que adem\u00e1s deseen colaborar para Salvar al Planeta de los desaf\u00edos que se perfilan a futuro:<\/p>\n\n<p style=\"text-align:justify;\">1- calentamiento global.\n2- reemplazo de los trabajadores por robots e IA.\n3- posible intrusi\u00f3n Al\u00eden hostil.<\/p>\n\n<p style=\"text-align:justify;\">Podemos superar todas estas pruebas si acertamos en activar los programas adecuados para enfrentarlas. Esto ser\u00e1 posible si todos trabajamos con esp\u00edritu de solidaridad, compasi\u00f3n y colaboraci\u00f3n.<\/p>\n\n<p style=\"text-align:justify;\">De lo que se trata es hacer realidad un mundo mejor para todos y asegurar nuestra supervivencia en los siglos por venir.<\/p>\n\n<p style=\"text-align:justify;\">El pleno despertar de la conciencia no es s\u00f3lo saber lo que somos, sino tambi\u00e9n saber lo que acontece en el mundo y qu\u00e9 futuro nos espera, y dentro del mismo, qu\u00e9 podemos hacer para mejorar nuestras condiciones de vida ma\u00f1ana.<\/p>\n\n<p style=\"text-align:justify;\">Creemos conocer las respuestas correctas que tanto necesitamos. Las puedes leer aqu\u00ed:<\/p>\n\n<a href=\"https:\/\/www.amazon.com\/-\/es\/Roberto-Guillermo-Gomes-ebook\/dp\/B089G634BP\/ref=tmm_kin_swatch_0?_encoding=UTF8&#038;qid=1591594452&#038;sr=1-2\" target=\"_blank\" rel=\"noopener noreferrer\"><img loading=\"lazy\" decoding=\"async\" class=\"  wp-image-1960 aligncenter\" src=\"https:\/\/wikiyogas.files.wordpress.com\/2020\/06\/calentamiento-global-solucic393n-1.jpg\" alt=\"CALENTAMIENTO GLOBAL-SOLUCI\u00d3N-1\" width=\"299\" height=\"438\" \/><\/a>\n","protected":false},"excerpt":{"rendered":"<p>\u00a0 INVERSORES\u00a0\u2013\u00a0TELEMARKETING\u00a0\u2013\u00a0PROYECTO\u2013\u00a0LIBER\u00cdA DIGITAL\u00a0\u2013\u00a0E-COMMERCE Proyecto Wikiyoga Wikiyoga es la Primera Enciclopedia Libre del Yoga, un portal apol\u00edtico, conteniendo informaci\u00f3n<\/p>\n","protected":false},"author":1,"featured_media":0,"parent":0,"menu_order":0,"comment_status":"closed","ping_status":"closed","template":"","meta":{"footnotes":""},"class_list":["post-2297","page","type-page","status-publish","hentry"],"_links":{"self":[{"href":"https:\/\/globalsolidarity.live\/wikiyoga\/wp-json\/wp\/v2\/pages\/2297","targetHints":{"allow":["GET"]}}],"collection":[{"href":"https:\/\/globalsolidarity.live\/wikiyoga\/wp-json\/wp\/v2\/pages"}],"about":[{"href":"https:\/\/globalsolidarity.live\/wikiyoga\/wp-json\/wp\/v2\/types\/page"}],"author":[{"embeddable":true,"href":"https:\/\/globalsolidarity.live\/wikiyoga\/wp-json\/wp\/v2\/users\/1"}],"replies":[{"embeddable":true,"href":"https:\/\/globalsolidarity.live\/wikiyoga\/wp-json\/wp\/v2\/comments?post=2297"}],"version-history":[{"count":1,"href":"https:\/\/globalsolidarity.live\/wikiyoga\/wp-json\/wp\/v2\/pages\/2297\/revisions"}],"predecessor-version":[{"id":2298,"href":"https:\/\/globalsolidarity.live\/wikiyoga\/wp-json\/wp\/v2\/pages\/2297\/revisions\/2298"}],"wp:attachment":[{"href":"https:\/\/globalsolidarity.live\/wikiyoga\/wp-json\/wp\/v2\/media?parent=2297"}],"curies":[{"name":"wp","href":"https:\/\/api.w.org\/{rel}","templated":true}]}}