{"id":2299,"date":"2020-07-22T00:57:21","date_gmt":"2020-07-22T00:57:21","guid":{"rendered":"https:\/\/globalsolidarity.live\/wikiyoga\/?page_id=2299"},"modified":"2020-07-22T00:57:24","modified_gmt":"2020-07-22T00:57:24","slug":"libreria-digital-la-mejor-inversion","status":"publish","type":"page","link":"https:\/\/globalsolidarity.live\/wikiyoga\/libreria-digital-la-mejor-inversion\/","title":{"rendered":"LIBRERIA DIGITAL: LA MEJOR INVERSI\u00d3N"},"content":{"rendered":"\n\n<figure id=\"attachment_4785\" aria-describedby=\"caption-attachment-4785\" style=\"width: 1880px\" class=\"wp-caption alignnone\"><img loading=\"lazy\" decoding=\"async\" class=\"alignnone size-full wp-image-4785\" src=\"https:\/\/wikiyogas.files.wordpress.com\/2020\/07\/pexels-photo-3786763.jpeg\" alt=\"pexels-photo-3786763.jpeg\" width=\"1880\" height=\"1253\" \/><figcaption id=\"caption-attachment-4785\" class=\"wp-caption-text\">Photo by Andrea Piacquadio on <a href=\"https:\/\/www.pexels.com\/es-es\/foto\/mujer-libros-ordenador-portatil-teclear-3786763\/\" rel=\"nofollow\">Pexels.com<\/a><\/figcaption><\/figure>\n\n<p style=\"text-align:center;\"><a href=\"https:\/\/wiki-yoga.org\/inversiones\/\" target=\"_blank\" rel=\"noopener noreferrer\">INVERSORES<\/a>\u00a0\u2013\u00a0<a href=\"https:\/\/wiki-yoga.org\/telemarketing-y-televentas\/\" target=\"_blank\" rel=\"noopener noreferrer\">TELEMARKETING<\/a>\u00a0\u2013\u00a0<a href=\"https:\/\/wiki-yoga.org\/proyecto-wikiyoga\/\" target=\"_blank\" rel=\"noopener noreferrer\">PROYECTO<\/a>\u2013\u00a0<a href=\"https:\/\/wiki-yoga.org\/libreria-digital-la-mejor-inversion\/\" target=\"_blank\" rel=\"noopener noreferrer\">LIBER\u00cdA DIGITAL<\/a>\u00a0\u2013\u00a0<a href=\"https:\/\/wiki-yoga.org\/invierta-en-e-commerce\/\" target=\"_blank\" rel=\"noopener noreferrer\">E-COMMERCE<\/a><\/p>\n\n\u00a0\n\n<p style=\"text-align:justify;\">Invertir en una librer\u00eda digital es una de las mejores apuestas econ\u00f3micas que se pueden hacer en estos momentos. Existen datos objetivos que as\u00ed lo demuestran:<\/p>\n\n<ul style=\"text-align:justify;\">\n    <li>Mercado insatisfecho y en crecimiento<\/li>\n    <li>Riesgos m\u00ednimos<\/li>\n    <li>Costo inicial bajo<\/li>\n    <li>Costo de operaci\u00f3n bajo<\/li>\n    <li>Margen de ganancias alto<\/li>\n    <li>Existencia de barreras de entrada, de modo tal que el mercado no se sature r\u00e1pidamente<\/li>\n<\/ul>\n\n<p style=\"text-align:justify;\">El mercado de las editoriales digitales cumple con todas estas condiciones para los medianos inversores. Veamos en detalle cada punto.<\/p>\n\n<ul style=\"text-align:justify;\">\n    <li><strong>Mercado insatifecho y en crecimiento<\/strong><\/li>\n<\/ul>\n\n<p style=\"text-align:justify;\">Las ventas de libros electr\u00f3nicos crece constantemente, un ejemplo es Amazon Kindle, con millones de t\u00edtulos para la venta. El mercado genera cada vez m\u00e1s inter\u00e9s y m\u00e1s volumen de ventas. Actualmente las publicaciones gratuitas online est\u00e1n concentradas por las editoriales de Amazon y Kobo. Hay espacio en el mercado internacional para m\u00e1s jugadores, sobre todo si la oferta de servicios y precios es tentadora.<\/p>\n\n<ul style=\"text-align:justify;\">\n    <li><strong>Riesgos m\u00ednimos<\/strong><\/li>\n<\/ul>\n\n<p style=\"text-align:justify;\">Se requiere comprender el nuevo paradigma del negocio.\nDisponer de la plataforma inform\u00e1tica adecuada para el desarrollo del negocio digital online.<\/p>\n\n<ul style=\"text-align:justify;\">\n    <li><strong>Costo inicial bajo<\/strong><\/li>\n<\/ul>\n\n<p style=\"text-align:justify;\">La inversi\u00f3n requerida est\u00e1 concentrada en el alquiler del hosting y en la compra del software operativo.<\/p>\n\n<ul style=\"text-align:justify;\">\n    <li><strong>Costo de operaci\u00f3n bajo<\/strong><\/li>\n<\/ul>\n\n<p style=\"text-align:justify;\">Una sola persona que dedique un par de horas por d\u00eda a seguir las operaciones bastar\u00e1 para administrar de forma eficaz el curso del negocio. El sistema automatiza casi toda la gesti\u00f3n operativa y comercial.<\/p>\n\n<ul style=\"text-align:justify;\">\n    <li><strong>Margen de utilidades alto<\/strong><\/li>\n<\/ul>\n\n<p style=\"text-align:justify;\">Es un mercado con demanda insatisfecha y en constante aumento. El libro digital tiene un componente de costos fijos bajo, porque la mayor parte del costo es variable. No tiene costos de imprenta, dep\u00f3sito, correo, da\u00f1ados ni de invendibles; es decir, est\u00e1 libre de los costos m\u00e1s importantes del negocio del libro impreso. Esto significa que el costo unitario no aumenta al crecer la producci\u00f3n y en consecuencia el nivel de producci\u00f3n no est\u00e1 acotado por las utilidades.<\/p>\n\n<ul style=\"text-align:justify;\">\n    <li><strong>Barrera de entrada<\/strong><\/li>\n<\/ul>\n\n<p style=\"text-align:justify;\">La barrera de entrada que impera en el mercado es la m\u00e1s dif\u00edcil de superar: la del conocimiento. Se trata de un negocio con muy pocas empresas, y de esas pocas empresas, tan solo un peque\u00f1o n\u00famero tiene \u00e9xito.<\/p>\n\n","protected":false},"excerpt":{"rendered":"<p>INVERSORES\u00a0\u2013\u00a0TELEMARKETING\u00a0\u2013\u00a0PROYECTO\u2013\u00a0LIBER\u00cdA DIGITAL\u00a0\u2013\u00a0E-COMMERCE \u00a0 Invertir en una librer\u00eda digital es una de las mejores apuestas econ\u00f3micas que se pueden<\/p>\n","protected":false},"author":1,"featured_media":0,"parent":0,"menu_order":0,"comment_status":"closed","ping_status":"closed","template":"","meta":{"footnotes":""},"class_list":["post-2299","page","type-page","status-publish","hentry"],"_links":{"self":[{"href":"https:\/\/globalsolidarity.live\/wikiyoga\/wp-json\/wp\/v2\/pages\/2299","targetHints":{"allow":["GET"]}}],"collection":[{"href":"https:\/\/globalsolidarity.live\/wikiyoga\/wp-json\/wp\/v2\/pages"}],"about":[{"href":"https:\/\/globalsolidarity.live\/wikiyoga\/wp-json\/wp\/v2\/types\/page"}],"author":[{"embeddable":true,"href":"https:\/\/globalsolidarity.live\/wikiyoga\/wp-json\/wp\/v2\/users\/1"}],"replies":[{"embeddable":true,"href":"https:\/\/globalsolidarity.live\/wikiyoga\/wp-json\/wp\/v2\/comments?post=2299"}],"version-history":[{"count":1,"href":"https:\/\/globalsolidarity.live\/wikiyoga\/wp-json\/wp\/v2\/pages\/2299\/revisions"}],"predecessor-version":[{"id":2300,"href":"https:\/\/globalsolidarity.live\/wikiyoga\/wp-json\/wp\/v2\/pages\/2299\/revisions\/2300"}],"wp:attachment":[{"href":"https:\/\/globalsolidarity.live\/wikiyoga\/wp-json\/wp\/v2\/media?parent=2299"}],"curies":[{"name":"wp","href":"https:\/\/api.w.org\/{rel}","templated":true}]}}