{"id":2301,"date":"2020-07-22T00:58:32","date_gmt":"2020-07-22T00:58:32","guid":{"rendered":"https:\/\/globalsolidarity.live\/wikiyoga\/?page_id=2301"},"modified":"2020-07-22T01:52:06","modified_gmt":"2020-07-22T01:52:06","slug":"http-www-wikiyoga-net-esp-invierta-en-e-commerce","status":"publish","type":"page","link":"https:\/\/globalsolidarity.live\/wikiyoga\/http-www-wikiyoga-net-esp-invierta-en-e-commerce\/","title":{"rendered":"Invierta en E-commerce"},"content":{"rendered":"\n<figure id=\"attachment_4796\" aria-describedby=\"caption-attachment-4796\" style=\"width: 1880px\" class=\"wp-caption alignnone\"><img loading=\"lazy\" decoding=\"async\" class=\"alignnone size-full wp-image-4796\" src=\"https:\/\/wikiyogas.files.wordpress.com\/2020\/07\/pexels-photo-3082341.jpeg\" alt=\"pexels-photo-3082341.jpeg\" width=\"1880\" height=\"1253\" \/><figcaption id=\"caption-attachment-4796\" class=\"wp-caption-text\">Photo by Roberto Nickson on <a href=\"https:\/\/www.pexels.com\/es-es\/foto\/moda-persona-manos-mujer-3082341\/\" rel=\"nofollow\">Pexels.com<\/a><\/figcaption><\/figure>\n\n<p style=\"text-align:center;\"><a href=\"https:\/\/wiki-yoga.org\/inversiones\/\" target=\"_blank\" rel=\"noopener noreferrer\">INVERSORES<\/a>\u00a0\u2013\u00a0<a href=\"https:\/\/wiki-yoga.org\/telemarketing-y-televentas\/\" target=\"_blank\" rel=\"noopener noreferrer\">TELEMARKETING<\/a>\u00a0\u2013\u00a0<a href=\"https:\/\/wiki-yoga.org\/proyecto-wikiyoga\/\" target=\"_blank\" rel=\"noopener noreferrer\">PROYECTO<\/a>\u2013\u00a0<a href=\"https:\/\/wiki-yoga.org\/libreria-digital-la-mejor-inversion\/\" target=\"_blank\" rel=\"noopener noreferrer\">LIBER\u00cdA DIGITAL<\/a>\u00a0\u2013\u00a0<a href=\"https:\/\/wiki-yoga.org\/invierta-en-e-commerce\/\" target=\"_blank\" rel=\"noopener noreferrer\">E-COMMERCE<\/a><\/p>\n\n\u00a0\n\n<p style=\"text-align:justify;\">El comercio electr\u00f3nico B2C (business to consumer) superar\u00e1 las ventas f\u00edsicas para el 2030. En tal sentido el mercado est\u00e1 todav\u00eda lejos de haberse saturado. Hay espacio nacional e internacional para nuevos jugadores expertos y agresivos.<\/p>\n\n<p style=\"text-align:justify;\">Los n\u00fameros del comercio electr\u00f3nico en Am\u00e9rica Latina : el volumen negociado pas\u00f3 de $ 1,6 billones en 2003 a $ 70 billones en 2013, seg\u00fan el Instituto Latinoamericano de Comercio Electr\u00f3nico. Este crecimiento est\u00e1 por encima del 4000% en 10 a\u00f1os. Hay m\u00e1s de 450 millones de personas con conexi\u00f3n a Internet en Am\u00e9rica Latina. Brasil encabeza la lista de exponentes del comercio electr\u00f3nico en el continente, seguido por M\u00e9xico y Argentina.<\/p>\n\n<p style=\"text-align:justify;\"><strong>Los beneficios del comercio electr\u00f3nico son: <\/strong><\/p>\n\n<p style=\"text-align:justify;\">No tiene horarios de cierre\nNo hay l\u00edmites geogr\u00e1ficos\nMenor costo\nMayor comodidad para los clientes\nMejor control de las ventas\nMayor flexibilidad de promociones<\/p>\n\n<p style=\"text-align:justify;\"><strong>Dentro del universo de usuarios a nivel financiero:<\/strong><\/p>\n\n<p style=\"text-align:justify;\">La poblaci\u00f3n mayor de 15 a\u00f1os, reporta lo siguiente:\n67,1% tienen una cuenta bancaria.\n18,4% tiene una tarjeta de cr\u00e9dito.\n17% de las mujeres poseen tarjetas de cr\u00e9ditos.\n19,9% de los hombres poseen tarjetas de cr\u00e9ditos.\n4,4% tiene una cuenta de dinero m\u00f3vil.\n29% realizan pagos y compras en l\u00ednea.\n27,7% de las mujeres realizan transacciones en l\u00ednea.\n30,3% de los hombres realizan transacciones en l\u00ednea.<\/p>\n\n<p style=\"text-align:justify;\"><strong>Las actividades dentro del comercio electr\u00f3nico son:<\/strong><\/p>\n\n<p style=\"text-align:justify;\">80% de los usuarios realizan b\u00fasquedas en l\u00edneas de productos o servicios que desean comprar, desde cualquier dispositivo.\n90% visitan tiendas en l\u00edneas enfocadas en la venta minorista o retail.\n74% compran productos desde cualquier dispositivo, donde 36% lo realizan en laptop o PC y 52% lo compran desde dispositivos m\u00f3viles.\nEl 74% de las personas realizan compras en l\u00edneas, si trasladamos esto a la cantidad de usuarios que est\u00e1n en Internet, esto ser\u00eda 3\/4, por supuesto hay pa\u00edses que est\u00e1n por encima de la media. El 50% de las compras se realizan mediante celulares.<\/p>\n\n<p style=\"text-align:justify;\"><strong>Lo que m\u00e1s compran los usuarios:<\/strong><\/p>\n\n<p style=\"text-align:justify;\">620,1 billones USD en el rubro de Belleza y Moda, teniendo un aumento de un 18%.\n456,9 billones USD en productos electr\u00f3nicos, teniendo un aumento de un 18%.\n383,2 billones USD en juguetes, DIY y hobbies, teniendo un aumento de un 16%.\n316,7 billones USD en muebles y decoraciones, teniendo un aumento de un 19%.\n168,8 billones USD en comida y cuidado personal, teniendo un aumento de un 13%.\n83,15 billones USD en videojuegos, teniendo un aumento de casi 5%.\n13,59 billones USD en m\u00fasica digital, teniendo un aumento de casi 5%.\n1,19 trillones USD en viajes y turismo, teniendo un aumento de casi 8%.<\/p>\n\n<p style=\"text-align:justify;\">El comercio electr\u00f3nico sigue evolucionando constantemente para agilizar los m\u00e9todos de pago y la log\u00edstica de los medios de entrega. La tendencia es que a futuro ser\u00e1n reemplazados todos los establecimientos comerciales f\u00edsicos.<\/p>\n\n<p style=\"text-align:justify;\">Experiencias como Amazon, Ebay y Alibaba, fueron el principio, no son el final ni la \u00faltima palabra. Todo sigue evolucionando y la libre competencia depura constantemente el mercado.<\/p>\n\n","protected":false},"excerpt":{"rendered":"<p>INVERSORES\u00a0\u2013\u00a0TELEMARKETING\u00a0\u2013\u00a0PROYECTO\u2013\u00a0LIBER\u00cdA DIGITAL\u00a0\u2013\u00a0E-COMMERCE \u00a0 El comercio electr\u00f3nico B2C (business to consumer) superar\u00e1 las ventas f\u00edsicas para el 2030. En<\/p>\n","protected":false},"author":1,"featured_media":0,"parent":0,"menu_order":0,"comment_status":"closed","ping_status":"closed","template":"","meta":{"footnotes":""},"class_list":["post-2301","page","type-page","status-publish","hentry"],"_links":{"self":[{"href":"https:\/\/globalsolidarity.live\/wikiyoga\/wp-json\/wp\/v2\/pages\/2301","targetHints":{"allow":["GET"]}}],"collection":[{"href":"https:\/\/globalsolidarity.live\/wikiyoga\/wp-json\/wp\/v2\/pages"}],"about":[{"href":"https:\/\/globalsolidarity.live\/wikiyoga\/wp-json\/wp\/v2\/types\/page"}],"author":[{"embeddable":true,"href":"https:\/\/globalsolidarity.live\/wikiyoga\/wp-json\/wp\/v2\/users\/1"}],"replies":[{"embeddable":true,"href":"https:\/\/globalsolidarity.live\/wikiyoga\/wp-json\/wp\/v2\/comments?post=2301"}],"version-history":[{"count":2,"href":"https:\/\/globalsolidarity.live\/wikiyoga\/wp-json\/wp\/v2\/pages\/2301\/revisions"}],"predecessor-version":[{"id":2304,"href":"https:\/\/globalsolidarity.live\/wikiyoga\/wp-json\/wp\/v2\/pages\/2301\/revisions\/2304"}],"wp:attachment":[{"href":"https:\/\/globalsolidarity.live\/wikiyoga\/wp-json\/wp\/v2\/media?parent=2301"}],"curies":[{"name":"wp","href":"https:\/\/api.w.org\/{rel}","templated":true}]}}