{"id":27,"date":"2018-05-19T17:38:22","date_gmt":"2018-05-19T17:38:22","guid":{"rendered":"https:\/\/globalsolidarity.live\/wikiyoga\/?page_id=27"},"modified":"2018-05-19T17:38:22","modified_gmt":"2018-05-19T17:38:22","slug":"como-colaborar","status":"publish","type":"page","link":"https:\/\/globalsolidarity.live\/wikiyoga\/como-colaborar\/","title":{"rendered":"C\u00f3mo colaborar"},"content":{"rendered":"<p><a href=\"https:\/\/globalsolidarity.live\/wikiyoga\/wp-content\/uploads\/2018\/05\/wikiyoga-1.jpg\"><img loading=\"lazy\" decoding=\"async\" class=\"alignnone size-medium wp-image-28\" src=\"https:\/\/globalsolidarity.live\/wikiyoga\/wp-content\/uploads\/2018\/05\/wikiyoga-1-278x300.jpg\" alt=\"\" width=\"278\" height=\"300\" srcset=\"https:\/\/globalsolidarity.live\/wikiyoga\/wp-content\/uploads\/2018\/05\/wikiyoga-1-278x300.jpg 278w, https:\/\/globalsolidarity.live\/wikiyoga\/wp-content\/uploads\/2018\/05\/wikiyoga-1-768x828.jpg 768w, https:\/\/globalsolidarity.live\/wikiyoga\/wp-content\/uploads\/2018\/05\/wikiyoga-1.jpg 800w\" sizes=\"auto, (max-width: 278px) 100vw, 278px\" \/><\/a><\/p>\n<p>WikiYoga puede crecer cada d\u00eda gracias a la participaci\u00f3n de gente como t\u00fa. \u00bfA\u00fan no sabes c\u00f3mo puedes colaborar? A continuaci\u00f3n te damos algunas ideas, hay muchas tareas por hacer.<\/p>\n<p>Por ejemplo, si quieres compartir tu conocimiento sobre alg\u00fan tema, puedes crear un art\u00edculo que falte, mejorar uno existente o traducir desde otra WikiYoga.<\/p>\n<p>Si te gusta hacer fotos de un tema importante, puedes hacer t\u00fa mismo alguna que a\u00fan no tengamos.<br \/>\nSi eres profesor de Yoga puedes enviar tu CV y\/o escribir un art\u00edculo y hacer figurar un enlace hacia tu p\u00e1gina web y registrarte en nuestro sitio de Centros de Yoga, gratuito, donde tambi\u00e9n puedes promocionar tus cursos online.<\/p>\n<p><strong>Instrucciones breves<\/strong><\/p>\n<p>La idea b\u00e1sica adem\u00e1s de promocionar tus cursos, al realizar notas, es mencionar el nombre del centro que figure un link, e-mail, direcci\u00f3n y dem\u00e1s datos de contacto. Si no eres profesor de yoga figurar\u00e1s como colaborador an\u00f3nimo.<\/p>\n<p>En el men\u00fa, en el item autor puedes crear un alias. Te recomendamos el nombre de la institucion.<br \/>\nTambi\u00e9n puedes escribir art\u00edculos sobre el Yoga. Siempre recuerda mencionar tu marca como centro y datos del contacto. Bienvenido al canal!<br \/>\nAcompa\u00f1a las im\u00e1genes con texto y menciona los datos de contacto, de lo contrario nadie sabe c\u00f3mo ubicarte<br \/>\nS\u00f3lo se puede publicar una sola vez un mismo post<\/p>\n<p>1 -En el men\u00fa de la izquierda selecciona \u201cEntradas\u201d \u2013 A\u00f1adir nueva<br \/>\n2- En el cuadro de texto copia y pega tu material como en word<br \/>\n3- Pon el cursor en el encabezado del cuadro de texto y selecciona \u201cA\u00f1adir multimedia\u201d para subir tu foto. En lo posible que sea horizontal y que no pese m\u00e1s de 300 k.<br \/>\n4. Para subir videos primero subelos a Youtube, selecciona compartir y obten la direcci\u00f3n de URL, luego en \u201cA\u00f1adir multimedia\u201d selecciona \u201cInsertar desde URL\u201d.<br \/>\n5- No olvides seleccionar la categor\u00eda \u201cSpanish\u201d, porque el sitio contendr\u00e1 notas en ingl\u00e9s.<br \/>\n6- Selecciona a la derecha \u201cAsigna imagen destacada\u201d<br \/>\n7- Si subes notas ten en cuenta los derechos de autor. Y eso es todo.<\/p>\n<p>La forma de tener mayor presencia en el canal es escribiendo post de noticias y contenido dirigiendo los mismos mediante links hacia tu web. No olvides cargar la imagen de logo, e-mail, tel\u00e9fono y dem\u00e1s datos de contacto.<br \/>\nAdem\u00e1s, a nivel ecol\u00f3gico estamos impulsando la campa\u00f1a del 2% For the Planet que incluye el Eco Gobierno Planetario bajo el sistema de Democracia Digital Directa Global. Puedes informarte si haces clic sobre el logo de la izquierda.<\/p>\n<p>FUNDAMENTOS<\/p>\n<p>1. Wikiyoga es una enciclopedia que actualiza constantemente datos sobre Yoga. No es un sitio de opini\u00f3n y se basa en art\u00edculos sobre fuentes fiables.<br \/>\n2. Wikiyoga busca ofrecer la informaci\u00f3n bajo la forma m\u00e1s precisa, objetiva y neutral, citando fuentes autorizadas.<br \/>\n3. Wikiyoga es de contenido libre. Todos los textos est\u00e1n disponibles bajo la Licencia Creative Commons Attribution 4.0 International (CC BY 4.0). Los colaboradores deben evitar incorporar materiales que violen los derechos de sus autores.<br \/>\n4. Wikiyoga estimula el esp\u00edritu de libre participaci\u00f3n y buena fe. Al editar trabajas para expandir la frontera del conocimiento y hacer llegar el mismo a todas las mentes con total libertad.<br \/>\n5. Wikiyoga es flexible y evoluciona en conjunto con su comunidad.<\/p>\n<p>&nbsp;<\/p>\n<p>Saludos<\/p>\n<p>Ponte en contacto mediante el formulario<\/p>\n<p>&nbsp;<\/p>\n<p>[contact-form][contact-field label=&#8221;Nombre&#8221; type=&#8221;name&#8221;  required=&#8221;true&#8221; \/][contact-field label=&#8221;Correo electr\u00f3nico&#8221; type=&#8221;email&#8221; required=&#8221;true&#8221; \/][contact-field label=&#8221;Web&#8221; type=&#8221;url&#8221; \/][contact-field label=&#8221;Mensaje&#8221; type=&#8221;textarea&#8221; \/][\/contact-form]<\/p>\n","protected":false},"excerpt":{"rendered":"<p>WikiYoga puede crecer cada d\u00eda gracias a la participaci\u00f3n de gente como t\u00fa. \u00bfA\u00fan no sabes c\u00f3mo puedes<\/p>\n","protected":false},"author":1,"featured_media":0,"parent":0,"menu_order":0,"comment_status":"closed","ping_status":"closed","template":"","meta":{"footnotes":""},"class_list":["post-27","page","type-page","status-publish","hentry"],"_links":{"self":[{"href":"https:\/\/globalsolidarity.live\/wikiyoga\/wp-json\/wp\/v2\/pages\/27","targetHints":{"allow":["GET"]}}],"collection":[{"href":"https:\/\/globalsolidarity.live\/wikiyoga\/wp-json\/wp\/v2\/pages"}],"about":[{"href":"https:\/\/globalsolidarity.live\/wikiyoga\/wp-json\/wp\/v2\/types\/page"}],"author":[{"embeddable":true,"href":"https:\/\/globalsolidarity.live\/wikiyoga\/wp-json\/wp\/v2\/users\/1"}],"replies":[{"embeddable":true,"href":"https:\/\/globalsolidarity.live\/wikiyoga\/wp-json\/wp\/v2\/comments?post=27"}],"version-history":[{"count":1,"href":"https:\/\/globalsolidarity.live\/wikiyoga\/wp-json\/wp\/v2\/pages\/27\/revisions"}],"predecessor-version":[{"id":29,"href":"https:\/\/globalsolidarity.live\/wikiyoga\/wp-json\/wp\/v2\/pages\/27\/revisions\/29"}],"wp:attachment":[{"href":"https:\/\/globalsolidarity.live\/wikiyoga\/wp-json\/wp\/v2\/media?parent=27"}],"curies":[{"name":"wp","href":"https:\/\/api.w.org\/{rel}","templated":true}]}}