{"id":33,"date":"2018-05-19T18:13:53","date_gmt":"2018-05-19T18:13:53","guid":{"rendered":"https:\/\/globalsolidarity.live\/wikiyoga\/?page_id=33"},"modified":"2018-05-19T18:13:53","modified_gmt":"2018-05-19T18:13:53","slug":"quienes-somos","status":"publish","type":"page","link":"https:\/\/globalsolidarity.live\/wikiyoga\/quienes-somos\/","title":{"rendered":"Qui\u00e9nes somos"},"content":{"rendered":"<p><a href=\"https:\/\/globalsolidarity.live\/wikiyoga\/wp-content\/uploads\/2018\/05\/yoga-multitud.jpg\"><img loading=\"lazy\" decoding=\"async\" class=\"alignnone size-full wp-image-34\" src=\"https:\/\/globalsolidarity.live\/wikiyoga\/wp-content\/uploads\/2018\/05\/yoga-multitud.jpg\" alt=\"\" width=\"900\" height=\"555\" srcset=\"https:\/\/globalsolidarity.live\/wikiyoga\/wp-content\/uploads\/2018\/05\/yoga-multitud.jpg 900w, https:\/\/globalsolidarity.live\/wikiyoga\/wp-content\/uploads\/2018\/05\/yoga-multitud-300x185.jpg 300w, https:\/\/globalsolidarity.live\/wikiyoga\/wp-content\/uploads\/2018\/05\/yoga-multitud-768x474.jpg 768w, https:\/\/globalsolidarity.live\/wikiyoga\/wp-content\/uploads\/2018\/05\/yoga-multitud-486x300.jpg 486w\" sizes=\"auto, (max-width: 900px) 100vw, 900px\" \/><\/a><\/p>\n<p align=\"JUSTIFY\"><span lang=\"\">WikiYoga es una iniciativa del Centro de Estudios Avanzados del NeuroYoga y practicantes de yoga. Con la creaci\u00f3n del sitio hemos querido dar respuesta a varias necesidades:<\/span><\/p>\n<p align=\"JUSTIFY\">Tener un lugar com\u00fan donde todos aquellos aficionados al yoga puedan compartir impresiones y experiencias. De esta manera, queremos crear un mayor sentido de comunidad entre todos los practicantes, independientemente de la escuela a la que asistan o el tipo de yoga que practiquen.<\/p>\n<p align=\"JUSTIFY\">\nPor otro lado, hemos conocido mucha gente, tanto en persona como por Internet, con predisposici\u00f3n por la pr\u00e1ctica del yoga, pero que no se hab\u00edan atrevido nunca a dar el paso debido a sus desconocimiento sobre el mismo. Una vez que les explic\u00e1bamos en qu\u00e9 consist\u00eda, y les aconsej\u00e1bamos sobre el tipo de yoga que mejor se amoldaba a lo que iban buscando, sus dudas se disipaban y optaban por empezar a practicarlo. Creemos que el yoga puede cubrir muchos enfoques y ser \u00fatil para cualquier persona, ya sea alguien con una disposici\u00f3n m\u00e1s espiritual, o para quienes simplemente quieren tomarlo como una forma de ejercicio f\u00edsico y tonificaci\u00f3n o como un m\u00e9todo para aprender a relajarse y enfrentar mejor el estr\u00e9s.<\/p>\n<p align=\"JUSTIFY\">Hemos visto que la informaci\u00f3n sobre el Yoga y otras disciplinas orientales se encuentra dispersa y fragmentada en internet. Nuestra misi\u00f3n es concentrarla y ordenarla, de forma que sea de f\u00e1cil acceso, permitiendo que est\u00e9 disponible todo el tiempo y en forma gratuita.<\/p>\n<p align=\"JUSTIFY\">Apelamos a los donativos para poder desarrollar software que haga posible poner a disposici\u00f3n de todo profesor de Yoga y Mindfulness el soporte online para que pueda ofrecer sus clases online a bajo precio. De esta forma los instructores que se inician podr\u00e1n contar con una poderosa herramienta para conectarse con sus potenciales alumnos y todos se beneficiar\u00e1n.<\/p>\n<p align=\"JUSTIFY\">\nTambi\u00e9n hemos creado un directorio de centros de yoga para que los practicantes puedan conocer d\u00f3nde se imparte el tipo de yoga que est\u00e9n buscando y compartir as\u00ed sus impresiones. De esta manera, queremos ofrecer presencia y voz en Internet a aquellas escuelas que no cuenten con los medios necesarios.<\/p>\n<p align=\"JUSTIFY\">Esperamos que esta p\u00e1gina pueda ayudar a entender qu\u00e9 es el yoga, conocer algunas posturas o t\u00e9cnicas b\u00e1sicas, encontrar un lugar donde practicarlo o saber qu\u00e9 estilo puede amoldarse mejor a lo que cada uno busca. Y por supuesto que tambi\u00e9n sea un lugar donde compartir y escribir sobre todo ello.<\/p>\n<p align=\"JUSTIFY\">Si deseas contactar con nosotros, puedes hacerlo mediante la direcci\u00f3n de correo wikiyogas@gmail.com<\/p>\n<p align=\"JUSTIFY\">\n<p>[contact-form][contact-field label=&#8221;Nombre&#8221; type=&#8221;name&#8221;  required=&#8221;true&#8221; \/][contact-field label=&#8221;Correo electr\u00f3nico&#8221; type=&#8221;email&#8221; required=&#8221;true&#8221; \/][contact-field label=&#8221;Web&#8221; type=&#8221;url&#8221; \/][contact-field label=&#8221;Mensaje&#8221; type=&#8221;textarea&#8221; \/][\/contact-form]<\/p>\n","protected":false},"excerpt":{"rendered":"<p>WikiYoga es una iniciativa del Centro de Estudios Avanzados del NeuroYoga y practicantes de yoga. Con la creaci\u00f3n<\/p>\n","protected":false},"author":1,"featured_media":34,"parent":0,"menu_order":0,"comment_status":"closed","ping_status":"closed","template":"","meta":{"footnotes":""},"class_list":["post-33","page","type-page","status-publish","has-post-thumbnail","hentry"],"_links":{"self":[{"href":"https:\/\/globalsolidarity.live\/wikiyoga\/wp-json\/wp\/v2\/pages\/33","targetHints":{"allow":["GET"]}}],"collection":[{"href":"https:\/\/globalsolidarity.live\/wikiyoga\/wp-json\/wp\/v2\/pages"}],"about":[{"href":"https:\/\/globalsolidarity.live\/wikiyoga\/wp-json\/wp\/v2\/types\/page"}],"author":[{"embeddable":true,"href":"https:\/\/globalsolidarity.live\/wikiyoga\/wp-json\/wp\/v2\/users\/1"}],"replies":[{"embeddable":true,"href":"https:\/\/globalsolidarity.live\/wikiyoga\/wp-json\/wp\/v2\/comments?post=33"}],"version-history":[{"count":1,"href":"https:\/\/globalsolidarity.live\/wikiyoga\/wp-json\/wp\/v2\/pages\/33\/revisions"}],"predecessor-version":[{"id":35,"href":"https:\/\/globalsolidarity.live\/wikiyoga\/wp-json\/wp\/v2\/pages\/33\/revisions\/35"}],"wp:featuredmedia":[{"embeddable":true,"href":"https:\/\/globalsolidarity.live\/wikiyoga\/wp-json\/wp\/v2\/media\/34"}],"wp:attachment":[{"href":"https:\/\/globalsolidarity.live\/wikiyoga\/wp-json\/wp\/v2\/media?parent=33"}],"curies":[{"name":"wp","href":"https:\/\/api.w.org\/{rel}","templated":true}]}}