{"id":4467,"date":"2021-05-25T01:32:35","date_gmt":"2021-05-25T01:32:35","guid":{"rendered":"https:\/\/globalsolidarity.live\/wikiyoga\/?page_id=4467"},"modified":"2021-05-25T02:00:06","modified_gmt":"2021-05-25T02:00:06","slug":"4467-2","status":"publish","type":"page","link":"https:\/\/globalsolidarity.live\/wikiyoga\/4467-2\/","title":{"rendered":""},"content":{"rendered":"\r\n<p class=\"has-text-align-center\" style=\"text-align: center;\"><a href=\"https:\/\/globalsolidarity.live\/wikiyoga\/4467-2\/\" target=\"_blank\" rel=\"noopener noreferrer\">Club FTP<\/a> &#8211; <a href=\"https:\/\/globalsolidarity.live\/wikiyoga\/4478-2\/\" target=\"_blank\" rel=\"noopener noreferrer\">Comit\u00e9 Cient\u00edfico<\/a>\u00a0\u2013\u00a0<a href=\"https:\/\/globalsolidarity.live\/wikiyoga\/4486-2\/\" target=\"_blank\" rel=\"noopener noreferrer\">Socios del Club<\/a><\/p>\r\n\r\n\r\n\r\n<figure class=\"wp-block-image size-large is-resized\"><a href=\"https:\/\/globalsolidarity.live\/wikiyoga\/wp-content\/uploads\/2021\/05\/club-2.jpg\"><img loading=\"lazy\" decoding=\"async\" class=\"alignnone size-full wp-image-4468\" src=\"https:\/\/globalsolidarity.live\/wikiyoga\/wp-content\/uploads\/2021\/05\/club-2.jpg\" alt=\"\" width=\"704\" height=\"142\" srcset=\"https:\/\/globalsolidarity.live\/wikiyoga\/wp-content\/uploads\/2021\/05\/club-2.jpg 704w, https:\/\/globalsolidarity.live\/wikiyoga\/wp-content\/uploads\/2021\/05\/club-2-300x61.jpg 300w\" sizes=\"auto, (max-width: 704px) 100vw, 704px\" \/><\/a><\/figure>\r\n\r\n\r\n\r\n<div class=\"wp-block-group alignfull has-background-light-background-color has-background is-layout-flow wp-block-group-is-layout-flow\">\r\n<h1 class=\"has-secondary-color has-text-color has-medium-font-size wp-block-heading\">Gente con ideas claras se une para Salvar al Planeta<\/h1>\r\n\r\n\r\n\r\n<div class=\"wp-block-columns is-layout-flex wp-container-core-columns-is-layout-28f84493 wp-block-columns-is-layout-flex\">\r\n<div class=\"wp-block-column is-layout-flow wp-block-column-is-layout-flow\" style=\"flex-basis: 80%;\">\r\n<p class=\"has-text-align-justify has-foreground-dark-color has-text-color\">El <strong>Club 2% For the Planet<\/strong> es el espacio social de WikiYoga para reunir y concentrar los talentos de nuestros lectores y seguidores, que preocupados por el presente y el futuro, desean hacer algo positivo para mejorar las perspectivas del ma\u00f1ana para ellos y sus hijos, usando las herramientas de la sabidur\u00eda interna del Yoga, Budismo, Islam y Cristianismo, unidas a la ciencia y sociedad.<\/p>\r\n<\/div>\r\n\r\n\r\n\r\n<div class=\"wp-block-column is-layout-flow wp-block-column-is-layout-flow\" style=\"flex-basis: 20%;\">\r\n<div class=\"wp-block-button is-style-default\"><a class=\"wp-block-button__link has-background-color has-secondary-background-color has-text-color has-background\" href=\"https:\/\/globalsolidarity.live\/wikiyoga\/wp-content\/uploads\/2021\/05\/masterearth-ok-wikiyoga-10.pdf\" target=\"_blank\" rel=\"noreferrer noopener\">2% FTP<\/a><\/div>\r\n<\/div>\r\n<\/div>\r\n<\/div>\r\n\r\n\r\n\r\n<div class=\"wp-block-cover alignfull\"><a href=\"https:\/\/globalsolidarity.live\/wikiyoga\/wp-content\/uploads\/2021\/05\/children-close-up-crowd-764681-1-scaled.jpg\"><img loading=\"lazy\" decoding=\"async\" class=\"alignnone size-full wp-image-4469\" src=\"https:\/\/globalsolidarity.live\/wikiyoga\/wp-content\/uploads\/2021\/05\/children-close-up-crowd-764681-1-scaled.jpg\" alt=\"\" width=\"2560\" height=\"1707\" srcset=\"https:\/\/globalsolidarity.live\/wikiyoga\/wp-content\/uploads\/2021\/05\/children-close-up-crowd-764681-1-scaled.jpg 2560w, https:\/\/globalsolidarity.live\/wikiyoga\/wp-content\/uploads\/2021\/05\/children-close-up-crowd-764681-1-300x200.jpg 300w, https:\/\/globalsolidarity.live\/wikiyoga\/wp-content\/uploads\/2021\/05\/children-close-up-crowd-764681-1-1024x683.jpg 1024w, https:\/\/globalsolidarity.live\/wikiyoga\/wp-content\/uploads\/2021\/05\/children-close-up-crowd-764681-1-768x512.jpg 768w, https:\/\/globalsolidarity.live\/wikiyoga\/wp-content\/uploads\/2021\/05\/children-close-up-crowd-764681-1-1536x1024.jpg 1536w, https:\/\/globalsolidarity.live\/wikiyoga\/wp-content\/uploads\/2021\/05\/children-close-up-crowd-764681-1-2048x1365.jpg 2048w, https:\/\/globalsolidarity.live\/wikiyoga\/wp-content\/uploads\/2021\/05\/children-close-up-crowd-764681-1-450x300.jpg 450w\" sizes=\"auto, (max-width: 2560px) 100vw, 2560px\" \/><\/a>\r\n<div class=\"wp-block-cover__inner-container is-layout-flow wp-block-cover-is-layout-flow\">\r\n<p class=\"has-text-align-center has-large-font-size\">ellos lo merecen&#8230;<\/p>\r\n<\/div>\r\n<\/div>\r\n\r\n\r\n\r\n<div class=\"wp-block-group alignfull has-secondary-background-color has-background is-layout-flow wp-block-group-is-layout-flow\">\r\n<div class=\"wp-block-spacer\" style=\"height: 64px;\" aria-hidden=\"true\">\u00a0<\/div>\r\n\r\n\r\n\r\n<h2 class=\"has-text-align-left has-background-color has-text-color wp-block-heading\">Servicios<\/h2>\r\n\r\n\r\n\r\n<div class=\"wp-block-spacer\" style=\"height: 32px;\" aria-hidden=\"true\">\u00a0<\/div>\r\n\r\n\r\n\r\n<div class=\"wp-block-columns has-2-columns is-layout-flex wp-container-core-columns-is-layout-28f84493 wp-block-columns-is-layout-flex\">\r\n<div class=\"wp-block-column is-layout-flow wp-block-column-is-layout-flow\" style=\"flex-basis: 20%;\">\r\n<figure class=\"wp-block-image size-large is-resized\"><a href=\"https:\/\/globalsolidarity.live\/wikiyoga\/wp-content\/uploads\/2021\/05\/icon-implementation-support-1.png\"><img loading=\"lazy\" decoding=\"async\" class=\"alignnone size-full wp-image-4470\" src=\"https:\/\/globalsolidarity.live\/wikiyoga\/wp-content\/uploads\/2021\/05\/icon-implementation-support-1.png\" alt=\"\" width=\"300\" height=\"300\" srcset=\"https:\/\/globalsolidarity.live\/wikiyoga\/wp-content\/uploads\/2021\/05\/icon-implementation-support-1.png 300w, https:\/\/globalsolidarity.live\/wikiyoga\/wp-content\/uploads\/2021\/05\/icon-implementation-support-1-150x150.png 150w\" sizes=\"auto, (max-width: 300px) 100vw, 300px\" \/><\/a><\/figure>\r\n<\/div>\r\n\r\n\r\n\r\n<div class=\"wp-block-column is-layout-flow wp-block-column-is-layout-flow\" style=\"flex-basis: 80%;\">\r\n<h3 class=\"margin-bottom-half wp-block-heading\">Proyectos Global\/Local<\/h3>\r\n\r\n\r\n\r\n<p class=\"has-text-align-justify margin-top-half has-background-color has-text-color has-normal-font-size\">El objetivo del Club FTP es activar la sociedad hacia el cambio positivo global que permita retornar al equilibrio medioambiental y a un mayor progreso social y tecnol\u00f3gico con eliminaci\u00f3n de la pobreza y universalizaci\u00f3n de la educaci\u00f3n e implantaci\u00f3n de la democracia digital directa. Para esto propone un Master Plan financiado con el 2% del PIB mundial en forma anual, que es necesario difundir, debatir, apoyar y realizar estudios cient\u00edficos relacionados vinculantes.<\/p>\r\n<\/div>\r\n<\/div>\r\n\r\n\r\n\r\n<div class=\"wp-block-spacer\" style=\"height: 32px;\" aria-hidden=\"true\">\u00a0<\/div>\r\n\r\n\r\n\r\n<div class=\"wp-block-columns has-2-columns is-layout-flex wp-container-core-columns-is-layout-28f84493 wp-block-columns-is-layout-flex\">\r\n<div class=\"wp-block-column is-layout-flow wp-block-column-is-layout-flow\" style=\"flex-basis: 20%;\">\r\n<figure class=\"wp-block-image size-large is-resized\"><a href=\"https:\/\/globalsolidarity.live\/wikiyoga\/wp-content\/uploads\/2021\/05\/icon-managed-hosting-1.png\"><img loading=\"lazy\" decoding=\"async\" class=\"alignnone size-full wp-image-4471\" src=\"https:\/\/globalsolidarity.live\/wikiyoga\/wp-content\/uploads\/2021\/05\/icon-managed-hosting-1.png\" alt=\"\" width=\"300\" height=\"300\" srcset=\"https:\/\/globalsolidarity.live\/wikiyoga\/wp-content\/uploads\/2021\/05\/icon-managed-hosting-1.png 300w, https:\/\/globalsolidarity.live\/wikiyoga\/wp-content\/uploads\/2021\/05\/icon-managed-hosting-1-150x150.png 150w\" sizes=\"auto, (max-width: 300px) 100vw, 300px\" \/><\/a><\/figure>\r\n<\/div>\r\n\r\n\r\n\r\n<div class=\"wp-block-column is-layout-flow wp-block-column-is-layout-flow\" style=\"flex-basis: 80%;\">\r\n<h3 class=\"margin-bottom-half wp-block-heading\">Fant\u00e1sticas Oportunidades<\/h3>\r\n\r\n\r\n\r\n<p class=\"has-text-align-justify margin-top-half has-background-color has-text-color has-normal-font-size\">Tenemos de plazo 5 a 10 a\u00f1os para evitar la cat\u00e1strofe clim\u00e1tica, la inundaci\u00f3n de todas las ciudades costeras, la implosi\u00f3n a la baja de todas las propiedades inundables y la 6\u00ba Extinci\u00f3n Masiva. Pero contamos con oportunidades excepcionales para cambiar el rumbo de los acontecimientos. Podemos reemplazar todo el parque automotor por veh\u00edculos el\u00e9ctricos, las centrales termoel\u00e9ctricas por reactores a fusi\u00f3n (pronto estar\u00e1n funcionando) y podemos plantar 500 mil millones de nuevos \u00e1rboles y extraer el excedente de CO2 en pocas d\u00e9cadas\u2026 No estamos tan mal. El problema tiene remedio. Hace falta disponer el 2% del PIB mundial en forma anual para atender la emergencia planetaria.<\/p>\r\n<\/div>\r\n<\/div>\r\n\r\n\r\n\r\n<div class=\"wp-block-spacer\" style=\"height: 32px;\" aria-hidden=\"true\">\u00a0<\/div>\r\n\r\n\r\n\r\n<div class=\"wp-block-columns has-2-columns is-layout-flex wp-container-core-columns-is-layout-28f84493 wp-block-columns-is-layout-flex\">\r\n<div class=\"wp-block-column is-layout-flow wp-block-column-is-layout-flow\" style=\"flex-basis: 20%;\">\r\n<figure class=\"wp-block-image size-large is-resized\"><a href=\"https:\/\/globalsolidarity.live\/wikiyoga\/wp-content\/uploads\/2021\/05\/icon-build-digital-experiences-1.png\"><img loading=\"lazy\" decoding=\"async\" class=\"alignnone size-full wp-image-4472\" src=\"https:\/\/globalsolidarity.live\/wikiyoga\/wp-content\/uploads\/2021\/05\/icon-build-digital-experiences-1.png\" alt=\"\" width=\"300\" height=\"300\" srcset=\"https:\/\/globalsolidarity.live\/wikiyoga\/wp-content\/uploads\/2021\/05\/icon-build-digital-experiences-1.png 300w, https:\/\/globalsolidarity.live\/wikiyoga\/wp-content\/uploads\/2021\/05\/icon-build-digital-experiences-1-150x150.png 150w\" sizes=\"auto, (max-width: 300px) 100vw, 300px\" \/><\/a><\/figure>\r\n<\/div>\r\n\r\n\r\n\r\n<div class=\"wp-block-column is-layout-flow wp-block-column-is-layout-flow\" style=\"flex-basis: 80%;\">\r\n<h3 class=\"margin-bottom-half wp-block-heading\">Suma de Individualidades<\/h3>\r\n\r\n\r\n\r\n<p class=\"has-text-align-justify margin-top-half has-background-color has-text-color has-normal-font-size\">El Club FTP est\u00e1 integrado por un <a href=\"https:\/\/wiki-yoga.org\/comite-cientifico-integrado-por-el-ipcc\/\" target=\"_blank\" rel=\"noreferrer noopener\">Comit\u00e9 Cient\u00edfico<\/a>, por <a href=\"https:\/\/wiki-yoga.org\/8132-2\/\" target=\"_blank\" rel=\"noreferrer noopener\">Socios Estrat\u00e9gicos, por Socios Ejecutivos y por el grupo de Community Partners<\/a> de voluntarios y simpatizantes.<\/p>\r\n<\/div>\r\n<\/div>\r\n\r\n\r\n\r\n<div class=\"wp-block-spacer\" style=\"height: 64px;\" aria-hidden=\"true\">\u00a0<\/div>\r\n<\/div>\r\n\r\n\r\n\r\n<div class=\"wp-block-group alignfull is-layout-flow wp-block-group-is-layout-flow\">\r\n<div class=\"wp-block-spacer\" style=\"height: 64px;\" aria-hidden=\"true\">\u00a0<\/div>\r\n\r\n\r\n\r\n<h2 class=\"has-text-align-left wp-block-heading\">Voces de conciencia mundial<\/h2>\r\n\r\n\r\n\r\n<div class=\"wp-block-spacer\" style=\"height: 20px;\" aria-hidden=\"true\">\u00a0<\/div>\r\n\r\n\r\n\r\n<div class=\"wp-block-columns has-2-columns is-layout-flex wp-container-core-columns-is-layout-28f84493 wp-block-columns-is-layout-flex\">\r\n<div class=\"wp-block-column is-layout-flow wp-block-column-is-layout-flow\">\r\n<blockquote class=\"wp-block-quote is-layout-flow wp-block-quote-is-layout-flow\"><em><em>\u00abLa emergencia clim\u00e1tica es una carrera que estamos perdiendo, pero es una carrera que podemos ganar. La crisis clim\u00e1tica est\u00e1 causada por nosotros y las soluciones deben venir de nosotros. Tenemos las herramientas: la tecnolog\u00eda est\u00e1 de nuestro lado\u00bb<\/em><\/em> <cite>\u2015 <em>Antonio Guterres, secretario general de la ONU<\/em><\/cite><\/blockquote>\r\n<\/div>\r\n\r\n\r\n\r\n<div class=\"wp-block-column is-layout-flow wp-block-column-is-layout-flow\">\r\n<blockquote class=\"wp-block-quote is-style-default is-layout-flow wp-block-quote-is-layout-flow\"><em><em>\u00abEsta urgencia de los j\u00f3venes, el mensaje que nos transmite es que no estamos haciendo lo suficiente, incluso cuando somos conscientes de lo que ocurre, no estamos reaccionando lo suficientemente r\u00e1pido y tampoco estamos teniendo un compromiso suficiente con las respuestas. As\u00ed que tomo buena nota, escucho, creo que ning\u00fan responsable pol\u00edtico puede hacer o\u00eddos sordos a esta exigencia de justicia intergeneracional\u00bb<\/em><\/em> <cite>\u2015 <em>Emmanuel Macron, presidente de Francia<\/em><\/cite><\/blockquote>\r\n<\/div>\r\n<\/div>\r\n\r\n\r\n\r\n<div class=\"wp-block-spacer\" style=\"height: 64px;\" aria-hidden=\"true\">\u00a0<\/div>\r\n<\/div>\r\n\r\n\r\n\r\n<div class=\"wp-block-cover alignfull has-background-dim-80 has-secondary-background-color has-background-dim has-parallax\" style=\"background-image: url('https:\/\/stratforddemo.files.wordpress.com\/2019\/08\/academy-celebrate-celebration-267885-1-1.jpg');\">\r\n<div class=\"wp-block-cover__inner-container is-layout-flow wp-block-cover-is-layout-flow\">\r\n<p class=\"has-text-align-center has-large-font-size\">Universidades, gobiernos y comunidades deben unirse para Salvar al Planeta<\/p>\r\n<\/div>\r\n<\/div>\r\n\r\n\r\n\r\n<div class=\"wp-block-group alignfull is-layout-flow wp-block-group-is-layout-flow\">\r\n<div class=\"wp-block-spacer\" style=\"height: 64px;\" aria-hidden=\"true\">\u00a0<\/div>\r\n<h2 class=\"has-text-align-left\">L\u00ednea de Tiempo de 2% FTP<\/h2>\r\n<div class=\"wp-block-spacer\" style=\"height: 20px;\" aria-hidden=\"true\">\u00a0<\/div>\r\n<div class=\"wp-block-columns has-2-columns\">\r\n<div class=\"wp-block-column\">\r\n<h1 class=\"has-large-font-size\">1\/15 a\u00f1os<\/h1>\r\n<p class=\"has-small-font-size\">Se podr\u00e1 terminar con el hambre mundial, pandemias y mitigar la pobreza extrema en todo el planeta. Reducir la contaminaci\u00f3n de CO2 en un 80% y estabilizar la temperatura promedio global por debajo del umbral de 1,5\u00ba C.<\/p>\r\n<\/div>\r\n<div class=\"wp-block-column\">\r\n<h1 class=\"has-large-font-size\">15\/50 a\u00f1os<\/h1>\r\n<p class=\"has-small-font-size\">Se habr\u00e1 estabilizado la superpoblaci\u00f3n. Habr\u00e1 0 tendencia de contaminaci\u00f3n por CO2. El \u00c1rtico estar\u00e1 en recuperaci\u00f3n junto con Amazonia y la biodiversidad y los oc\u00e9anos, habr\u00e1 seguridad alimentaria para toda la poblaci\u00f3n.<\/p>\r\n<\/div>\r\n<div class=\"wp-block-column\">\r\n<h1 class=\"has-large-font-size\">50\/100 a\u00f1os<\/h1>\r\n<p class=\"has-text-align-left has-small-font-size\">Habr\u00e1 descendido el CO2 a 380 ppm y la temperatura global descendido 1\u00ba\u00a0 C, recuper\u00e1ndose el balance en el termoequilibrio del planeta.<\/p>\r\n<\/div>\r\n<\/div>\r\n<div class=\"wp-block-spacer\" style=\"height: 64px;\" aria-hidden=\"true\">\u00a0<\/div>\r\n<figure class=\"wp-block-embed is-type-rich is-provider-youtube wp-block-embed-youtube wp-embed-aspect-16-9 wp-has-aspect-ratio\">\r\n<div class=\"wp-block-embed__wrapper\"><a href=\"https:\/\/youtu.be\/tCUenPU36kU\" target=\"_blank\" rel=\"noopener noreferrer\">https:\/\/youtu.be\/tCUenPU36kU<\/a><\/div>\r\n<\/figure>\r\n<figure class=\"wp-block-embed is-type-rich is-provider-youtube wp-block-embed-youtube wp-embed-aspect-16-9 wp-has-aspect-ratio\">\r\n<div class=\"wp-block-embed__wrapper\"><a href=\"https:\/\/youtu.be\/Woof3mFCC8A\" target=\"_blank\" rel=\"noopener noreferrer\">https:\/\/youtu.be\/Woof3mFCC8A<\/a><\/div>\r\n<\/figure>\r\n<figure class=\"wp-block-embed is-type-rich is-provider-youtube wp-block-embed-youtube wp-embed-aspect-16-9 wp-has-aspect-ratio\">\r\n<div class=\"wp-block-embed__wrapper\"><a href=\"https:\/\/youtu.be\/NLMLNYU_ru0\" target=\"_blank\" rel=\"noopener noreferrer\">https:\/\/youtu.be\/NLMLNYU_ru0<\/a><\/div>\r\n<\/figure>\r\n<\/div>\r\n<div>\u00a0<\/div>\r\n<div>\u00a0<\/div>\r\n\r\n\r\n\r\n<div class=\"wp-block-group alignfull has-secondary-background-color has-background is-layout-flow wp-block-group-is-layout-flow\">\r\n<p class=\"has-normal-font-size\"><strong>\u00bfQu\u00e9 hace falta para este Cambio Positivo Mundial?<\/strong><\/p>\r\n\r\n\r\n El Master Plan debe ser expuesto y debatido en Naciones Unidas. Seguidamente convocar a un plebiscito mundial para aprobar mediante mayor\u00eda simple la creaci\u00f3n del Gobierno Planetario de Coalici\u00f3n y el sistema de Democracia Digital Directa Global. Todos nos garantizaremos as\u00ed la participaci\u00f3n en el perfeccionamiento de un mundo nuevo de libertades y responsabilidades al servicio de los ciudadanos planetarios. \r\n\r\n\r\n\r\n\r\n<div class=\"wp-block-button\"><a class=\"wp-block-button__link has-secondary-color has-background-background-color has-text-color has-background\" href=\"https:\/\/www.amazon.com\/GOBIERNO-MUNDIAL-2-para-Planeta-Calentamiento-ebook\/dp\/B089G634BP\/ref=sr_1_13?__mk_es_US=%C3%85M%C3%85%C5%BD%C3%95%C3%91&amp;dchild=1&amp;keywords=Roberto+Guillermo+Gomes&amp;qid=1599355374&amp;s=books&amp;sr=1-13\" target=\"_blank\" rel=\"noreferrer noopener\">Book 2% FOR THE PLANET<\/a><\/div>\r\n\r\n\r\n\r\n<div class=\"wp-block-spacer\" style=\"height: 32px;\" aria-hidden=\"true\">\u00a0<\/div>\r\n<\/div>\r\n\r\n\r\n","protected":false},"excerpt":{"rendered":"<p>Club FTP &#8211; Comit\u00e9 Cient\u00edfico\u00a0\u2013\u00a0Socios del Club Gente con ideas claras se une para Salvar al Planeta El<\/p>\n","protected":false},"author":1,"featured_media":0,"parent":0,"menu_order":0,"comment_status":"closed","ping_status":"closed","template":"","meta":{"footnotes":""},"class_list":["post-4467","page","type-page","status-publish","hentry"],"_links":{"self":[{"href":"https:\/\/globalsolidarity.live\/wikiyoga\/wp-json\/wp\/v2\/pages\/4467","targetHints":{"allow":["GET"]}}],"collection":[{"href":"https:\/\/globalsolidarity.live\/wikiyoga\/wp-json\/wp\/v2\/pages"}],"about":[{"href":"https:\/\/globalsolidarity.live\/wikiyoga\/wp-json\/wp\/v2\/types\/page"}],"author":[{"embeddable":true,"href":"https:\/\/globalsolidarity.live\/wikiyoga\/wp-json\/wp\/v2\/users\/1"}],"replies":[{"embeddable":true,"href":"https:\/\/globalsolidarity.live\/wikiyoga\/wp-json\/wp\/v2\/comments?post=4467"}],"version-history":[{"count":5,"href":"https:\/\/globalsolidarity.live\/wikiyoga\/wp-json\/wp\/v2\/pages\/4467\/revisions"}],"predecessor-version":[{"id":4495,"href":"https:\/\/globalsolidarity.live\/wikiyoga\/wp-json\/wp\/v2\/pages\/4467\/revisions\/4495"}],"wp:attachment":[{"href":"https:\/\/globalsolidarity.live\/wikiyoga\/wp-json\/wp\/v2\/media?parent=4467"}],"curies":[{"name":"wp","href":"https:\/\/api.w.org\/{rel}","templated":true}]}}