{"id":4478,"date":"2021-05-25T01:47:27","date_gmt":"2021-05-25T01:47:27","guid":{"rendered":"https:\/\/globalsolidarity.live\/wikiyoga\/?page_id=4478"},"modified":"2021-05-25T01:59:07","modified_gmt":"2021-05-25T01:59:07","slug":"4478-2","status":"publish","type":"page","link":"https:\/\/globalsolidarity.live\/wikiyoga\/4478-2\/","title":{"rendered":""},"content":{"rendered":"\r\n<p class=\"has-text-align-center\" style=\"text-align: center;\"><a href=\"https:\/\/globalsolidarity.live\/wikiyoga\/4467-2\/\" target=\"_blank\" rel=\"noopener noreferrer\">Club FTP<\/a> &#8211; <a href=\"https:\/\/globalsolidarity.live\/wikiyoga\/4478-2\/\" target=\"_blank\" rel=\"noopener noreferrer\">Comit\u00e9 Cient\u00edfico<\/a>\u00a0\u2013\u00a0<a href=\"https:\/\/globalsolidarity.live\/wikiyoga\/4486-2\/\" target=\"_blank\" rel=\"noopener noreferrer\">Socios del Club<\/a><\/p>\r\n\r\n\r\n\r\n<p class=\"has-medium-font-size\"><strong>Comit\u00e9 Cient\u00edfico integrado por el IPCC<\/strong><\/p>\r\n\r\n\r\n\r\n<figure class=\"wp-block-image size-large is-resized\"><a href=\"https:\/\/globalsolidarity.live\/wikiyoga\/wp-content\/uploads\/2021\/05\/club-2.jpg\"><img loading=\"lazy\" decoding=\"async\" class=\"alignnone size-full wp-image-4468\" src=\"https:\/\/globalsolidarity.live\/wikiyoga\/wp-content\/uploads\/2021\/05\/club-2.jpg\" alt=\"\" width=\"704\" height=\"142\" srcset=\"https:\/\/globalsolidarity.live\/wikiyoga\/wp-content\/uploads\/2021\/05\/club-2.jpg 704w, https:\/\/globalsolidarity.live\/wikiyoga\/wp-content\/uploads\/2021\/05\/club-2-300x61.jpg 300w\" sizes=\"auto, (max-width: 704px) 100vw, 704px\" \/><\/a><\/figure>\r\n\r\n\r\n\r\n<h1 class=\"has-secondary-color has-text-color has-medium-font-size wp-block-heading\">Gente con ideas claras se une para Salvar al Planeta<\/h1>\r\n\r\n\r\n\r\n<div class=\"wp-block-columns is-layout-flex wp-container-core-columns-is-layout-28f84493 wp-block-columns-is-layout-flex\">\r\n<div class=\"wp-block-column is-layout-flow wp-block-column-is-layout-flow\" style=\"flex-basis: 80%;\">\r\n<p class=\"has-text-align-justify has-foreground-dark-color has-text-color\">El <strong>Club 2% For the Planet<\/strong> es el espacio social de WikiYoga para reunir y concentrar los talentos de nuestros lectores y seguidores, que preocupados por el presente y el futuro, desean hacer algo positivo para mejorar las perspectivas del ma\u00f1ana para ellos y sus hijos, usando las herramientas de la sabidur\u00eda interna del Yoga, Budismo, Islam y Cristianismo, unidas a la ciencia y sociedad.<\/p>\r\n<\/div>\r\n\r\n\r\n\r\n<div class=\"wp-block-column is-layout-flow wp-block-column-is-layout-flow\" style=\"flex-basis: 20%;\">\r\n<div class=\"wp-block-button is-style-default\"><a class=\"wp-block-button__link has-background-color has-secondary-background-color has-text-color has-background\" href=\"https:\/\/globalsolidarity.live\/wikiyoga\/wp-content\/uploads\/2021\/05\/masterearth-ok-wikiyoga-10.pdf\" target=\"_blank\" rel=\"noreferrer noopener\">2% FTP<\/a><\/div>\r\n\r\n\r\n<\/div>\r\n<\/div>\r\n\r\n\r\n\r\n<p>El <strong>Club 2% For the Planet<\/strong> se apoya en los informes del Grupo Intergubernamental de Expertos sobre el Cambio Clim\u00e1tico (IPCC)<\/p>\r\n\r\n\r\n\r\n<p>El IPCC fue creado en 1988 para facilitar evaluaciones integrales del estado de los conocimientos cient\u00edficos, t\u00e9cnicos y socioecon\u00f3micos sobre el cambio clim\u00e1tico, sus causas, posibles repercusiones y estrategias de respuesta.<\/p>\r\n\r\n\r\n\r\n<p>Desde el inicio de su labor en 1988, el IPCC ha preparado cinco informes de evaluaci\u00f3n que constan de varios vol\u00famenes. Se pueden consultar en el apartado Informes. Ahora se encuentra en su sexto ciclo de evaluaci\u00f3n. El IPCC y el ex vicepresidente de los Estados Unidos de Am\u00e9rica, Al Gore, recibieron el premio Nobel de la Paz en 2007 por su labor en materia de cambio clim\u00e1tico.<\/p>\r\n\r\n\r\n\r\n<p>En la 43\u00aa reuni\u00f3n del IPCC, celebrada en abril de 2016, se acord\u00f3 que el informe de s\u00edntesis del Sexto Informe de Evaluaci\u00f3n se terminar\u00eda en 2022, a tiempo para el primer balance mundial de la Convenci\u00f3n Marco de las Naciones Unidas sobre el Cambio Clim\u00e1tico (CMNUCC). Entonces, los pa\u00edses examinar\u00e1n los progresos realizados para lograr su objetivo de mantener el calentamiento global muy por debajo de 2 \u00b0C mientras que, al mismo tiempo, proseguir\u00e1n los esfuerzos para limitar el aumento de la temperatura a 1,5 \u00b0C. Las contribuciones de los tres Grupos de Trabajo al IE6 estar\u00e1n listas en 2021.<\/p>\r\n\r\n\r\n\r\n<p><strong>Enlaces m\u00e1s importantes\u00a0<\/strong>(disponibles solo en ingl\u00e9s)<\/p>\r\n\r\n\r\n\r\n<ul class=\"wp-block-list\">\r\n<li>Calendario de planificaci\u00f3n estrat\u00e9gica del IE6 (actualizaci\u00f3n: pendiente)<\/li>\r\n<li><a href=\"https:\/\/www.ipcc.ch\/report\/sixth-assessment-report-cycle\/\" target=\"_blank\" rel=\"noreferrer noopener\">Informe de S\u00edntesis del Sexto Informe de Evaluaci\u00f3n<\/a><\/li>\r\n<li><a href=\"https:\/\/www.ipcc.ch\/report\/sixth-assessment-report-working-group-i\/\" target=\"_blank\" rel=\"noreferrer noopener\">Contribuci\u00f3n del Grupo de Trabajo I al Sexto Informe de Evaluaci\u00f3n\u00a0<\/a><\/li>\r\n<li><a href=\"https:\/\/www.ipcc.ch\/report\/sixth-assessment-report-working-group-ii\/\">Contribuci\u00f3n del Grupo de Trabajo II al Sexto Informe de Evaluaci\u00f3n<\/a><\/li>\r\n<li><a href=\"https:\/\/www.ipcc.ch\/report\/sixth-assessment-report-working-group-3\/\" target=\"_blank\" rel=\"noreferrer noopener\">Contribuci\u00f3n del Grupo de Trabajo III al Sexto Informe de Evaluaci\u00f3n\u00a0<\/a><\/li>\r\n<\/ul>\r\n\r\n\r\n\r\n<h3 class=\"wp-block-heading\"><a href=\"https:\/\/www.ipcc.ch\/sr15\/\"> Calentamiento global de 1,5 \u00b0C<\/a><\/h3>\r\n\r\n\r\n\r\n<p><em>Informe especial del IPCC sobre los impactos del calentamiento global de 1,5 \u00b0C con respecto a los niveles preindustriales y las trayectorias correspondientes que deber\u00edan seguir las emisiones mundiales de gases de efecto invernadero, en el contexto del reforzamiento de la respuesta mundial a la amenaza del cambio clim\u00e1tico, el desarrollo sostenible y los esfuerzos por erradicar la pobreza\u00a0<\/em>(IE15).<\/p>\r\n\r\n\r\n\r\n<p>Este informe se examin\u00f3 en la 48\u00aa reuni\u00f3n del IPCC celebrada en octubre de 2018 (Incheon, Rep\u00fablica de Corea).<\/p>\r\n\r\n\r\n\r\n<figure class=\"wp-block-table\">\r\n<table>\r\n<tbody>\r\n<tr>\r\n<td><a href=\"https:\/\/globalsolidarity.live\/wikiyoga\/wp-content\/uploads\/2021\/05\/SR15_SPM_ES-232x300-1-1.png\"><img loading=\"lazy\" decoding=\"async\" class=\"alignnone size-full wp-image-4480\" src=\"https:\/\/globalsolidarity.live\/wikiyoga\/wp-content\/uploads\/2021\/05\/SR15_SPM_ES-232x300-1-1.png\" alt=\"\" width=\"232\" height=\"300\" \/><\/a><\/td>\r\n<td><a href=\"https:\/\/www.ipcc.ch\/site\/assets\/uploads\/sites\/2\/2019\/09\/IPCC-Special-Report-1.5-SPM_es.pdf\" target=\"_blank\" rel=\"noreferrer noopener\">Resumen para responsables de pol\u00edticas<\/a>\u00a0<a href=\"https:\/\/www.ipcc.ch\/site\/assets\/uploads\/sites\/2\/2019\/09\/SR15_Summary_Volume_spanish.pdf\" target=\"_blank\" rel=\"noreferrer noopener\">Resumen para responsables de pol\u00edticas, Resumen t\u00e9cnico y Preguntas frecuentes<\/a><a href=\"https:\/\/www.ipcc.ch\/site\/assets\/uploads\/sites\/2\/2019\/09\/SR15_Headline_Statements_Spanish.pdf\" target=\"_blank\" rel=\"noreferrer noopener\">Afirmaciones principales del Resumen para responsables de pol\u00edticas<\/a><a href=\"https:\/\/www.youtube.com\/watch?v=rVjp3TO_juI\" target=\"_blank\" rel=\"noreferrer noopener\">Informe completo<\/a>\u00a0(solo en ingl\u00e9s)<a href=\"https:\/\/www.ipcc.ch\/sr15\/mulitimedia\/video\/\">Video completo<\/a>\u00a0(solo en ingl\u00e9s)<\/td>\r\n<\/tr>\r\n<\/tbody>\r\n<\/table>\r\n<\/figure>\r\n\r\n\r\n\r\n<p class=\"has-large-font-size\">Voces de advertencia<\/p>\r\n\r\n\r\n\r\n<div class=\"wp-block-media-text alignwide is-stacked-on-mobile\" style=\"grid-template-columns: 41% auto;\">\r\n<figure class=\"wp-block-media-text__media\"><a href=\"https:\/\/globalsolidarity.live\/wikiyoga\/wp-content\/uploads\/2021\/05\/james_hansen.jpg\"><img loading=\"lazy\" decoding=\"async\" class=\"alignnone size-full wp-image-4481\" src=\"https:\/\/globalsolidarity.live\/wikiyoga\/wp-content\/uploads\/2021\/05\/james_hansen.jpg\" alt=\"\" width=\"220\" height=\"311\" srcset=\"https:\/\/globalsolidarity.live\/wikiyoga\/wp-content\/uploads\/2021\/05\/james_hansen.jpg 220w, https:\/\/globalsolidarity.live\/wikiyoga\/wp-content\/uploads\/2021\/05\/james_hansen-212x300.jpg 212w\" sizes=\"auto, (max-width: 220px) 100vw, 220px\" \/><\/a><\/figure>\r\n<div class=\"wp-block-media-text__content\">\r\n<p class=\"has-large-font-size\">Dr. James Hansen<\/p>\r\n\r\n\r\n <strong>\u201cLa \u00faltima vez que el planeta estuvo un grado m\u00e1s caliente fue en el periodo interglaciar, hace unos 120.000 a\u00f1os, y el nivel del mar era entre 6 y 9 metros superior al actual. Si dejamos que eso ocurra de nuevo, perderemos todas las ciudades costeras\u201d.<\/strong> <\/div>\r\n<\/div>\r\n\r\n\r\n\r\n<div class=\"wp-block-spacer desktop-only\" style=\"height: 22px;\" aria-hidden=\"true\">\u00a0<\/div>\r\n\r\n\r\n\r\n<div class=\"wp-block-media-text alignwide is-stacked-on-mobile\" style=\"grid-template-columns: 41% auto;\">\r\n<figure class=\"wp-block-media-text__media\"><a href=\"https:\/\/globalsolidarity.live\/wikiyoga\/wp-content\/uploads\/2021\/05\/steffen.jpg\"><img loading=\"lazy\" decoding=\"async\" class=\"alignnone  wp-image-4482\" src=\"https:\/\/globalsolidarity.live\/wikiyoga\/wp-content\/uploads\/2021\/05\/steffen.jpg\" alt=\"\" width=\"228\" height=\"285\" \/><\/a><\/figure>\r\n<div class=\"wp-block-media-text__content\">\r\n<p class=\"has-large-font-size\">Profesor Will Steffen<\/p>\r\n\r\n\r\n <strong>Si se alcanzan los 2\u00ba C se disparar\u00e1n retroalimentaciones positivas que impulsar\u00e1n el calentamiento, pudiendo esto ocasionar un aumento del nivel del mar de hasta 60 metros.<\/strong> <\/div>\r\n<\/div>\r\n\r\n\r\n<hr class=\"wp-block-separator is-style-wide\" \/>\r\n\r\n\r\n<div class=\"wp-block-media-text alignwide is-stacked-on-mobile\" style=\"grid-template-columns: 41% auto;\">\r\n<figure class=\"wp-block-media-text__media\"><a href=\"https:\/\/www.amazon.com\/gp\/product\/384176665X\/ref=dbs_a_def_rwt_bibl_vppi_i93\" target=\"_blank\" rel=\"noopener noreferrer\"><img loading=\"lazy\" decoding=\"async\" class=\"wp-image-4483 aligncenter\" src=\"https:\/\/globalsolidarity.live\/wikiyoga\/wp-content\/uploads\/2021\/05\/efecto-casandra-77.jpg\" alt=\"\" width=\"357\" height=\"412\" srcset=\"https:\/\/globalsolidarity.live\/wikiyoga\/wp-content\/uploads\/2021\/05\/efecto-casandra-77.jpg 515w, https:\/\/globalsolidarity.live\/wikiyoga\/wp-content\/uploads\/2021\/05\/efecto-casandra-77-260x300.jpg 260w\" sizes=\"auto, (max-width: 357px) 100vw, 357px\" \/><\/a><\/figure>\r\n<div class=\"wp-block-media-text__content\">\r\n<p class=\"has-large-font-size\">Efecto Casandra<\/p>\r\n\r\n\r\n <strong>En emergencia ecol\u00f3gica planetaria, los polos se est\u00e1n descongelando y los oc\u00e9anos pueden ascender varios mts a partir de 2025\/30<\/strong> \r\n\r\n<\/div>\r\n<\/div>\r\n\r\n\r\n\r\n<div class=\"wp-block-spacer desktop-only\" style=\"height: 32px;\" aria-hidden=\"true\">\u00a0<\/div>\r\n\r\n\r\n\r\n<h2 class=\"has-text-align-center wp-block-heading\">\u00bfQuieres trabajar con nosotros?<\/h2>\r\n\r\n\r\n\r\n<div class=\"wp-block-button aligncenter\"><a href=\"https:\/\/globalsolidarity.live\/wikiyoga\/contacto\/\" target=\"_blank\" rel=\"noopener noreferrer\">Ponte en contacto<\/a><\/div>\r\n\r\n\r\n\r\n<div class=\"wp-block-spacer desktop-only\" style=\"height: 32px;\" aria-hidden=\"true\">\u00a0<\/div>\r\n\r\n\r\n<hr class=\"wp-block-separator is-style-wide\" \/>\r\n\r\n\r\n<div class=\"wp-block-spacer\" style=\"height: 32px;\" aria-hidden=\"true\">\u00a0<\/div>","protected":false},"excerpt":{"rendered":"<p>Club FTP &#8211; Comit\u00e9 Cient\u00edfico\u00a0\u2013\u00a0Socios del Club Comit\u00e9 Cient\u00edfico integrado por el IPCC Gente con ideas claras se<\/p>\n","protected":false},"author":1,"featured_media":0,"parent":0,"menu_order":0,"comment_status":"closed","ping_status":"closed","template":"","meta":{"footnotes":""},"class_list":["post-4478","page","type-page","status-publish","hentry"],"_links":{"self":[{"href":"https:\/\/globalsolidarity.live\/wikiyoga\/wp-json\/wp\/v2\/pages\/4478","targetHints":{"allow":["GET"]}}],"collection":[{"href":"https:\/\/globalsolidarity.live\/wikiyoga\/wp-json\/wp\/v2\/pages"}],"about":[{"href":"https:\/\/globalsolidarity.live\/wikiyoga\/wp-json\/wp\/v2\/types\/page"}],"author":[{"embeddable":true,"href":"https:\/\/globalsolidarity.live\/wikiyoga\/wp-json\/wp\/v2\/users\/1"}],"replies":[{"embeddable":true,"href":"https:\/\/globalsolidarity.live\/wikiyoga\/wp-json\/wp\/v2\/comments?post=4478"}],"version-history":[{"count":3,"href":"https:\/\/globalsolidarity.live\/wikiyoga\/wp-json\/wp\/v2\/pages\/4478\/revisions"}],"predecessor-version":[{"id":4494,"href":"https:\/\/globalsolidarity.live\/wikiyoga\/wp-json\/wp\/v2\/pages\/4478\/revisions\/4494"}],"wp:attachment":[{"href":"https:\/\/globalsolidarity.live\/wikiyoga\/wp-json\/wp\/v2\/media?parent=4478"}],"curies":[{"name":"wp","href":"https:\/\/api.w.org\/{rel}","templated":true}]}}