{"id":4486,"date":"2021-05-25T01:54:41","date_gmt":"2021-05-25T01:54:41","guid":{"rendered":"https:\/\/globalsolidarity.live\/wikiyoga\/?page_id=4486"},"modified":"2021-05-25T01:58:28","modified_gmt":"2021-05-25T01:58:28","slug":"4486-2","status":"publish","type":"page","link":"https:\/\/globalsolidarity.live\/wikiyoga\/4486-2\/","title":{"rendered":""},"content":{"rendered":"\r\n<p class=\"has-text-align-center\" style=\"text-align: center;\"><a href=\"https:\/\/globalsolidarity.live\/wikiyoga\/4467-2\/\" target=\"_blank\" rel=\"noopener noreferrer\">Club FTP<\/a> &#8211; <a href=\"https:\/\/globalsolidarity.live\/wikiyoga\/4478-2\/\" target=\"_blank\" rel=\"noopener noreferrer\">Comit\u00e9 Cient\u00edfico<\/a>\u00a0\u2013\u00a0<a href=\"https:\/\/globalsolidarity.live\/wikiyoga\/4486-2\/\" target=\"_blank\" rel=\"noopener noreferrer\">Socios del Club<\/a><\/p>\r\n\r\n\r\n\r\n<p class=\"has-medium-font-size\"><strong>Socios del Club 2% For the Planet<\/strong><\/p>\r\n\r\n\r\n\r\n<figure class=\"wp-block-image size-large is-resized\"><a href=\"https:\/\/globalsolidarity.live\/wikiyoga\/wp-content\/uploads\/2021\/05\/club-2.jpg\"><img loading=\"lazy\" decoding=\"async\" class=\"alignnone size-full wp-image-4468\" src=\"https:\/\/globalsolidarity.live\/wikiyoga\/wp-content\/uploads\/2021\/05\/club-2.jpg\" alt=\"\" width=\"704\" height=\"142\" srcset=\"https:\/\/globalsolidarity.live\/wikiyoga\/wp-content\/uploads\/2021\/05\/club-2.jpg 704w, https:\/\/globalsolidarity.live\/wikiyoga\/wp-content\/uploads\/2021\/05\/club-2-300x61.jpg 300w\" sizes=\"auto, (max-width: 704px) 100vw, 704px\" \/><\/a><\/figure>\r\n\r\n\r\n\r\n<h1 class=\"has-secondary-color has-text-color has-medium-font-size wp-block-heading\">Gente con ideas claras se une para Salvar al Planeta<\/h1>\r\n\r\n\r\n\r\n<div class=\"wp-block-columns is-layout-flex wp-container-core-columns-is-layout-28f84493 wp-block-columns-is-layout-flex\">\r\n<div class=\"wp-block-column is-layout-flow wp-block-column-is-layout-flow\" style=\"flex-basis: 80%;\">\r\n<p class=\"has-text-align-justify has-foreground-dark-color has-text-color\">El <strong>Club 2% For the Planet<\/strong> es el espacio social de WikiYoga para reunir y concentrar los talentos de nuestros lectores y seguidores, que preocupados por el presente y el futuro, desean hacer algo positivo para mejorar las perspectivas del ma\u00f1ana para ellos y sus hijos, usando las herramientas de la sabidur\u00eda interna del Yoga, Budismo, Islam y Cristianismo, unidas a la ciencia y sociedad.<\/p>\r\n<\/div>\r\n\r\n\r\n\r\n<div class=\"wp-block-column is-layout-flow wp-block-column-is-layout-flow\" style=\"flex-basis: 20%;\">\r\n<div class=\"wp-block-button is-style-default\"><a class=\"wp-block-button__link has-background-color has-secondary-background-color has-text-color has-background\" href=\"https:\/\/globalsolidarity.live\/wikiyoga\/wp-content\/uploads\/2021\/05\/masterearth-ok-wikiyoga-10.pdf\" target=\"_blank\" rel=\"noreferrer noopener\">2% FTP<\/a><\/div>\r\n<\/div>\r\n<\/div>\r\n\r\n\r\n\r\n<div class=\"wp-block-cover alignfull has-background-dim-20 has-background-dim\" style=\"min-height: 987px;aspect-ratio:unset;\">\u00a0\r\n<div class=\"wp-block-cover__inner-container is-layout-flow wp-block-cover-is-layout-flow\">\r\n<figure class=\"wp-block-image size-large\"><a href=\"https:\/\/globalsolidarity.live\/wikiyoga\/wp-content\/uploads\/2021\/05\/pexels-photo-3830752.jpeg\"><img loading=\"lazy\" decoding=\"async\" class=\"alignnone size-full wp-image-4487\" src=\"https:\/\/globalsolidarity.live\/wikiyoga\/wp-content\/uploads\/2021\/05\/pexels-photo-3830752.jpeg\" alt=\"\" width=\"808\" height=\"1300\" srcset=\"https:\/\/globalsolidarity.live\/wikiyoga\/wp-content\/uploads\/2021\/05\/pexels-photo-3830752.jpeg 808w, https:\/\/globalsolidarity.live\/wikiyoga\/wp-content\/uploads\/2021\/05\/pexels-photo-3830752-186x300.jpeg 186w, https:\/\/globalsolidarity.live\/wikiyoga\/wp-content\/uploads\/2021\/05\/pexels-photo-3830752-636x1024.jpeg 636w, https:\/\/globalsolidarity.live\/wikiyoga\/wp-content\/uploads\/2021\/05\/pexels-photo-3830752-768x1236.jpeg 768w\" sizes=\"auto, (max-width: 808px) 100vw, 808px\" \/><\/a>\r\n<figcaption>Photo by Andrea Piacquadio on <a href=\"https:\/\/www.pexels.com\/es-es\/foto\/hombre-amor-gente-mujer-3830752\/\" rel=\"nofollow\">Pexels.com<\/a><\/figcaption>\r\n<\/figure>\r\n\r\n\r\n\r\n<h1 class=\"has-text-align-center wp-block-heading\">Te doy la bienvenida a la f\u00e1brica de las buenas noticias<\/h1>\r\n<\/div>\r\n<\/div>\r\n\r\n\r\n\r\n<div class=\"wp-block-spacer desktop-only\" style=\"height: 16px;\" aria-hidden=\"true\">\u00a0<\/div>\r\n\r\n\r\n\r\n<div class=\"wp-block-spacer desktop-only\" style=\"height: 16px;\" aria-hidden=\"true\">\u00a0<\/div>\r\n\r\n\r\n\r\n<p class=\"has-medium-font-size\"><strong>Socios Estrat\u00e9gicos<\/strong><\/p>\r\n\r\n\r\n\r\n<p>Los Socios Estrat\u00e9gicos integran un colectivo de profesionales expertos en diferentes \u00e1reas, que apoyan con sus conocimientos a los Miembros Directivos.<\/p>\r\n\r\n\r\n\r\n<p>Sus funciones son:<\/p>\r\n\r\n\r\n\r\n<p>Participan en estudios y proyectos del Club.<\/p>\r\n\r\n\r\n\r\n<p>Pueden representar al Club en determinados eventos. Publican sus documentos conteniendo nuevas iniciativas. Publican art\u00edculos en un blog compartido. Figuran en el directorio del Club como miembro estrat\u00e9gico con foto y CV. Integran el Networking del Club.<\/p>\r\n\r\n\r\n<hr class=\"wp-block-separator is-style-wide\" \/>\r\n\r\n\r\n<div class=\"wp-block-spacer desktop-only\" style=\"height: 16px;\" aria-hidden=\"true\">\u00a0<\/div>\r\n\r\n\r\n\r\n<figure class=\"wp-block-image size-large\"><a href=\"https:\/\/globalsolidarity.live\/wikiyoga\/wp-content\/uploads\/2021\/05\/pexels-photo-3828328.jpeg\"><img loading=\"lazy\" decoding=\"async\" class=\"alignnone size-full wp-image-4488\" src=\"https:\/\/globalsolidarity.live\/wikiyoga\/wp-content\/uploads\/2021\/05\/pexels-photo-3828328.jpeg\" alt=\"\" width=\"1880\" height=\"1057\" srcset=\"https:\/\/globalsolidarity.live\/wikiyoga\/wp-content\/uploads\/2021\/05\/pexels-photo-3828328.jpeg 1880w, https:\/\/globalsolidarity.live\/wikiyoga\/wp-content\/uploads\/2021\/05\/pexels-photo-3828328-300x169.jpeg 300w, https:\/\/globalsolidarity.live\/wikiyoga\/wp-content\/uploads\/2021\/05\/pexels-photo-3828328-1024x576.jpeg 1024w, https:\/\/globalsolidarity.live\/wikiyoga\/wp-content\/uploads\/2021\/05\/pexels-photo-3828328-768x432.jpeg 768w, https:\/\/globalsolidarity.live\/wikiyoga\/wp-content\/uploads\/2021\/05\/pexels-photo-3828328-1536x864.jpeg 1536w, https:\/\/globalsolidarity.live\/wikiyoga\/wp-content\/uploads\/2021\/05\/pexels-photo-3828328-534x300.jpeg 534w\" sizes=\"auto, (max-width: 1880px) 100vw, 1880px\" \/><\/a>\r\n<figcaption>Photo by bongkarn thanyakij on <a href=\"https:\/\/www.pexels.com\/es-es\/foto\/ordenador-portatil-oficina-navegando-conexion-3828328\/\" rel=\"nofollow\">Pexels.com<\/a><\/figcaption>\r\n<\/figure>\r\n\r\n\r\n\r\n<p class=\"has-medium-font-size\"><strong>Socios Ejecutivos<\/strong><\/p>\r\n\r\n\r\n\r\n<p>Los Socios Ejecutivos son los responsables por la aplicaci\u00f3n de las diferentes propuestas en los \u00e1mbitos espec\u00edficos, que fueron antes decididas por los Miembros Directivos, con el asesoramiento de los Socios Estrat\u00e9gicos.<\/p>\r\n\r\n\r\n\r\n<p>Sus funciones son:<\/p>\r\n\r\n\r\n\r\n<p>Apoyo y ejecuci\u00f3n en los modelos de una nueva sociedad. Participar en la selecci\u00f3n de proyectos de ejecuci\u00f3n. Actuar como coordinador local de proyecto. Publicar art\u00edculos en un blog compartido. Figuran en el directorio del Club como miembro ejecutivo con foto y CV. Integran el Networking del Club.<\/p>\r\n\r\n\r\n\r\n<figure class=\"wp-block-image size-large\"><a href=\"https:\/\/globalsolidarity.live\/wikiyoga\/wp-content\/uploads\/2021\/05\/pexels-photo-5082579.jpeg\"><img loading=\"lazy\" decoding=\"async\" class=\"alignnone size-full wp-image-4489\" src=\"https:\/\/globalsolidarity.live\/wikiyoga\/wp-content\/uploads\/2021\/05\/pexels-photo-5082579.jpeg\" alt=\"\" width=\"1880\" height=\"1253\" srcset=\"https:\/\/globalsolidarity.live\/wikiyoga\/wp-content\/uploads\/2021\/05\/pexels-photo-5082579.jpeg 1880w, https:\/\/globalsolidarity.live\/wikiyoga\/wp-content\/uploads\/2021\/05\/pexels-photo-5082579-300x200.jpeg 300w, https:\/\/globalsolidarity.live\/wikiyoga\/wp-content\/uploads\/2021\/05\/pexels-photo-5082579-1024x682.jpeg 1024w, https:\/\/globalsolidarity.live\/wikiyoga\/wp-content\/uploads\/2021\/05\/pexels-photo-5082579-768x512.jpeg 768w, https:\/\/globalsolidarity.live\/wikiyoga\/wp-content\/uploads\/2021\/05\/pexels-photo-5082579-1536x1024.jpeg 1536w, https:\/\/globalsolidarity.live\/wikiyoga\/wp-content\/uploads\/2021\/05\/pexels-photo-5082579-450x300.jpeg 450w\" sizes=\"auto, (max-width: 1880px) 100vw, 1880px\" \/><\/a>\r\n<figcaption>Photo by cottonbro on <a href=\"https:\/\/www.pexels.com\/es-es\/foto\/manos-iphone-internet-tecnologia-5082579\/\" rel=\"nofollow\">Pexels.com<\/a><\/figcaption>\r\n<\/figure>\r\n\r\n\r\n\r\n<p class=\"has-medium-font-size\"><strong>Community Partners<\/strong><\/p>\r\n\r\n\r\n\r\n<p>Los Community Patners son el grupo de voluntarios y simpatizantes que apoyan con sus actividades y cuota societarias el mantenimientos y crecimiento del Club 2% For the Planet.<\/p>\r\n\r\n\r\n\r\n<p>Sus funciones son:<\/p>\r\n\r\n\r\n\r\n<p>Definen si participan en los distintos proyectos que impulsa el Club.<\/p>\r\n\r\n\r\n\r\n<p>Pueden participar como promotores coordinadores en la ejecuci\u00f3n de acciones del Club. Formar parte de los foros de debate para la elaboraci\u00f3n de nuevas propuestas. Publicar art\u00edculos en un blog compartido.<\/p>\r\n\r\n\r\n\r\n\r\n\r\n\r\n\r\n\r\n\r\n<div class=\"wp-block-buttons is-layout-flex wp-block-buttons-is-layout-flex\">\r\n<div class=\"wp-block-button\"><a class=\"wp-block-button__link\" href=\"https:\/\/www.paypal.com\/cgi-bin\/webscr?cmd=_s-xclick&amp;hosted_button_id=X47L4ZH6LXA66&amp;source=url\" target=\"_blank\" rel=\"noreferrer noopener\">SELECCIONA TU CUOTA SOCIETARIA <\/a><\/div>\r\n<\/div>\r\n\r\n\r\n\r\n\r\n\r\n<p class=\"has-text-align-left\">Recibe el contenido nuevo directamente en tu bandeja de entrada.<\/p>\r\n\r\n\r\n\r\n<div class=\"wp-block-jetpack-subscriptions wp-block-jetpack-subscriptions__supports-newline wp-block-jetpack-subscriptions__use-newline\">[jetpack_subscription_form subscribe_placeholder=&#8221;Introduce tu direcci\u00f3n de correo electr\u00f3nico&#8221; show_subscribers_total=&#8221;false&#8221; button_on_newline=&#8221;true&#8221; submit_button_text=&#8221;Sign up&#8221; custom_font_size=&#8221;undefinedpx&#8221; custom_border_radius=&#8221;0&#8243; custom_border_weight=&#8221;1&#8243; custom_padding=&#8221;15&#8243; custom_spacing=&#8221;10&#8243; submit_button_classes=&#8221;has-undefinedpx-font-size has-text-color has-background-color has-background has-primary-background-color&#8221; email_field_classes=&#8221;has-undefinedpx-font-size&#8221; show_only_email_and_button=&#8221;true&#8221;]<\/div>","protected":false},"excerpt":{"rendered":"<p>Club FTP &#8211; Comit\u00e9 Cient\u00edfico\u00a0\u2013\u00a0Socios del Club Socios del Club 2% For the Planet Gente con ideas claras<\/p>\n","protected":false},"author":1,"featured_media":0,"parent":0,"menu_order":0,"comment_status":"closed","ping_status":"closed","template":"","meta":{"footnotes":""},"class_list":["post-4486","page","type-page","status-publish","hentry"],"_links":{"self":[{"href":"https:\/\/globalsolidarity.live\/wikiyoga\/wp-json\/wp\/v2\/pages\/4486","targetHints":{"allow":["GET"]}}],"collection":[{"href":"https:\/\/globalsolidarity.live\/wikiyoga\/wp-json\/wp\/v2\/pages"}],"about":[{"href":"https:\/\/globalsolidarity.live\/wikiyoga\/wp-json\/wp\/v2\/types\/page"}],"author":[{"embeddable":true,"href":"https:\/\/globalsolidarity.live\/wikiyoga\/wp-json\/wp\/v2\/users\/1"}],"replies":[{"embeddable":true,"href":"https:\/\/globalsolidarity.live\/wikiyoga\/wp-json\/wp\/v2\/comments?post=4486"}],"version-history":[{"count":4,"href":"https:\/\/globalsolidarity.live\/wikiyoga\/wp-json\/wp\/v2\/pages\/4486\/revisions"}],"predecessor-version":[{"id":4493,"href":"https:\/\/globalsolidarity.live\/wikiyoga\/wp-json\/wp\/v2\/pages\/4486\/revisions\/4493"}],"wp:attachment":[{"href":"https:\/\/globalsolidarity.live\/wikiyoga\/wp-json\/wp\/v2\/media?parent=4486"}],"curies":[{"name":"wp","href":"https:\/\/api.w.org\/{rel}","templated":true}]}}