{"id":4507,"date":"2021-05-26T01:47:49","date_gmt":"2021-05-26T01:47:49","guid":{"rendered":"https:\/\/globalsolidarity.live\/wikiyoga\/?page_id=4507"},"modified":"2021-05-26T01:47:49","modified_gmt":"2021-05-26T01:47:49","slug":"sumate-y-publica-tu-articulo","status":"publish","type":"page","link":"https:\/\/globalsolidarity.live\/wikiyoga\/sumate-y-publica-tu-articulo\/","title":{"rendered":"Sumate y publica tu art\u00edculo"},"content":{"rendered":"<p><a href=\"https:\/\/globalsolidarity.live\/wikiyoga\/wp-content\/uploads\/2021\/05\/pexels-photo-4050347.jpeg\"><img loading=\"lazy\" decoding=\"async\" class=\"alignnone size-full wp-image-4508\" src=\"https:\/\/globalsolidarity.live\/wikiyoga\/wp-content\/uploads\/2021\/05\/pexels-photo-4050347.jpeg\" alt=\"\" width=\"1880\" height=\"1253\" srcset=\"https:\/\/globalsolidarity.live\/wikiyoga\/wp-content\/uploads\/2021\/05\/pexels-photo-4050347.jpeg 1880w, https:\/\/globalsolidarity.live\/wikiyoga\/wp-content\/uploads\/2021\/05\/pexels-photo-4050347-300x200.jpeg 300w, https:\/\/globalsolidarity.live\/wikiyoga\/wp-content\/uploads\/2021\/05\/pexels-photo-4050347-1024x682.jpeg 1024w, https:\/\/globalsolidarity.live\/wikiyoga\/wp-content\/uploads\/2021\/05\/pexels-photo-4050347-768x512.jpeg 768w, https:\/\/globalsolidarity.live\/wikiyoga\/wp-content\/uploads\/2021\/05\/pexels-photo-4050347-1536x1024.jpeg 1536w, https:\/\/globalsolidarity.live\/wikiyoga\/wp-content\/uploads\/2021\/05\/pexels-photo-4050347-450x300.jpeg 450w\" sizes=\"auto, (max-width: 1880px) 100vw, 1880px\" \/><\/a><\/p>\n<p style=\"text-align: justify;\">WikiYoga ha abierto esta secci\u00f3n para aquellos que deseen colaborar aportando alg\u00fan trabajo original relacionado con el tema Yoga y Budismo (as\u00ed como con otras tradiciones orientales).<\/p>\n<p style=\"text-align: justify;\">Dentro del tema general del Yoga los art\u00edculos pueden ser de tipo ensayo sobre reflexiones o intuiciones que queramos compartir, entrevistas a uno mismo o a otros autores del Yoga, vivencias personales, comentarios a las ense\u00f1anzas de alg\u00fan maestro, autor o libro, rese\u00f1as, etc&#8230;<\/p>\n<h4 style=\"text-align: justify;\">Normas b\u00e1sicas de publicaci\u00f3n<\/h4>\n<p style=\"text-align: justify;\">En cuanto al contenido, derechos y responsabilidad<\/p>\n<ol style=\"text-align: justify;\">\n<li>Los art\u00edculos deben estar relacionados con la tem\u00e1tica de esta Web. Ser in\u00e9ditos y originales, y estar escritos en espa\u00f1ol, salvo aquellos t\u00e9rminos, giros o frases en otros idiomas que formen parte del contexto del escrito.<\/li>\n<li>WikiYoga se reserva el derecho de publicar o no los art\u00edculos recibidos y de editarlos si es necesario, s\u00f3lo en su forma. Por ejemplo, adici\u00f3n de im\u00e1genes adecuadas a la tem\u00e1tica (si el autor no aporta ninguna), modificaci\u00f3n de formato para adecuarlo al estilo de WikiYoga, etc. Los art\u00edculos nunca son modificados en su contenido, lo cual es responsabilidad exclusiva de su autor<\/li>\n<li>Los derechos de autor pertenecen en todo momento al autor del art\u00edculo y no ser\u00e1n cedidos ni compartidos con WikiYoga. El autor solo consiente o autoriza su publicaci\u00f3n que ser\u00e1 mantenida hasta que el autor decida anular dicho consentimiento.<\/li>\n<li>WikiYoga no se responsabiliza de la posible violaci\u00f3n de derechos de autor, y si se descubriera fraude, plagio, o cualquier otra mala pr\u00e1ctica, el art\u00edculo ser\u00e1 inmediatamente descartado o eliminado si ya fue publicado en WikiYoga.<\/li>\n<li>El autor puede decidir en cualquier momento retirar o modificar\/completar el art\u00edculo enviado.<\/li>\n<li>El proceso de publicaci\u00f3n de los art\u00edculos no debe contravenir ninguno de los puntos establecidos en el Aviso Legal de esta Web.<\/li>\n<\/ol>\n<h4 id=\"caracteristicas\" style=\"text-align: justify;\">En cuanto a la forma y estructura<\/h4>\n<ol style=\"text-align: justify;\">\n<li>Los art\u00edculos deben tener un t\u00edtulo descriptivo y preciso y procurar que est\u00e9 debidamente escrito ortogr\u00e1fica y gramaticalmente y bien estructurado sem\u00e1nticamente.<\/li>\n<li>No hay un tama\u00f1o establecido para el art\u00edculo pero procurar no alargarlo demasiado innecesariamente. Ser concisos. Tampoco demasiado corto (m\u00ednimo unas 500 palabras).<br \/>\nSi los art\u00edculos van acompa\u00f1ados de citas de maestros, autores o libros se deber\u00eda incluir al final del mismo una bibliograf\u00eda detallada. A\u00f1ade enlaces a sitios de referencia si es preciso.<\/li>\n<li>Los art\u00edculos vendr\u00e1n firmados con el nombre y apellidos del autor, DNI (n\u00famero documento de identidad), ciudad y Pa\u00eds. El autor puede optar por que al final de su art\u00edculo aparezca publicado su nombre completo o no. Puede elegir tambi\u00e9n un alias o sus iniciales. Y a\u00f1adir alg\u00fan cargo o t\u00edtulo profesional si lo desea.<\/li>\n<li>Los art\u00edculos pueden enviarse preferentemente en los siguiente formatos de texto:<br \/>\nDOC, RTF, HTML.<\/li>\n<li>Opcionalmente puedes acompa\u00f1ar con el art\u00edculo alguna imagen o foto de ti mismo o cualquiera que sea adecuada para el art\u00edculo, y que no sea demasiado grande. La imagen estar\u00e1 en alguno de estos formatos: JPG, PNG, GIF.<\/li>\n<\/ol>\n<p style=\"text-align: justify;\"><strong>Env\u00edo de art\u00edculos:<\/strong><\/p>\n<p style=\"text-align: justify;\">Puedes enviar tu art\u00edculo e imagen(es) como ficheros adjuntos a la siguiente direcci\u00f3n e-mail: wikiyogas@gmail.com<\/p>\n","protected":false},"excerpt":{"rendered":"<p>WikiYoga ha abierto esta secci\u00f3n para aquellos que deseen colaborar aportando alg\u00fan trabajo original relacionado con el tema<\/p>\n","protected":false},"author":1,"featured_media":0,"parent":0,"menu_order":0,"comment_status":"closed","ping_status":"closed","template":"","meta":{"footnotes":""},"class_list":["post-4507","page","type-page","status-publish","hentry"],"_links":{"self":[{"href":"https:\/\/globalsolidarity.live\/wikiyoga\/wp-json\/wp\/v2\/pages\/4507","targetHints":{"allow":["GET"]}}],"collection":[{"href":"https:\/\/globalsolidarity.live\/wikiyoga\/wp-json\/wp\/v2\/pages"}],"about":[{"href":"https:\/\/globalsolidarity.live\/wikiyoga\/wp-json\/wp\/v2\/types\/page"}],"author":[{"embeddable":true,"href":"https:\/\/globalsolidarity.live\/wikiyoga\/wp-json\/wp\/v2\/users\/1"}],"replies":[{"embeddable":true,"href":"https:\/\/globalsolidarity.live\/wikiyoga\/wp-json\/wp\/v2\/comments?post=4507"}],"version-history":[{"count":1,"href":"https:\/\/globalsolidarity.live\/wikiyoga\/wp-json\/wp\/v2\/pages\/4507\/revisions"}],"predecessor-version":[{"id":4509,"href":"https:\/\/globalsolidarity.live\/wikiyoga\/wp-json\/wp\/v2\/pages\/4507\/revisions\/4509"}],"wp:attachment":[{"href":"https:\/\/globalsolidarity.live\/wikiyoga\/wp-json\/wp\/v2\/media?parent=4507"}],"curies":[{"name":"wp","href":"https:\/\/api.w.org\/{rel}","templated":true}]}}