{"id":4510,"date":"2021-05-26T23:11:29","date_gmt":"2021-05-26T23:11:29","guid":{"rendered":"https:\/\/globalsolidarity.live\/wikiyoga\/?page_id=4510"},"modified":"2021-05-26T23:14:37","modified_gmt":"2021-05-26T23:14:37","slug":"curso-de-conciencia","status":"publish","type":"page","link":"https:\/\/globalsolidarity.live\/wikiyoga\/curso-de-conciencia\/","title":{"rendered":"Curso de Conciencia"},"content":{"rendered":"<p>&nbsp;<\/p>\n<p><a href=\"https:\/\/globalsolidarity.live\/wikiyoga\/wp-content\/uploads\/2021\/05\/buda-foto.jpg\"><img loading=\"lazy\" decoding=\"async\" class=\"alignnone  wp-image-4513\" src=\"https:\/\/globalsolidarity.live\/wikiyoga\/wp-content\/uploads\/2021\/05\/buda-foto.jpg\" alt=\"\" width=\"807\" height=\"1070\" srcset=\"https:\/\/globalsolidarity.live\/wikiyoga\/wp-content\/uploads\/2021\/05\/buda-foto.jpg 528w, https:\/\/globalsolidarity.live\/wikiyoga\/wp-content\/uploads\/2021\/05\/buda-foto-226x300.jpg 226w\" sizes=\"auto, (max-width: 807px) 100vw, 807px\" \/><\/a><\/p>\n<h1><a href=\"https:\/\/globalsolidarity.live\/wikiyoga\/wp-content\/uploads\/2021\/05\/curso-de-consciencia.pdf\" target=\"_blank\" rel=\"noopener noreferrer\">HAGA CLICK<\/a><\/h1>\n<p><a href=\"https:\/\/globalsolidarity.live\/wikiyoga\/wp-content\/uploads\/2021\/05\/curso-de-consciencia.pdf\">curso-de-consciencia<\/a><\/p>\n<p><a href=\"https:\/\/globalsolidarity.live\/wikiyoga\/wp-content\/uploads\/2021\/05\/sobottka.jpg\"><img loading=\"lazy\" decoding=\"async\" class=\"alignnone size-full wp-image-4515\" src=\"https:\/\/globalsolidarity.live\/wikiyoga\/wp-content\/uploads\/2021\/05\/sobottka.jpg\" alt=\"\" width=\"117\" height=\"117\" \/><\/a>por <strong>Stanley Sobottka<\/strong><\/p>\n<p>Emeritus Professor of Physics<br \/>\nUniversity of Virginia<br \/>\nCharlottesville, VA 22904-4714<\/p>\n<h1>Pr\u00f3logo<\/h1>\n<p style=\"text-align: justify;\">De 1992 a 1995, impart\u00ed varios seminarios sobre la realidad y la consciencia seg\u00fan la teor\u00eda cu\u00e1ntica para estudiantes de humanidades de la Universidad de Virginia. Estos seminarios intentaron delinear de forma entendible a los no cient\u00edficos las razones de por qu\u00e9 la consciencia es una parte necesaria de las interpretaciones ampliamente aceptadas de la teor\u00eda cu\u00e1ntica. Para estos seminarios, escrib\u00ed notas breves pero completas que entregu\u00e9 a mis estudiantes, y que resumen los puntos destacados para hacer tan clara como sea posible la base cient\u00edfica para el seminario. Una versi\u00f3n revisada y m\u00e1s pulida de estas notas forma la Parte 1 de este trabajo.<\/p>\n<p style=\"text-align: justify;\">Desde 1995 hasta el oto\u00f1o de 2007, de nuevo para estudiantes no cient\u00edficos, impart\u00ed muchos seminarios sobre la no-dualidad, o Advaita, empezando con la informaci\u00f3n cient\u00edfica descrita arriba como la Parte 1, siguiendo con varios cap\u00edtulos especulativos sobre la metaf\u00edsica de la no-dualidad como la Parte 2, y concluyendo con las ense\u00f1anzas de varios jnanis contempor\u00e1neos, o sabios iluminados, como la Parte 3. Los sabios normalmente no est\u00e1n interesadas en ense\u00f1ar los principios de la no-dualidad de una manera sistem\u00e1tica y l\u00f3gica ya que tal sistema conceptual puede ser una prisi\u00f3n para la mente, haci\u00e9ndola creer que puede transcenderse a s\u00ed misma (escapar de su prisi\u00f3n voluntaria) solamente dominando el sistema. Sin embargo, para prop\u00f3sitos de instrucci\u00f3n, escrib\u00ed tambi\u00e9n un conjunto de notas para estos seminarios. A partir del oto\u00f1o de 2007, comenc\u00e9 a ense\u00f1ar el mismo curso a los ancianos y a otros graduados universitarios.<\/p>\n<p style=\"text-align: justify;\">He actualizado y pulido continuamente estas notas cuando mi experiencia y comprensi\u00f3n han ido evolucionando. Mi intenci\u00f3n ha sido presentar la ense\u00f1anza de la no-dualidad en un documento cient\u00edficamente ortodoxo y l\u00f3gicamente consistente, pero a la vez ameno. Aunque hay poco en la Parte 1 con lo que cualquier cient\u00edfico no est\u00e9 de acuerdo, dando bastante tiempo para la cuidadosa contemplaci\u00f3n, hay un material considerable en las Partes 2 y 3 que est\u00e1 en desacuerdo con lo que algunos sabios dicen. La raz\u00f3n de esta diferencia es que la ciencia trata completamente con conceptos, que pueden ser auto-consistentes o no, y estar de acuerdo con las observaciones o no, mientras que es imposible para un sabio utilizar los conceptos para describir la Realidad, porque la Realidad transciende todos los conceptos. En la ciencia, los conceptos son (o no son) verdad, mientras que en las ense\u00f1anzas espirituales, los conceptos pueden ser s\u00f3lo indicadores de la Realidad. El sabio utiliza los conceptos como herramientas para romper las prisiones conceptuales en que vivimos, pero luego todos esos conceptos deben tirarse o se convertir\u00e1n en las cadenas de nuestra esclavitud. Sin embargo, hay muchos conceptos en las Partes 2 y 3 que son susceptibles de verificaci\u00f3n por la observaci\u00f3n directa por aqu\u00e9llos que piensan que todav\u00eda est\u00e1n en la prisi\u00f3n, y \u00e9stos dan cr\u00e9dito al resto de la ense\u00f1anza.<\/p>\n<p style=\"text-align: justify;\">Para el lector que no est\u00e1 interesado en la teor\u00eda cu\u00e1ntica, un abreviado pero a\u00fan as\u00ed completo curso de estudio puede obtenerse solamente omitiendo los Cap\u00edtulos 2, 3, 4, 6, 7, y 8. \u00c9stos son los cap\u00edtulos que ense\u00f1an que la f\u00edsica est\u00e1 incompleta sin la consciencia; no son necesarios para entender el material restante. 11<\/p>\n<p style=\"text-align: justify;\">Algunas personas pueden querer incluso leer un curso aun m\u00e1s corto, que cubra solamente los principios y pr\u00e1cticas del Advaita. Este consistir\u00eda s\u00f3lo de los Cap\u00edtulos 9, 10, 11, 12, 20, 21, 22, 23, 24 y 26.<\/p>\n<p style=\"text-align: justify;\">Importante: Debido a que este curso hace muchas declaraciones, el lector podr\u00eda pensar que se trata de un nuevo sistema de creencias, que hay que aprobar o rechazar. Sin embargo, esa no es mi intenci\u00f3n ni es la intenci\u00f3n de los sabios de la no-dualidad que se citan y comentan. Las creencias no son comprensibles en s\u00ed mismas \u2013 en realidad pueden ser obst\u00e1culos para la comprensi\u00f3n. Puesto que la Realidad no puede describirse con palabras, las palabras son utilizadas como indicadores de la Realidad y no como descriptores de la Realidad. Por lo tanto, este es un curso para ver, no para creer.<\/p>\n","protected":false},"excerpt":{"rendered":"<p>&nbsp; HAGA CLICK curso-de-consciencia por Stanley Sobottka Emeritus Professor of Physics University of Virginia Charlottesville, VA 22904-4714 Pr\u00f3logo<\/p>\n","protected":false},"author":1,"featured_media":0,"parent":0,"menu_order":0,"comment_status":"closed","ping_status":"closed","template":"","meta":{"footnotes":""},"class_list":["post-4510","page","type-page","status-publish","hentry"],"_links":{"self":[{"href":"https:\/\/globalsolidarity.live\/wikiyoga\/wp-json\/wp\/v2\/pages\/4510","targetHints":{"allow":["GET"]}}],"collection":[{"href":"https:\/\/globalsolidarity.live\/wikiyoga\/wp-json\/wp\/v2\/pages"}],"about":[{"href":"https:\/\/globalsolidarity.live\/wikiyoga\/wp-json\/wp\/v2\/types\/page"}],"author":[{"embeddable":true,"href":"https:\/\/globalsolidarity.live\/wikiyoga\/wp-json\/wp\/v2\/users\/1"}],"replies":[{"embeddable":true,"href":"https:\/\/globalsolidarity.live\/wikiyoga\/wp-json\/wp\/v2\/comments?post=4510"}],"version-history":[{"count":4,"href":"https:\/\/globalsolidarity.live\/wikiyoga\/wp-json\/wp\/v2\/pages\/4510\/revisions"}],"predecessor-version":[{"id":4517,"href":"https:\/\/globalsolidarity.live\/wikiyoga\/wp-json\/wp\/v2\/pages\/4510\/revisions\/4517"}],"wp:attachment":[{"href":"https:\/\/globalsolidarity.live\/wikiyoga\/wp-json\/wp\/v2\/media?parent=4510"}],"curies":[{"name":"wp","href":"https:\/\/api.w.org\/{rel}","templated":true}]}}