{"id":4529,"date":"2021-05-27T00:42:52","date_gmt":"2021-05-27T00:42:52","guid":{"rendered":"https:\/\/globalsolidarity.live\/wikiyoga\/?page_id=4529"},"modified":"2021-05-27T00:42:52","modified_gmt":"2021-05-27T00:42:52","slug":"trabaja-con-nosotros","status":"publish","type":"page","link":"https:\/\/globalsolidarity.live\/wikiyoga\/trabaja-con-nosotros\/","title":{"rendered":"Trabaja con nosotros"},"content":{"rendered":"<p>&nbsp;<\/p>\n<p><a href=\"https:\/\/globalsolidarity.live\/wikiyoga\/wp-content\/uploads\/2021\/05\/pexels-photo-3184423.jpeg\"><img loading=\"lazy\" decoding=\"async\" class=\"alignnone size-full wp-image-4530\" src=\"https:\/\/globalsolidarity.live\/wikiyoga\/wp-content\/uploads\/2021\/05\/pexels-photo-3184423.jpeg\" alt=\"\" width=\"868\" height=\"1300\" srcset=\"https:\/\/globalsolidarity.live\/wikiyoga\/wp-content\/uploads\/2021\/05\/pexels-photo-3184423.jpeg 868w, https:\/\/globalsolidarity.live\/wikiyoga\/wp-content\/uploads\/2021\/05\/pexels-photo-3184423-200x300.jpeg 200w, https:\/\/globalsolidarity.live\/wikiyoga\/wp-content\/uploads\/2021\/05\/pexels-photo-3184423-684x1024.jpeg 684w, https:\/\/globalsolidarity.live\/wikiyoga\/wp-content\/uploads\/2021\/05\/pexels-photo-3184423-768x1150.jpeg 768w\" sizes=\"auto, (max-width: 868px) 100vw, 868px\" \/><\/a><\/p>\n<p style=\"text-align: justify;\">SI ERES PROFESIONAL Y\/O PROFESOR CALIFICADO EN MINDFULNESS TE INVITAMOS A SUMARTE A NUESTRO EQUIPO DE TAREAS. EL OBJETIVO ES LA INVESTIGACI\u00d3N EN EL CAMPO DE LA POTENCIALIDAD DEL CEREBRO Y LA MEDITACI\u00d3N, TRASLADAR ESTE CONOCIMIENTO CIENT\u00cdFICO A LAS MODERNAS T\u00c9CNICAS DE CONCENTRACI\u00d3N MENTAL RESULTANTES, A FRECUENCIAS CEREBRALES ESPEC\u00cdFICAS, FACILITADORAS DE TAREAS DEFINIDAS.<\/p>\n<p style=\"text-align: justify;\">SI ENSE\u00d1AS MINDFULNESS PUEDES SOLICITAR SER TITULAR EN TU CIUDAD DE UNA REPRESENTACI\u00d3N DE NUESTRA WEB \u201cMINDFULNESS FULL\u201d, SIN COSTO, EL CUAL PUEDE DESIGNAR A SU PROPIO EQUIPO DE ASISTENTES. RECIBIR\u00c1S LOS BENEFICIOS DE TRABAJAR EN COMUNIDAD Y COMPARTIR LOS CONOCIMIENTOS APLICADOS.<\/p>\n<p style=\"text-align: justify;\">FUTUROS BENEFICIOS:<\/p>\n<ul style=\"text-align: justify;\">\n<li>TITULAR SIN COSTO. DESIGNA SU PROPIO EQUIPO DE APOYO.<\/li>\n<li>PARTICIPA DE V\u00cdNCULOS CON CENTROS CIENT\u00cdFICOS Y UNIVERSIDADES QUE INVESTIGAN SOBRE MINDFULNESS.<\/li>\n<li>COPARTICIPA DE LOS FONDOS CORRESPONDIENTES A DONATIVOS PARA EL PROGRAMA DE BECAS.<\/li>\n<li>ACCESO AL CAMPUS ONLINE DEL SISTEMA DONDE PUEDE PUBLICAR SUS CURSOS, VIDEOS, E-BOOKS.<\/li>\n<li>OPCI\u00d3N DE PARTICIPAR COMO SOCIO PROPIETARIO EN LA TIENDA VIRTUAL.<br \/>\nDESCUENTOS EN SEMINARIOS ONLINE DE ACTUALIZACI\u00d3N EN MINDFULNESS.<\/li>\n<li>LLEGADA LA INSTANCIA DE PODER INSTALAR UNA TIENDA VIRTUAL, SE LES CONSULTAR\u00c1 SI EXISTE INTER\u00c9S EN PARTICIPAR COMO SOCIOS DE LA MISMA.<\/li>\n<\/ul>\n<p style=\"text-align: justify;\">WIKIYOGA NO MANTIENE NING\u00daN TIPO DE RELACI\u00d3N DE DEPENDENCIA CON LOS TITULARES POR CIUDAD. CADA UNO ACT\u00daA EN FORMA TOTALMENTE INDEPENDIENTE EN SU RADIO REGIONAL, FIJA SU POL\u00cdTICA DE PRECIOS Y RECIBE MATERIAL DE LA CENTRAL. NO ES UNA REPRESENTACI\u00d3N DE VENTAS PORQUE WY NO RECIBE BENEFICIO ALGUNO DE LAS FACTURACIONES QUE REALICEN LAS DELEGACIONES. SE TRABAJA EN EQUIPO PARA INVESTIGAR Y ACTUALIZAR LA INFORMACI\u00d3N, SATISFACIENDO LOS INTERESES COMUNES DE LOS INTEGRANTES.<\/p>\n<p style=\"text-align: justify;\"><strong>C\u00d3DIGO DE CONDUCTA<\/strong><\/p>\n<ul style=\"text-align: justify;\">\n<li>ABSTENCI\u00d3N DE MATAR O HACER DA\u00d1O A OTRA VIDA.<br \/>\nABSTENCI\u00d3N DE TOMAR LO QUE NO SE ME HA DADO.<br \/>\nABSTENCI\u00d3N DE CONDUCTAS SEXUALES DA\u00d1INAS.<br \/>\nABSTENCI\u00d3N DE MENTIR.<br \/>\nABSTENCI\u00d3N DE CONSUMIR SUSTANCIAS QUE ALTEREN LA CONCIENCIA.<\/li>\n<\/ul>\n<p style=\"text-align: justify;\">TRABAJAMOS PARA UNA SOCIEDAD CON MAYOR EQUILIBRIO DE MENTE CUERPO Y RECUPERAR EL EQUILIBRIO CON LA NATURALEZA.<\/p>\n","protected":false},"excerpt":{"rendered":"<p>&nbsp; SI ERES PROFESIONAL Y\/O PROFESOR CALIFICADO EN MINDFULNESS TE INVITAMOS A SUMARTE A NUESTRO EQUIPO DE TAREAS.<\/p>\n","protected":false},"author":1,"featured_media":0,"parent":0,"menu_order":0,"comment_status":"closed","ping_status":"closed","template":"","meta":{"footnotes":""},"class_list":["post-4529","page","type-page","status-publish","hentry"],"_links":{"self":[{"href":"https:\/\/globalsolidarity.live\/wikiyoga\/wp-json\/wp\/v2\/pages\/4529","targetHints":{"allow":["GET"]}}],"collection":[{"href":"https:\/\/globalsolidarity.live\/wikiyoga\/wp-json\/wp\/v2\/pages"}],"about":[{"href":"https:\/\/globalsolidarity.live\/wikiyoga\/wp-json\/wp\/v2\/types\/page"}],"author":[{"embeddable":true,"href":"https:\/\/globalsolidarity.live\/wikiyoga\/wp-json\/wp\/v2\/users\/1"}],"replies":[{"embeddable":true,"href":"https:\/\/globalsolidarity.live\/wikiyoga\/wp-json\/wp\/v2\/comments?post=4529"}],"version-history":[{"count":1,"href":"https:\/\/globalsolidarity.live\/wikiyoga\/wp-json\/wp\/v2\/pages\/4529\/revisions"}],"predecessor-version":[{"id":4531,"href":"https:\/\/globalsolidarity.live\/wikiyoga\/wp-json\/wp\/v2\/pages\/4529\/revisions\/4531"}],"wp:attachment":[{"href":"https:\/\/globalsolidarity.live\/wikiyoga\/wp-json\/wp\/v2\/media?parent=4529"}],"curies":[{"name":"wp","href":"https:\/\/api.w.org\/{rel}","templated":true}]}}