{"id":4540,"date":"2021-05-27T00:55:36","date_gmt":"2021-05-27T00:55:36","guid":{"rendered":"https:\/\/globalsolidarity.live\/wikiyoga\/?page_id=4540"},"modified":"2021-06-02T02:14:04","modified_gmt":"2021-06-02T02:14:04","slug":"clases-de-yoga-online-gratuitas","status":"publish","type":"page","link":"https:\/\/globalsolidarity.live\/wikiyoga\/clases-de-yoga-online-gratuitas\/","title":{"rendered":"Clases de Yoga Online gratuitas"},"content":{"rendered":"<p>Seg\u00fan Patanjali en sus famosos Yoga Sutras\u00a0<em><strong>\u201cYoga es el estado en el cual las fluctuaciones mentales y emocionales se han aquietado\u201d.<\/strong><\/em><br \/>\nAqu\u00ed encontrar\u00e1s una selecci\u00f3n de los mejores videos con maestros del Yoga, exponiendo series y posturas en forma simple y gratuita.<\/p>\n<p><strong>TRADUCCI\u00d3N<\/strong><\/p>\n<p>Haga click sobre la rueda dentada en la esquina inferior derecha del video a traducir. Seleccione: Subt\u00edtulos \u2013 Traducir autom\u00e1ticamente \u2013 espa\u00f1ol<\/p>\n<p>&nbsp;<\/p>\n<ul>\n<li><a href=\"http:\/\/yogacasa.blogspot.com\/2014\/09\/curso-gratis-de-hatha-yoga-para.html\" target=\"_blank\" rel=\"noopener noreferrer\">CURSO GRATUITO DE YOGA<\/a><\/li>\n<li><a href=\"https:\/\/www.clasesdeyogaonline.com\/\" target=\"_blank\" rel=\"noopener noreferrer\">CLASES DE YOGA ONLINE<\/a><\/li>\n<li><a href=\"https:\/\/www.udemy.com\/courses\/search\/?q=YOGA\" target=\"_blank\" rel=\"noopener noreferrer\">CURSOS DE YOGA EN UDEMY<\/a><\/li>\n<li><a href=\"https:\/\/yogacloud.tv\/clasesdeyoga\/\" target=\"_blank\" rel=\"noopener noreferrer\">CLASES DE YOGA EN L\u00cdNEA GRATIS EN YOGA CLOUD<\/a><\/li>\n<li><a href=\"https:\/\/globalsolidarity.live\/wikiyoga\/budismo-zen-practica\/\" target=\"_blank\" rel=\"noopener noreferrer\">BUDISMO ZEN<\/a><\/li>\n<li><a href=\"https:\/\/globalsolidarity.live\/wikiyoga\/historia-y-conceptos-clave-del-hinduismo-y-el-yoga\/\" target=\"_blank\" rel=\"noopener noreferrer\">HISTORIA Y CONCEPTOS CLAVES DEL HINDUISMO Y YOGA<\/a><\/li>\n<li><a href=\"https:\/\/globalsolidarity.live\/wikiyoga\/conceptos-y-practica-del-yoga\/\" target=\"_blank\" rel=\"noopener noreferrer\">CONCEPTOS Y PRACTICA DEL YOGA<\/a><\/li>\n<\/ul>\n<p>&nbsp;<\/p>\n<p><span style=\"color: #ff6600;\"><strong>AYURVEDA<\/strong><\/span><\/p>\n<ul>\n<li><a href=\"https:\/\/globalsolidarity.live\/wikiyoga\/ayurveda\/\" target=\"_blank\" rel=\"noopener noreferrer\">Las 3 Doshas<\/a><\/li>\n<\/ul>\n<p>&nbsp;<\/p>\n<p><span style=\"color: #ff6600;\"><strong>RECETAS VEGANAS<\/strong><\/span><\/p>\n<ul>\n<li><a href=\"https:\/\/globalsolidarity.live\/wikiyoga\/recetas-veganas\/\" target=\"_blank\" rel=\"noopener noreferrer\">Alimentaci\u00f3n sana<\/a><\/li>\n<\/ul>\n<p>&nbsp;<\/p>\n<p><span style=\"color: #ff6600;\"><strong>YOGA<\/strong><\/span><\/p>\n<ul>\n<li><a href=\"https:\/\/globalsolidarity.live\/wikiyoga\/acro-yoga-1\/\" target=\"_blank\" rel=\"noopener noreferrer\">Acro Yoga<\/a><\/li>\n<li><a href=\"https:\/\/globalsolidarity.live\/wikiyoga\/asthanga-yoga-1\/\" target=\"_blank\" rel=\"noopener noreferrer\">Asthanga Yoga<\/a><\/li>\n<li><a href=\"https:\/\/www.msn.com\/es-ar\/salud\/destacados-de-yoga\/YW4\/tablas-de-posturas\/\" target=\"_blank\" rel=\"noreferrer noopener\">Asanas<\/a><\/li>\n<li><a href=\"https:\/\/globalsolidarity.live\/wikiyoga\/bhakti-yoga-1\/\" target=\"_blank\" rel=\"noopener noreferrer\">Bhakti Yoga<\/a><\/li>\n<li><a href=\"https:\/\/globalsolidarity.live\/wikiyoga\/bikram-yoga-1\/\" target=\"_blank\" rel=\"noopener noreferrer\">Bikram Yoga<\/a><\/li>\n<li><a href=\"https:\/\/globalsolidarity.live\/wikiyoga\/hatha-yoga-1\/\" target=\"_blank\" rel=\"noopener noreferrer\">Hatha Yoga<\/a><\/li>\n<li><a href=\"https:\/\/globalsolidarity.live\/wikiyoga\/iyengar-yoga-1\/\" target=\"_blank\" rel=\"noopener noreferrer\">Iyengar Yoga<\/a><\/li>\n<li><a href=\"https:\/\/globalsolidarity.live\/wikiyoga\/jnana-yoga-1\/\" target=\"_blank\" rel=\"noopener noreferrer\">Jnana Yoga<\/a><\/li>\n<li><a href=\"https:\/\/globalsolidarity.live\/wikiyoga\/karma-yoga-1\/\" target=\"_blank\" rel=\"noopener noreferrer\">Karma Yoga<\/a><\/li>\n<li><a href=\"https:\/\/globalsolidarity.live\/wikiyoga\/kriya-yoga-1\/\" target=\"_blank\" rel=\"noopener noreferrer\">Kriya Yoga<\/a><\/li>\n<li><a href=\"https:\/\/globalsolidarity.live\/wikiyoga\/kundalini-yoga-1\/\" target=\"_blank\" rel=\"noopener noreferrer\">Kundalini Yoga<\/a><\/li>\n<li><a href=\"https:\/\/globalsolidarity.live\/wikiyoga\/mantra-yoga-1\/\" target=\"_blank\" rel=\"noopener noreferrer\">Mantra Yoga<\/a><\/li>\n<li><a href=\"https:\/\/globalsolidarity.live\/wikiyoga\/power-yoga-1\/\" target=\"_blank\" rel=\"noopener noreferrer\">Power Yoga<\/a><\/li>\n<li><a href=\"https:\/\/globalsolidarity.live\/wikiyoga\/raya-yoga-1\/\" target=\"_blank\" rel=\"noopener noreferrer\">Raya Yoga<\/a><\/li>\n<li><a href=\"https:\/\/globalsolidarity.live\/wikiyoga\/vinyasa-yoga-1\/\" target=\"_blank\" rel=\"noopener noreferrer\">Vinyasa Yoga<\/a><\/li>\n<li><a href=\"https:\/\/globalsolidarity.live\/wikiyoga\/yoga-acuatico-1\/\" target=\"_blank\" rel=\"noopener noreferrer\">Yoga Acu\u00e1tico<\/a><\/li>\n<li><a href=\"https:\/\/globalsolidarity.live\/wikiyoga\/yoga-avanzado-1\/\" target=\"_blank\" rel=\"noopener noreferrer\">Yoga Avanzado<\/a><\/li>\n<li><a href=\"https:\/\/globalsolidarity.live\/wikiyoga\/yoga-en-casa-1\/\" target=\"_blank\" rel=\"noopener noreferrer\">Yoga en casa<\/a><\/li>\n<li><a href=\"https:\/\/globalsolidarity.live\/wikiyoga\/yoga-flow-1\/\" target=\"_blank\" rel=\"noopener noreferrer\">Yoga Flow<\/a><\/li>\n<li><a href=\"https:\/\/globalsolidarity.live\/wikiyoga\/yoga-musica-relajante-1\/\" target=\"_blank\" rel=\"noopener noreferrer\">Yoga: m\u00fasica relajante<\/a><\/li>\n<li><a href=\"https:\/\/globalsolidarity.live\/wikiyoga\/yoga-nidra-1\/\" target=\"_blank\" rel=\"noopener noreferrer\">Yoga Nidra<\/a><\/li>\n<li><a href=\"https:\/\/globalsolidarity.live\/wikiyoga\/yoga-para-adelgazar-1\/\" target=\"_blank\" rel=\"noreferrer noopener\" aria-label=\"Yoga para adelgazar (se abre en una nueva pesta\u00f1a)\">Yoga para adelgazar<\/a><\/li>\n<li><a href=\"https:\/\/globalsolidarity.live\/wikiyoga\/yoga-para-embarazadas-1\/\" target=\"_blank\" rel=\"noopener noreferrer\">Yoga para embarazadas<\/a><\/li>\n<li><a href=\"https:\/\/globalsolidarity.live\/wikiyoga\/yoga-para-ninos-1\/\" target=\"_blank\" rel=\"noopener noreferrer\">Yoga para ni\u00f1os<\/a><\/li>\n<li><a href=\"https:\/\/globalsolidarity.live\/wikiyoga\/yoga-para-principiantes-1\/\">Yoga para principiantes<\/a><\/li>\n<li><a href=\"https:\/\/globalsolidarity.live\/wikiyoga\/yoga-sistema-circulatorio-1\/\" target=\"_blank\" rel=\"noopener noreferrer\">Yoga Sistema Circulatorio<\/a><\/li>\n<li><a href=\"https:\/\/globalsolidarity.live\/wikiyoga\/yoga-sistema-digestivo-1\/\" target=\"_blank\" rel=\"noopener noreferrer\">Yoga Sistema Digestivo<\/a><\/li>\n<li><a href=\"https:\/\/globalsolidarity.live\/wikiyoga\/yoga-sistema-endocrino-1\/\" target=\"_blank\" rel=\"noopener noreferrer\">Yoga Sistema Endocrino<\/a><\/li>\n<li><a href=\"https:\/\/globalsolidarity.live\/wikiyoga\/yoga-sistema-inmunologico-1\/\" target=\"_blank\" rel=\"noopener noreferrer\">Yoga Sistema Inmunol\u00f3gico<\/a><\/li>\n<li><a href=\"https:\/\/globalsolidarity.live\/wikiyoga\/yoga-sistema-nervioso-1\/\" target=\"_blank\" rel=\"noopener noreferrer\">Yoga Sistema Nervioso<\/a><\/li>\n<li><a href=\"https:\/\/globalsolidarity.live\/wikiyoga\/yoga-sistema-linfatico-1\/\" target=\"_blank\" rel=\"noopener noreferrer\">Yoga Sistema Linf\u00e1tico<\/a><\/li>\n<li><a href=\"https:\/\/globalsolidarity.live\/wikiyoga\/yoga-sistema-parasimpatico\/\" target=\"_blank\" rel=\"noopener noreferrer\">Yoga Sistema Parasimp\u00e1tico<\/a><\/li>\n<li><a href=\"https:\/\/globalsolidarity.live\/wikiyoga\/yoga-sistema-respiratorio-1\/\" target=\"_blank\" rel=\"noopener noreferrer\">Yoga Sistema Respiratorio<\/a><\/li>\n<li><a href=\"https:\/\/globalsolidarity.live\/wikiyoga\/yoga-terapeutico-1\/\" target=\"_blank\" rel=\"noopener noreferrer\">Yoga terap\u00e9utico<\/a><\/li>\n<\/ul>\n<p>&nbsp;<\/p>\n<p><span style=\"color: #ff6600;\"><strong>LAS 8 RAMAS DEL YOGA<\/strong><\/span><\/p>\n<ul>\n<li>1\u00a0 y 2\u00a0<a href=\"https:\/\/globalsolidarity.live\/wikiyoga\/yamas-y-niyamas\/\" target=\"_blank\" rel=\"noopener noreferrer\">Yama y Niyama<\/a><\/li>\n<li>3\u00a0<a href=\"https:\/\/globalsolidarity.live\/wikiyoga\/asanas\/\" target=\"_blank\" rel=\"noopener noreferrer\">Asanas<\/a><\/li>\n<li>4\u00a0<a href=\"https:\/\/globalsolidarity.live\/wikiyoga\/pranayama-2\/\" target=\"_blank\" rel=\"noopener noreferrer\">Pranayama<\/a><\/li>\n<li>5\u00a0<a href=\"https:\/\/globalsolidarity.live\/wikiyoga\/pratyahara\/\" target=\"_blank\" rel=\"noopener noreferrer\">Pratyahara<\/a><\/li>\n<li>6\u00a0<a href=\"https:\/\/globalsolidarity.live\/wikiyoga\/dharana\/\" target=\"_blank\" rel=\"noopener noreferrer\">Dharana<\/a><\/li>\n<li>7\u00a0<a href=\"https:\/\/globalsolidarity.live\/wikiyoga\/dhyana\/\" target=\"_blank\" rel=\"noopener noreferrer\">Dhyana<\/a><\/li>\n<li>8\u00a0<a href=\"https:\/\/globalsolidarity.live\/wikiyoga\/samadhi\/\" target=\"_blank\" rel=\"noopener noreferrer\">Samadhi<\/a><\/li>\n<\/ul>\n<p>&nbsp;<\/p>\n<p><span style=\"color: #ff6600;\"><strong>YOGA CURATIVO<\/strong><\/span><\/p>\n<ul>\n<li><a href=\"https:\/\/globalsolidarity.live\/wikiyoga\/yoga-para-aliviar-la-ansiedad\/\" target=\"_blank\" rel=\"noopener noreferrer\">Yoga para aliviar la Ansiedad<\/a><\/li>\n<li><a href=\"https:\/\/globalsolidarity.live\/wikiyoga\/yoga-para-aliviar-la-artrosis\/\" target=\"_blank\" rel=\"noopener noreferrer\">Yoga para aliviar la Artrosis<\/a><\/li>\n<li><a href=\"https:\/\/globalsolidarity.live\/wikiyoga\/yoga-para-aliviar-la-ciatica\/\" target=\"_blank\" rel=\"noopener noreferrer\">Yoga para aliviar la Ci\u00e1tica<\/a><\/li>\n<li><a href=\"https:\/\/globalsolidarity.live\/wikiyoga\/yoga-para-aliviar-el-corazon\/\" target=\"_blank\" rel=\"noopener noreferrer\">Yoga para aliviar el Coraz\u00f3n<\/a><\/li>\n<li><a href=\"https:\/\/globalsolidarity.live\/wikiyoga\/yoga-para-aliviar-la-escoliosis\/\" target=\"_blank\" rel=\"noopener noreferrer\">Yoga para aliviar la Escoliosis<\/a><\/li>\n<li><a href=\"https:\/\/globalsolidarity.live\/wikiyoga\/yoga-para-aliviar-la-gripe\/\" target=\"_blank\" rel=\"noopener noreferrer\">Yoga para aliviar la Gripe<\/a><\/li>\n<li><a href=\"https:\/\/globalsolidarity.live\/wikiyoga\/yoga-para-aliviar-el-higado\/\" target=\"_blank\" rel=\"noopener noreferrer\">Yoga para aliviar el H\u00edgado<\/a><\/li>\n<li><a href=\"https:\/\/globalsolidarity.live\/wikiyoga\/yoga-para-aliviar-los-rinones\/\" target=\"_blank\" rel=\"noopener noreferrer\">Yoga para aliviar los Ri\u00f1ones<\/a><\/li>\n<\/ul>\n<p>&nbsp;<\/p>\n<p>&nbsp;<\/p>\n<p><strong><a href=\"https:\/\/globalsolidarity.live\/wikiyoga\/wp-content\/uploads\/2021\/06\/ramiro-calle.jpg\"><img loading=\"lazy\" decoding=\"async\" class=\"alignnone size-full wp-image-4978\" src=\"https:\/\/globalsolidarity.live\/wikiyoga\/wp-content\/uploads\/2021\/06\/ramiro-calle.jpg\" alt=\"\" width=\"60\" height=\"66\" \/><\/a>Ramiro Antonio Calle Capilla<\/strong>\u00a0es un maestro de yoga y escritor. Ha escrito m\u00e1s de un centenar\u200b de libros de diversas tem\u00e1ticas, en su mayor\u00eda filos\u00f3ficas o espirituales, aunque tambi\u00e9n recopilaciones de cuentos y gu\u00edas de viajes.<\/p>\n<ul>\n<li><a href=\"https:\/\/globalsolidarity.live\/wikiyoga\/clases-de-yoga-de-ramiro-calle-1\/\" target=\"_blank\" rel=\"noopener noreferrer\">Clases de Yoga 1<\/a><\/li>\n<li><a href=\"https:\/\/globalsolidarity.live\/wikiyoga\/clases-de-yoga-de-ramiro-calle-2-2\/\" target=\"_blank\" rel=\"noopener noreferrer\">Clases de Yoga 2<\/a><\/li>\n<\/ul>\n<p>&nbsp;<\/p>\n<p><strong><a href=\"https:\/\/globalsolidarity.live\/wikiyoga\/wp-content\/uploads\/2021\/06\/emalova-1.jpg\"><img loading=\"lazy\" decoding=\"async\" class=\"alignnone size-full wp-image-4995\" src=\"https:\/\/globalsolidarity.live\/wikiyoga\/wp-content\/uploads\/2021\/06\/emalova-1.jpg\" alt=\"\" width=\"60\" height=\"50\" \/><\/a>Elena Malova,<\/strong>\u00a0instructora de Vinyasa Yoga y entrenadora. Con sus rutinas puedes entrenar desde tu casa, hacer yoga, cardio, estiramiento, meditaciones y relajaci\u00f3n en tu propio ritmo desde tu casa.<\/p>\n<p>&nbsp;<\/p>\n<ul>\n<li><a href=\"https:\/\/globalsolidarity.live\/wikiyoga\/yoga-para-principiantes\/\" target=\"_blank\" rel=\"noopener noreferrer\">Yoga para principiantes<\/a><\/li>\n<li><a href=\"https:\/\/globalsolidarity.live\/wikiyoga\/yoga-2020\/\" target=\"_blank\" rel=\"noopener noreferrer\">Yoga 2020<\/a><\/li>\n<li><a href=\"https:\/\/globalsolidarity.live\/wikiyoga\/asanas-2\/\" target=\"_blank\" rel=\"noopener noreferrer\">Asanas<\/a><\/li>\n<li><a href=\"https:\/\/globalsolidarity.live\/wikiyoga\/gana-flexibilidad-en-7-dias\/\" target=\"_blank\" rel=\"noopener noreferrer\">Gana flexibilidad en 7 d\u00edas<\/a><\/li>\n<li><a href=\"https:\/\/globalsolidarity.live\/wikiyoga\/flow-yoga\/\" target=\"_blank\" rel=\"noopener noreferrer\">Flow Yoga<\/a><\/li>\n<li><a href=\"https:\/\/globalsolidarity.live\/wikiyoga\/7-dias-de-yoga\/\" target=\"_blank\" rel=\"noopener noreferrer\">7 D\u00edas de Yoga<\/a><\/li>\n<li><a href=\"https:\/\/globalsolidarity.live\/wikiyoga\/meditaciones\/\" target=\"_blank\" rel=\"noopener noreferrer\">Meditaciones<\/a><\/li>\n<li><a href=\"https:\/\/globalsolidarity.live\/wikiyoga\/gluteos-y-piernas-rutinas-completas\/\" target=\"_blank\" rel=\"noopener noreferrer\">Gluteos y piernas, rutinas completas<\/a><\/li>\n<li><a href=\"https:\/\/globalsolidarity.live\/wikiyoga\/programa-para-principiantes\/\" target=\"_blank\" rel=\"noopener noreferrer\">Programa para principiantes<\/a><\/li>\n<li><a href=\"https:\/\/globalsolidarity.live\/wikiyoga\/ejercicios-para-principiantes\/\" target=\"_blank\" rel=\"noopener noreferrer\">Ejercicios para principiantes<\/a><\/li>\n<\/ul>\n<p>&nbsp;<\/p>\n<p><strong><a href=\"https:\/\/globalsolidarity.live\/wikiyoga\/wp-content\/uploads\/2021\/06\/xuan-lan.png\"><img loading=\"lazy\" decoding=\"async\" class=\"alignnone size-full wp-image-5028\" src=\"https:\/\/globalsolidarity.live\/wikiyoga\/wp-content\/uploads\/2021\/06\/xuan-lan.png\" alt=\"\" width=\"56\" height=\"56\" \/><\/a>Xuan Lan<\/strong>. De origen vietnamita, nacida y criada en Par\u00eds, Xuan Lan es profesora de yoga y\u00a0<strong>ex<\/strong><strong>perta en bienestar y salud<\/strong>. Su pasi\u00f3n por el yoga empez\u00f3 con solo 18 a\u00f1os en Nueva York.<\/p>\n<p>&nbsp;<\/p>\n<ul>\n<li><a href=\"https:\/\/globalsolidarity.live\/wikiyoga\/xuan-lan-yoga-para-principiantes\/\" target=\"_blank\" rel=\"noopener noreferrer\">Yoga para principiantes<\/a><\/li>\n<li><a href=\"https:\/\/globalsolidarity.live\/wikiyoga\/xuan-lan-videos-populares\/\" target=\"_blank\" rel=\"noopener noreferrer\">Videos populares<\/a><\/li>\n<li><a href=\"https:\/\/globalsolidarity.live\/wikiyoga\/xuan-lan-clases-de-yoga\/\" target=\"_blank\" rel=\"noopener noreferrer\">Clases de Yoga<\/a><\/li>\n<li><a href=\"https:\/\/globalsolidarity.live\/wikiyoga\/xuan-lan-posiciones-de-yoga\/\" target=\"_blank\" rel=\"noopener noreferrer\">Posiciones de Yoga<\/a><\/li>\n<li><a href=\"https:\/\/globalsolidarity.live\/wikiyoga\/xuan-lan-meditacion-y-pranayama\/\" target=\"_blank\" rel=\"noopener noreferrer\">Meditaci\u00f3n y pranayama<\/a><\/li>\n<li><a href=\"https:\/\/globalsolidarity.live\/wikiyoga\/xuan-lan-una-vida-saludable\/\" target=\"_blank\" rel=\"noopener noreferrer\">Una vida saludable<\/a><\/li>\n<li><a href=\"https:\/\/globalsolidarity.live\/wikiyoga\/xuan-lan-yoga-a-la-carta\/\" target=\"_blank\" rel=\"noopener noreferrer\">Yoga a la carta<\/a><\/li>\n<li><a href=\"https:\/\/globalsolidarity.live\/wikiyoga\/xuan-lan-yoga-para-mi-bienestar\/\" target=\"_blank\" rel=\"noopener noreferrer\">Yoga para mi bienestar<\/a><\/li>\n<li><a href=\"https:\/\/globalsolidarity.live\/wikiyoga\/xuan-lan-tips-saludables\/\" target=\"_blank\" rel=\"noopener noreferrer\">Tips saludables<\/a><\/li>\n<li><a href=\"https:\/\/globalsolidarity.live\/wikiyoga\/xuan-lan-operacion-triunfo\/\" target=\"_blank\" rel=\"noopener noreferrer\">Operaci\u00f3n Triunfo<\/a><\/li>\n<li><a href=\"https:\/\/globalsolidarity.live\/wikiyoga\/xuan-lan-colaboraciones\/\" target=\"_blank\" rel=\"noopener noreferrer\">Colaboraciones<\/a><\/li>\n<li><a href=\"https:\/\/globalsolidarity.live\/wikiyoga\/xuan-lan-mi-diario-de-yoga\/\" target=\"_blank\" rel=\"noopener noreferrer\">Mi Diario de Yoga<\/a><\/li>\n<li><a href=\"https:\/\/globalsolidarity.live\/wikiyoga\/xuan-lan-clases-de-yoga-1\/\" target=\"_blank\" rel=\"noopener noreferrer\">Clases de Yoga<\/a><\/li>\n<li><a href=\"https:\/\/globalsolidarity.live\/wikiyoga\/xuan-lan-consejos-de-yoga-1\/\" target=\"_blank\" rel=\"noopener noreferrer\">Consejos de Yoga<\/a><\/li>\n<\/ul>\n<p>&nbsp;<\/p>\n<p><strong><span style=\"color: #ff6600;\">MEDITACIONES<\/span><\/strong><\/p>\n<ul>\n<li><a href=\"https:\/\/globalsolidarity.live\/wikiyoga\/meditaciones-guiadas\/\" target=\"_blank\" rel=\"noopener noreferrer\">Meditaciones guiadas<\/a><\/li>\n<li><a href=\"https:\/\/globalsolidarity.live\/wikiyoga\/meditacion-zen\/\" target=\"_blank\" rel=\"noopener noreferrer\">Meditaci\u00f3n Zen<\/a><\/li>\n<li><a href=\"https:\/\/globalsolidarity.live\/wikiyoga\/meditacion-para-dormir\/\" target=\"_blank\" rel=\"noopener noreferrer\">Meditaci\u00f3n para dormir<\/a><\/li>\n<li><a href=\"https:\/\/globalsolidarity.live\/wikiyoga\/meditacion-para-la-paz\/\" target=\"_blank\" rel=\"noopener noreferrer\">Meditaci\u00f3n para la paz<\/a><\/li>\n<li><a href=\"https:\/\/globalsolidarity.live\/wikiyoga\/meditacion-para-iluminarse\/\" target=\"_blank\" rel=\"noopener noreferrer\">Meditaci\u00f3n para iluminarse<\/a><\/li>\n<li><a href=\"https:\/\/globalsolidarity.live\/wikiyoga\/meditacion-para-liberarse-de-los-pensamientos-negativos\/\" target=\"_blank\" rel=\"noopener noreferrer\">Meditaci\u00f3n para liberarse de los pensamientos negativos<\/a><\/li>\n<li><a href=\"https:\/\/globalsolidarity.live\/wikiyoga\/meditacion-para-sanar-el-cuerpo-con-la-mente\/\" target=\"_blank\" rel=\"noopener noreferrer\">Meditaci\u00f3n para sanar el cuerpo con la mente<\/a><\/li>\n<li><a href=\"https:\/\/globalsolidarity.live\/wikiyoga\/meditacion-mindfulness\/\" target=\"_blank\" rel=\"noopener noreferrer\">Meditaci\u00f3n Mindfulness<\/a><\/li>\n<\/ul>\n<p>&nbsp;<\/p>\n<p><span style=\"color: #ff6600;\"><strong>ENTREVISTAS CON MAESTROS DEL YOGA<\/strong><\/span><\/p>\n<ul>\n<li><a href=\"https:\/\/globalsolidarity.live\/wikiyoga\/entrevistas-a-maestros-del-yoga\/\" target=\"_blank\" rel=\"noopener noreferrer\">Maestros del Yoga<\/a><\/li>\n<\/ul>\n<p>&nbsp;<\/p>\n<p><span style=\"color: #ff6600;\"><strong>BUDISMO PARAMITA<\/strong><\/span><\/p>\n<ul>\n<li><a href=\"https:\/\/globalsolidarity.live\/wikiyoga\/meditacion-matinal\/\" target=\"_blank\" rel=\"noopener noreferrer\">Meditaci\u00f3n matinal<\/a><\/li>\n<li><a href=\"https:\/\/globalsolidarity.live\/wikiyoga\/una-meditacion-para-cada-dia\/\" target=\"_blank\" rel=\"noopener noreferrer\">Una meditaci\u00f3n para cada d\u00eda<\/a><\/li>\n<li><a href=\"https:\/\/globalsolidarity.live\/wikiyoga\/entrenamiento-mental-integral\/\" target=\"_blank\" rel=\"noopener noreferrer\">Entrenamiento mental integral<\/a><\/li>\n<li><a href=\"https:\/\/globalsolidarity.live\/wikiyoga\/la-guirnalda-de-buenos-consejos\/\" target=\"_blank\" rel=\"noopener noreferrer\">La guirnalda de buenos consejos<\/a><\/li>\n<li><a href=\"https:\/\/globalsolidarity.live\/wikiyoga\/meditacion-diaria-con-lama-rinchen\/\" target=\"_blank\" rel=\"noopener noreferrer\">Meditaci\u00f3n diaria con Lama Rinchen<\/a><\/li>\n<li><a href=\"https:\/\/globalsolidarity.live\/wikiyoga\/consejos-budistas\/\" target=\"_blank\" rel=\"noopener noreferrer\">Consejos budistas<\/a><\/li>\n<li><a href=\"https:\/\/globalsolidarity.live\/wikiyoga\/peliculas-y-documentales-sobre-budismo\/\" target=\"_blank\" rel=\"noopener noreferrer\">Pel\u00edculas y documentales sobre budismo<\/a><\/li>\n<\/ul>\n<p>&nbsp;<\/p>\n<p><span style=\"color: #ff6600;\"><strong>GRANDES MAESTROS<\/strong><\/span><\/p>\n<ul>\n<li><a href=\"https:\/\/globalsolidarity.live\/wikiyoga\/jesucristo\/\" target=\"_blank\" rel=\"noopener noreferrer\">Jesucristo<\/a><\/li>\n<li><a href=\"https:\/\/globalsolidarity.live\/wikiyoga\/buda\/\" target=\"_blank\" rel=\"noopener noreferrer\">Buda<\/a><\/li>\n<li><a href=\"https:\/\/globalsolidarity.live\/wikiyoga\/sankaracharya\/\" target=\"_blank\" rel=\"noopener noreferrer\">Sankaracharya<\/a><\/li>\n<li><a href=\"https:\/\/globalsolidarity.live\/wikiyoga\/patanjali\/\" target=\"_blank\" rel=\"noopener noreferrer\">Patanjali<\/a><\/li>\n<li><a href=\"https:\/\/globalsolidarity.live\/wikiyoga\/dalai-lama\/\" target=\"_blank\" rel=\"noopener noreferrer\">Dalai Lama<\/a><\/li>\n<li><a href=\"https:\/\/globalsolidarity.live\/wikiyoga\/paramahansa-ramakrishna\/\" target=\"_blank\" rel=\"noopener noreferrer\">Paramahansa Ramakrishna<\/a><\/li>\n<li><a href=\"https:\/\/globalsolidarity.live\/wikiyoga\/paramahansa-yogananda\/\" target=\"_blank\" rel=\"noopener noreferrer\">Paramahansa Yogananda<\/a><\/li>\n<li><a href=\"https:\/\/globalsolidarity.live\/wikiyoga\/deepak-chopra\/\" target=\"_blank\" rel=\"noopener noreferrer\">Deepak Chopra<\/a><\/li>\n<li><a href=\"https:\/\/globalsolidarity.live\/wikiyoga\/alan-watts\/\" target=\"_blank\" rel=\"noopener noreferrer\">Alan Watts<\/a><\/li>\n<li><a href=\"https:\/\/globalsolidarity.live\/wikiyoga\/eckhart-tolle\/\" target=\"_blank\" rel=\"noopener noreferrer\">Eckhart Tolle<\/a><\/li>\n<li><a href=\"https:\/\/globalsolidarity.live\/wikiyoga\/richard-davidson\/\" target=\"_blank\" rel=\"noopener noreferrer\">Richard Davidson<\/a><\/li>\n<li><a href=\"https:\/\/globalsolidarity.live\/wikiyoga\/joe-dispenza\/\" target=\"_blank\" rel=\"noopener noreferrer\">Joe Dispenza<\/a><\/li>\n<\/ul>\n","protected":false},"excerpt":{"rendered":"<p>Seg\u00fan Patanjali en sus famosos Yoga Sutras\u00a0\u201cYoga es el estado en el cual las fluctuaciones mentales y emocionales<\/p>\n","protected":false},"author":1,"featured_media":0,"parent":0,"menu_order":0,"comment_status":"closed","ping_status":"closed","template":"","meta":{"footnotes":""},"class_list":["post-4540","page","type-page","status-publish","hentry"],"_links":{"self":[{"href":"https:\/\/globalsolidarity.live\/wikiyoga\/wp-json\/wp\/v2\/pages\/4540","targetHints":{"allow":["GET"]}}],"collection":[{"href":"https:\/\/globalsolidarity.live\/wikiyoga\/wp-json\/wp\/v2\/pages"}],"about":[{"href":"https:\/\/globalsolidarity.live\/wikiyoga\/wp-json\/wp\/v2\/types\/page"}],"author":[{"embeddable":true,"href":"https:\/\/globalsolidarity.live\/wikiyoga\/wp-json\/wp\/v2\/users\/1"}],"replies":[{"embeddable":true,"href":"https:\/\/globalsolidarity.live\/wikiyoga\/wp-json\/wp\/v2\/comments?post=4540"}],"version-history":[{"count":6,"href":"https:\/\/globalsolidarity.live\/wikiyoga\/wp-json\/wp\/v2\/pages\/4540\/revisions"}],"predecessor-version":[{"id":5176,"href":"https:\/\/globalsolidarity.live\/wikiyoga\/wp-json\/wp\/v2\/pages\/4540\/revisions\/5176"}],"wp:attachment":[{"href":"https:\/\/globalsolidarity.live\/wikiyoga\/wp-json\/wp\/v2\/media?parent=4540"}],"curies":[{"name":"wp","href":"https:\/\/api.w.org\/{rel}","templated":true}]}}