{"id":4544,"date":"2021-05-27T01:01:17","date_gmt":"2021-05-27T01:01:17","guid":{"rendered":"https:\/\/globalsolidarity.live\/wikiyoga\/?page_id=4544"},"modified":"2021-05-27T01:01:17","modified_gmt":"2021-05-27T01:01:17","slug":"budismo-zen-practica","status":"publish","type":"page","link":"https:\/\/globalsolidarity.live\/wikiyoga\/budismo-zen-practica\/","title":{"rendered":"Budismo Zen, pr\u00e1ctica"},"content":{"rendered":"<p><strong><span style=\"color: #ff6600;\">TRADUCCI\u00d3N<\/span><\/strong><\/p>\n<p>Haga click sobre la rueda dentada en la esquina inferior derecha del video a traducir. Seleccione: Subt\u00edtulos &#8211; Traducir autom\u00e1ticamente &#8211; espa\u00f1ol<\/p>\n<p>&nbsp;<\/p>\n<p>&nbsp;<\/p>\n<p>&nbsp;<\/p>\n<h4>Budismo Zen, pr\u00e1ctica<\/h4>\n<p>&nbsp;<\/p>\n<p><iframe loading=\"lazy\" title=\"What Is Buddhism?\" width=\"640\" height=\"360\" src=\"https:\/\/www.youtube.com\/embed\/ZTI3P9zx-oY?feature=oembed\" frameborder=\"0\" allow=\"accelerometer; autoplay; clipboard-write; encrypted-media; gyroscope; picture-in-picture; web-share\" referrerpolicy=\"strict-origin-when-cross-origin\" allowfullscreen><\/iframe><\/p>\n<p>&nbsp;<\/p>\n<p><iframe loading=\"lazy\" title=\"What is Buddhism? What do Buddhists believe?\" width=\"640\" height=\"360\" src=\"https:\/\/www.youtube.com\/embed\/IjtWtakwsjw?feature=oembed\" frameborder=\"0\" allow=\"accelerometer; autoplay; clipboard-write; encrypted-media; gyroscope; picture-in-picture; web-share\" referrerpolicy=\"strict-origin-when-cross-origin\" allowfullscreen><\/iframe><\/p>\n<p>&nbsp;<\/p>\n<p><iframe loading=\"lazy\" title=\"EASTERN PHILOSOPHY - The Buddha\" width=\"640\" height=\"360\" src=\"https:\/\/www.youtube.com\/embed\/tilBs32zN7I?feature=oembed\" frameborder=\"0\" allow=\"accelerometer; autoplay; clipboard-write; encrypted-media; gyroscope; picture-in-picture; web-share\" referrerpolicy=\"strict-origin-when-cross-origin\" allowfullscreen><\/iframe><\/p>\n<p>&nbsp;<\/p>\n<p><iframe loading=\"lazy\" title=\"What is the Buddhist Religion?\" width=\"640\" height=\"360\" src=\"https:\/\/www.youtube.com\/embed\/s8m8ur_tE1o?feature=oembed\" frameborder=\"0\" allow=\"accelerometer; autoplay; clipboard-write; encrypted-media; gyroscope; picture-in-picture; web-share\" referrerpolicy=\"strict-origin-when-cross-origin\" allowfullscreen><\/iframe><\/p>\n<p>&nbsp;<\/p>\n<p><iframe loading=\"lazy\" title=\"Buddhism as a &quot;Science of the Mind&quot;\" width=\"640\" height=\"360\" src=\"https:\/\/www.youtube.com\/embed\/nS2Y1wmg9f8?feature=oembed\" frameborder=\"0\" allow=\"accelerometer; autoplay; clipboard-write; encrypted-media; gyroscope; picture-in-picture; web-share\" referrerpolicy=\"strict-origin-when-cross-origin\" allowfullscreen><\/iframe><\/p>\n<p>&nbsp;<\/p>\n<p><iframe loading=\"lazy\" title=\"Buddha and Ashoka: Crash Course World History #6\" width=\"640\" height=\"360\" src=\"https:\/\/www.youtube.com\/embed\/8Nn5uqE3C9w?feature=oembed\" frameborder=\"0\" allow=\"accelerometer; autoplay; clipboard-write; encrypted-media; gyroscope; picture-in-picture; web-share\" referrerpolicy=\"strict-origin-when-cross-origin\" allowfullscreen><\/iframe><\/p>\n<p>&nbsp;<\/p>\n<p><iframe loading=\"lazy\" title=\"La filosof\u00eda budista, pt. 1\/6\" width=\"640\" height=\"360\" src=\"https:\/\/www.youtube.com\/embed\/SlgkSH7iVFU?feature=oembed\" frameborder=\"0\" allow=\"accelerometer; autoplay; clipboard-write; encrypted-media; gyroscope; picture-in-picture; web-share\" referrerpolicy=\"strict-origin-when-cross-origin\" allowfullscreen><\/iframe><\/p>\n<p>&nbsp;<\/p>\n<p><iframe loading=\"lazy\" title=\"La filosofi\u0301a budista, pt  2\/6\" width=\"640\" height=\"360\" src=\"https:\/\/www.youtube.com\/embed\/JqFD_IuHLmg?feature=oembed\" frameborder=\"0\" allow=\"accelerometer; autoplay; clipboard-write; encrypted-media; gyroscope; picture-in-picture; web-share\" referrerpolicy=\"strict-origin-when-cross-origin\" allowfullscreen><\/iframe><\/p>\n<p>&nbsp;<\/p>\n<p><iframe loading=\"lazy\" title=\"La filosof\u00eda budista, pt. 3\/6\" width=\"640\" height=\"360\" src=\"https:\/\/www.youtube.com\/embed\/fEr9S0NDToA?feature=oembed\" frameborder=\"0\" allow=\"accelerometer; autoplay; clipboard-write; encrypted-media; gyroscope; picture-in-picture; web-share\" referrerpolicy=\"strict-origin-when-cross-origin\" allowfullscreen><\/iframe><\/p>\n<p>&nbsp;<\/p>\n<p><iframe loading=\"lazy\" title=\"La filosofi\u0301a budista, pt  4\/6\" width=\"640\" height=\"360\" src=\"https:\/\/www.youtube.com\/embed\/dcES_JJ1DlQ?feature=oembed\" frameborder=\"0\" allow=\"accelerometer; autoplay; clipboard-write; encrypted-media; gyroscope; picture-in-picture; web-share\" referrerpolicy=\"strict-origin-when-cross-origin\" allowfullscreen><\/iframe><\/p>\n<p>&nbsp;<\/p>\n<p><iframe loading=\"lazy\" title=\"La filosofi\u0301a budista, pt  5\/6\" width=\"640\" height=\"360\" src=\"https:\/\/www.youtube.com\/embed\/2G5IlU6h21I?feature=oembed\" frameborder=\"0\" allow=\"accelerometer; autoplay; clipboard-write; encrypted-media; gyroscope; picture-in-picture; web-share\" referrerpolicy=\"strict-origin-when-cross-origin\" allowfullscreen><\/iframe><\/p>\n<p>&nbsp;<\/p>\n<p><iframe loading=\"lazy\" title=\"La filosof\u00eda budista pt. 6\/6\" width=\"640\" height=\"360\" src=\"https:\/\/www.youtube.com\/embed\/9dpck9St-bE?feature=oembed\" frameborder=\"0\" allow=\"accelerometer; autoplay; clipboard-write; encrypted-media; gyroscope; picture-in-picture; web-share\" referrerpolicy=\"strict-origin-when-cross-origin\" allowfullscreen><\/iframe><\/p>\n<p>&nbsp;<\/p>\n<p><iframe loading=\"lazy\" title=\"\u00bfQu\u00e9 es el Zen? \u00bfC\u00f3mo practicarlo? Filosof\u00eda de vida.\" width=\"640\" height=\"360\" src=\"https:\/\/www.youtube.com\/embed\/ntBr-2aqyl0?feature=oembed\" frameborder=\"0\" allow=\"accelerometer; autoplay; clipboard-write; encrypted-media; gyroscope; picture-in-picture; web-share\" referrerpolicy=\"strict-origin-when-cross-origin\" allowfullscreen><\/iframe><\/p>\n<p>&nbsp;<\/p>\n<p><iframe loading=\"lazy\" title=\"Top 10 MISCONCEPTIONS about BUDDHISM\" width=\"640\" height=\"360\" src=\"https:\/\/www.youtube.com\/embed\/GYlQ0UZ1C2I?feature=oembed\" frameborder=\"0\" allow=\"accelerometer; autoplay; clipboard-write; encrypted-media; gyroscope; picture-in-picture; web-share\" referrerpolicy=\"strict-origin-when-cross-origin\" allowfullscreen><\/iframe><\/p>\n<p>&nbsp;<\/p>\n<p><iframe loading=\"lazy\" title=\"T\u00fa eres la medicina\" width=\"640\" height=\"360\" src=\"https:\/\/www.youtube.com\/embed\/zruOO3l1puE?feature=oembed\" frameborder=\"0\" allow=\"accelerometer; autoplay; clipboard-write; encrypted-media; gyroscope; picture-in-picture; web-share\" referrerpolicy=\"strict-origin-when-cross-origin\" allowfullscreen><\/iframe><\/p>\n<p>&nbsp;<\/p>\n<p><iframe loading=\"lazy\" title=\"La meditacio\u0301n budista\" width=\"640\" height=\"360\" src=\"https:\/\/www.youtube.com\/embed\/X6JBzaaPpR4?feature=oembed\" frameborder=\"0\" allow=\"accelerometer; autoplay; clipboard-write; encrypted-media; gyroscope; picture-in-picture; web-share\" referrerpolicy=\"strict-origin-when-cross-origin\" allowfullscreen><\/iframe><\/p>\n<p>&nbsp;<\/p>\n<p>&nbsp;<\/p>\n<p><iframe loading=\"lazy\" title=\"Increi\u0301bles Beneficios De La Meditacio\u0301n\" width=\"640\" height=\"360\" src=\"https:\/\/www.youtube.com\/embed\/JDNR0qLaG6o?feature=oembed\" frameborder=\"0\" allow=\"accelerometer; autoplay; clipboard-write; encrypted-media; gyroscope; picture-in-picture; web-share\" referrerpolicy=\"strict-origin-when-cross-origin\" allowfullscreen><\/iframe><\/p>\n<p>&nbsp;<\/p>\n<p>&nbsp;<\/p>\n","protected":false},"excerpt":{"rendered":"<p>TRADUCCI\u00d3N Haga click sobre la rueda dentada en la esquina inferior derecha del video a traducir. Seleccione: Subt\u00edtulos<\/p>\n","protected":false},"author":1,"featured_media":0,"parent":0,"menu_order":0,"comment_status":"closed","ping_status":"closed","template":"","meta":{"footnotes":""},"class_list":["post-4544","page","type-page","status-publish","hentry"],"_links":{"self":[{"href":"https:\/\/globalsolidarity.live\/wikiyoga\/wp-json\/wp\/v2\/pages\/4544","targetHints":{"allow":["GET"]}}],"collection":[{"href":"https:\/\/globalsolidarity.live\/wikiyoga\/wp-json\/wp\/v2\/pages"}],"about":[{"href":"https:\/\/globalsolidarity.live\/wikiyoga\/wp-json\/wp\/v2\/types\/page"}],"author":[{"embeddable":true,"href":"https:\/\/globalsolidarity.live\/wikiyoga\/wp-json\/wp\/v2\/users\/1"}],"replies":[{"embeddable":true,"href":"https:\/\/globalsolidarity.live\/wikiyoga\/wp-json\/wp\/v2\/comments?post=4544"}],"version-history":[{"count":1,"href":"https:\/\/globalsolidarity.live\/wikiyoga\/wp-json\/wp\/v2\/pages\/4544\/revisions"}],"predecessor-version":[{"id":4545,"href":"https:\/\/globalsolidarity.live\/wikiyoga\/wp-json\/wp\/v2\/pages\/4544\/revisions\/4545"}],"wp:attachment":[{"href":"https:\/\/globalsolidarity.live\/wikiyoga\/wp-json\/wp\/v2\/media?parent=4544"}],"curies":[{"name":"wp","href":"https:\/\/api.w.org\/{rel}","templated":true}]}}