{"id":4547,"date":"2021-05-27T01:05:14","date_gmt":"2021-05-27T01:05:14","guid":{"rendered":"https:\/\/globalsolidarity.live\/wikiyoga\/?page_id=4547"},"modified":"2021-05-27T01:05:14","modified_gmt":"2021-05-27T01:05:14","slug":"historia-y-conceptos-clave-del-hinduismo-y-el-yoga","status":"publish","type":"page","link":"https:\/\/globalsolidarity.live\/wikiyoga\/historia-y-conceptos-clave-del-hinduismo-y-el-yoga\/","title":{"rendered":"Historia y conceptos clave del Hinduismo y el Yoga"},"content":{"rendered":"<p><strong><span style=\"color: #ff6600;\">TRADUCCI\u00d3N<\/span><\/strong><\/p>\n<p>Haga click sobre la rueda dentada en la esquina inferior derecha del video a traducir. Seleccione: Subt\u00edtulos &#8211; Traducir autom\u00e1ticamente &#8211; espa\u00f1ol<\/p>\n<p>&nbsp;<\/p>\n<p>&nbsp;<\/p>\n<p>&nbsp;<\/p>\n<h4><\/h4>\n<h4>Historia y conceptos clave del Hinduismo<\/h4>\n<p>&nbsp;<\/p>\n<p><iframe loading=\"lazy\" title=\"Hinduism Explained\" width=\"640\" height=\"360\" src=\"https:\/\/www.youtube.com\/embed\/xlBEEuYIWwY?feature=oembed\" frameborder=\"0\" allow=\"accelerometer; autoplay; clipboard-write; encrypted-media; gyroscope; picture-in-picture; web-share\" referrerpolicy=\"strict-origin-when-cross-origin\" allowfullscreen><\/iframe><\/p>\n<p>&nbsp;<\/p>\n<p>&nbsp;<\/p>\n<p><iframe loading=\"lazy\" title=\"Hinduism Introduction: Core ideas of Brahman, Atman, Samsara and Moksha | History | Khan Academy\" width=\"640\" height=\"360\" src=\"https:\/\/www.youtube.com\/embed\/WhTpJxlJi2I?feature=oembed\" frameborder=\"0\" allow=\"accelerometer; autoplay; clipboard-write; encrypted-media; gyroscope; picture-in-picture; web-share\" referrerpolicy=\"strict-origin-when-cross-origin\" allowfullscreen><\/iframe><\/p>\n<p>&nbsp;<\/p>\n<p>&nbsp;<\/p>\n<p><iframe loading=\"lazy\" title=\"Hindu gods overview | World History | Khan Academy\" width=\"640\" height=\"360\" src=\"https:\/\/www.youtube.com\/embed\/INv2gdpfXPQ?feature=oembed\" frameborder=\"0\" allow=\"accelerometer; autoplay; clipboard-write; encrypted-media; gyroscope; picture-in-picture; web-share\" referrerpolicy=\"strict-origin-when-cross-origin\" allowfullscreen><\/iframe><\/p>\n<p>&nbsp;<\/p>\n<p>&nbsp;<\/p>\n<p><iframe loading=\"lazy\" title=\"La filosofi\u0301a oriental: el hinduismo, pt. 1\/5\" width=\"640\" height=\"360\" src=\"https:\/\/www.youtube.com\/embed\/KoIk82CkTrU?feature=oembed\" frameborder=\"0\" allow=\"accelerometer; autoplay; clipboard-write; encrypted-media; gyroscope; picture-in-picture; web-share\" referrerpolicy=\"strict-origin-when-cross-origin\" allowfullscreen><\/iframe><\/p>\n<p>&nbsp;<\/p>\n<p>&nbsp;<\/p>\n<p><iframe loading=\"lazy\" title=\"La filosof\u00eda oriental: el hinduismo, pt. 2\/5\" width=\"640\" height=\"360\" src=\"https:\/\/www.youtube.com\/embed\/y1Hhh_6y-Uw?feature=oembed\" frameborder=\"0\" allow=\"accelerometer; autoplay; clipboard-write; encrypted-media; gyroscope; picture-in-picture; web-share\" referrerpolicy=\"strict-origin-when-cross-origin\" allowfullscreen><\/iframe><\/p>\n<p>&nbsp;<\/p>\n<p>&nbsp;<\/p>\n<p><iframe loading=\"lazy\" title=\"La filosofi\u0301a oriental - el hinduismo, pt.  3\/5\" width=\"640\" height=\"360\" src=\"https:\/\/www.youtube.com\/embed\/Sg2hWSqFCdU?feature=oembed\" frameborder=\"0\" allow=\"accelerometer; autoplay; clipboard-write; encrypted-media; gyroscope; picture-in-picture; web-share\" referrerpolicy=\"strict-origin-when-cross-origin\" allowfullscreen><\/iframe><\/p>\n<p>&nbsp;<\/p>\n<p>&nbsp;<\/p>\n<p><iframe loading=\"lazy\" title=\"La filosofia oriental - el hinduismo, pt. 4\/5\" width=\"640\" height=\"360\" src=\"https:\/\/www.youtube.com\/embed\/OZmVLpWEcKc?feature=oembed\" frameborder=\"0\" allow=\"accelerometer; autoplay; clipboard-write; encrypted-media; gyroscope; picture-in-picture; web-share\" referrerpolicy=\"strict-origin-when-cross-origin\" allowfullscreen><\/iframe><\/p>\n<p>&nbsp;<\/p>\n<p>&nbsp;<\/p>\n<p><iframe loading=\"lazy\" title=\"La filosof\u00eda oriental - el hinduismo, pt. 5\/5\" width=\"640\" height=\"360\" src=\"https:\/\/www.youtube.com\/embed\/hf6ovafU-is?feature=oembed\" frameborder=\"0\" allow=\"accelerometer; autoplay; clipboard-write; encrypted-media; gyroscope; picture-in-picture; web-share\" referrerpolicy=\"strict-origin-when-cross-origin\" allowfullscreen><\/iframe><\/p>\n<p>&nbsp;<\/p>\n<p>&nbsp;<\/p>\n<p>https:\/\/youtu.be\/gHwpEHcfZq0<\/p>\n<p>&nbsp;<\/p>\n<p>&nbsp;<\/p>\n<h4>Principios y conceptos clave del Yoga<\/h4>\n<p>https:\/\/youtu.be\/EtWRu2bliVU<\/p>\n<p>&nbsp;<\/p>\n<p>&nbsp;<\/p>\n<p><iframe loading=\"lazy\" title=\"\u00bfQu\u00e9 es meditar?\" width=\"640\" height=\"360\" src=\"https:\/\/www.youtube.com\/embed\/11JF_g2M7Ao?feature=oembed\" frameborder=\"0\" allow=\"accelerometer; autoplay; clipboard-write; encrypted-media; gyroscope; picture-in-picture; web-share\" referrerpolicy=\"strict-origin-when-cross-origin\" allowfullscreen><\/iframe><\/p>\n<p>&nbsp;<\/p>\n<p>&nbsp;<\/p>\n<p><iframe loading=\"lazy\" title=\"The Science of Yoga (Part 1 - Meditation)\" width=\"640\" height=\"360\" src=\"https:\/\/www.youtube.com\/embed\/1Je0mu4GG-o?feature=oembed\" frameborder=\"0\" allow=\"accelerometer; autoplay; clipboard-write; encrypted-media; gyroscope; picture-in-picture; web-share\" referrerpolicy=\"strict-origin-when-cross-origin\" allowfullscreen><\/iframe><\/p>\n<p>&nbsp;<\/p>\n<p>&nbsp;<\/p>\n<p><iframe loading=\"lazy\" title=\"The Science of Yoga (Part 2 - Posture)\" width=\"640\" height=\"360\" src=\"https:\/\/www.youtube.com\/embed\/hUXdY8mKGEA?feature=oembed\" frameborder=\"0\" allow=\"accelerometer; autoplay; clipboard-write; encrypted-media; gyroscope; picture-in-picture; web-share\" referrerpolicy=\"strict-origin-when-cross-origin\" allowfullscreen><\/iframe><\/p>\n<p>&nbsp;<\/p>\n<p>&nbsp;<\/p>\n<p><iframe loading=\"lazy\" title=\"The Science of Yoga (Part 3 - Addiction)\" width=\"640\" height=\"360\" src=\"https:\/\/www.youtube.com\/embed\/WwNRXLKoKqY?feature=oembed\" frameborder=\"0\" allow=\"accelerometer; autoplay; clipboard-write; encrypted-media; gyroscope; picture-in-picture; web-share\" referrerpolicy=\"strict-origin-when-cross-origin\" allowfullscreen><\/iframe><\/p>\n<p>&nbsp;<\/p>\n<p>&nbsp;<\/p>\n<p><iframe loading=\"lazy\" title=\"[PLEASE see video description below] The Science of Yoga (Part 4 - Diet)\" width=\"640\" height=\"360\" src=\"https:\/\/www.youtube.com\/embed\/Z0GE-uNLqEE?feature=oembed\" frameborder=\"0\" allow=\"accelerometer; autoplay; clipboard-write; encrypted-media; gyroscope; picture-in-picture; web-share\" referrerpolicy=\"strict-origin-when-cross-origin\" allowfullscreen><\/iframe><\/p>\n<p>&nbsp;<\/p>\n<p>&nbsp;<\/p>\n<p><iframe loading=\"lazy\" title=\"YO ME AMO. V\u00eddeos de Yoga y Meditacion online para precticar en casa\" width=\"640\" height=\"360\" src=\"https:\/\/www.youtube.com\/embed\/17dyVQaYmgo?feature=oembed\" frameborder=\"0\" allow=\"accelerometer; autoplay; clipboard-write; encrypted-media; gyroscope; picture-in-picture; web-share\" referrerpolicy=\"strict-origin-when-cross-origin\" allowfullscreen><\/iframe><\/p>\n<p>&nbsp;<\/p>\n<p>&nbsp;<\/p>\n<p><iframe loading=\"lazy\" title=\"The Science of Yoga (Part 6 - Karma)\" width=\"640\" height=\"360\" src=\"https:\/\/www.youtube.com\/embed\/gAMW5JMa5cQ?feature=oembed\" frameborder=\"0\" allow=\"accelerometer; autoplay; clipboard-write; encrypted-media; gyroscope; picture-in-picture; web-share\" referrerpolicy=\"strict-origin-when-cross-origin\" allowfullscreen><\/iframe><\/p>\n<p>&nbsp;<\/p>\n<p>&nbsp;<\/p>\n<p><iframe loading=\"lazy\" title=\"Difference Between Alertness &amp; Awareness | Sadhguru\" width=\"640\" height=\"480\" src=\"https:\/\/www.youtube.com\/embed\/va5iJSmm168?feature=oembed\" frameborder=\"0\" allow=\"accelerometer; autoplay; clipboard-write; encrypted-media; gyroscope; picture-in-picture; web-share\" referrerpolicy=\"strict-origin-when-cross-origin\" allowfullscreen><\/iframe><\/p>\n<p>&nbsp;<\/p>\n<p>&nbsp;<\/p>\n<p><iframe loading=\"lazy\" title=\"Mind: A Yogic Perspective \u2013 Sadhguru at MIT\" width=\"640\" height=\"360\" src=\"https:\/\/www.youtube.com\/embed\/9ZYaMTJD81I?feature=oembed\" frameborder=\"0\" allow=\"accelerometer; autoplay; clipboard-write; encrypted-media; gyroscope; picture-in-picture; web-share\" referrerpolicy=\"strict-origin-when-cross-origin\" allowfullscreen><\/iframe><\/p>\n<p>&nbsp;<\/p>\n<p>&nbsp;<\/p>\n<p><iframe loading=\"lazy\" title=\"What Is Meditation - Why There&#039;s So Many Benefits\" width=\"640\" height=\"360\" src=\"https:\/\/www.youtube.com\/embed\/CmhkmLFc74E?feature=oembed\" frameborder=\"0\" allow=\"accelerometer; autoplay; clipboard-write; encrypted-media; gyroscope; picture-in-picture; web-share\" referrerpolicy=\"strict-origin-when-cross-origin\" allowfullscreen><\/iframe><\/p>\n<p>&nbsp;<\/p>\n<p>&nbsp;<\/p>\n<p><iframe loading=\"lazy\" title=\"OSHO: What Is the Secret of Meditation (Preview)\" width=\"640\" height=\"360\" src=\"https:\/\/www.youtube.com\/embed\/I9aUw0CRDlQ?feature=oembed\" frameborder=\"0\" allow=\"accelerometer; autoplay; clipboard-write; encrypted-media; gyroscope; picture-in-picture; web-share\" referrerpolicy=\"strict-origin-when-cross-origin\" allowfullscreen><\/iframe><\/p>\n<p>&nbsp;<\/p>\n<p>&nbsp;<\/p>\n<p><iframe loading=\"lazy\" title=\"Co\u0301mo Meditar (Para Principiantes)\" width=\"640\" height=\"360\" src=\"https:\/\/www.youtube.com\/embed\/a9fBwDihz5c?feature=oembed\" frameborder=\"0\" allow=\"accelerometer; autoplay; clipboard-write; encrypted-media; gyroscope; picture-in-picture; web-share\" referrerpolicy=\"strict-origin-when-cross-origin\" allowfullscreen><\/iframe><\/p>\n<p>&nbsp;<\/p>\n<p>&nbsp;<\/p>\n<p>https:\/\/youtu.be\/ijpmyVi-fb0<\/p>\n<p>&nbsp;<\/p>\n<p>&nbsp;<\/p>\n<p><iframe loading=\"lazy\" title=\"Nespresso - Hot Sale 2020 - Beneficio Exclusivo - AR\" width=\"640\" height=\"360\" src=\"https:\/\/www.youtube.com\/embed\/0y82Cx2mLzk?feature=oembed\" frameborder=\"0\" allow=\"accelerometer; autoplay; clipboard-write; encrypted-media; gyroscope; picture-in-picture; web-share\" referrerpolicy=\"strict-origin-when-cross-origin\" allowfullscreen><\/iframe><\/p>\n<p>&nbsp;<\/p>\n<p>&nbsp;<\/p>\n<p><iframe loading=\"lazy\" title=\"The Scientific Power of Meditation\" width=\"640\" height=\"360\" src=\"https:\/\/www.youtube.com\/embed\/Aw71zanwMnY?feature=oembed\" frameborder=\"0\" allow=\"accelerometer; autoplay; clipboard-write; encrypted-media; gyroscope; picture-in-picture; web-share\" referrerpolicy=\"strict-origin-when-cross-origin\" allowfullscreen><\/iframe><\/p>\n<p>&nbsp;<\/p>\n<p>&nbsp;<\/p>\n<p><iframe loading=\"lazy\" title=\"How Does Meditation Change the Brain? - Instant Egghead #54\" width=\"640\" height=\"360\" src=\"https:\/\/www.youtube.com\/embed\/q0DMYs4b2Yw?feature=oembed\" frameborder=\"0\" allow=\"accelerometer; autoplay; clipboard-write; encrypted-media; gyroscope; picture-in-picture; web-share\" referrerpolicy=\"strict-origin-when-cross-origin\" allowfullscreen><\/iframe><\/p>\n<p>&nbsp;<\/p>\n<p>&nbsp;<\/p>\n<p><iframe loading=\"lazy\" title=\"THE 7 CHAKRAS explained by Hans Wilhelm\" width=\"640\" height=\"360\" src=\"https:\/\/www.youtube.com\/embed\/ccEfmVRUYKg?feature=oembed\" frameborder=\"0\" allow=\"accelerometer; autoplay; clipboard-write; encrypted-media; gyroscope; picture-in-picture; web-share\" referrerpolicy=\"strict-origin-when-cross-origin\" allowfullscreen><\/iframe><\/p>\n<p>&nbsp;<\/p>\n<p>&nbsp;<\/p>\n<p><iframe loading=\"lazy\" title=\"Somos Yoguis. V\u00eddeos de Yoga, Pilates y Meditacion online. Yoga en casa\" width=\"640\" height=\"360\" src=\"https:\/\/www.youtube.com\/embed\/_9G-QEHf4KQ?feature=oembed\" frameborder=\"0\" allow=\"accelerometer; autoplay; clipboard-write; encrypted-media; gyroscope; picture-in-picture; web-share\" referrerpolicy=\"strict-origin-when-cross-origin\" allowfullscreen><\/iframe><\/p>\n<p>&nbsp;<\/p>\n<p>&nbsp;<\/p>\n<p><iframe loading=\"lazy\" title=\"The Chakras Explained &amp; How to Balance Them\" width=\"640\" height=\"360\" src=\"https:\/\/www.youtube.com\/embed\/ls9_42j-vDY?feature=oembed\" frameborder=\"0\" allow=\"accelerometer; autoplay; clipboard-write; encrypted-media; gyroscope; picture-in-picture; web-share\" referrerpolicy=\"strict-origin-when-cross-origin\" allowfullscreen><\/iframe><\/p>\n<p>&nbsp;<\/p>\n","protected":false},"excerpt":{"rendered":"<p>TRADUCCI\u00d3N Haga click sobre la rueda dentada en la esquina inferior derecha del video a traducir. Seleccione: Subt\u00edtulos<\/p>\n","protected":false},"author":1,"featured_media":0,"parent":0,"menu_order":0,"comment_status":"closed","ping_status":"closed","template":"","meta":{"footnotes":""},"class_list":["post-4547","page","type-page","status-publish","hentry"],"_links":{"self":[{"href":"https:\/\/globalsolidarity.live\/wikiyoga\/wp-json\/wp\/v2\/pages\/4547","targetHints":{"allow":["GET"]}}],"collection":[{"href":"https:\/\/globalsolidarity.live\/wikiyoga\/wp-json\/wp\/v2\/pages"}],"about":[{"href":"https:\/\/globalsolidarity.live\/wikiyoga\/wp-json\/wp\/v2\/types\/page"}],"author":[{"embeddable":true,"href":"https:\/\/globalsolidarity.live\/wikiyoga\/wp-json\/wp\/v2\/users\/1"}],"replies":[{"embeddable":true,"href":"https:\/\/globalsolidarity.live\/wikiyoga\/wp-json\/wp\/v2\/comments?post=4547"}],"version-history":[{"count":1,"href":"https:\/\/globalsolidarity.live\/wikiyoga\/wp-json\/wp\/v2\/pages\/4547\/revisions"}],"predecessor-version":[{"id":4548,"href":"https:\/\/globalsolidarity.live\/wikiyoga\/wp-json\/wp\/v2\/pages\/4547\/revisions\/4548"}],"wp:attachment":[{"href":"https:\/\/globalsolidarity.live\/wikiyoga\/wp-json\/wp\/v2\/media?parent=4547"}],"curies":[{"name":"wp","href":"https:\/\/api.w.org\/{rel}","templated":true}]}}