{"id":4691,"date":"2021-05-28T23:32:36","date_gmt":"2021-05-28T23:32:36","guid":{"rendered":"https:\/\/globalsolidarity.live\/wikiyoga\/?page_id=4691"},"modified":"2021-05-28T23:39:38","modified_gmt":"2021-05-28T23:39:38","slug":"mantra-yoga-1","status":"publish","type":"page","link":"https:\/\/globalsolidarity.live\/wikiyoga\/mantra-yoga-1\/","title":{"rendered":"Mantra Yoga &#8211; 1"},"content":{"rendered":"<p><iframe loading=\"lazy\" title=\"Mantras para Yoga y Meditaci\u00f3n - yoga and meditation music\" width=\"640\" height=\"360\" src=\"https:\/\/www.youtube.com\/embed\/_LNclL7uYIw?feature=oembed\" frameborder=\"0\" allow=\"accelerometer; autoplay; clipboard-write; encrypted-media; gyroscope; picture-in-picture; web-share\" referrerpolicy=\"strict-origin-when-cross-origin\" allowfullscreen><\/iframe><\/p>\n<p>&nbsp;<\/p>\n<p>https:\/\/www.youtube.com\/watch?v=ZbsNjNcvBCE<\/p>\n<p>&nbsp;<\/p>\n<p><iframe loading=\"lazy\" title=\"mantras, una caricia para el alma\" width=\"640\" height=\"360\" src=\"https:\/\/www.youtube.com\/embed\/O0OP_YGqvoo?feature=oembed\" frameborder=\"0\" allow=\"accelerometer; autoplay; clipboard-write; encrypted-media; gyroscope; picture-in-picture; web-share\" referrerpolicy=\"strict-origin-when-cross-origin\" allowfullscreen><\/iframe><\/p>\n<p>&nbsp;<\/p>\n<p><iframe loading=\"lazy\" title=\"PODEROSO MANTRA PARA PROSPERIDADE E REMOVER OBST\u00c1CULOS (Lord Ganesha) Mantra De Ganesha\" width=\"640\" height=\"480\" src=\"https:\/\/www.youtube.com\/embed\/eYuk0tcuN2Y?feature=oembed\" frameborder=\"0\" allow=\"accelerometer; autoplay; clipboard-write; encrypted-media; gyroscope; picture-in-picture; web-share\" referrerpolicy=\"strict-origin-when-cross-origin\" allowfullscreen><\/iframe><\/p>\n<p>&nbsp;<\/p>\n<p>https:\/\/www.youtube.com\/watch?v=ZKlxgffHHu4<\/p>\n<p>&nbsp;<\/p>\n<p><iframe loading=\"lazy\" title=\"Deva Premal   Gayatri Mantra 2 hours\" width=\"640\" height=\"360\" src=\"https:\/\/www.youtube.com\/embed\/UlnHON3tAXo?feature=oembed\" frameborder=\"0\" allow=\"accelerometer; autoplay; clipboard-write; encrypted-media; gyroscope; picture-in-picture; web-share\" referrerpolicy=\"strict-origin-when-cross-origin\" allowfullscreen><\/iframe><\/p>\n<p>&nbsp;<\/p>\n<p><iframe loading=\"lazy\" title=\"Tina Turner - Sarvesham Svastir Bhavatu (Peace Mantra)\" width=\"640\" height=\"360\" src=\"https:\/\/www.youtube.com\/embed\/6XP-f7wPM0A?feature=oembed\" frameborder=\"0\" allow=\"accelerometer; autoplay; clipboard-write; encrypted-media; gyroscope; picture-in-picture; web-share\" referrerpolicy=\"strict-origin-when-cross-origin\" allowfullscreen><\/iframe><\/p>\n<p>&nbsp;<\/p>\n<p><iframe loading=\"lazy\" title=\"Gayatri Mantra \/\/ Yoga Meditation - 108 times, peaceful chanting by Julia Elena\" width=\"640\" height=\"360\" src=\"https:\/\/www.youtube.com\/embed\/LK5KlXFrFZc?feature=oembed\" frameborder=\"0\" allow=\"accelerometer; autoplay; clipboard-write; encrypted-media; gyroscope; picture-in-picture; web-share\" referrerpolicy=\"strict-origin-when-cross-origin\" allowfullscreen><\/iframe><\/p>\n<p>&nbsp;<\/p>\n<p>&nbsp;<\/p>\n<p><iframe loading=\"lazy\" title=\"Mantra para empezar bien el d\u00eda\" width=\"640\" height=\"360\" src=\"https:\/\/www.youtube.com\/embed\/TxIKpzPQYww?feature=oembed\" frameborder=\"0\" allow=\"accelerometer; autoplay; clipboard-write; encrypted-media; gyroscope; picture-in-picture; web-share\" referrerpolicy=\"strict-origin-when-cross-origin\" allowfullscreen><\/iframe><\/p>\n<p>&nbsp;<\/p>\n<p><iframe loading=\"lazy\" title=\"\ud83c\udfb6 Mantra OM MANI PADME HUM | MiniPadmni (Yoga Infantil)\" width=\"640\" height=\"360\" src=\"https:\/\/www.youtube.com\/embed\/-1ihy3IH-Uo?feature=oembed\" frameborder=\"0\" allow=\"accelerometer; autoplay; clipboard-write; encrypted-media; gyroscope; picture-in-picture; web-share\" referrerpolicy=\"strict-origin-when-cross-origin\" allowfullscreen><\/iframe><\/p>\n<p>&nbsp;<\/p>\n<p><iframe loading=\"lazy\" title=\"Nirinjan Kaur \u22c4 Kundalini yoga Mantra&#039;s \u22c4 Sacred Gurmukhi shabads \u22c4 Hypnotic journey into Peace\" width=\"640\" height=\"360\" src=\"https:\/\/www.youtube.com\/embed\/8vBwqR6W38k?feature=oembed\" frameborder=\"0\" allow=\"accelerometer; autoplay; clipboard-write; encrypted-media; gyroscope; picture-in-picture; web-share\" referrerpolicy=\"strict-origin-when-cross-origin\" allowfullscreen><\/iframe><\/p>\n<p>&nbsp;<\/p>\n<p><iframe loading=\"lazy\" title=\"Musica Relaxante e Mantras Yoga Espiritual da Paz Interior 1 Hora\" width=\"640\" height=\"360\" src=\"https:\/\/www.youtube.com\/embed\/0g6rT4lAT_8?feature=oembed\" frameborder=\"0\" allow=\"accelerometer; autoplay; clipboard-write; encrypted-media; gyroscope; picture-in-picture; web-share\" referrerpolicy=\"strict-origin-when-cross-origin\" allowfullscreen><\/iframe><\/p>\n<p>&nbsp;<\/p>\n<p><iframe loading=\"lazy\" title=\"YOGA MANTRA : VERY POWERFUL TO GET YOGIC POWERS !\" width=\"640\" height=\"360\" src=\"https:\/\/www.youtube.com\/embed\/VmlmWk9ZV-U?feature=oembed\" frameborder=\"0\" allow=\"accelerometer; autoplay; clipboard-write; encrypted-media; gyroscope; picture-in-picture; web-share\" referrerpolicy=\"strict-origin-when-cross-origin\" allowfullscreen><\/iframe><\/p>\n<p>&nbsp;<\/p>\n<p><iframe loading=\"lazy\" title=\"Om Namah Shivaya Mantra \/\/ Yoga &amp; Meditation - 108 times, peaceful chanting by Julia Elena\" width=\"640\" height=\"360\" src=\"https:\/\/www.youtube.com\/embed\/Og8__TauJi8?feature=oembed\" frameborder=\"0\" allow=\"accelerometer; autoplay; clipboard-write; encrypted-media; gyroscope; picture-in-picture; web-share\" referrerpolicy=\"strict-origin-when-cross-origin\" allowfullscreen><\/iframe><\/p>\n<p>&nbsp;<\/p>\n<p><iframe loading=\"lazy\" title=\"MANTRA YOGA con Maheshi Devi Dharmanath\" width=\"640\" height=\"360\" src=\"https:\/\/www.youtube.com\/embed\/B53wA3N1Crw?feature=oembed\" frameborder=\"0\" allow=\"accelerometer; autoplay; clipboard-write; encrypted-media; gyroscope; picture-in-picture; web-share\" referrerpolicy=\"strict-origin-when-cross-origin\" allowfullscreen><\/iframe><\/p>\n<p>&nbsp;<\/p>\n<p><iframe loading=\"lazy\" title=\"Mantra Music: Ong Namo by Snatam Kaur\" width=\"640\" height=\"480\" src=\"https:\/\/www.youtube.com\/embed\/c1XCS0g6J4A?feature=oembed\" frameborder=\"0\" allow=\"accelerometer; autoplay; clipboard-write; encrypted-media; gyroscope; picture-in-picture; web-share\" referrerpolicy=\"strict-origin-when-cross-origin\" allowfullscreen><\/iframe><\/p>\n<p>&nbsp;<\/p>\n<p><iframe loading=\"lazy\" title=\"Mantras for Deep Inner Peace | 8 Powerful Mantras\" width=\"640\" height=\"360\" src=\"https:\/\/www.youtube.com\/embed\/zwTGyO3MdP4?feature=oembed\" frameborder=\"0\" allow=\"accelerometer; autoplay; clipboard-write; encrypted-media; gyroscope; picture-in-picture; web-share\" referrerpolicy=\"strict-origin-when-cross-origin\" allowfullscreen><\/iframe><\/p>\n<p>&nbsp;<\/p>\n<p><iframe loading=\"lazy\" title=\"MANTRA YOGA (Suria Pombo)-MAHAMBRITIUNYAYA (Tryambakam Mantra)\" width=\"640\" height=\"360\" src=\"https:\/\/www.youtube.com\/embed\/oR-WLcVRNB0?feature=oembed\" frameborder=\"0\" allow=\"accelerometer; autoplay; clipboard-write; encrypted-media; gyroscope; picture-in-picture; web-share\" referrerpolicy=\"strict-origin-when-cross-origin\" allowfullscreen><\/iframe><\/p>\n<p>&nbsp;<\/p>\n<p><iframe loading=\"lazy\" title=\"Meditaci\u00f3n con un mantra para desarrollar la autoestima. Yoga con Xuan Lan\" width=\"640\" height=\"360\" src=\"https:\/\/www.youtube.com\/embed\/1mt7DFZVvUU?feature=oembed\" frameborder=\"0\" allow=\"accelerometer; autoplay; clipboard-write; encrypted-media; gyroscope; picture-in-picture; web-share\" referrerpolicy=\"strict-origin-when-cross-origin\" allowfullscreen><\/iframe><\/p>\n<p>&nbsp;<\/p>\n<p><iframe loading=\"lazy\" title=\"Deva Premal - Gayatri Mantra (30 Min Meditation)\" width=\"640\" height=\"360\" src=\"https:\/\/www.youtube.com\/embed\/yQjHSIHPJfw?feature=oembed\" frameborder=\"0\" allow=\"accelerometer; autoplay; clipboard-write; encrypted-media; gyroscope; picture-in-picture; web-share\" referrerpolicy=\"strict-origin-when-cross-origin\" allowfullscreen><\/iframe><\/p>\n<p>&nbsp;<\/p>\n<p><iframe loading=\"lazy\" title=\"9 POWERFUL KUNDALINI MANTRAS | Mantras for Peace &amp; Positive Energy\" width=\"640\" height=\"360\" src=\"https:\/\/www.youtube.com\/embed\/qEZAIVA970Y?feature=oembed\" frameborder=\"0\" allow=\"accelerometer; autoplay; clipboard-write; encrypted-media; gyroscope; picture-in-picture; web-share\" referrerpolicy=\"strict-origin-when-cross-origin\" allowfullscreen><\/iframe><\/p>\n<p>&nbsp;<\/p>\n<p><iframe loading=\"lazy\" title=\"Mantra OM 528 hz - M\u00fasica Tibetana de Meditaci\u00f3n y Relajaci\u00f3n - Sanaci\u00f3n Interior\" width=\"640\" height=\"360\" src=\"https:\/\/www.youtube.com\/embed\/09-u_Z6h2ao?feature=oembed\" frameborder=\"0\" allow=\"accelerometer; autoplay; clipboard-write; encrypted-media; gyroscope; picture-in-picture; web-share\" referrerpolicy=\"strict-origin-when-cross-origin\" allowfullscreen><\/iframe><\/p>\n<p>&nbsp;<\/p>\n<p><iframe loading=\"lazy\" title=\"\ud83d\udd34Mahashivaratri Sadhana (2025)Daily 12 times Mantra  || Yoga Yogeshwaraya chant | Chant by Sadhguru\" width=\"640\" height=\"360\" src=\"https:\/\/www.youtube.com\/embed\/Dqm2tDCnKH8?feature=oembed\" frameborder=\"0\" allow=\"accelerometer; autoplay; clipboard-write; encrypted-media; gyroscope; picture-in-picture; web-share\" referrerpolicy=\"strict-origin-when-cross-origin\" allowfullscreen><\/iframe><\/p>\n<p>&nbsp;<\/p>\n<p><iframe loading=\"lazy\" title=\"Ashtanga Yoga Opening Mantra\" width=\"640\" height=\"360\" src=\"https:\/\/www.youtube.com\/embed\/AFx3JbQvUk8?feature=oembed\" frameborder=\"0\" allow=\"accelerometer; autoplay; clipboard-write; encrypted-media; gyroscope; picture-in-picture; web-share\" referrerpolicy=\"strict-origin-when-cross-origin\" allowfullscreen><\/iframe><\/p>\n<p>&nbsp;<\/p>\n<p><iframe loading=\"lazy\" title=\"Relaxamento Profundo, Musica para Relaxar, Mantras Yoga Espiritual, Musica New Age Medita\u00e7\u00e3o \u2606BT2\" width=\"640\" height=\"360\" src=\"https:\/\/www.youtube.com\/embed\/zqaFBxBUhD8?feature=oembed\" frameborder=\"0\" allow=\"accelerometer; autoplay; clipboard-write; encrypted-media; gyroscope; picture-in-picture; web-share\" referrerpolicy=\"strict-origin-when-cross-origin\" allowfullscreen><\/iframe><\/p>\n<p>&nbsp;<\/p>\n<h4>P\u00e1ginas <a href=\"https:\/\/globalsolidarity.live\/wikiyoga\/mantra-yoga-1\/\" target=\"_blank\" rel=\"noopener noreferrer\">1<\/a> &#8211; <a href=\"https:\/\/globalsolidarity.live\/wikiyoga\/mantra-yoga-2\/\" target=\"_blank\" rel=\"noopener noreferrer\">2<\/a> &#8211; <a href=\"https:\/\/globalsolidarity.live\/wikiyoga\/mantra-yoga-3\/\" target=\"_blank\" rel=\"noopener noreferrer\">3<\/a><\/h4>\n","protected":false},"excerpt":{"rendered":"<p>&nbsp; https:\/\/www.youtube.com\/watch?v=ZbsNjNcvBCE &nbsp; &nbsp; &nbsp; https:\/\/www.youtube.com\/watch?v=ZKlxgffHHu4 &nbsp; &nbsp; &nbsp; &nbsp; &nbsp; &nbsp; &nbsp; &nbsp; &nbsp; &nbsp; &nbsp; &nbsp;<\/p>\n","protected":false},"author":1,"featured_media":0,"parent":0,"menu_order":0,"comment_status":"closed","ping_status":"closed","template":"","meta":{"footnotes":""},"class_list":["post-4691","page","type-page","status-publish","hentry"],"_links":{"self":[{"href":"https:\/\/globalsolidarity.live\/wikiyoga\/wp-json\/wp\/v2\/pages\/4691","targetHints":{"allow":["GET"]}}],"collection":[{"href":"https:\/\/globalsolidarity.live\/wikiyoga\/wp-json\/wp\/v2\/pages"}],"about":[{"href":"https:\/\/globalsolidarity.live\/wikiyoga\/wp-json\/wp\/v2\/types\/page"}],"author":[{"embeddable":true,"href":"https:\/\/globalsolidarity.live\/wikiyoga\/wp-json\/wp\/v2\/users\/1"}],"replies":[{"embeddable":true,"href":"https:\/\/globalsolidarity.live\/wikiyoga\/wp-json\/wp\/v2\/comments?post=4691"}],"version-history":[{"count":3,"href":"https:\/\/globalsolidarity.live\/wikiyoga\/wp-json\/wp\/v2\/pages\/4691\/revisions"}],"predecessor-version":[{"id":4698,"href":"https:\/\/globalsolidarity.live\/wikiyoga\/wp-json\/wp\/v2\/pages\/4691\/revisions\/4698"}],"wp:attachment":[{"href":"https:\/\/globalsolidarity.live\/wikiyoga\/wp-json\/wp\/v2\/media?parent=4691"}],"curies":[{"name":"wp","href":"https:\/\/api.w.org\/{rel}","templated":true}]}}