{"id":4715,"date":"2021-05-29T00:19:11","date_gmt":"2021-05-29T00:19:11","guid":{"rendered":"https:\/\/globalsolidarity.live\/wikiyoga\/?page_id=4715"},"modified":"2021-05-29T00:27:59","modified_gmt":"2021-05-29T00:27:59","slug":"raya-yoga-1","status":"publish","type":"page","link":"https:\/\/globalsolidarity.live\/wikiyoga\/raya-yoga-1\/","title":{"rendered":"Raya Yoga &#8211; 1"},"content":{"rendered":"<p><iframe loading=\"lazy\" title=\"Curso completo sobre: &quot;Raja Yoga&quot; - 1\u00aa sesi\u00f3n - Enric Sanmart\u00edn\" width=\"640\" height=\"360\" src=\"https:\/\/www.youtube.com\/embed\/waVSU3fcHmg?feature=oembed\" frameborder=\"0\" allow=\"accelerometer; autoplay; clipboard-write; encrypted-media; gyroscope; picture-in-picture; web-share\" referrerpolicy=\"strict-origin-when-cross-origin\" allowfullscreen><\/iframe><\/p>\n<p>&nbsp;<\/p>\n<p>https:\/\/www.youtube.com\/watch?v=tl4me_egDnY<\/p>\n<p>&nbsp;<\/p>\n<p><iframe loading=\"lazy\" title=\"&quot;Viaje al Silencio&quot;, meditaci\u00f3n raja yoga\" width=\"640\" height=\"480\" src=\"https:\/\/www.youtube.com\/embed\/0M6IV2sMdGg?feature=oembed\" frameborder=\"0\" allow=\"accelerometer; autoplay; clipboard-write; encrypted-media; gyroscope; picture-in-picture; web-share\" referrerpolicy=\"strict-origin-when-cross-origin\" allowfullscreen><\/iframe><\/p>\n<p>&nbsp;<\/p>\n<p><iframe loading=\"lazy\" title=\"Raya Yoga\" width=\"640\" height=\"480\" src=\"https:\/\/www.youtube.com\/embed\/Ap-J6V68HBY?feature=oembed\" frameborder=\"0\" allow=\"accelerometer; autoplay; clipboard-write; encrypted-media; gyroscope; picture-in-picture; web-share\" referrerpolicy=\"strict-origin-when-cross-origin\" allowfullscreen><\/iframe><\/p>\n<p>&nbsp;<\/p>\n<p><iframe loading=\"lazy\" title=\"Hatha Raja Yoga Nivel B\u00e1sico 1\" width=\"640\" height=\"360\" src=\"https:\/\/www.youtube.com\/embed\/CwS1yXSfyCU?feature=oembed\" frameborder=\"0\" allow=\"accelerometer; autoplay; clipboard-write; encrypted-media; gyroscope; picture-in-picture; web-share\" referrerpolicy=\"strict-origin-when-cross-origin\" allowfullscreen><\/iframe><\/p>\n<p>&nbsp;<\/p>\n<p><iframe loading=\"lazy\" title=\"Swami Vivekananda - Yoga Raja - Espa\u00f1ol Spanish\" width=\"640\" height=\"360\" src=\"https:\/\/www.youtube.com\/embed\/TOePVFUqO08?feature=oembed\" frameborder=\"0\" allow=\"accelerometer; autoplay; clipboard-write; encrypted-media; gyroscope; picture-in-picture; web-share\" referrerpolicy=\"strict-origin-when-cross-origin\" allowfullscreen><\/iframe><\/p>\n<p>&nbsp;<\/p>\n<p><iframe loading=\"lazy\" title=\"Raja Yoga: QU\u00c9 ES Y COMO PUEDE AYUDARNOS\" width=\"640\" height=\"360\" src=\"https:\/\/www.youtube.com\/embed\/32l3lCo5Uak?feature=oembed\" frameborder=\"0\" allow=\"accelerometer; autoplay; clipboard-write; encrypted-media; gyroscope; picture-in-picture; web-share\" referrerpolicy=\"strict-origin-when-cross-origin\" allowfullscreen><\/iframe><\/p>\n<p>&nbsp;<\/p>\n<p><iframe loading=\"lazy\" title=\"Primera sesi\u00f3n del Curso Esencial de Meditaci\u00f3n Raja Yoga\" width=\"640\" height=\"360\" src=\"https:\/\/www.youtube.com\/embed\/82N58cQjDAQ?feature=oembed\" frameborder=\"0\" allow=\"accelerometer; autoplay; clipboard-write; encrypted-media; gyroscope; picture-in-picture; web-share\" referrerpolicy=\"strict-origin-when-cross-origin\" allowfullscreen><\/iframe><\/p>\n<p>&nbsp;<\/p>\n<p>https:\/\/www.youtube.com\/watch?v=9c3L-vQJ3SQ<\/p>\n<p>&nbsp;<\/p>\n<p><iframe loading=\"lazy\" title=\"Meditaci\u00f3n: El Viaje hacia Arriba. Brahma Kumaris, Raja Yoga\" width=\"640\" height=\"480\" src=\"https:\/\/www.youtube.com\/embed\/eNvB-xETFD4?feature=oembed\" frameborder=\"0\" allow=\"accelerometer; autoplay; clipboard-write; encrypted-media; gyroscope; picture-in-picture; web-share\" referrerpolicy=\"strict-origin-when-cross-origin\" allowfullscreen><\/iframe><\/p>\n<p>&nbsp;<\/p>\n<p>https:\/\/www.youtube.com\/watch?v=CmLMVaGp698<\/p>\n<p>&nbsp;<\/p>\n<p><iframe loading=\"lazy\" title=\"Curso completo sobre: &quot;Raja Yoga&quot; - 1\u00aa sesi\u00f3n - Enric Sanmart\u00edn\" width=\"640\" height=\"360\" src=\"https:\/\/www.youtube.com\/embed\/wPi3eDSTht8?feature=oembed\" frameborder=\"0\" allow=\"accelerometer; autoplay; clipboard-write; encrypted-media; gyroscope; picture-in-picture; web-share\" referrerpolicy=\"strict-origin-when-cross-origin\" allowfullscreen><\/iframe><\/p>\n<p>&nbsp;<\/p>\n<p><iframe loading=\"lazy\" title=\"Ejercicios del despertar: Raja Yoga\" width=\"640\" height=\"480\" src=\"https:\/\/www.youtube.com\/embed\/WEkp93eeMXs?feature=oembed\" frameborder=\"0\" allow=\"accelerometer; autoplay; clipboard-write; encrypted-media; gyroscope; picture-in-picture; web-share\" referrerpolicy=\"strict-origin-when-cross-origin\" allowfullscreen><\/iframe><\/p>\n<p>&nbsp;<\/p>\n<p><iframe loading=\"lazy\" title=\"Cuarta Sesi\u00f3n del Curso Esencial de Meditaci\u00f3n Raja Yoga\" width=\"640\" height=\"360\" src=\"https:\/\/www.youtube.com\/embed\/8h_Z5hAHWYs?feature=oembed\" frameborder=\"0\" allow=\"accelerometer; autoplay; clipboard-write; encrypted-media; gyroscope; picture-in-picture; web-share\" referrerpolicy=\"strict-origin-when-cross-origin\" allowfullscreen><\/iframe><\/p>\n<p>&nbsp;<\/p>\n<p><iframe loading=\"lazy\" title=\"Hatha Raja Yoga Nivel Intermedio 1\" width=\"640\" height=\"360\" src=\"https:\/\/www.youtube.com\/embed\/d4uF6QPr9fI?feature=oembed\" frameborder=\"0\" allow=\"accelerometer; autoplay; clipboard-write; encrypted-media; gyroscope; picture-in-picture; web-share\" referrerpolicy=\"strict-origin-when-cross-origin\" allowfullscreen><\/iframe><\/p>\n<p>&nbsp;<\/p>\n<p><iframe loading=\"lazy\" title=\"Meditaci\u00f3n Raja Yoga : &quot; Comunicaci\u00f3n afectiva&quot; con Elisabeth Gay\u00e1n\" width=\"640\" height=\"360\" src=\"https:\/\/www.youtube.com\/embed\/rqFc5anSL9o?feature=oembed\" frameborder=\"0\" allow=\"accelerometer; autoplay; clipboard-write; encrypted-media; gyroscope; picture-in-picture; web-share\" referrerpolicy=\"strict-origin-when-cross-origin\" allowfullscreen><\/iframe><\/p>\n<p>&nbsp;<\/p>\n<p><iframe loading=\"lazy\" title=\"Meditaci\u00f3n Guiada Raja Yoga: &quot;Regresar a la Fuente&quot;- Brahma Kumaris - Mar\u00eda Moreno\" width=\"640\" height=\"360\" src=\"https:\/\/www.youtube.com\/embed\/_HhEc7-uTHM?feature=oembed\" frameborder=\"0\" allow=\"accelerometer; autoplay; clipboard-write; encrypted-media; gyroscope; picture-in-picture; web-share\" referrerpolicy=\"strict-origin-when-cross-origin\" allowfullscreen><\/iframe><\/p>\n<p>&nbsp;<\/p>\n<p><iframe loading=\"lazy\" title=\"Introducci\u00f3n al Raya Yoga: Con Minakshi\" width=\"640\" height=\"360\" src=\"https:\/\/www.youtube.com\/embed\/VjsA_bGQBSc?feature=oembed\" frameborder=\"0\" allow=\"accelerometer; autoplay; clipboard-write; encrypted-media; gyroscope; picture-in-picture; web-share\" referrerpolicy=\"strict-origin-when-cross-origin\" allowfullscreen><\/iframe><\/p>\n<p>&nbsp;<\/p>\n<p><iframe loading=\"lazy\" title=\"Raya Yoga de Swami Vivekananda\" width=\"640\" height=\"360\" src=\"https:\/\/www.youtube.com\/embed\/bknuxo2Yd54?feature=oembed\" frameborder=\"0\" allow=\"accelerometer; autoplay; clipboard-write; encrypted-media; gyroscope; picture-in-picture; web-share\" referrerpolicy=\"strict-origin-when-cross-origin\" allowfullscreen><\/iframe><\/p>\n<p>&nbsp;<\/p>\n<p><iframe loading=\"lazy\" title=\"Meditaci\u00f3n Guiada Raja Yoga: &quot;Paz en la mente&quot; - Brahma Kumaris - Enrique Sim\u00f3\" width=\"640\" height=\"360\" src=\"https:\/\/www.youtube.com\/embed\/J0rvne9TiRE?feature=oembed\" frameborder=\"0\" allow=\"accelerometer; autoplay; clipboard-write; encrypted-media; gyroscope; picture-in-picture; web-share\" referrerpolicy=\"strict-origin-when-cross-origin\" allowfullscreen><\/iframe><\/p>\n<p>&nbsp;<\/p>\n<p><iframe loading=\"lazy\" title=\"Tercera sesi\u00f3n del Curso Esencial de Meditaci\u00f3n Raja Yoga\" width=\"640\" height=\"360\" src=\"https:\/\/www.youtube.com\/embed\/cr_DEAEIVcc?feature=oembed\" frameborder=\"0\" allow=\"accelerometer; autoplay; clipboard-write; encrypted-media; gyroscope; picture-in-picture; web-share\" referrerpolicy=\"strict-origin-when-cross-origin\" allowfullscreen><\/iframe><\/p>\n<p>&nbsp;<\/p>\n<p><iframe loading=\"lazy\" title=\"Raya Yoga\" width=\"640\" height=\"480\" src=\"https:\/\/www.youtube.com\/embed\/aRl_-0fS6DY?feature=oembed\" frameborder=\"0\" allow=\"accelerometer; autoplay; clipboard-write; encrypted-media; gyroscope; picture-in-picture; web-share\" referrerpolicy=\"strict-origin-when-cross-origin\" allowfullscreen><\/iframe><\/p>\n<p>&nbsp;<\/p>\n<p>https:\/\/www.youtube.com\/watch?v=VzHNApVYbCs<\/p>\n<p>&nbsp;<\/p>\n<p><iframe loading=\"lazy\" title=\"Meditaci\u00f3n Raja Yoga : &quot; El lago de la calma&quot; con Enrique Sim\u00f3\" width=\"640\" height=\"360\" src=\"https:\/\/www.youtube.com\/embed\/9bh7jAbtzmI?feature=oembed\" frameborder=\"0\" allow=\"accelerometer; autoplay; clipboard-write; encrypted-media; gyroscope; picture-in-picture; web-share\" referrerpolicy=\"strict-origin-when-cross-origin\" allowfullscreen><\/iframe><\/p>\n<p>&nbsp;<\/p>\n<p><iframe loading=\"lazy\" title=\"Sexta sesi\u00f3n: Preguntas y Respuestas II  &quot;Curso Esencial de Meditaci\u00f3n Raja Yoga&quot; con Enrique Sim\u00f3\" width=\"640\" height=\"360\" src=\"https:\/\/www.youtube.com\/embed\/ocLJTZAAOyk?feature=oembed\" frameborder=\"0\" allow=\"accelerometer; autoplay; clipboard-write; encrypted-media; gyroscope; picture-in-picture; web-share\" referrerpolicy=\"strict-origin-when-cross-origin\" allowfullscreen><\/iframe><\/p>\n<p>&nbsp;<\/p>\n<p><iframe loading=\"lazy\" title=\"YogaVlog70: EL RAJA YOGA; SAMSKARAS, VASANAS, REPROGRAMACION\" width=\"640\" height=\"360\" src=\"https:\/\/www.youtube.com\/embed\/IaR9APSsOII?feature=oembed\" frameborder=\"0\" allow=\"accelerometer; autoplay; clipboard-write; encrypted-media; gyroscope; picture-in-picture; web-share\" referrerpolicy=\"strict-origin-when-cross-origin\" allowfullscreen><\/iframe><\/p>\n<p>&nbsp;<\/p>\n<p><iframe loading=\"lazy\" title=\"Meditaci\u00f3n Raja Yoga : &quot;Equilibrio, Armon\u00eda y Salud&quot; con Elizabeth Gay\u00e1n - Brahma Kumaris Espa\u00f1a\" width=\"640\" height=\"360\" src=\"https:\/\/www.youtube.com\/embed\/36CQzlECgJw?feature=oembed\" frameborder=\"0\" allow=\"accelerometer; autoplay; clipboard-write; encrypted-media; gyroscope; picture-in-picture; web-share\" referrerpolicy=\"strict-origin-when-cross-origin\" allowfullscreen><\/iframe><\/p>\n<p>&nbsp;<\/p>\n<h4>P\u00e1ginas\u00a0<a href=\"https:\/\/globalsolidarity.live\/wikiyoga\/raya-yoga-1\/\" target=\"_blank\" rel=\"noopener noreferrer\">1<\/a> &#8211; <a href=\"https:\/\/globalsolidarity.live\/wikiyoga\/raya-yoga-2\/\" target=\"_blank\" rel=\"noopener noreferrer\">2<\/a> &#8211;\u00a0<a href=\"https:\/\/globalsolidarity.live\/wikiyoga\/raya-yoga-3\/\" target=\"_blank\" rel=\"noopener noreferrer\">3<\/a><\/h4>\n","protected":false},"excerpt":{"rendered":"<p>&nbsp; https:\/\/www.youtube.com\/watch?v=tl4me_egDnY &nbsp; &nbsp; &nbsp; &nbsp; &nbsp; &nbsp; &nbsp; https:\/\/www.youtube.com\/watch?v=9c3L-vQJ3SQ &nbsp; &nbsp; https:\/\/www.youtube.com\/watch?v=CmLMVaGp698 &nbsp; &nbsp; &nbsp; &nbsp; &nbsp;<\/p>\n","protected":false},"author":1,"featured_media":0,"parent":0,"menu_order":0,"comment_status":"closed","ping_status":"closed","template":"","meta":{"footnotes":""},"class_list":["post-4715","page","type-page","status-publish","hentry"],"_links":{"self":[{"href":"https:\/\/globalsolidarity.live\/wikiyoga\/wp-json\/wp\/v2\/pages\/4715","targetHints":{"allow":["GET"]}}],"collection":[{"href":"https:\/\/globalsolidarity.live\/wikiyoga\/wp-json\/wp\/v2\/pages"}],"about":[{"href":"https:\/\/globalsolidarity.live\/wikiyoga\/wp-json\/wp\/v2\/types\/page"}],"author":[{"embeddable":true,"href":"https:\/\/globalsolidarity.live\/wikiyoga\/wp-json\/wp\/v2\/users\/1"}],"replies":[{"embeddable":true,"href":"https:\/\/globalsolidarity.live\/wikiyoga\/wp-json\/wp\/v2\/comments?post=4715"}],"version-history":[{"count":3,"href":"https:\/\/globalsolidarity.live\/wikiyoga\/wp-json\/wp\/v2\/pages\/4715\/revisions"}],"predecessor-version":[{"id":4722,"href":"https:\/\/globalsolidarity.live\/wikiyoga\/wp-json\/wp\/v2\/pages\/4715\/revisions\/4722"}],"wp:attachment":[{"href":"https:\/\/globalsolidarity.live\/wikiyoga\/wp-json\/wp\/v2\/media?parent=4715"}],"curies":[{"name":"wp","href":"https:\/\/api.w.org\/{rel}","templated":true}]}}