{"id":4719,"date":"2021-05-29T00:25:53","date_gmt":"2021-05-29T00:25:53","guid":{"rendered":"https:\/\/globalsolidarity.live\/wikiyoga\/?page_id=4719"},"modified":"2021-05-29T00:29:49","modified_gmt":"2021-05-29T00:29:49","slug":"raya-yoga-3","status":"publish","type":"page","link":"https:\/\/globalsolidarity.live\/wikiyoga\/raya-yoga-3\/","title":{"rendered":"Raya Yoga &#8211; 3"},"content":{"rendered":"<p><iframe loading=\"lazy\" title=\"QUE ES RAJA YOGA\" width=\"640\" height=\"360\" src=\"https:\/\/www.youtube.com\/embed\/lSz6e9_N1Eg?feature=oembed\" frameborder=\"0\" allow=\"accelerometer; autoplay; clipboard-write; encrypted-media; gyroscope; picture-in-picture; web-share\" referrerpolicy=\"strict-origin-when-cross-origin\" allowfullscreen><\/iframe><\/p>\n<p>&nbsp;<\/p>\n<p><iframe loading=\"lazy\" title=\"Meditaci\u00f3n Raja Yoga: \u201cGenerar paz y sentimientos puros\u201d con Elizabeth Gay\u00e1n - Brahma Kumaris\" width=\"640\" height=\"360\" src=\"https:\/\/www.youtube.com\/embed\/lT76fQVuaWM?feature=oembed\" frameborder=\"0\" allow=\"accelerometer; autoplay; clipboard-write; encrypted-media; gyroscope; picture-in-picture; web-share\" referrerpolicy=\"strict-origin-when-cross-origin\" allowfullscreen><\/iframe><\/p>\n<p>&nbsp;<\/p>\n<p><iframe loading=\"lazy\" title=\"Meditaci\u00f3n Raja Yoga: &quot;Creando una Visi\u00f3n Inspiradora para el Futuro&quot; con Enrique Sim\u00f3\" width=\"640\" height=\"360\" src=\"https:\/\/www.youtube.com\/embed\/paHvFgkM7hY?feature=oembed\" frameborder=\"0\" allow=\"accelerometer; autoplay; clipboard-write; encrypted-media; gyroscope; picture-in-picture; web-share\" referrerpolicy=\"strict-origin-when-cross-origin\" allowfullscreen><\/iframe><\/p>\n<p>&nbsp;<\/p>\n<p>https:\/\/www.youtube.com\/watch?v=rkq2Qd80wm4<\/p>\n<p>&nbsp;<\/p>\n<p><iframe loading=\"lazy\" title=\"Meditaci\u00f3n Raja Yoga: &quot;El poder sanador del perd\u00f3n&quot; por Esperanza Santos\" width=\"640\" height=\"360\" src=\"https:\/\/www.youtube.com\/embed\/tljD_MKQzdI?feature=oembed\" frameborder=\"0\" allow=\"accelerometer; autoplay; clipboard-write; encrypted-media; gyroscope; picture-in-picture; web-share\" referrerpolicy=\"strict-origin-when-cross-origin\" allowfullscreen><\/iframe><\/p>\n<p>&nbsp;<\/p>\n<p><iframe loading=\"lazy\" title=\"Meditaci\u00f3n Raja Yoga: &quot;Peregrinaci\u00f3n espiritual&quot; con Guillermo Sim\u00f3 - Brahma Kumaris\" width=\"640\" height=\"360\" src=\"https:\/\/www.youtube.com\/embed\/_-fsuqB21g4?feature=oembed\" frameborder=\"0\" allow=\"accelerometer; autoplay; clipboard-write; encrypted-media; gyroscope; picture-in-picture; web-share\" referrerpolicy=\"strict-origin-when-cross-origin\" allowfullscreen><\/iframe><\/p>\n<p>&nbsp;<\/p>\n<p><iframe loading=\"lazy\" title=\"Meditaci\u00f3n Raja Yoga :  \u201cConvertirnos en una torre de estabilidad\u201d con Enrique Sim\u00f3- Brahma Kumaris\" width=\"640\" height=\"360\" src=\"https:\/\/www.youtube.com\/embed\/VPuq8L-hU2U?feature=oembed\" frameborder=\"0\" allow=\"accelerometer; autoplay; clipboard-write; encrypted-media; gyroscope; picture-in-picture; web-share\" referrerpolicy=\"strict-origin-when-cross-origin\" allowfullscreen><\/iframe><\/p>\n<p>&nbsp;<\/p>\n<p><iframe loading=\"lazy\" title=\"Meditaci\u00f3n Raja Yoga: &quot;Liberar la identidad espiritual&quot; con Ram\u00f3n Ribalta\" width=\"640\" height=\"360\" src=\"https:\/\/www.youtube.com\/embed\/qtQ7SS1P2Hw?feature=oembed\" frameborder=\"0\" allow=\"accelerometer; autoplay; clipboard-write; encrypted-media; gyroscope; picture-in-picture; web-share\" referrerpolicy=\"strict-origin-when-cross-origin\" allowfullscreen><\/iframe><\/p>\n<p>&nbsp;<\/p>\n<p><iframe loading=\"lazy\" title=\"Raya Yoga les 4 \u201cAsteya\u201d (Niet stelen)\" width=\"640\" height=\"360\" src=\"https:\/\/www.youtube.com\/embed\/5VMUWKDkND0?feature=oembed\" frameborder=\"0\" allow=\"accelerometer; autoplay; clipboard-write; encrypted-media; gyroscope; picture-in-picture; web-share\" referrerpolicy=\"strict-origin-when-cross-origin\" allowfullscreen><\/iframe><\/p>\n<p>&nbsp;<\/p>\n<p>https:\/\/www.youtube.com\/watch?v=bLYWws4m11Y<\/p>\n<p>&nbsp;<\/p>\n<p><iframe loading=\"lazy\" title=\"Meditaci\u00f3n Raja Yoga con Marta Matar\u00edn: Valent\u00eda para brillar como la luz que eres\" width=\"640\" height=\"360\" src=\"https:\/\/www.youtube.com\/embed\/RD-w02onDzM?feature=oembed\" frameborder=\"0\" allow=\"accelerometer; autoplay; clipboard-write; encrypted-media; gyroscope; picture-in-picture; web-share\" referrerpolicy=\"strict-origin-when-cross-origin\" allowfullscreen><\/iframe><\/p>\n<p>&nbsp;<\/p>\n<p><iframe loading=\"lazy\" title=\"Meditaci\u00f3n Raja Yoga: &quot;Liberarse del dolor&quot; con Esperanza Santos - Brahma Kumaris Espa\u00f1a\" width=\"640\" height=\"360\" src=\"https:\/\/www.youtube.com\/embed\/_YR-4KJ_Rt0?feature=oembed\" frameborder=\"0\" allow=\"accelerometer; autoplay; clipboard-write; encrypted-media; gyroscope; picture-in-picture; web-share\" referrerpolicy=\"strict-origin-when-cross-origin\" allowfullscreen><\/iframe><\/p>\n<p>&nbsp;<\/p>\n<p><iframe loading=\"lazy\" title=\"Meditaci\u00f3n Raja Yoga &quot;Irradiando amor y compasi\u00f3n&quot; con Elizabeth Gay\u00e1n - Brahma Kumaris\" width=\"640\" height=\"360\" src=\"https:\/\/www.youtube.com\/embed\/R5c1T3Oy2io?feature=oembed\" frameborder=\"0\" allow=\"accelerometer; autoplay; clipboard-write; encrypted-media; gyroscope; picture-in-picture; web-share\" referrerpolicy=\"strict-origin-when-cross-origin\" allowfullscreen><\/iframe><\/p>\n<p>&nbsp;<\/p>\n<p><iframe loading=\"lazy\" title=\"Meditaci\u00f3n Guiada Raja Yoga: &quot;Encuentra tu equilibrio, encuentra tu salud&quot;- Brahma Kumaris - E.Gay\u00e1n\" width=\"640\" height=\"360\" src=\"https:\/\/www.youtube.com\/embed\/RA2IluTcWGo?feature=oembed\" frameborder=\"0\" allow=\"accelerometer; autoplay; clipboard-write; encrypted-media; gyroscope; picture-in-picture; web-share\" referrerpolicy=\"strict-origin-when-cross-origin\" allowfullscreen><\/iframe><\/p>\n<p>&nbsp;<\/p>\n<p><iframe loading=\"lazy\" title=\"Meditaci\u00f3n Raja Yoga: &quot;El poder de la concentraci\u00f3n&quot; por Guillermo Sim\u00f3\" width=\"640\" height=\"360\" src=\"https:\/\/www.youtube.com\/embed\/doMnKoBsBdY?feature=oembed\" frameborder=\"0\" allow=\"accelerometer; autoplay; clipboard-write; encrypted-media; gyroscope; picture-in-picture; web-share\" referrerpolicy=\"strict-origin-when-cross-origin\" allowfullscreen><\/iframe><\/p>\n<p>&nbsp;<\/p>\n<p><iframe loading=\"lazy\" title=\"Meditaci\u00f3n Raja Yoga: &quot;Una mente libre de preocupaciones&quot; por Blanca Bacete\" width=\"640\" height=\"360\" src=\"https:\/\/www.youtube.com\/embed\/3a_6dlPrth0?feature=oembed\" frameborder=\"0\" allow=\"accelerometer; autoplay; clipboard-write; encrypted-media; gyroscope; picture-in-picture; web-share\" referrerpolicy=\"strict-origin-when-cross-origin\" allowfullscreen><\/iframe><\/p>\n<p>&nbsp;<\/p>\n<p><iframe loading=\"lazy\" title=\"Meditaci\u00f3n Guiada Raja Yoga: &quot;El logro de la felicidad verdadera&quot;- Brahma Kumaris- Irene de la Torre\" width=\"640\" height=\"360\" src=\"https:\/\/www.youtube.com\/embed\/u9HCJ4tWECo?feature=oembed\" frameborder=\"0\" allow=\"accelerometer; autoplay; clipboard-write; encrypted-media; gyroscope; picture-in-picture; web-share\" referrerpolicy=\"strict-origin-when-cross-origin\" allowfullscreen><\/iframe><\/p>\n<p>&nbsp;<\/p>\n<p><iframe loading=\"lazy\" title=\"Meditaci\u00f3n Raja Yoga: &quot; Esencia y expansi\u00f3n&quot; con Guillermo Sim\u00f3 - Brahma Kumaris Espa\u00f1a\" width=\"640\" height=\"360\" src=\"https:\/\/www.youtube.com\/embed\/5MLOgRZLma0?feature=oembed\" frameborder=\"0\" allow=\"accelerometer; autoplay; clipboard-write; encrypted-media; gyroscope; picture-in-picture; web-share\" referrerpolicy=\"strict-origin-when-cross-origin\" allowfullscreen><\/iframe><\/p>\n<p>&nbsp;<\/p>\n<p><iframe loading=\"lazy\" title=\"Meditaci\u00f3n Raja Yoga: &quot;Despierta t\u00fa conciencia interior&quot; con Enrique Sim\u00f3 - Brahma Kumaris\" width=\"640\" height=\"360\" src=\"https:\/\/www.youtube.com\/embed\/bQVihMNU_YU?feature=oembed\" frameborder=\"0\" allow=\"accelerometer; autoplay; clipboard-write; encrypted-media; gyroscope; picture-in-picture; web-share\" referrerpolicy=\"strict-origin-when-cross-origin\" allowfullscreen><\/iframe><\/p>\n<p>&nbsp;<\/p>\n<p><iframe loading=\"lazy\" title=\"Meditaci\u00f3n Raja Yoga: &quot;Liberarse de las trampas de la mente&quot; con Guillermo Sim\u00f3 - Brahma Kumaris\" width=\"640\" height=\"360\" src=\"https:\/\/www.youtube.com\/embed\/5hRolLuJTPE?feature=oembed\" frameborder=\"0\" allow=\"accelerometer; autoplay; clipboard-write; encrypted-media; gyroscope; picture-in-picture; web-share\" referrerpolicy=\"strict-origin-when-cross-origin\" allowfullscreen><\/iframe><\/p>\n<p>&nbsp;<\/p>\n<p>https:\/\/www.youtube.com\/watch?v=qQ3nw-0IpGU<\/p>\n<p>&nbsp;<\/p>\n<p><iframe loading=\"lazy\" title=\"Meditaci\u00f3n Guiada Raja Yoga: &quot;El poder de discernir y de tomar decisiones&quot;- Brahma Kumaris-M.Moreno\" width=\"640\" height=\"360\" src=\"https:\/\/www.youtube.com\/embed\/f-OYnjGmOVE?feature=oembed\" frameborder=\"0\" allow=\"accelerometer; autoplay; clipboard-write; encrypted-media; gyroscope; picture-in-picture; web-share\" referrerpolicy=\"strict-origin-when-cross-origin\" allowfullscreen><\/iframe><\/p>\n<p>&nbsp;<\/p>\n<p><iframe loading=\"lazy\" title=\"Meditaci\u00f3n Raja Yoga: &quot;Desarrollar inteligencia espiritual&quot; por Paqui Mart\u00edn\" width=\"640\" height=\"360\" src=\"https:\/\/www.youtube.com\/embed\/59vXdzGsV6M?feature=oembed\" frameborder=\"0\" allow=\"accelerometer; autoplay; clipboard-write; encrypted-media; gyroscope; picture-in-picture; web-share\" referrerpolicy=\"strict-origin-when-cross-origin\" allowfullscreen><\/iframe><\/p>\n<p>&nbsp;<\/p>\n<p><iframe loading=\"lazy\" title=\"Charla y Meditaci\u00f3n Raja Yoga. Esperanza Santos\" width=\"640\" height=\"360\" src=\"https:\/\/www.youtube.com\/embed\/k_qGTPu4rEY?feature=oembed\" frameborder=\"0\" allow=\"accelerometer; autoplay; clipboard-write; encrypted-media; gyroscope; picture-in-picture; web-share\" referrerpolicy=\"strict-origin-when-cross-origin\" allowfullscreen><\/iframe><\/p>\n<p>&nbsp;<\/p>\n<p>https:\/\/www.youtube.com\/watch?v=vIwmXwXbLNg<\/p>\n<p>&nbsp;<\/p>\n<p><iframe loading=\"lazy\" title=\"Meditaci\u00f3n Guiada Raja Yoga: &quot;Aprender y madurar con la experiencia&quot;- Brahma Kumaris-Elizabeth Gay\u00e1n\" width=\"640\" height=\"360\" src=\"https:\/\/www.youtube.com\/embed\/8uIksVymTfM?feature=oembed\" frameborder=\"0\" allow=\"accelerometer; autoplay; clipboard-write; encrypted-media; gyroscope; picture-in-picture; web-share\" referrerpolicy=\"strict-origin-when-cross-origin\" allowfullscreen><\/iframe><\/p>\n<p>&nbsp;<\/p>\n<p><iframe loading=\"lazy\" title=\"RAJA YOGA Y ALIMENTACI\u00d3N NO VIOLENTA\" width=\"640\" height=\"360\" src=\"https:\/\/www.youtube.com\/embed\/nNduP1m0qOg?feature=oembed\" frameborder=\"0\" allow=\"accelerometer; autoplay; clipboard-write; encrypted-media; gyroscope; picture-in-picture; web-share\" referrerpolicy=\"strict-origin-when-cross-origin\" allowfullscreen><\/iframe><\/p>\n<p>&nbsp;<\/p>\n<h4>P\u00e1ginas\u00a0<a href=\"https:\/\/globalsolidarity.live\/wikiyoga\/raya-yoga-1\/\" target=\"_blank\" rel=\"noopener noreferrer\">1<\/a> &#8211; <a href=\"https:\/\/globalsolidarity.live\/wikiyoga\/raya-yoga-2\/\" target=\"_blank\" rel=\"noopener noreferrer\">2<\/a> &#8211;\u00a0<a href=\"https:\/\/globalsolidarity.live\/wikiyoga\/raya-yoga-3\/\" target=\"_blank\" rel=\"noopener noreferrer\">3<\/a><\/h4>\n","protected":false},"excerpt":{"rendered":"<p>&nbsp; &nbsp; &nbsp; https:\/\/www.youtube.com\/watch?v=rkq2Qd80wm4 &nbsp; &nbsp; &nbsp; &nbsp; &nbsp; &nbsp; https:\/\/www.youtube.com\/watch?v=bLYWws4m11Y &nbsp; &nbsp; &nbsp; &nbsp; &nbsp; &nbsp; &nbsp;<\/p>\n","protected":false},"author":1,"featured_media":0,"parent":0,"menu_order":0,"comment_status":"closed","ping_status":"closed","template":"","meta":{"footnotes":""},"class_list":["post-4719","page","type-page","status-publish","hentry"],"_links":{"self":[{"href":"https:\/\/globalsolidarity.live\/wikiyoga\/wp-json\/wp\/v2\/pages\/4719","targetHints":{"allow":["GET"]}}],"collection":[{"href":"https:\/\/globalsolidarity.live\/wikiyoga\/wp-json\/wp\/v2\/pages"}],"about":[{"href":"https:\/\/globalsolidarity.live\/wikiyoga\/wp-json\/wp\/v2\/types\/page"}],"author":[{"embeddable":true,"href":"https:\/\/globalsolidarity.live\/wikiyoga\/wp-json\/wp\/v2\/users\/1"}],"replies":[{"embeddable":true,"href":"https:\/\/globalsolidarity.live\/wikiyoga\/wp-json\/wp\/v2\/comments?post=4719"}],"version-history":[{"count":2,"href":"https:\/\/globalsolidarity.live\/wikiyoga\/wp-json\/wp\/v2\/pages\/4719\/revisions"}],"predecessor-version":[{"id":4724,"href":"https:\/\/globalsolidarity.live\/wikiyoga\/wp-json\/wp\/v2\/pages\/4719\/revisions\/4724"}],"wp:attachment":[{"href":"https:\/\/globalsolidarity.live\/wikiyoga\/wp-json\/wp\/v2\/media?parent=4719"}],"curies":[{"name":"wp","href":"https:\/\/api.w.org\/{rel}","templated":true}]}}