{"id":4739,"date":"2021-05-29T00:47:00","date_gmt":"2021-05-29T00:47:00","guid":{"rendered":"https:\/\/globalsolidarity.live\/wikiyoga\/?page_id=4739"},"modified":"2021-05-29T00:57:46","modified_gmt":"2021-05-29T00:57:46","slug":"yoga-acuatico-1","status":"publish","type":"page","link":"https:\/\/globalsolidarity.live\/wikiyoga\/yoga-acuatico-1\/","title":{"rendered":"Yoga Acu\u00e1tico &#8211; 1"},"content":{"rendered":"<p><iframe loading=\"lazy\" title=\"EL YOGA ACU\u00c1TICO, UNA DE LAS GRANDES ATRACCIONES EN SAN ISIDRO\" width=\"640\" height=\"360\" src=\"https:\/\/www.youtube.com\/embed\/L7G4FbGralA?feature=oembed\" frameborder=\"0\" allow=\"accelerometer; autoplay; clipboard-write; encrypted-media; gyroscope; picture-in-picture; web-share\" referrerpolicy=\"strict-origin-when-cross-origin\" allowfullscreen><\/iframe><\/p>\n<p>&nbsp;<\/p>\n<p><iframe loading=\"lazy\" title=\"YOGA CHALLENGE EN EL AGUA  | LOS POLINESIOS RETO\" width=\"640\" height=\"360\" src=\"https:\/\/www.youtube.com\/embed\/CiPxQjfrwfA?feature=oembed\" frameborder=\"0\" allow=\"accelerometer; autoplay; clipboard-write; encrypted-media; gyroscope; picture-in-picture; web-share\" referrerpolicy=\"strict-origin-when-cross-origin\" allowfullscreen><\/iframe><\/p>\n<p>&nbsp;<\/p>\n<p><iframe loading=\"lazy\" title=\"HIDRO YOGA CERTIFICACIONES EN 193 PAISES O.M.P.I Ginebra, Suiza. Recreativa, prevenci\u00f3n y rehabilit\" width=\"640\" height=\"360\" src=\"https:\/\/www.youtube.com\/embed\/2d3lbGQPXn8?feature=oembed\" frameborder=\"0\" allow=\"accelerometer; autoplay; clipboard-write; encrypted-media; gyroscope; picture-in-picture; web-share\" referrerpolicy=\"strict-origin-when-cross-origin\" allowfullscreen><\/iframe><\/p>\n<p>&nbsp;<\/p>\n<p><iframe loading=\"lazy\" title=\"Yoga Acuatico\" width=\"640\" height=\"480\" src=\"https:\/\/www.youtube.com\/embed\/XSOXGIvWDz4?feature=oembed\" frameborder=\"0\" allow=\"accelerometer; autoplay; clipboard-write; encrypted-media; gyroscope; picture-in-picture; web-share\" referrerpolicy=\"strict-origin-when-cross-origin\" allowfullscreen><\/iframe><\/p>\n<p>&nbsp;<\/p>\n<p><iframe loading=\"lazy\" title=\"Yoga bajo el agua\" width=\"640\" height=\"360\" src=\"https:\/\/www.youtube.com\/embed\/LsA3UjT7H1Q?feature=oembed\" frameborder=\"0\" allow=\"accelerometer; autoplay; clipboard-write; encrypted-media; gyroscope; picture-in-picture; web-share\" referrerpolicy=\"strict-origin-when-cross-origin\" allowfullscreen><\/iframe><\/p>\n<p>&nbsp;<\/p>\n<p><iframe loading=\"lazy\" title=\"YOGA para ni\u00f1os - Las posturas de los animales del mar - Tutorial para practicar yoga\" width=\"640\" height=\"360\" src=\"https:\/\/www.youtube.com\/embed\/LOYxOzMUgAY?feature=oembed\" frameborder=\"0\" allow=\"accelerometer; autoplay; clipboard-write; encrypted-media; gyroscope; picture-in-picture; web-share\" referrerpolicy=\"strict-origin-when-cross-origin\" allowfullscreen><\/iframe><\/p>\n<p>&nbsp;<\/p>\n<p>https:\/\/www.youtube.com\/watch?v=IKNRGiHk-JI<\/p>\n<p>&nbsp;<\/p>\n<p><iframe loading=\"lazy\" title=\"Yoga en la piscina | Elle Espa\u00f1a\" width=\"640\" height=\"360\" src=\"https:\/\/www.youtube.com\/embed\/XfEJVpYprx4?feature=oembed\" frameborder=\"0\" allow=\"accelerometer; autoplay; clipboard-write; encrypted-media; gyroscope; picture-in-picture; web-share\" referrerpolicy=\"strict-origin-when-cross-origin\" allowfullscreen><\/iframe><\/p>\n<p>&nbsp;<\/p>\n<p><iframe loading=\"lazy\" title=\"EN SAN ISIDRO CADA VEZ M\u00c1S PERSONAS ELIGEN HACER YOGA ACU\u00c1TICO PARA BAJAR EL ESTR\u00c9S\" width=\"640\" height=\"360\" src=\"https:\/\/www.youtube.com\/embed\/GkS4PWDh2NY?feature=oembed\" frameborder=\"0\" allow=\"accelerometer; autoplay; clipboard-write; encrypted-media; gyroscope; picture-in-picture; web-share\" referrerpolicy=\"strict-origin-when-cross-origin\" allowfullscreen><\/iframe><\/p>\n<p>&nbsp;<\/p>\n<p><iframe loading=\"lazy\" title=\"AQUA YOGA\" width=\"640\" height=\"360\" src=\"https:\/\/www.youtube.com\/embed\/sHOQE3JxXXw?feature=oembed\" frameborder=\"0\" allow=\"accelerometer; autoplay; clipboard-write; encrypted-media; gyroscope; picture-in-picture; web-share\" referrerpolicy=\"strict-origin-when-cross-origin\" allowfullscreen><\/iframe><\/p>\n<p>&nbsp;<\/p>\n<p>https:\/\/www.youtube.com\/watch?v=NpCISK_ZvGc<\/p>\n<p>&nbsp;<\/p>\n<p><iframe loading=\"lazy\" title=\"YOGA EN EL AGUA CERTIFICACIONES EN 193 PA\u00cdSES -  Metodolog\u00eda protegida por O.M.P.I Ginebra, Suiza.\" width=\"640\" height=\"480\" src=\"https:\/\/www.youtube.com\/embed\/UnBeFViGx1c?feature=oembed\" frameborder=\"0\" allow=\"accelerometer; autoplay; clipboard-write; encrypted-media; gyroscope; picture-in-picture; web-share\" referrerpolicy=\"strict-origin-when-cross-origin\" allowfullscreen><\/iframe><\/p>\n<p>&nbsp;<\/p>\n<p><iframe loading=\"lazy\" title=\"ASANA\" width=\"640\" height=\"360\" src=\"https:\/\/www.youtube.com\/embed\/PfWOP5b-NUo?feature=oembed\" frameborder=\"0\" allow=\"accelerometer; autoplay; clipboard-write; encrypted-media; gyroscope; picture-in-picture; web-share\" referrerpolicy=\"strict-origin-when-cross-origin\" allowfullscreen><\/iframe><\/p>\n<p>&nbsp;<\/p>\n<p><iframe loading=\"lazy\" title=\"Marcela Menez instructora de Yoga Acu\u00e1tico\" width=\"640\" height=\"360\" src=\"https:\/\/www.youtube.com\/embed\/hgLtiOCui7M?feature=oembed\" frameborder=\"0\" allow=\"accelerometer; autoplay; clipboard-write; encrypted-media; gyroscope; picture-in-picture; web-share\" referrerpolicy=\"strict-origin-when-cross-origin\" allowfullscreen><\/iframe><\/p>\n<p>&nbsp;<\/p>\n<p><iframe loading=\"lazy\" title=\"Yoga en el agua - Water Yoga - Hidrofit - Prof. Fernando Villaverde\" width=\"640\" height=\"480\" src=\"https:\/\/www.youtube.com\/embed\/fmmZgnC2cok?feature=oembed\" frameborder=\"0\" allow=\"accelerometer; autoplay; clipboard-write; encrypted-media; gyroscope; picture-in-picture; web-share\" referrerpolicy=\"strict-origin-when-cross-origin\" allowfullscreen><\/iframe><\/p>\n<p>&nbsp;<\/p>\n<p><iframe loading=\"lazy\" title=\"Clases de Yoga Acu\u00e1tico en Santa Clara\" width=\"640\" height=\"360\" src=\"https:\/\/www.youtube.com\/embed\/gs3FQ5f9Aag?feature=oembed\" frameborder=\"0\" allow=\"accelerometer; autoplay; clipboard-write; encrypted-media; gyroscope; picture-in-picture; web-share\" referrerpolicy=\"strict-origin-when-cross-origin\" allowfullscreen><\/iframe><\/p>\n<p>&nbsp;<\/p>\n<p><iframe loading=\"lazy\" title=\"Yoga en el agua...apnea\" width=\"640\" height=\"480\" src=\"https:\/\/www.youtube.com\/embed\/p0shh24xkHw?feature=oembed\" frameborder=\"0\" allow=\"accelerometer; autoplay; clipboard-write; encrypted-media; gyroscope; picture-in-picture; web-share\" referrerpolicy=\"strict-origin-when-cross-origin\" allowfullscreen><\/iframe><\/p>\n<p>&nbsp;<\/p>\n<p><iframe loading=\"lazy\" title=\"Posturas del Yoga en el agua - Ejercicios con tobilleras de flotaci\u00f3n.\" width=\"640\" height=\"480\" src=\"https:\/\/www.youtube.com\/embed\/ooWF1QRBEBk?feature=oembed\" frameborder=\"0\" allow=\"accelerometer; autoplay; clipboard-write; encrypted-media; gyroscope; picture-in-picture; web-share\" referrerpolicy=\"strict-origin-when-cross-origin\" allowfullscreen><\/iframe><\/p>\n<p>&nbsp;<\/p>\n<p><iframe loading=\"lazy\" title=\"Yoga en el Agua\" width=\"640\" height=\"360\" src=\"https:\/\/www.youtube.com\/embed\/nIKDNbw2cYc?feature=oembed\" frameborder=\"0\" allow=\"accelerometer; autoplay; clipboard-write; encrypted-media; gyroscope; picture-in-picture; web-share\" referrerpolicy=\"strict-origin-when-cross-origin\" allowfullscreen><\/iframe><\/p>\n<p>&nbsp;<\/p>\n<p><iframe loading=\"lazy\" title=\"Yoga en el agua con ni\u00f1os - Hidrofit - Prof. Fernando Villaverde\" width=\"640\" height=\"480\" src=\"https:\/\/www.youtube.com\/embed\/YG3cnDJE08A?feature=oembed\" frameborder=\"0\" allow=\"accelerometer; autoplay; clipboard-write; encrypted-media; gyroscope; picture-in-picture; web-share\" referrerpolicy=\"strict-origin-when-cross-origin\" allowfullscreen><\/iframe><\/p>\n<p>&nbsp;<\/p>\n<p><iframe loading=\"lazy\" title=\"Yoga en el agua con cintur\u00f3n de flotaci\u00f3n - Hidrofit - Prof. Fernando Villaverde\" width=\"640\" height=\"480\" src=\"https:\/\/www.youtube.com\/embed\/z7rqETtQRBg?feature=oembed\" frameborder=\"0\" allow=\"accelerometer; autoplay; clipboard-write; encrypted-media; gyroscope; picture-in-picture; web-share\" referrerpolicy=\"strict-origin-when-cross-origin\" allowfullscreen><\/iframe><\/p>\n<p>&nbsp;<\/p>\n<p><iframe loading=\"lazy\" title=\"WaterYoga Rehabilitaci\u00f3n YANTRA Acu\u00e1tico Instructorado WATERYOGA Chris La Valle\" width=\"640\" height=\"360\" src=\"https:\/\/www.youtube.com\/embed\/S_7FS-Dd5a0?feature=oembed\" frameborder=\"0\" allow=\"accelerometer; autoplay; clipboard-write; encrypted-media; gyroscope; picture-in-picture; web-share\" referrerpolicy=\"strict-origin-when-cross-origin\" allowfullscreen><\/iframe><\/p>\n<p>&nbsp;<\/p>\n<p><iframe loading=\"lazy\" title=\"Yoga en el agua para ni\u00f1os - Hidrofit - Prof. Fernando Villaverde\" width=\"640\" height=\"480\" src=\"https:\/\/www.youtube.com\/embed\/G3t6XYQVh1k?feature=oembed\" frameborder=\"0\" allow=\"accelerometer; autoplay; clipboard-write; encrypted-media; gyroscope; picture-in-picture; web-share\" referrerpolicy=\"strict-origin-when-cross-origin\" allowfullscreen><\/iframe><\/p>\n<p>&nbsp;<\/p>\n<p><iframe loading=\"lazy\" title=\"RELAJACI\u00d3N EN EL AGUA\" width=\"640\" height=\"480\" src=\"https:\/\/www.youtube.com\/embed\/csDnx43xgR0?feature=oembed\" frameborder=\"0\" allow=\"accelerometer; autoplay; clipboard-write; encrypted-media; gyroscope; picture-in-picture; web-share\" referrerpolicy=\"strict-origin-when-cross-origin\" allowfullscreen><\/iframe><\/p>\n<p>&nbsp;<\/p>\n<p><iframe loading=\"lazy\" title=\"Taller de Yoga en el Agua\" width=\"640\" height=\"360\" src=\"https:\/\/www.youtube.com\/embed\/AGlHnkPgWJw?feature=oembed\" frameborder=\"0\" allow=\"accelerometer; autoplay; clipboard-write; encrypted-media; gyroscope; picture-in-picture; web-share\" referrerpolicy=\"strict-origin-when-cross-origin\" allowfullscreen><\/iframe><\/p>\n<p>&nbsp;<\/p>\n<p><iframe loading=\"lazy\" title=\"Trabajo corporal acu\u00e1tico en el embarazo. Flexibilidad y Yoga. Prof. Lucrecia Sabadotto.\" width=\"640\" height=\"480\" src=\"https:\/\/www.youtube.com\/embed\/Ab4jyS-ZoP0?feature=oembed\" frameborder=\"0\" allow=\"accelerometer; autoplay; clipboard-write; encrypted-media; gyroscope; picture-in-picture; web-share\" referrerpolicy=\"strict-origin-when-cross-origin\" allowfullscreen><\/iframe><\/p>\n<p>&nbsp;<\/p>\n<p><iframe loading=\"lazy\" title=\"Trabajo corporal acu\u00e1tico en el embarazo. Flexibilidad y Yoga. Prof. Lucrecia Sabadotto.\" width=\"640\" height=\"480\" src=\"https:\/\/www.youtube.com\/embed\/ZxahXb7q6eY?feature=oembed\" frameborder=\"0\" allow=\"accelerometer; autoplay; clipboard-write; encrypted-media; gyroscope; picture-in-picture; web-share\" referrerpolicy=\"strict-origin-when-cross-origin\" allowfullscreen><\/iframe><\/p>\n<p>&nbsp;<\/p>\n<p><iframe loading=\"lazy\" title=\"Yoga en el agua | Ejercicio de verano \u00bfC\u00f3mo y d\u00f3nde hacer Yoga Paddle Board?\" width=\"640\" height=\"360\" src=\"https:\/\/www.youtube.com\/embed\/lIuQuyWV-a4?feature=oembed\" frameborder=\"0\" allow=\"accelerometer; autoplay; clipboard-write; encrypted-media; gyroscope; picture-in-picture; web-share\" referrerpolicy=\"strict-origin-when-cross-origin\" allowfullscreen><\/iframe><\/p>\n<p>&nbsp;<\/p>\n<h4>P\u00e1ginas\u00a0<a href=\"https:\/\/globalsolidarity.live\/wikiyoga\/yoga-acuatico-1\/\" target=\"_blank\" rel=\"noopener noreferrer\">1<\/a> &#8211;<a href=\"https:\/\/globalsolidarity.live\/wikiyoga\/yoga-acuatico-2\/\" target=\"_blank\" rel=\"noopener noreferrer\">2<\/a> &#8211; <a href=\"https:\/\/globalsolidarity.live\/wikiyoga\/yoga-acuatico-3\/\" target=\"_blank\" rel=\"noopener noreferrer\">3<\/a>&lt;<\/h4>\n","protected":false},"excerpt":{"rendered":"<p>&nbsp; &nbsp; &nbsp; &nbsp; &nbsp; &nbsp; https:\/\/www.youtube.com\/watch?v=IKNRGiHk-JI &nbsp; &nbsp; &nbsp; &nbsp; https:\/\/www.youtube.com\/watch?v=NpCISK_ZvGc &nbsp; &nbsp; &nbsp; &nbsp; &nbsp; &nbsp;<\/p>\n","protected":false},"author":1,"featured_media":0,"parent":0,"menu_order":0,"comment_status":"closed","ping_status":"closed","template":"","meta":{"footnotes":""},"class_list":["post-4739","page","type-page","status-publish","hentry"],"_links":{"self":[{"href":"https:\/\/globalsolidarity.live\/wikiyoga\/wp-json\/wp\/v2\/pages\/4739","targetHints":{"allow":["GET"]}}],"collection":[{"href":"https:\/\/globalsolidarity.live\/wikiyoga\/wp-json\/wp\/v2\/pages"}],"about":[{"href":"https:\/\/globalsolidarity.live\/wikiyoga\/wp-json\/wp\/v2\/types\/page"}],"author":[{"embeddable":true,"href":"https:\/\/globalsolidarity.live\/wikiyoga\/wp-json\/wp\/v2\/users\/1"}],"replies":[{"embeddable":true,"href":"https:\/\/globalsolidarity.live\/wikiyoga\/wp-json\/wp\/v2\/comments?post=4739"}],"version-history":[{"count":3,"href":"https:\/\/globalsolidarity.live\/wikiyoga\/wp-json\/wp\/v2\/pages\/4739\/revisions"}],"predecessor-version":[{"id":4746,"href":"https:\/\/globalsolidarity.live\/wikiyoga\/wp-json\/wp\/v2\/pages\/4739\/revisions\/4746"}],"wp:attachment":[{"href":"https:\/\/globalsolidarity.live\/wikiyoga\/wp-json\/wp\/v2\/media?parent=4739"}],"curies":[{"name":"wp","href":"https:\/\/api.w.org\/{rel}","templated":true}]}}