{"id":4765,"date":"2021-05-29T01:15:07","date_gmt":"2021-05-29T01:15:07","guid":{"rendered":"https:\/\/globalsolidarity.live\/wikiyoga\/?page_id=4765"},"modified":"2021-05-29T01:19:39","modified_gmt":"2021-05-29T01:19:39","slug":"yoga-en-casa-2","status":"publish","type":"page","link":"https:\/\/globalsolidarity.live\/wikiyoga\/yoga-en-casa-2\/","title":{"rendered":"Yoga en casa &#8211; 2"},"content":{"rendered":"<p><iframe loading=\"lazy\" title=\"Yoga en casa en directo | Ashtanga yoga intermedio (29\/04\/20)\" width=\"640\" height=\"360\" src=\"https:\/\/www.youtube.com\/embed\/WVCBmuJBTfc?feature=oembed\" frameborder=\"0\" allow=\"accelerometer; autoplay; clipboard-write; encrypted-media; gyroscope; picture-in-picture; web-share\" referrerpolicy=\"strict-origin-when-cross-origin\" allowfullscreen><\/iframe><\/p>\n<p>&nbsp;<\/p>\n<p><iframe loading=\"lazy\" title=\"Practica Yoga en Casa \u250a Clase de Vinyasa Flow \u2698\" width=\"640\" height=\"360\" src=\"https:\/\/www.youtube.com\/embed\/8wayd4Mm7aE?feature=oembed\" frameborder=\"0\" allow=\"accelerometer; autoplay; clipboard-write; encrypted-media; gyroscope; picture-in-picture; web-share\" referrerpolicy=\"strict-origin-when-cross-origin\" allowfullscreen><\/iframe><\/p>\n<p>&nbsp;<\/p>\n<p><iframe loading=\"lazy\" title=\"Yoga en casa para todo cuerpo y todos niveles 26 min | MalovaElena\" width=\"640\" height=\"360\" src=\"https:\/\/www.youtube.com\/embed\/EWThvDOAtU0?feature=oembed\" frameborder=\"0\" allow=\"accelerometer; autoplay; clipboard-write; encrypted-media; gyroscope; picture-in-picture; web-share\" referrerpolicy=\"strict-origin-when-cross-origin\" allowfullscreen><\/iframe><\/p>\n<p>&nbsp;<\/p>\n<p><iframe loading=\"lazy\" title=\"Yoga en casa en directo | Vinyasa yoga para todos (07\/05\/20)\" width=\"640\" height=\"360\" src=\"https:\/\/www.youtube.com\/embed\/5c_MyFGFxUQ?feature=oembed\" frameborder=\"0\" allow=\"accelerometer; autoplay; clipboard-write; encrypted-media; gyroscope; picture-in-picture; web-share\" referrerpolicy=\"strict-origin-when-cross-origin\" allowfullscreen><\/iframe><\/p>\n<p>&nbsp;<\/p>\n<p><iframe loading=\"lazy\" title=\"Yoga en casa en directo | Vinyasa Flow (09\/04\/20)\" width=\"640\" height=\"360\" src=\"https:\/\/www.youtube.com\/embed\/pztrfN4ND7s?feature=oembed\" frameborder=\"0\" allow=\"accelerometer; autoplay; clipboard-write; encrypted-media; gyroscope; picture-in-picture; web-share\" referrerpolicy=\"strict-origin-when-cross-origin\" allowfullscreen><\/iframe><\/p>\n<p>&nbsp;<\/p>\n<p><iframe loading=\"lazy\" title=\"Yoga en casa en directo | Clase de Vinyasa Intermedio (22\/04\/20)\" width=\"640\" height=\"360\" src=\"https:\/\/www.youtube.com\/embed\/uPAAripXCBo?feature=oembed\" frameborder=\"0\" allow=\"accelerometer; autoplay; clipboard-write; encrypted-media; gyroscope; picture-in-picture; web-share\" referrerpolicy=\"strict-origin-when-cross-origin\" allowfullscreen><\/iframe><\/p>\n<p>&nbsp;<\/p>\n<p><iframe loading=\"lazy\" title=\"Yoga en casa en directo | Vinyasa Nivel Intermedio (01\/04\/20)\" width=\"640\" height=\"360\" src=\"https:\/\/www.youtube.com\/embed\/1cGFatQ2nCs?feature=oembed\" frameborder=\"0\" allow=\"accelerometer; autoplay; clipboard-write; encrypted-media; gyroscope; picture-in-picture; web-share\" referrerpolicy=\"strict-origin-when-cross-origin\" allowfullscreen><\/iframe><\/p>\n<p>&nbsp;<\/p>\n<p><iframe loading=\"lazy\" title=\"Yoga en casa en directo | Vinyasa intermedio para practicar Vasisthasana (13\/05\/20)\" width=\"640\" height=\"360\" src=\"https:\/\/www.youtube.com\/embed\/v9NkKpOdLDc?feature=oembed\" frameborder=\"0\" allow=\"accelerometer; autoplay; clipboard-write; encrypted-media; gyroscope; picture-in-picture; web-share\" referrerpolicy=\"strict-origin-when-cross-origin\" allowfullscreen><\/iframe><\/p>\n<p>&nbsp;<\/p>\n<p><iframe loading=\"lazy\" title=\"Clase de  *MEDITACI\u00d3N &amp; YOGA  en CASA para comenzar el d\u00eda * (yoga en espa\u00f1ol  para principiantes )\" width=\"640\" height=\"360\" src=\"https:\/\/www.youtube.com\/embed\/JSzd3q16WtY?feature=oembed\" frameborder=\"0\" allow=\"accelerometer; autoplay; clipboard-write; encrypted-media; gyroscope; picture-in-picture; web-share\" referrerpolicy=\"strict-origin-when-cross-origin\" allowfullscreen><\/iframe><\/p>\n<p>&nbsp;<\/p>\n<p><iframe loading=\"lazy\" title=\"Yoga en 10 min en casa f\u00e1cil y fluido | MalovaElena\" width=\"640\" height=\"360\" src=\"https:\/\/www.youtube.com\/embed\/NLz7jW3ewUM?feature=oembed\" frameborder=\"0\" allow=\"accelerometer; autoplay; clipboard-write; encrypted-media; gyroscope; picture-in-picture; web-share\" referrerpolicy=\"strict-origin-when-cross-origin\" allowfullscreen><\/iframe><\/p>\n<p>&nbsp;<\/p>\n<p><iframe loading=\"lazy\" title=\"Yoga en casa en directo |  Yoga a la carta (05\/04\/20)\" width=\"640\" height=\"360\" src=\"https:\/\/www.youtube.com\/embed\/_QylIZfFC5o?feature=oembed\" frameborder=\"0\" allow=\"accelerometer; autoplay; clipboard-write; encrypted-media; gyroscope; picture-in-picture; web-share\" referrerpolicy=\"strict-origin-when-cross-origin\" allowfullscreen><\/iframe><\/p>\n<p>&nbsp;<\/p>\n<p><iframe loading=\"lazy\" title=\"Yoga en casa en directo | Yoga para la Espalda (23\/03\/20)\" width=\"640\" height=\"360\" src=\"https:\/\/www.youtube.com\/embed\/LldvhhZBciM?feature=oembed\" frameborder=\"0\" allow=\"accelerometer; autoplay; clipboard-write; encrypted-media; gyroscope; picture-in-picture; web-share\" referrerpolicy=\"strict-origin-when-cross-origin\" allowfullscreen><\/iframe><\/p>\n<p>&nbsp;<\/p>\n<p><iframe loading=\"lazy\" title=\"Yoga en casa en directo | Clase de Vinyasa Yoga (19\/03\/20)\" width=\"640\" height=\"360\" src=\"https:\/\/www.youtube.com\/embed\/lUHg-oRBMvw?feature=oembed\" frameborder=\"0\" allow=\"accelerometer; autoplay; clipboard-write; encrypted-media; gyroscope; picture-in-picture; web-share\" referrerpolicy=\"strict-origin-when-cross-origin\" allowfullscreen><\/iframe><\/p>\n<p>&nbsp;<\/p>\n<p><iframe loading=\"lazy\" title=\"Yoga en casa en directo | Vinyasa Yoga Intermedio (15\/04\/20)\" width=\"640\" height=\"360\" src=\"https:\/\/www.youtube.com\/embed\/FU1sNnBQGZM?feature=oembed\" frameborder=\"0\" allow=\"accelerometer; autoplay; clipboard-write; encrypted-media; gyroscope; picture-in-picture; web-share\" referrerpolicy=\"strict-origin-when-cross-origin\" allowfullscreen><\/iframe><\/p>\n<p>&nbsp;<\/p>\n<p><iframe loading=\"lazy\" title=\"Yoga en casa en directo | Clase de Yoga (16\/03\/20)\" width=\"640\" height=\"360\" src=\"https:\/\/www.youtube.com\/embed\/JIVuq0QR3os?feature=oembed\" frameborder=\"0\" allow=\"accelerometer; autoplay; clipboard-write; encrypted-media; gyroscope; picture-in-picture; web-share\" referrerpolicy=\"strict-origin-when-cross-origin\" allowfullscreen><\/iframe><\/p>\n<p>&nbsp;<\/p>\n<p><iframe loading=\"lazy\" title=\"YOGA EN CASA PARA PRINCIPIANTES \ud83d\udc96 - katheyogui\" width=\"640\" height=\"360\" src=\"https:\/\/www.youtube.com\/embed\/BGKq0npn9Zc?feature=oembed\" frameborder=\"0\" allow=\"accelerometer; autoplay; clipboard-write; encrypted-media; gyroscope; picture-in-picture; web-share\" referrerpolicy=\"strict-origin-when-cross-origin\" allowfullscreen><\/iframe><\/p>\n<p>&nbsp;<\/p>\n<p><iframe loading=\"lazy\" title=\"Yoga ESPALDA FLEXIBLE - Vinyasa Yoga en casa 48 min | MalovaElena\" width=\"640\" height=\"360\" src=\"https:\/\/www.youtube.com\/embed\/08hvHLrfWfk?feature=oembed\" frameborder=\"0\" allow=\"accelerometer; autoplay; clipboard-write; encrypted-media; gyroscope; picture-in-picture; web-share\" referrerpolicy=\"strict-origin-when-cross-origin\" allowfullscreen><\/iframe><\/p>\n<p>&nbsp;<\/p>\n<p><iframe loading=\"lazy\" title=\"YOGA EN CASA PARA TODO CUERPO | NIVEL INTERMEDIO INTENSO | ELENA MALOVA\" width=\"640\" height=\"360\" src=\"https:\/\/www.youtube.com\/embed\/zyFoxUx22g8?feature=oembed\" frameborder=\"0\" allow=\"accelerometer; autoplay; clipboard-write; encrypted-media; gyroscope; picture-in-picture; web-share\" referrerpolicy=\"strict-origin-when-cross-origin\" allowfullscreen><\/iframe><\/p>\n<p>&nbsp;<\/p>\n<p><iframe loading=\"lazy\" title=\"Yoga F\u00c1CIL PARA S\u00daPER PRINCIPIANTES\ud83d\udc9b30 min de Yoga casa\" width=\"640\" height=\"360\" src=\"https:\/\/www.youtube.com\/embed\/GxmB4vaCQiM?feature=oembed\" frameborder=\"0\" allow=\"accelerometer; autoplay; clipboard-write; encrypted-media; gyroscope; picture-in-picture; web-share\" referrerpolicy=\"strict-origin-when-cross-origin\" allowfullscreen><\/iframe><\/p>\n<p>&nbsp;<\/p>\n<p>https:\/\/www.youtube.com\/watch?v=0M5_PUQYdTc<\/p>\n<p>&nbsp;<\/p>\n<p><iframe loading=\"lazy\" title=\"Yoga en casa en directo | Meditaci\u00f3n &amp; Morning Yoga (21\/03\/20)\" width=\"640\" height=\"360\" src=\"https:\/\/www.youtube.com\/embed\/ifObMLAoNOc?feature=oembed\" frameborder=\"0\" allow=\"accelerometer; autoplay; clipboard-write; encrypted-media; gyroscope; picture-in-picture; web-share\" referrerpolicy=\"strict-origin-when-cross-origin\" allowfullscreen><\/iframe><\/p>\n<p>&nbsp;<\/p>\n<p><iframe loading=\"lazy\" title=\"Yoga en casa en directo | La esencia del Yoga (25\/03\/20)\" width=\"640\" height=\"360\" src=\"https:\/\/www.youtube.com\/embed\/46ezVTtz0CQ?feature=oembed\" frameborder=\"0\" allow=\"accelerometer; autoplay; clipboard-write; encrypted-media; gyroscope; picture-in-picture; web-share\" referrerpolicy=\"strict-origin-when-cross-origin\" allowfullscreen><\/iframe><\/p>\n<p>&nbsp;<\/p>\n<p><iframe loading=\"lazy\" title=\"Yoga en casa en directo | Clase de Vinyasa Intermedio (26\/03\/20)\" width=\"640\" height=\"360\" src=\"https:\/\/www.youtube.com\/embed\/EXw-wFAg_Z8?feature=oembed\" frameborder=\"0\" allow=\"accelerometer; autoplay; clipboard-write; encrypted-media; gyroscope; picture-in-picture; web-share\" referrerpolicy=\"strict-origin-when-cross-origin\" allowfullscreen><\/iframe><\/p>\n<p>&nbsp;<\/p>\n<p><iframe loading=\"lazy\" title=\"Yoga en casa en directo | Meditaci\u00f3n y Pranayama (28\/03\/20)\" width=\"640\" height=\"360\" src=\"https:\/\/www.youtube.com\/embed\/fgxPVKjQtmU?feature=oembed\" frameborder=\"0\" allow=\"accelerometer; autoplay; clipboard-write; encrypted-media; gyroscope; picture-in-picture; web-share\" referrerpolicy=\"strict-origin-when-cross-origin\" allowfullscreen><\/iframe><\/p>\n<p>&nbsp;<\/p>\n<p><iframe loading=\"lazy\" title=\"Yoga en casa en directo | Vinyasa Yoga Din\u00e1mico (22\/03\/20)\" width=\"640\" height=\"360\" src=\"https:\/\/www.youtube.com\/embed\/92tRfaK-NK4?feature=oembed\" frameborder=\"0\" allow=\"accelerometer; autoplay; clipboard-write; encrypted-media; gyroscope; picture-in-picture; web-share\" referrerpolicy=\"strict-origin-when-cross-origin\" allowfullscreen><\/iframe><\/p>\n<p>&nbsp;<\/p>\n<p><iframe loading=\"lazy\" title=\"Yoga en Casa para Principiantes\" width=\"640\" height=\"480\" src=\"https:\/\/www.youtube.com\/embed\/YcRZk_V-BTg?feature=oembed\" frameborder=\"0\" allow=\"accelerometer; autoplay; clipboard-write; encrypted-media; gyroscope; picture-in-picture; web-share\" referrerpolicy=\"strict-origin-when-cross-origin\" allowfullscreen><\/iframe><\/p>\n<p>&nbsp;<\/p>\n<p><iframe loading=\"lazy\" title=\"DIA 1 - Estiramientos Suaves - 21 D\u00edas de Yoga en Casa\" width=\"640\" height=\"360\" src=\"https:\/\/www.youtube.com\/embed\/exOngtF4PUQ?list=PLWDo37ONfPHbxiu3lR9adw-22j_Y5i2fC\" frameborder=\"0\" allow=\"accelerometer; autoplay; clipboard-write; encrypted-media; gyroscope; picture-in-picture; web-share\" referrerpolicy=\"strict-origin-when-cross-origin\" allowfullscreen><\/iframe><\/p>\n<p>&nbsp;<\/p>\n<h4>P\u00e1ginas\u00a0<a href=\"https:\/\/globalsolidarity.live\/wikiyoga\/yoga-en-casa-1\/\" target=\"_blank\" rel=\"noopener noreferrer\">1<\/a> &#8211; <a href=\"https:\/\/globalsolidarity.live\/wikiyoga\/yoga-en-casa-2\/\" target=\"_blank\" rel=\"noopener noreferrer\">2<\/a> &#8211; <a href=\"https:\/\/globalsolidarity.live\/wikiyoga\/yoga-en-casa-3\/\" target=\"_blank\" rel=\"noopener noreferrer\">3<\/a><\/h4>\n<p>&nbsp;<\/p>\n<p>&nbsp;<\/p>\n","protected":false},"excerpt":{"rendered":"<p>&nbsp; &nbsp; &nbsp; &nbsp; &nbsp; &nbsp; &nbsp; &nbsp; &nbsp; &nbsp; &nbsp; &nbsp; &nbsp; &nbsp; &nbsp; &nbsp; &nbsp; &nbsp;<\/p>\n","protected":false},"author":1,"featured_media":0,"parent":0,"menu_order":0,"comment_status":"closed","ping_status":"closed","template":"","meta":{"footnotes":""},"class_list":["post-4765","page","type-page","status-publish","hentry"],"_links":{"self":[{"href":"https:\/\/globalsolidarity.live\/wikiyoga\/wp-json\/wp\/v2\/pages\/4765","targetHints":{"allow":["GET"]}}],"collection":[{"href":"https:\/\/globalsolidarity.live\/wikiyoga\/wp-json\/wp\/v2\/pages"}],"about":[{"href":"https:\/\/globalsolidarity.live\/wikiyoga\/wp-json\/wp\/v2\/types\/page"}],"author":[{"embeddable":true,"href":"https:\/\/globalsolidarity.live\/wikiyoga\/wp-json\/wp\/v2\/users\/1"}],"replies":[{"embeddable":true,"href":"https:\/\/globalsolidarity.live\/wikiyoga\/wp-json\/wp\/v2\/comments?post=4765"}],"version-history":[{"count":2,"href":"https:\/\/globalsolidarity.live\/wikiyoga\/wp-json\/wp\/v2\/pages\/4765\/revisions"}],"predecessor-version":[{"id":4771,"href":"https:\/\/globalsolidarity.live\/wikiyoga\/wp-json\/wp\/v2\/pages\/4765\/revisions\/4771"}],"wp:attachment":[{"href":"https:\/\/globalsolidarity.live\/wikiyoga\/wp-json\/wp\/v2\/media?parent=4765"}],"curies":[{"name":"wp","href":"https:\/\/api.w.org\/{rel}","templated":true}]}}