{"id":4767,"date":"2021-05-29T01:16:46","date_gmt":"2021-05-29T01:16:46","guid":{"rendered":"https:\/\/globalsolidarity.live\/wikiyoga\/?page_id=4767"},"modified":"2021-05-29T01:19:58","modified_gmt":"2021-05-29T01:19:58","slug":"yoga-en-casa-3","status":"publish","type":"page","link":"https:\/\/globalsolidarity.live\/wikiyoga\/yoga-en-casa-3\/","title":{"rendered":"Yoga en casa &#8211; 3"},"content":{"rendered":"<p>https:\/\/www.youtube.com\/watch?v=VtJxVZW7gcc<\/p>\n<p>&nbsp;<\/p>\n<p>https:\/\/www.youtube.com\/watch?v=IucII8IP134<\/p>\n<p>&nbsp;<\/p>\n<p><iframe loading=\"lazy\" title=\"Yoga en casa en directo | Aprender la Vinyasa (18\/03\/20)\" width=\"640\" height=\"360\" src=\"https:\/\/www.youtube.com\/embed\/BOSP1btKIzM?feature=oembed\" frameborder=\"0\" allow=\"accelerometer; autoplay; clipboard-write; encrypted-media; gyroscope; picture-in-picture; web-share\" referrerpolicy=\"strict-origin-when-cross-origin\" allowfullscreen><\/iframe><\/p>\n<p>&nbsp;<\/p>\n<p><iframe loading=\"lazy\" title=\"YOGA EN CASA | FLOW YOGA 12 MINUTOS | YOGA FLUIDO CON ELENA MALOVA | INTENSO\" width=\"640\" height=\"360\" src=\"https:\/\/www.youtube.com\/embed\/0DaE44tFWXU?feature=oembed\" frameborder=\"0\" allow=\"accelerometer; autoplay; clipboard-write; encrypted-media; gyroscope; picture-in-picture; web-share\" referrerpolicy=\"strict-origin-when-cross-origin\" allowfullscreen><\/iframe><\/p>\n<p>&nbsp;<\/p>\n<p><iframe loading=\"lazy\" title=\"Hatha Yoga 1 en casa\" width=\"640\" height=\"360\" src=\"https:\/\/www.youtube.com\/embed\/kAo8TRFhE4c?feature=oembed\" frameborder=\"0\" allow=\"accelerometer; autoplay; clipboard-write; encrypted-media; gyroscope; picture-in-picture; web-share\" referrerpolicy=\"strict-origin-when-cross-origin\" allowfullscreen><\/iframe><\/p>\n<p>&nbsp;<\/p>\n<p><iframe loading=\"lazy\" title=\"Yoga en casa con V\u012bmala - #TunySalgas\" width=\"640\" height=\"360\" src=\"https:\/\/www.youtube.com\/embed\/qn9Lu7R8dO0?feature=oembed\" frameborder=\"0\" allow=\"accelerometer; autoplay; clipboard-write; encrypted-media; gyroscope; picture-in-picture; web-share\" referrerpolicy=\"strict-origin-when-cross-origin\" allowfullscreen><\/iframe><\/p>\n<p>&nbsp;<\/p>\n<p>https:\/\/www.youtube.com\/watch?v=j6ojHKF_JnY<\/p>\n<p>&nbsp;<\/p>\n<p>https:\/\/www.youtube.com\/watch?v=KmerCxHE_84<\/p>\n<p>&nbsp;<\/p>\n<p><iframe loading=\"lazy\" title=\"COMO EMPEZAR A PRACTICAR YOGA EN CASA *Yoga en espa\u00f1ol* desde casa\" width=\"640\" height=\"360\" src=\"https:\/\/www.youtube.com\/embed\/tSJeGspLCEg?feature=oembed\" frameborder=\"0\" allow=\"accelerometer; autoplay; clipboard-write; encrypted-media; gyroscope; picture-in-picture; web-share\" referrerpolicy=\"strict-origin-when-cross-origin\" allowfullscreen><\/iframe><\/p>\n<p>&nbsp;<\/p>\n<p><iframe loading=\"lazy\" title=\"\u00bfQuieres aprender yoga? YOGA en CASA para PRINCIPIANTES [Explicada  PASO A PASO] - Clase 1\" width=\"640\" height=\"360\" src=\"https:\/\/www.youtube.com\/embed\/WzgB_Ymq_Zw?feature=oembed\" frameborder=\"0\" allow=\"accelerometer; autoplay; clipboard-write; encrypted-media; gyroscope; picture-in-picture; web-share\" referrerpolicy=\"strict-origin-when-cross-origin\" allowfullscreen><\/iframe><\/p>\n<p>&nbsp;<\/p>\n<p><iframe loading=\"lazy\" title=\"YOGA EN CASA\ud83e\uddd8 POSTURAS PARA MEJORAR ESTIRAMIENTO DE LAS PIERNAS Y CADERA \ud83d\udd34 Zusette Ghersi te ense\u00f1a\" width=\"640\" height=\"360\" src=\"https:\/\/www.youtube.com\/embed\/-z3qOP2N4iA?feature=oembed\" frameborder=\"0\" allow=\"accelerometer; autoplay; clipboard-write; encrypted-media; gyroscope; picture-in-picture; web-share\" referrerpolicy=\"strict-origin-when-cross-origin\" allowfullscreen><\/iframe><\/p>\n<p>&nbsp;<\/p>\n<p><iframe loading=\"lazy\" title=\"V\u00eddeos de Yoga, Pilates y Meditacion online. Yoga en casa\" width=\"640\" height=\"360\" src=\"https:\/\/www.youtube.com\/embed\/gcfaCNeUx_g?feature=oembed\" frameborder=\"0\" allow=\"accelerometer; autoplay; clipboard-write; encrypted-media; gyroscope; picture-in-picture; web-share\" referrerpolicy=\"strict-origin-when-cross-origin\" allowfullscreen><\/iframe><\/p>\n<p>&nbsp;<\/p>\n<p><iframe loading=\"lazy\" title=\"D\u00cdA 4 - Caderas y Emociones - 21 D\u00edas de Yoga en Casa\" width=\"640\" height=\"360\" src=\"https:\/\/www.youtube.com\/embed\/h0gqVFajEZA?feature=oembed\" frameborder=\"0\" allow=\"accelerometer; autoplay; clipboard-write; encrypted-media; gyroscope; picture-in-picture; web-share\" referrerpolicy=\"strict-origin-when-cross-origin\" allowfullscreen><\/iframe><\/p>\n<p>&nbsp;<\/p>\n<p><iframe loading=\"lazy\" title=\"Consejos de yoga: C\u00f3mo empezar el Yoga en casa\" width=\"640\" height=\"360\" src=\"https:\/\/www.youtube.com\/embed\/LRbTKPBjAw0?feature=oembed\" frameborder=\"0\" allow=\"accelerometer; autoplay; clipboard-write; encrypted-media; gyroscope; picture-in-picture; web-share\" referrerpolicy=\"strict-origin-when-cross-origin\" allowfullscreen><\/iframe><\/p>\n<p>&nbsp;<\/p>\n<p><iframe loading=\"lazy\" title=\"D\u00cdA 7 - Volvamos a Jugar - 21 D\u00edas de Yoga en Casa\" width=\"640\" height=\"360\" src=\"https:\/\/www.youtube.com\/embed\/k3Sk5sVJTXM?feature=oembed\" frameborder=\"0\" allow=\"accelerometer; autoplay; clipboard-write; encrypted-media; gyroscope; picture-in-picture; web-share\" referrerpolicy=\"strict-origin-when-cross-origin\" allowfullscreen><\/iframe><\/p>\n<p>&nbsp;<\/p>\n<p><iframe loading=\"lazy\" title=\"Yoga en casa. Sesi\u00f3n V\" width=\"640\" height=\"360\" src=\"https:\/\/www.youtube.com\/embed\/DPeqN2UZVRY?feature=oembed\" frameborder=\"0\" allow=\"accelerometer; autoplay; clipboard-write; encrypted-media; gyroscope; picture-in-picture; web-share\" referrerpolicy=\"strict-origin-when-cross-origin\" allowfullscreen><\/iframe><\/p>\n<p>&nbsp;<\/p>\n<p><iframe loading=\"lazy\" title=\"CUARENTENA DIA 56 COVID19 - YOGA EN VIVO 14\/05\/2020 -ESTUDIO CASA YOGA\" width=\"640\" height=\"480\" src=\"https:\/\/www.youtube.com\/embed\/Yt3Q48vONmI?feature=oembed\" frameborder=\"0\" allow=\"accelerometer; autoplay; clipboard-write; encrypted-media; gyroscope; picture-in-picture; web-share\" referrerpolicy=\"strict-origin-when-cross-origin\" allowfullscreen><\/iframe><\/p>\n<p>&nbsp;<\/p>\n<p><iframe loading=\"lazy\" title=\"\ud83c\udf08YOGA en casa\ud83d\ude4fel CUENTO de las \ud83e\udd8bMARIPOSAS\ud83e\udd8ben cuarentena... Jugando en familia\" width=\"640\" height=\"360\" src=\"https:\/\/www.youtube.com\/embed\/Ni3iRUlSzZ0?feature=oembed\" frameborder=\"0\" allow=\"accelerometer; autoplay; clipboard-write; encrypted-media; gyroscope; picture-in-picture; web-share\" referrerpolicy=\"strict-origin-when-cross-origin\" allowfullscreen><\/iframe><\/p>\n<p>&nbsp;<\/p>\n<p><iframe loading=\"lazy\" title=\"Power Yoga para ABDOMINALES 27 min | Yoga en casa con Elena Malova\" width=\"640\" height=\"360\" src=\"https:\/\/www.youtube.com\/embed\/JIAnmO7vP78?feature=oembed\" frameborder=\"0\" allow=\"accelerometer; autoplay; clipboard-write; encrypted-media; gyroscope; picture-in-picture; web-share\" referrerpolicy=\"strict-origin-when-cross-origin\" allowfullscreen><\/iframe><\/p>\n<p>&nbsp;<\/p>\n<p><iframe loading=\"lazy\" title=\"D\u00eda 8 - Respiraci\u00f3n Ujjayi - 21 D\u00edas de Yoga en Casa\" width=\"640\" height=\"360\" src=\"https:\/\/www.youtube.com\/embed\/QnxK8qb35WU?feature=oembed\" frameborder=\"0\" allow=\"accelerometer; autoplay; clipboard-write; encrypted-media; gyroscope; picture-in-picture; web-share\" referrerpolicy=\"strict-origin-when-cross-origin\" allowfullscreen><\/iframe><\/p>\n<p>&nbsp;<\/p>\n<p><iframe loading=\"lazy\" title=\"Practica Yoga en Casa \u250a Clase de Vinyasa \u2698 Asanas de pie\" width=\"640\" height=\"360\" src=\"https:\/\/www.youtube.com\/embed\/eolV0lAce7c?feature=oembed\" frameborder=\"0\" allow=\"accelerometer; autoplay; clipboard-write; encrypted-media; gyroscope; picture-in-picture; web-share\" referrerpolicy=\"strict-origin-when-cross-origin\" allowfullscreen><\/iframe><\/p>\n<p>&nbsp;<\/p>\n<p><iframe loading=\"lazy\" title=\"YOGA EN CASA -Posturas b\u00e1sicas para iniciaci\u00f3n al yoga\" width=\"640\" height=\"360\" src=\"https:\/\/www.youtube.com\/embed\/mpQS6ZUGhuQ?feature=oembed\" frameborder=\"0\" allow=\"accelerometer; autoplay; clipboard-write; encrypted-media; gyroscope; picture-in-picture; web-share\" referrerpolicy=\"strict-origin-when-cross-origin\" allowfullscreen><\/iframe><\/p>\n<p>&nbsp;<\/p>\n<p><iframe loading=\"lazy\" title=\"Energ\u00e9tica yoga en 10 min en casa | MalovaElena\" width=\"640\" height=\"360\" src=\"https:\/\/www.youtube.com\/embed\/bvb-46O7SiQ?feature=oembed\" frameborder=\"0\" allow=\"accelerometer; autoplay; clipboard-write; encrypted-media; gyroscope; picture-in-picture; web-share\" referrerpolicy=\"strict-origin-when-cross-origin\" allowfullscreen><\/iframe><\/p>\n<p>&nbsp;<\/p>\n<p><iframe loading=\"lazy\" title=\"Vinyasa YOGA intermedio\/avanzado en espa\u00f1ol para hacer en casa\" width=\"640\" height=\"360\" src=\"https:\/\/www.youtube.com\/embed\/LaLndO734jc?feature=oembed\" frameborder=\"0\" allow=\"accelerometer; autoplay; clipboard-write; encrypted-media; gyroscope; picture-in-picture; web-share\" referrerpolicy=\"strict-origin-when-cross-origin\" allowfullscreen><\/iframe><\/p>\n<p>&nbsp;<\/p>\n<p><iframe loading=\"lazy\" title=\"Tu primera clase de yoga - Yoga en casa d\u00eda 1\" width=\"640\" height=\"360\" src=\"https:\/\/www.youtube.com\/embed\/Nq_vL8xPVB8?feature=oembed\" frameborder=\"0\" allow=\"accelerometer; autoplay; clipboard-write; encrypted-media; gyroscope; picture-in-picture; web-share\" referrerpolicy=\"strict-origin-when-cross-origin\" allowfullscreen><\/iframe><\/p>\n<p>&nbsp;<\/p>\n<p><iframe loading=\"lazy\" title=\"C\u00f3mo hacer yoga en casa\" width=\"640\" height=\"360\" src=\"https:\/\/www.youtube.com\/embed\/_nXdIaYxcj0?feature=oembed\" frameborder=\"0\" allow=\"accelerometer; autoplay; clipboard-write; encrypted-media; gyroscope; picture-in-picture; web-share\" referrerpolicy=\"strict-origin-when-cross-origin\" allowfullscreen><\/iframe><\/p>\n<p>&nbsp;<\/p>\n<p><iframe loading=\"lazy\" title=\"YOGA en CASA - SALUDO AL SOL\" width=\"640\" height=\"480\" src=\"https:\/\/www.youtube.com\/embed\/AhSkTNI9Z-g?feature=oembed\" frameborder=\"0\" allow=\"accelerometer; autoplay; clipboard-write; encrypted-media; gyroscope; picture-in-picture; web-share\" referrerpolicy=\"strict-origin-when-cross-origin\" allowfullscreen><\/iframe><\/p>\n<p>&nbsp;<\/p>\n<p>https:\/\/www.youtube.com\/watch?v=in8pHD3NMv4<\/p>\n<p>&nbsp;<\/p>\n<p><iframe loading=\"lazy\" title=\"Yoga en Casa 10min\" width=\"640\" height=\"360\" src=\"https:\/\/www.youtube.com\/embed\/bJ8Cha9KxM8?feature=oembed\" frameborder=\"0\" allow=\"accelerometer; autoplay; clipboard-write; encrypted-media; gyroscope; picture-in-picture; web-share\" referrerpolicy=\"strict-origin-when-cross-origin\" allowfullscreen><\/iframe><\/p>\n<p>&nbsp;<\/p>\n<h4>P\u00e1ginas\u00a0<a href=\"https:\/\/globalsolidarity.live\/wikiyoga\/yoga-en-casa-1\/\" target=\"_blank\" rel=\"noopener noreferrer\">1<\/a> &#8211; <a href=\"https:\/\/globalsolidarity.live\/wikiyoga\/yoga-en-casa-2\/\" target=\"_blank\" rel=\"noopener noreferrer\">2<\/a> &#8211; <a href=\"https:\/\/globalsolidarity.live\/wikiyoga\/yoga-en-casa-3\/\" target=\"_blank\" rel=\"noopener noreferrer\">3<\/a><\/h4>\n<p>&nbsp;<\/p>\n<p>&nbsp;<\/p>\n","protected":false},"excerpt":{"rendered":"<p>https:\/\/www.youtube.com\/watch?v=VtJxVZW7gcc &nbsp; https:\/\/www.youtube.com\/watch?v=IucII8IP134 &nbsp; &nbsp; &nbsp; &nbsp; &nbsp; https:\/\/www.youtube.com\/watch?v=j6ojHKF_JnY &nbsp; https:\/\/www.youtube.com\/watch?v=KmerCxHE_84 &nbsp; &nbsp; &nbsp; &nbsp; &nbsp; &nbsp; &nbsp;<\/p>\n","protected":false},"author":1,"featured_media":0,"parent":0,"menu_order":0,"comment_status":"closed","ping_status":"closed","template":"","meta":{"footnotes":""},"class_list":["post-4767","page","type-page","status-publish","hentry"],"_links":{"self":[{"href":"https:\/\/globalsolidarity.live\/wikiyoga\/wp-json\/wp\/v2\/pages\/4767","targetHints":{"allow":["GET"]}}],"collection":[{"href":"https:\/\/globalsolidarity.live\/wikiyoga\/wp-json\/wp\/v2\/pages"}],"about":[{"href":"https:\/\/globalsolidarity.live\/wikiyoga\/wp-json\/wp\/v2\/types\/page"}],"author":[{"embeddable":true,"href":"https:\/\/globalsolidarity.live\/wikiyoga\/wp-json\/wp\/v2\/users\/1"}],"replies":[{"embeddable":true,"href":"https:\/\/globalsolidarity.live\/wikiyoga\/wp-json\/wp\/v2\/comments?post=4767"}],"version-history":[{"count":2,"href":"https:\/\/globalsolidarity.live\/wikiyoga\/wp-json\/wp\/v2\/pages\/4767\/revisions"}],"predecessor-version":[{"id":4772,"href":"https:\/\/globalsolidarity.live\/wikiyoga\/wp-json\/wp\/v2\/pages\/4767\/revisions\/4772"}],"wp:attachment":[{"href":"https:\/\/globalsolidarity.live\/wikiyoga\/wp-json\/wp\/v2\/media?parent=4767"}],"curies":[{"name":"wp","href":"https:\/\/api.w.org\/{rel}","templated":true}]}}