{"id":4800,"date":"2021-05-29T01:49:28","date_gmt":"2021-05-29T01:49:28","guid":{"rendered":"https:\/\/globalsolidarity.live\/wikiyoga\/?page_id=4800"},"modified":"2021-05-29T01:56:03","modified_gmt":"2021-05-29T01:56:03","slug":"yoga-nidra-1","status":"publish","type":"page","link":"https:\/\/globalsolidarity.live\/wikiyoga\/yoga-nidra-1\/","title":{"rendered":"Yoga Nidra &#8211; 1"},"content":{"rendered":"<p><iframe loading=\"lazy\" title=\"Relajaci\u00f3n guiada. Yoga Nidra en espa\u00f1ol.\" width=\"640\" height=\"360\" src=\"https:\/\/www.youtube.com\/embed\/On2RN5iAlNQ?feature=oembed\" frameborder=\"0\" allow=\"accelerometer; autoplay; clipboard-write; encrypted-media; gyroscope; picture-in-picture; web-share\" referrerpolicy=\"strict-origin-when-cross-origin\" allowfullscreen><\/iframe><\/p>\n<p>&nbsp;<\/p>\n<p><iframe loading=\"lazy\" title=\"YOGA NIDRA 30 MINUTOS en espa\u00f1ol | @arigadoryoga\" width=\"640\" height=\"360\" src=\"https:\/\/www.youtube.com\/embed\/l-eZer1p_sM?feature=oembed\" frameborder=\"0\" allow=\"accelerometer; autoplay; clipboard-write; encrypted-media; gyroscope; picture-in-picture; web-share\" referrerpolicy=\"strict-origin-when-cross-origin\" allowfullscreen><\/iframe><\/p>\n<p>&nbsp;<\/p>\n<p><iframe loading=\"lazy\" title=\"YOGA NIDRA- Meditaci\u00f3n de  Relajaci\u00f3n\" width=\"640\" height=\"360\" src=\"https:\/\/www.youtube.com\/embed\/vM98i7CNG-o?feature=oembed\" frameborder=\"0\" allow=\"accelerometer; autoplay; clipboard-write; encrypted-media; gyroscope; picture-in-picture; web-share\" referrerpolicy=\"strict-origin-when-cross-origin\" allowfullscreen><\/iframe><\/p>\n<p>&nbsp;<\/p>\n<p><iframe loading=\"lazy\" title=\"Yoga Nidra - relajaci\u00f3n profunda guiada\" width=\"640\" height=\"360\" src=\"https:\/\/www.youtube.com\/embed\/tzcCXqElSqg?feature=oembed\" frameborder=\"0\" allow=\"accelerometer; autoplay; clipboard-write; encrypted-media; gyroscope; picture-in-picture; web-share\" referrerpolicy=\"strict-origin-when-cross-origin\" allowfullscreen><\/iframe><\/p>\n<p>&nbsp;<\/p>\n<p><iframe loading=\"lazy\" title=\"Relajaci\u00f3n Profunda \u2728 Yoga Nidra Guiado 10 MIN | Calma tu Mente\" width=\"640\" height=\"360\" src=\"https:\/\/www.youtube.com\/embed\/3ozZfE_9bWU?feature=oembed\" frameborder=\"0\" allow=\"accelerometer; autoplay; clipboard-write; encrypted-media; gyroscope; picture-in-picture; web-share\" referrerpolicy=\"strict-origin-when-cross-origin\" allowfullscreen><\/iframe><\/p>\n<p>&nbsp;<\/p>\n<p><iframe loading=\"lazy\" title=\"\ud83d\ude4c YOGA NIDRA. Calma, tranquilidad y claridad mental. Relajacio\u0301n profunda consciente. Salud mental\" width=\"640\" height=\"360\" src=\"https:\/\/www.youtube.com\/embed\/p729yr1TI3M?feature=oembed\" frameborder=\"0\" allow=\"accelerometer; autoplay; clipboard-write; encrypted-media; gyroscope; picture-in-picture; web-share\" referrerpolicy=\"strict-origin-when-cross-origin\" allowfullscreen><\/iframe><\/p>\n<p>&nbsp;<\/p>\n<p><iframe loading=\"lazy\" title=\"YOGA NIDRA\" width=\"640\" height=\"360\" src=\"https:\/\/www.youtube.com\/embed\/E5s8WU0YovA?feature=oembed\" frameborder=\"0\" allow=\"accelerometer; autoplay; clipboard-write; encrypted-media; gyroscope; picture-in-picture; web-share\" referrerpolicy=\"strict-origin-when-cross-origin\" allowfullscreen><\/iframe><\/p>\n<p>&nbsp;<\/p>\n<p><iframe loading=\"lazy\" title=\"Yoga Nidra Meditaci\u00f3n Guiada\" width=\"640\" height=\"480\" src=\"https:\/\/www.youtube.com\/embed\/YbvIEIaNA9c?feature=oembed\" frameborder=\"0\" allow=\"accelerometer; autoplay; clipboard-write; encrypted-media; gyroscope; picture-in-picture; web-share\" referrerpolicy=\"strict-origin-when-cross-origin\" allowfullscreen><\/iframe><\/p>\n<p>&nbsp;<\/p>\n<p><iframe loading=\"lazy\" title=\"Relajaci\u00f3n guiada (YOGA NIDRA). Bendice tu propia energ\u00eda\" width=\"640\" height=\"360\" src=\"https:\/\/www.youtube.com\/embed\/bD7kNwij0R4?feature=oembed\" frameborder=\"0\" allow=\"accelerometer; autoplay; clipboard-write; encrypted-media; gyroscope; picture-in-picture; web-share\" referrerpolicy=\"strict-origin-when-cross-origin\" allowfullscreen><\/iframe><\/p>\n<p>&nbsp;<\/p>\n<p><iframe loading=\"lazy\" title=\"Yoga Nidra  Completo Gratis en Espa\u00f1ol\" width=\"640\" height=\"360\" src=\"https:\/\/www.youtube.com\/embed\/wUVDD8NJHeY?feature=oembed\" frameborder=\"0\" allow=\"accelerometer; autoplay; clipboard-write; encrypted-media; gyroscope; picture-in-picture; web-share\" referrerpolicy=\"strict-origin-when-cross-origin\" allowfullscreen><\/iframe><\/p>\n<p>&nbsp;<\/p>\n<p>https:\/\/www.youtube.com\/watch?v=7H0FKzeuVVs<\/p>\n<p>&nbsp;<\/p>\n<p><iframe loading=\"lazy\" title=\"Yoga nidra relajaci\u00f3n profunda\" width=\"640\" height=\"480\" src=\"https:\/\/www.youtube.com\/embed\/EAwMZgJ4nwU?feature=oembed\" frameborder=\"0\" allow=\"accelerometer; autoplay; clipboard-write; encrypted-media; gyroscope; picture-in-picture; web-share\" referrerpolicy=\"strict-origin-when-cross-origin\" allowfullscreen><\/iframe><\/p>\n<p>&nbsp;<\/p>\n<p><iframe loading=\"lazy\" title=\"Meditaci\u00f3n YOGA NIDRA - Fundaci\u00f3n &quot;El Arte de Vivir&quot;\" width=\"640\" height=\"480\" src=\"https:\/\/www.youtube.com\/embed\/ur3mAreXOyM?feature=oembed\" frameborder=\"0\" allow=\"accelerometer; autoplay; clipboard-write; encrypted-media; gyroscope; picture-in-picture; web-share\" referrerpolicy=\"strict-origin-when-cross-origin\" allowfullscreen><\/iframe><\/p>\n<p>&nbsp;<\/p>\n<p><iframe loading=\"lazy\" title=\"Yoga Nidra para calmar tu mente\" width=\"640\" height=\"360\" src=\"https:\/\/www.youtube.com\/embed\/I8TI6-EAmbw?feature=oembed\" frameborder=\"0\" allow=\"accelerometer; autoplay; clipboard-write; encrypted-media; gyroscope; picture-in-picture; web-share\" referrerpolicy=\"strict-origin-when-cross-origin\" allowfullscreen><\/iframe><\/p>\n<p>&nbsp;<\/p>\n<p><iframe loading=\"lazy\" title=\"yoga nidra en espa\u00f1ol: agitaci\u00f3n-paz\" width=\"640\" height=\"360\" src=\"https:\/\/www.youtube.com\/embed\/036T_2rmXRQ?feature=oembed\" frameborder=\"0\" allow=\"accelerometer; autoplay; clipboard-write; encrypted-media; gyroscope; picture-in-picture; web-share\" referrerpolicy=\"strict-origin-when-cross-origin\" allowfullscreen><\/iframe><\/p>\n<p>&nbsp;<\/p>\n<p><iframe loading=\"lazy\" title=\"\u00bfQu\u00e9 es el Yoga Nidra?\" width=\"640\" height=\"360\" src=\"https:\/\/www.youtube.com\/embed\/LjLgaYh0uUQ?feature=oembed\" frameborder=\"0\" allow=\"accelerometer; autoplay; clipboard-write; encrypted-media; gyroscope; picture-in-picture; web-share\" referrerpolicy=\"strict-origin-when-cross-origin\" allowfullscreen><\/iframe><\/p>\n<p>&nbsp;<\/p>\n<p><iframe loading=\"lazy\" title=\"Yoga Nidra - Yoga OM - Prof. Natalia Aguilar\" width=\"640\" height=\"360\" src=\"https:\/\/www.youtube.com\/embed\/wvZDuMQ3Cqc?feature=oembed\" frameborder=\"0\" allow=\"accelerometer; autoplay; clipboard-write; encrypted-media; gyroscope; picture-in-picture; web-share\" referrerpolicy=\"strict-origin-when-cross-origin\" allowfullscreen><\/iframe><\/p>\n<p>&nbsp;<\/p>\n<p><iframe loading=\"lazy\" title=\"Sue\u00f1o Profundo - Yoga Nidra y Cuencos Tibetanos - La mejor relajaci\u00f3n para dormir - Musicoterapia\" width=\"640\" height=\"360\" src=\"https:\/\/www.youtube.com\/embed\/EEYnkZO_7n4?feature=oembed\" frameborder=\"0\" allow=\"accelerometer; autoplay; clipboard-write; encrypted-media; gyroscope; picture-in-picture; web-share\" referrerpolicy=\"strict-origin-when-cross-origin\" allowfullscreen><\/iframe><\/p>\n<p>&nbsp;<\/p>\n<p><iframe loading=\"lazy\" title=\"YOGA NIDRA | Dejando el Pasado Atr\u00e1s (directo en la playa)\" width=\"640\" height=\"360\" src=\"https:\/\/www.youtube.com\/embed\/wf3f941MosM?feature=oembed\" frameborder=\"0\" allow=\"accelerometer; autoplay; clipboard-write; encrypted-media; gyroscope; picture-in-picture; web-share\" referrerpolicy=\"strict-origin-when-cross-origin\" allowfullscreen><\/iframe><\/p>\n<p>&nbsp;<\/p>\n<p><iframe loading=\"lazy\" title=\"YOGA Nidra: para dormir mejor y disminuir el estr\u00e9s\" width=\"640\" height=\"360\" src=\"https:\/\/www.youtube.com\/embed\/as3FMwimCNE?feature=oembed\" frameborder=\"0\" allow=\"accelerometer; autoplay; clipboard-write; encrypted-media; gyroscope; picture-in-picture; web-share\" referrerpolicy=\"strict-origin-when-cross-origin\" allowfullscreen><\/iframe><\/p>\n<p>&nbsp;<\/p>\n<p><iframe loading=\"lazy\" title=\"Yoga Nidra o Savasana ( Relajaci\u00f3n )\" width=\"640\" height=\"360\" src=\"https:\/\/www.youtube.com\/embed\/ui8FPhCYnrw?feature=oembed\" frameborder=\"0\" allow=\"accelerometer; autoplay; clipboard-write; encrypted-media; gyroscope; picture-in-picture; web-share\" referrerpolicy=\"strict-origin-when-cross-origin\" allowfullscreen><\/iframe><\/p>\n<p>&nbsp;<\/p>\n<p><iframe loading=\"lazy\" title=\"Yoga Nidra | Meditaci\u00f3n Guiada Mindfulness.\" width=\"640\" height=\"360\" src=\"https:\/\/www.youtube.com\/embed\/JM23UcTQNqc?feature=oembed\" frameborder=\"0\" allow=\"accelerometer; autoplay; clipboard-write; encrypted-media; gyroscope; picture-in-picture; web-share\" referrerpolicy=\"strict-origin-when-cross-origin\" allowfullscreen><\/iframe><\/p>\n<p>&nbsp;<\/p>\n<p><iframe loading=\"lazy\" title=\"Pranayama y Yoga Nidra para mejorar el sue\u00f1o\" width=\"640\" height=\"360\" src=\"https:\/\/www.youtube.com\/embed\/SOm9NAkAbjc?feature=oembed\" frameborder=\"0\" allow=\"accelerometer; autoplay; clipboard-write; encrypted-media; gyroscope; picture-in-picture; web-share\" referrerpolicy=\"strict-origin-when-cross-origin\" allowfullscreen><\/iframe><\/p>\n<p>&nbsp;<\/p>\n<p><iframe loading=\"lazy\" title=\"Yoga Nidra | 37 Min | Relajaci\u00f3n Profunda | Yoga del sue\u00f1o consciente | meditaci\u00f3n al subconsciente\" width=\"640\" height=\"360\" src=\"https:\/\/www.youtube.com\/embed\/pfqxKgckpsg?feature=oembed\" frameborder=\"0\" allow=\"accelerometer; autoplay; clipboard-write; encrypted-media; gyroscope; picture-in-picture; web-share\" referrerpolicy=\"strict-origin-when-cross-origin\" allowfullscreen><\/iframe><\/p>\n<p>&nbsp;<\/p>\n<p><iframe loading=\"lazy\" title=\"YOGA NIDRA | Viaje a trave\u0301s de los chakras (Versi\u00f3n Estudio)\" width=\"640\" height=\"360\" src=\"https:\/\/www.youtube.com\/embed\/GmbqE9Pyazs?feature=oembed\" frameborder=\"0\" allow=\"accelerometer; autoplay; clipboard-write; encrypted-media; gyroscope; picture-in-picture; web-share\" referrerpolicy=\"strict-origin-when-cross-origin\" allowfullscreen><\/iframe><\/p>\n<p>&nbsp;<\/p>\n<p><iframe loading=\"lazy\" title=\"YOGA NIDRA - Relajaci\u00f3n Profunda\" width=\"640\" height=\"360\" src=\"https:\/\/www.youtube.com\/embed\/43AjBywHH8A?feature=oembed\" frameborder=\"0\" allow=\"accelerometer; autoplay; clipboard-write; encrypted-media; gyroscope; picture-in-picture; web-share\" referrerpolicy=\"strict-origin-when-cross-origin\" allowfullscreen><\/iframe><\/p>\n<p>&nbsp;<\/p>\n<p><iframe loading=\"lazy\" title=\"MEDITACI\u00d3N GUIADA YOGA NIDRA\/EL YOGA DEL SUE\u00d1O\" width=\"640\" height=\"480\" src=\"https:\/\/www.youtube.com\/embed\/SEkVaYT6kAk?feature=oembed\" frameborder=\"0\" allow=\"accelerometer; autoplay; clipboard-write; encrypted-media; gyroscope; picture-in-picture; web-share\" referrerpolicy=\"strict-origin-when-cross-origin\" allowfullscreen><\/iframe><\/p>\n<p>&nbsp;<\/p>\n<p><iframe loading=\"lazy\" title=\"YOGA NIDRA en ESPA\u00d1OL \ud83d\udc99 | Meditaci\u00f3n guiada en el OM \u3010V\u00eddeo #5\u3011\" width=\"640\" height=\"360\" src=\"https:\/\/www.youtube.com\/embed\/DL7iUgSPGXQ?feature=oembed\" frameborder=\"0\" allow=\"accelerometer; autoplay; clipboard-write; encrypted-media; gyroscope; picture-in-picture; web-share\" referrerpolicy=\"strict-origin-when-cross-origin\" allowfullscreen><\/iframe><\/p>\n<p>&nbsp;<\/p>\n<p>&nbsp;<\/p>\n<h4>P\u00e1ginas\u00a0 <a href=\"https:\/\/globalsolidarity.live\/wikiyoga\/yoga-nidra-1\/\" target=\"_blank\" rel=\"noopener noreferrer\">1<\/a> &#8211;<a href=\"https:\/\/globalsolidarity.live\/wikiyoga\/yoga-nidra-2\/\">2<\/a> &#8211; <a href=\"https:\/\/globalsolidarity.live\/wikiyoga\/yoga-nidra-3\/\" target=\"_blank\" rel=\"noopener noreferrer\">3<\/a><\/h4>\n","protected":false},"excerpt":{"rendered":"<p>&nbsp; &nbsp; &nbsp; &nbsp; &nbsp; &nbsp; &nbsp; &nbsp; &nbsp; &nbsp; https:\/\/www.youtube.com\/watch?v=7H0FKzeuVVs &nbsp; &nbsp; &nbsp; &nbsp; &nbsp; &nbsp; &nbsp;<\/p>\n","protected":false},"author":1,"featured_media":0,"parent":0,"menu_order":0,"comment_status":"closed","ping_status":"closed","template":"","meta":{"footnotes":""},"class_list":["post-4800","page","type-page","status-publish","hentry"],"_links":{"self":[{"href":"https:\/\/globalsolidarity.live\/wikiyoga\/wp-json\/wp\/v2\/pages\/4800","targetHints":{"allow":["GET"]}}],"collection":[{"href":"https:\/\/globalsolidarity.live\/wikiyoga\/wp-json\/wp\/v2\/pages"}],"about":[{"href":"https:\/\/globalsolidarity.live\/wikiyoga\/wp-json\/wp\/v2\/types\/page"}],"author":[{"embeddable":true,"href":"https:\/\/globalsolidarity.live\/wikiyoga\/wp-json\/wp\/v2\/users\/1"}],"replies":[{"embeddable":true,"href":"https:\/\/globalsolidarity.live\/wikiyoga\/wp-json\/wp\/v2\/comments?post=4800"}],"version-history":[{"count":2,"href":"https:\/\/globalsolidarity.live\/wikiyoga\/wp-json\/wp\/v2\/pages\/4800\/revisions"}],"predecessor-version":[{"id":4806,"href":"https:\/\/globalsolidarity.live\/wikiyoga\/wp-json\/wp\/v2\/pages\/4800\/revisions\/4806"}],"wp:attachment":[{"href":"https:\/\/globalsolidarity.live\/wikiyoga\/wp-json\/wp\/v2\/media?parent=4800"}],"curies":[{"name":"wp","href":"https:\/\/api.w.org\/{rel}","templated":true}]}}