{"id":4818,"date":"2021-06-01T00:05:15","date_gmt":"2021-06-01T00:05:15","guid":{"rendered":"https:\/\/globalsolidarity.live\/wikiyoga\/?page_id=4818"},"modified":"2021-06-01T00:11:33","modified_gmt":"2021-06-01T00:11:33","slug":"yoga-para-embarazadas-1","status":"publish","type":"page","link":"https:\/\/globalsolidarity.live\/wikiyoga\/yoga-para-embarazadas-1\/","title":{"rendered":"Yoga para Embarazadas &#8211; 1"},"content":{"rendered":"<p><iframe loading=\"lazy\" title=\"\ud83d\udc9bYOGA PRENATAL PRINCIPIANTES \ud83d\udc9bYoga para embarazadas en espa\u00f1ol\" width=\"640\" height=\"360\" src=\"https:\/\/www.youtube.com\/embed\/aTBNh3W7UI8?feature=oembed\" frameborder=\"0\" allow=\"accelerometer; autoplay; clipboard-write; encrypted-media; gyroscope; picture-in-picture; web-share\" referrerpolicy=\"strict-origin-when-cross-origin\" allowfullscreen><\/iframe><\/p>\n<p>&nbsp;<\/p>\n<p><iframe loading=\"lazy\" title=\"YOGA PRENATAL: Yoga para Embarazadas\" width=\"640\" height=\"360\" src=\"https:\/\/www.youtube.com\/embed\/Am8zmX-_hJo?feature=oembed\" frameborder=\"0\" allow=\"accelerometer; autoplay; clipboard-write; encrypted-media; gyroscope; picture-in-picture; web-share\" referrerpolicy=\"strict-origin-when-cross-origin\" allowfullscreen><\/iframe><\/p>\n<p>&nbsp;<\/p>\n<p><iframe loading=\"lazy\" title=\"\u00a1Yoga para embarazadas!\" width=\"640\" height=\"360\" src=\"https:\/\/www.youtube.com\/embed\/7WU7fYA9UNM?feature=oembed\" frameborder=\"0\" allow=\"accelerometer; autoplay; clipboard-write; encrypted-media; gyroscope; picture-in-picture; web-share\" referrerpolicy=\"strict-origin-when-cross-origin\" allowfullscreen><\/iframe><\/p>\n<p>&nbsp;<\/p>\n<p><iframe loading=\"lazy\" title=\"Yoga para embarazadas (relajante) | Yoga prenatal principiantes  Brenda Yoga\" width=\"640\" height=\"360\" src=\"https:\/\/www.youtube.com\/embed\/X4Mb768_nEc?feature=oembed\" frameborder=\"0\" allow=\"accelerometer; autoplay; clipboard-write; encrypted-media; gyroscope; picture-in-picture; web-share\" referrerpolicy=\"strict-origin-when-cross-origin\" allowfullscreen><\/iframe><\/p>\n<p>&nbsp;<\/p>\n<p><iframe loading=\"lazy\" title=\"Yoga Prenatal | Todos los Trimestres | Mam\u00e1s Fuertes y Flexibles\" width=\"640\" height=\"360\" src=\"https:\/\/www.youtube.com\/embed\/YxzIq-6HSQw?feature=oembed\" frameborder=\"0\" allow=\"accelerometer; autoplay; clipboard-write; encrypted-media; gyroscope; picture-in-picture; web-share\" referrerpolicy=\"strict-origin-when-cross-origin\" allowfullscreen><\/iframe><\/p>\n<p>&nbsp;<\/p>\n<p><iframe loading=\"lazy\" title=\"YOGA PRENATAL\/ IDEAL 1er, 2do y 3er TRIMESTRE\" width=\"640\" height=\"360\" src=\"https:\/\/www.youtube.com\/embed\/fjsb34YGb2o?feature=oembed\" frameborder=\"0\" allow=\"accelerometer; autoplay; clipboard-write; encrypted-media; gyroscope; picture-in-picture; web-share\" referrerpolicy=\"strict-origin-when-cross-origin\" allowfullscreen><\/iframe><\/p>\n<p>&nbsp;<\/p>\n<p><iframe loading=\"lazy\" title=\"Clase de Yoga para Embarazadas 1 - Completa\" width=\"640\" height=\"360\" src=\"https:\/\/www.youtube.com\/embed\/AQgN4O_fvmM?feature=oembed\" frameborder=\"0\" allow=\"accelerometer; autoplay; clipboard-write; encrypted-media; gyroscope; picture-in-picture; web-share\" referrerpolicy=\"strict-origin-when-cross-origin\" allowfullscreen><\/iframe><\/p>\n<p>&nbsp;<\/p>\n<p><iframe loading=\"lazy\" title=\"YOGA PRENATAL SEGUNDO TRIMESTRE - QUEEN FLOW\" width=\"640\" height=\"360\" src=\"https:\/\/www.youtube.com\/embed\/cKGJvJqTZOc?feature=oembed\" frameborder=\"0\" allow=\"accelerometer; autoplay; clipboard-write; encrypted-media; gyroscope; picture-in-picture; web-share\" referrerpolicy=\"strict-origin-when-cross-origin\" allowfullscreen><\/iframe><\/p>\n<p>&nbsp;<\/p>\n<p><iframe loading=\"lazy\" title=\"YOGA PRENATAL SEGUNDO TRIMESTRE ESPINA DORSAL\" width=\"640\" height=\"360\" src=\"https:\/\/www.youtube.com\/embed\/7dOL-mCkF-Q?feature=oembed\" frameborder=\"0\" allow=\"accelerometer; autoplay; clipboard-write; encrypted-media; gyroscope; picture-in-picture; web-share\" referrerpolicy=\"strict-origin-when-cross-origin\" allowfullscreen><\/iframe><\/p>\n<p>&nbsp;<\/p>\n<p><iframe loading=\"lazy\" title=\"YOGA PRENATAL TERCER TRIMESTRE - GODDESS FLOW\" width=\"640\" height=\"360\" src=\"https:\/\/www.youtube.com\/embed\/0fA5NvLdySQ?feature=oembed\" frameborder=\"0\" allow=\"accelerometer; autoplay; clipboard-write; encrypted-media; gyroscope; picture-in-picture; web-share\" referrerpolicy=\"strict-origin-when-cross-origin\" allowfullscreen><\/iframe><\/p>\n<p>&nbsp;<\/p>\n<p><iframe loading=\"lazy\" title=\"YOGA PARA EMBARAZADAS-preparaci\u00f3n al PARTO-  clase en directo\" width=\"640\" height=\"360\" src=\"https:\/\/www.youtube.com\/embed\/wG_GK8a7KNk?feature=oembed\" frameborder=\"0\" allow=\"accelerometer; autoplay; clipboard-write; encrypted-media; gyroscope; picture-in-picture; web-share\" referrerpolicy=\"strict-origin-when-cross-origin\" allowfullscreen><\/iframe><\/p>\n<p>&nbsp;<\/p>\n<p>https:\/\/www.youtube.com\/watch?v=NePEmFe2LHg<\/p>\n<p>&nbsp;<\/p>\n<p><iframe loading=\"lazy\" title=\"M\u00f9sica para Bebes en Gestaci\u00f2n para un Embarazo Feliz | M\u00f9sica Instrumental Relajante\" width=\"640\" height=\"480\" src=\"https:\/\/www.youtube.com\/embed\/L5v7JbfZweo?feature=oembed\" frameborder=\"0\" allow=\"accelerometer; autoplay; clipboard-write; encrypted-media; gyroscope; picture-in-picture; web-share\" referrerpolicy=\"strict-origin-when-cross-origin\" allowfullscreen><\/iframe><\/p>\n<p>&nbsp;<\/p>\n<p><iframe loading=\"lazy\" title=\"YOGA PRENATAL \/ Yoga para Embarazadas\" width=\"640\" height=\"360\" src=\"https:\/\/www.youtube.com\/embed\/1nzT8f3PihI?feature=oembed\" frameborder=\"0\" allow=\"accelerometer; autoplay; clipboard-write; encrypted-media; gyroscope; picture-in-picture; web-share\" referrerpolicy=\"strict-origin-when-cross-origin\" allowfullscreen><\/iframe><\/p>\n<p>&nbsp;<\/p>\n<p><iframe loading=\"lazy\" title=\"Yoga para embarazadas. \u2661 Rutina de suelo para principiantes (20 minutos)\" width=\"640\" height=\"360\" src=\"https:\/\/www.youtube.com\/embed\/t7dnSnFdP50?feature=oembed\" frameborder=\"0\" allow=\"accelerometer; autoplay; clipboard-write; encrypted-media; gyroscope; picture-in-picture; web-share\" referrerpolicy=\"strict-origin-when-cross-origin\" allowfullscreen><\/iframe><\/p>\n<p>&nbsp;<\/p>\n<p><iframe loading=\"lazy\" title=\"Kriya de Kundalini Yoga para el embarazo. Con Sat Purkh Kaur - Clase de Yoga Online.\" width=\"640\" height=\"360\" src=\"https:\/\/www.youtube.com\/embed\/o5e8V01Yan4?feature=oembed\" frameborder=\"0\" allow=\"accelerometer; autoplay; clipboard-write; encrypted-media; gyroscope; picture-in-picture; web-share\" referrerpolicy=\"strict-origin-when-cross-origin\" allowfullscreen><\/iframe><\/p>\n<p>&nbsp;<\/p>\n<p><iframe loading=\"lazy\" title=\"YOGA PARA EMBARAZADAS. SESI\u00d3N 1\" width=\"640\" height=\"360\" src=\"https:\/\/www.youtube.com\/embed\/mlkozjHY77w?feature=oembed\" frameborder=\"0\" allow=\"accelerometer; autoplay; clipboard-write; encrypted-media; gyroscope; picture-in-picture; web-share\" referrerpolicy=\"strict-origin-when-cross-origin\" allowfullscreen><\/iframe><\/p>\n<p>&nbsp;<\/p>\n<p><iframe loading=\"lazy\" title=\"YOGA para EMBARAZADAS. Ejercicios para  abrir caderas. Rutina YOGA 10 minutos.\" width=\"640\" height=\"360\" src=\"https:\/\/www.youtube.com\/embed\/RNGSNYfIc5g?feature=oembed\" frameborder=\"0\" allow=\"accelerometer; autoplay; clipboard-write; encrypted-media; gyroscope; picture-in-picture; web-share\" referrerpolicy=\"strict-origin-when-cross-origin\" allowfullscreen><\/iframe><\/p>\n<p>&nbsp;<\/p>\n<p><iframe loading=\"lazy\" title=\"Yoga &amp; Embarazo Primer Trimestre\" width=\"640\" height=\"360\" src=\"https:\/\/www.youtube.com\/embed\/OKOLdKE-GEA?feature=oembed\" frameborder=\"0\" allow=\"accelerometer; autoplay; clipboard-write; encrypted-media; gyroscope; picture-in-picture; web-share\" referrerpolicy=\"strict-origin-when-cross-origin\" allowfullscreen><\/iframe><\/p>\n<p>&nbsp;<\/p>\n<p><iframe loading=\"lazy\" title=\"Yoga &amp; Embarazo Tercer Trimestre\" width=\"640\" height=\"360\" src=\"https:\/\/www.youtube.com\/embed\/v-kmoKDncSk?feature=oembed\" frameborder=\"0\" allow=\"accelerometer; autoplay; clipboard-write; encrypted-media; gyroscope; picture-in-picture; web-share\" referrerpolicy=\"strict-origin-when-cross-origin\" allowfullscreen><\/iframe><\/p>\n<p>&nbsp;<\/p>\n<p><iframe loading=\"lazy\" title=\"Introduccio\u0301n al yoga prenatal con Gordana\" width=\"640\" height=\"360\" src=\"https:\/\/www.youtube.com\/embed\/kDmEIFXB0Cg?feature=oembed\" frameborder=\"0\" allow=\"accelerometer; autoplay; clipboard-write; encrypted-media; gyroscope; picture-in-picture; web-share\" referrerpolicy=\"strict-origin-when-cross-origin\" allowfullscreen><\/iframe><\/p>\n<p>&nbsp;<\/p>\n<p><iframe loading=\"lazy\" title=\"Ejercicios para Embarazadas - C\u00f3mo aliviar dolor de espalda | Mundo Mom\" width=\"640\" height=\"360\" src=\"https:\/\/www.youtube.com\/embed\/QWTY5rZx27U?feature=oembed\" frameborder=\"0\" allow=\"accelerometer; autoplay; clipboard-write; encrypted-media; gyroscope; picture-in-picture; web-share\" referrerpolicy=\"strict-origin-when-cross-origin\" allowfullscreen><\/iframe><\/p>\n<p>&nbsp;<\/p>\n<p><iframe loading=\"lazy\" title=\"Clase de Yoga para embarazadas (I)\" width=\"640\" height=\"360\" src=\"https:\/\/www.youtube.com\/embed\/NFd1ES5hZWE?feature=oembed\" frameborder=\"0\" allow=\"accelerometer; autoplay; clipboard-write; encrypted-media; gyroscope; picture-in-picture; web-share\" referrerpolicy=\"strict-origin-when-cross-origin\" allowfullscreen><\/iframe><\/p>\n<p>&nbsp;<\/p>\n<p><iframe loading=\"lazy\" title=\"Yoga para embarazadas. \u2661 Rutina de suelo para principiantes (20 minutos)\" width=\"640\" height=\"360\" src=\"https:\/\/www.youtube.com\/embed\/t7dnSnFdP50?feature=oembed\" frameborder=\"0\" allow=\"accelerometer; autoplay; clipboard-write; encrypted-media; gyroscope; picture-in-picture; web-share\" referrerpolicy=\"strict-origin-when-cross-origin\" allowfullscreen><\/iframe><\/p>\n<p>&nbsp;<\/p>\n<p><iframe loading=\"lazy\" title=\"YOGA PARA EMBARAZADAS principiantes \ud83d\udc76Clase completa\" width=\"640\" height=\"360\" src=\"https:\/\/www.youtube.com\/embed\/jOZCQLq8RP0?feature=oembed\" frameborder=\"0\" allow=\"accelerometer; autoplay; clipboard-write; encrypted-media; gyroscope; picture-in-picture; web-share\" referrerpolicy=\"strict-origin-when-cross-origin\" allowfullscreen><\/iframe><\/p>\n<p>&nbsp;<\/p>\n<p><iframe loading=\"lazy\" title=\"Antonella Orsini nos da una clase de yoga para embarazadas\" width=\"640\" height=\"360\" src=\"https:\/\/www.youtube.com\/embed\/YdmUMYvAbhg?feature=oembed\" frameborder=\"0\" allow=\"accelerometer; autoplay; clipboard-write; encrypted-media; gyroscope; picture-in-picture; web-share\" referrerpolicy=\"strict-origin-when-cross-origin\" allowfullscreen><\/iframe><\/p>\n<p>&nbsp;<\/p>\n<p><iframe loading=\"lazy\" title=\"Ejercicios para embarazadas en el tercer trimestre\" width=\"640\" height=\"360\" src=\"https:\/\/www.youtube.com\/embed\/GiR3tc1tJuw?feature=oembed\" frameborder=\"0\" allow=\"accelerometer; autoplay; clipboard-write; encrypted-media; gyroscope; picture-in-picture; web-share\" referrerpolicy=\"strict-origin-when-cross-origin\" allowfullscreen><\/iframe><\/p>\n<p>&nbsp;<\/p>\n<h4>P\u00e1ginas\u00a0 <a href=\"https:\/\/globalsolidarity.live\/wikiyoga\/yoga-para-embarazadas-1\/\" target=\"_blank\" rel=\"noopener noreferrer\">1<\/a> &#8211; <a href=\"https:\/\/globalsolidarity.live\/wikiyoga\/yoga-para-embarazadas-2\/\" target=\"_blank\" rel=\"noopener noreferrer\">2<\/a> &#8211; <a href=\"https:\/\/globalsolidarity.live\/wikiyoga\/yoga-para-embarazadas-3\/\" target=\"_blank\" rel=\"noopener noreferrer\">3<\/a><\/h4>\n<p>&nbsp;<\/p>\n<p>&nbsp;<\/p>\n","protected":false},"excerpt":{"rendered":"<p>&nbsp; &nbsp; &nbsp; &nbsp; &nbsp; &nbsp; &nbsp; &nbsp; &nbsp; &nbsp; &nbsp; https:\/\/www.youtube.com\/watch?v=NePEmFe2LHg &nbsp; &nbsp; &nbsp; &nbsp; &nbsp; &nbsp;<\/p>\n","protected":false},"author":1,"featured_media":0,"parent":0,"menu_order":0,"comment_status":"closed","ping_status":"closed","template":"","meta":{"footnotes":""},"class_list":["post-4818","page","type-page","status-publish","hentry"],"_links":{"self":[{"href":"https:\/\/globalsolidarity.live\/wikiyoga\/wp-json\/wp\/v2\/pages\/4818","targetHints":{"allow":["GET"]}}],"collection":[{"href":"https:\/\/globalsolidarity.live\/wikiyoga\/wp-json\/wp\/v2\/pages"}],"about":[{"href":"https:\/\/globalsolidarity.live\/wikiyoga\/wp-json\/wp\/v2\/types\/page"}],"author":[{"embeddable":true,"href":"https:\/\/globalsolidarity.live\/wikiyoga\/wp-json\/wp\/v2\/users\/1"}],"replies":[{"embeddable":true,"href":"https:\/\/globalsolidarity.live\/wikiyoga\/wp-json\/wp\/v2\/comments?post=4818"}],"version-history":[{"count":2,"href":"https:\/\/globalsolidarity.live\/wikiyoga\/wp-json\/wp\/v2\/pages\/4818\/revisions"}],"predecessor-version":[{"id":4824,"href":"https:\/\/globalsolidarity.live\/wikiyoga\/wp-json\/wp\/v2\/pages\/4818\/revisions\/4824"}],"wp:attachment":[{"href":"https:\/\/globalsolidarity.live\/wikiyoga\/wp-json\/wp\/v2\/media?parent=4818"}],"curies":[{"name":"wp","href":"https:\/\/api.w.org\/{rel}","templated":true}]}}