{"id":4848,"date":"2021-06-01T00:33:35","date_gmt":"2021-06-01T00:33:35","guid":{"rendered":"https:\/\/globalsolidarity.live\/wikiyoga\/?page_id=4848"},"modified":"2021-06-01T00:38:05","modified_gmt":"2021-06-01T00:38:05","slug":"yoga-sistema-digestivo-1","status":"publish","type":"page","link":"https:\/\/globalsolidarity.live\/wikiyoga\/yoga-sistema-digestivo-1\/","title":{"rendered":"Yoga Sistema Digestivo &#8211; 1"},"content":{"rendered":"<p><iframe loading=\"lazy\" title=\"Yoga para la digesti\u00f3n: Pranayama y asanas (30 min)\" width=\"640\" height=\"360\" src=\"https:\/\/www.youtube.com\/embed\/qOfk8fHyq18?feature=oembed\" frameborder=\"0\" allow=\"accelerometer; autoplay; clipboard-write; encrypted-media; gyroscope; picture-in-picture; web-share\" referrerpolicy=\"strict-origin-when-cross-origin\" allowfullscreen><\/iframe><\/p>\n<p>&nbsp;<\/p>\n<p><iframe loading=\"lazy\" title=\"Yoga para una Mejor Digesti\u00f3n | Pesadez Estomacal  | Estomago Inflamado\" width=\"640\" height=\"360\" src=\"https:\/\/www.youtube.com\/embed\/KOIN0yVT9CA?feature=oembed\" frameborder=\"0\" allow=\"accelerometer; autoplay; clipboard-write; encrypted-media; gyroscope; picture-in-picture; web-share\" referrerpolicy=\"strict-origin-when-cross-origin\" allowfullscreen><\/iframe><\/p>\n<p>&nbsp;<\/p>\n<p><iframe loading=\"lazy\" title=\"Yoga para El Sistema Digestivo\" width=\"640\" height=\"360\" src=\"https:\/\/www.youtube.com\/embed\/oU4Yaj3k4pc?feature=oembed\" frameborder=\"0\" allow=\"accelerometer; autoplay; clipboard-write; encrypted-media; gyroscope; picture-in-picture; web-share\" referrerpolicy=\"strict-origin-when-cross-origin\" allowfullscreen><\/iframe><\/p>\n<p>&nbsp;<\/p>\n<p><iframe loading=\"lazy\" title=\"Yoga DETOX - mejorar digestion, circulacion, desintoxicar todos niveles | MalovaElena\" width=\"640\" height=\"360\" src=\"https:\/\/www.youtube.com\/embed\/xDL_4q350Lw?feature=oembed\" frameborder=\"0\" allow=\"accelerometer; autoplay; clipboard-write; encrypted-media; gyroscope; picture-in-picture; web-share\" referrerpolicy=\"strict-origin-when-cross-origin\" allowfullscreen><\/iframe><\/p>\n<p>&nbsp;<\/p>\n<p><iframe loading=\"lazy\" title=\"Yoga DEXTO | Yoga para el Estre\u00f1imiento | Dale Yoga A Tu Vida\" width=\"640\" height=\"360\" src=\"https:\/\/www.youtube.com\/embed\/oYheV4R6GrQ?feature=oembed\" frameborder=\"0\" allow=\"accelerometer; autoplay; clipboard-write; encrypted-media; gyroscope; picture-in-picture; web-share\" referrerpolicy=\"strict-origin-when-cross-origin\" allowfullscreen><\/iframe><\/p>\n<p>&nbsp;<\/p>\n<p><iframe loading=\"lazy\" title=\"Morning Yoga para la digesti\u00f3n tras una cena pesada\" width=\"640\" height=\"360\" src=\"https:\/\/www.youtube.com\/embed\/K3N60KAZ-Ho?feature=oembed\" frameborder=\"0\" allow=\"accelerometer; autoplay; clipboard-write; encrypted-media; gyroscope; picture-in-picture; web-share\" referrerpolicy=\"strict-origin-when-cross-origin\" allowfullscreen><\/iframe><\/p>\n<p>&nbsp;<\/p>\n<p>https:\/\/www.youtube.com\/watch?v=tYQGZhjmQpY<\/p>\n<p>&nbsp;<\/p>\n<p><iframe loading=\"lazy\" title=\"Yoga para estimular el sistema digestivo\" width=\"640\" height=\"360\" src=\"https:\/\/www.youtube.com\/embed\/suPj9wxDwUs?feature=oembed\" frameborder=\"0\" allow=\"accelerometer; autoplay; clipboard-write; encrypted-media; gyroscope; picture-in-picture; web-share\" referrerpolicy=\"strict-origin-when-cross-origin\" allowfullscreen><\/iframe><\/p>\n<p>&nbsp;<\/p>\n<p><iframe loading=\"lazy\" title=\"Yoga para la Digesti\u00f3n  | Dale Yoga A Tu Vida\" width=\"640\" height=\"360\" src=\"https:\/\/www.youtube.com\/embed\/HVH7SQKAa9Q?feature=oembed\" frameborder=\"0\" allow=\"accelerometer; autoplay; clipboard-write; encrypted-media; gyroscope; picture-in-picture; web-share\" referrerpolicy=\"strict-origin-when-cross-origin\" allowfullscreen><\/iframe><\/p>\n<p>&nbsp;<\/p>\n<p><iframe loading=\"lazy\" title=\"Yoga para el Estre\u00f1imiento | Posturas de Yoga sistema digestivo\" width=\"640\" height=\"360\" src=\"https:\/\/www.youtube.com\/embed\/ThSqN0Wdr9k?feature=oembed\" frameborder=\"0\" allow=\"accelerometer; autoplay; clipboard-write; encrypted-media; gyroscope; picture-in-picture; web-share\" referrerpolicy=\"strict-origin-when-cross-origin\" allowfullscreen><\/iframe><\/p>\n<p>&nbsp;<\/p>\n<p><iframe loading=\"lazy\" title=\"Serie de yoga para el sistema digestivo\" width=\"640\" height=\"360\" src=\"https:\/\/www.youtube.com\/embed\/GpBeDXceZ5c?feature=oembed\" frameborder=\"0\" allow=\"accelerometer; autoplay; clipboard-write; encrypted-media; gyroscope; picture-in-picture; web-share\" referrerpolicy=\"strict-origin-when-cross-origin\" allowfullscreen><\/iframe><\/p>\n<p>&nbsp;<\/p>\n<p><iframe loading=\"lazy\" title=\"Dile Adios al Estre\u00f1imiento con este Masaje R\u00e1pido y F\u00e1cil\" width=\"640\" height=\"360\" src=\"https:\/\/www.youtube.com\/embed\/1hifLsCcE8I?feature=oembed\" frameborder=\"0\" allow=\"accelerometer; autoplay; clipboard-write; encrypted-media; gyroscope; picture-in-picture; web-share\" referrerpolicy=\"strict-origin-when-cross-origin\" allowfullscreen><\/iframe><\/p>\n<p>&nbsp;<\/p>\n<p><iframe loading=\"lazy\" title=\"C\u00f3mo Aliviar el estre\u00f1imiento\" width=\"640\" height=\"360\" src=\"https:\/\/www.youtube.com\/embed\/kKbUeD4SttY?feature=oembed\" frameborder=\"0\" allow=\"accelerometer; autoplay; clipboard-write; encrypted-media; gyroscope; picture-in-picture; web-share\" referrerpolicy=\"strict-origin-when-cross-origin\" allowfullscreen><\/iframe><\/p>\n<p>&nbsp;<\/p>\n<p><iframe loading=\"lazy\" title=\"Mejorar la Digesti\u00f3n | Metabolismo | Dale Yoga A Tu Vida\" width=\"640\" height=\"360\" src=\"https:\/\/www.youtube.com\/embed\/p8bdcxbXj_M?feature=oembed\" frameborder=\"0\" allow=\"accelerometer; autoplay; clipboard-write; encrypted-media; gyroscope; picture-in-picture; web-share\" referrerpolicy=\"strict-origin-when-cross-origin\" allowfullscreen><\/iframe><\/p>\n<p>&nbsp;<\/p>\n<p><iframe loading=\"lazy\" title=\"Postura para el colon. Con Sat Purkh Kaur\" width=\"640\" height=\"360\" src=\"https:\/\/www.youtube.com\/embed\/8e88vEQMOT4?feature=oembed\" frameborder=\"0\" allow=\"accelerometer; autoplay; clipboard-write; encrypted-media; gyroscope; picture-in-picture; web-share\" referrerpolicy=\"strict-origin-when-cross-origin\" allowfullscreen><\/iframe><\/p>\n<p>&nbsp;<\/p>\n<p><iframe loading=\"lazy\" title=\"\u00bfC\u00f3mo quitar el ESTRE\u00d1IMIENTO? | MEJORA LA DIGESTI\u00d3N | Dale Yoga A Tu Vida\" width=\"640\" height=\"360\" src=\"https:\/\/www.youtube.com\/embed\/jB5e_5ijFSU?feature=oembed\" frameborder=\"0\" allow=\"accelerometer; autoplay; clipboard-write; encrypted-media; gyroscope; picture-in-picture; web-share\" referrerpolicy=\"strict-origin-when-cross-origin\" allowfullscreen><\/iframe><\/p>\n<p>&nbsp;<\/p>\n<p><iframe loading=\"lazy\" title=\"3 ejercicios para mejorar la digesti\u00f3n y eliminar la hinchaz\u00f3n abdominal\" width=\"640\" height=\"360\" src=\"https:\/\/www.youtube.com\/embed\/D5acEdUN-bI?feature=oembed\" frameborder=\"0\" allow=\"accelerometer; autoplay; clipboard-write; encrypted-media; gyroscope; picture-in-picture; web-share\" referrerpolicy=\"strict-origin-when-cross-origin\" allowfullscreen><\/iframe><\/p>\n<p>&nbsp;<\/p>\n<p><iframe loading=\"lazy\" title=\"Jugo para Desintoxicar y Limpiar el Intestino \/ DELICIOSO\" width=\"640\" height=\"360\" src=\"https:\/\/www.youtube.com\/embed\/rQ7wE52Ucdw?feature=oembed\" frameborder=\"0\" allow=\"accelerometer; autoplay; clipboard-write; encrypted-media; gyroscope; picture-in-picture; web-share\" referrerpolicy=\"strict-origin-when-cross-origin\" allowfullscreen><\/iframe><\/p>\n<p>&nbsp;<\/p>\n<p><iframe loading=\"lazy\" title=\"YOGA para problemas DIGESTIVOS\" width=\"640\" height=\"360\" src=\"https:\/\/www.youtube.com\/embed\/fJKLqQ1Zu5Y?feature=oembed\" frameborder=\"0\" allow=\"accelerometer; autoplay; clipboard-write; encrypted-media; gyroscope; picture-in-picture; web-share\" referrerpolicy=\"strict-origin-when-cross-origin\" allowfullscreen><\/iframe><\/p>\n<p>&nbsp;<\/p>\n<p><iframe loading=\"lazy\" title=\"Yoga para la COLITIS Y DIGESTI\u00d3N *Nauli Kriya*\" width=\"640\" height=\"360\" src=\"https:\/\/www.youtube.com\/embed\/U0ws1CuiNjc?feature=oembed\" frameborder=\"0\" allow=\"accelerometer; autoplay; clipboard-write; encrypted-media; gyroscope; picture-in-picture; web-share\" referrerpolicy=\"strict-origin-when-cross-origin\" allowfullscreen><\/iframe><\/p>\n<p>&nbsp;<\/p>\n<p><iframe loading=\"lazy\" title=\"Ejercicios para la Colitis -  Inflamaci\u00f3n del Colon\" width=\"640\" height=\"360\" src=\"https:\/\/www.youtube.com\/embed\/U5H0gYOg3sk?feature=oembed\" frameborder=\"0\" allow=\"accelerometer; autoplay; clipboard-write; encrypted-media; gyroscope; picture-in-picture; web-share\" referrerpolicy=\"strict-origin-when-cross-origin\" allowfullscreen><\/iframe><\/p>\n<p>&nbsp;<\/p>\n<p><iframe loading=\"lazy\" title=\"\u2764\ufe0fYOGA EN CASA en DIRECTO - ESPECIAL SISTEMA DIGESTIVO (12\/05\/20)\u2764\ufe0f\" width=\"640\" height=\"360\" src=\"https:\/\/www.youtube.com\/embed\/qb_cHo0Lods?feature=oembed\" frameborder=\"0\" allow=\"accelerometer; autoplay; clipboard-write; encrypted-media; gyroscope; picture-in-picture; web-share\" referrerpolicy=\"strict-origin-when-cross-origin\" allowfullscreen><\/iframe><\/p>\n<p>&nbsp;<\/p>\n<p><iframe loading=\"lazy\" title=\"HATHA YOGA #2 | Para el sistema digestivo (Clase de yoga en espa\u00f1ol en directo)\" width=\"640\" height=\"360\" src=\"https:\/\/www.youtube.com\/embed\/o-pD9gnNFiw?feature=oembed\" frameborder=\"0\" allow=\"accelerometer; autoplay; clipboard-write; encrypted-media; gyroscope; picture-in-picture; web-share\" referrerpolicy=\"strict-origin-when-cross-origin\" allowfullscreen><\/iframe><\/p>\n<p>&nbsp;<\/p>\n<p><iframe loading=\"lazy\" title=\"8 Consejos para una mejor digesti\u00f3n\" width=\"640\" height=\"360\" src=\"https:\/\/www.youtube.com\/embed\/g1GCCrJsOVI?feature=oembed\" frameborder=\"0\" allow=\"accelerometer; autoplay; clipboard-write; encrypted-media; gyroscope; picture-in-picture; web-share\" referrerpolicy=\"strict-origin-when-cross-origin\" allowfullscreen><\/iframe><\/p>\n<p>&nbsp;<\/p>\n<p><iframe loading=\"lazy\" title=\"Yoga para mejorar la digesti\u00f3n | Pawanmuktasana serie 2\" width=\"640\" height=\"360\" src=\"https:\/\/www.youtube.com\/embed\/BWkGqA-ohZM?feature=oembed\" frameborder=\"0\" allow=\"accelerometer; autoplay; clipboard-write; encrypted-media; gyroscope; picture-in-picture; web-share\" referrerpolicy=\"strict-origin-when-cross-origin\" allowfullscreen><\/iframe><\/p>\n<p>&nbsp;<\/p>\n<p><iframe loading=\"lazy\" title=\"Ejercicios para desinflamar la pancita - Yoga para la colitis\" width=\"640\" height=\"360\" src=\"https:\/\/www.youtube.com\/embed\/jieUDehSi0Y?feature=oembed\" frameborder=\"0\" allow=\"accelerometer; autoplay; clipboard-write; encrypted-media; gyroscope; picture-in-picture; web-share\" referrerpolicy=\"strict-origin-when-cross-origin\" allowfullscreen><\/iframe><\/p>\n<p>&nbsp;<\/p>\n<p><iframe loading=\"lazy\" title=\"KUNDALINI YOGA EN ESPA\u00d1OL Clase limpieza del colon\" width=\"640\" height=\"360\" src=\"https:\/\/www.youtube.com\/embed\/4sPrciRFp2c?feature=oembed\" frameborder=\"0\" allow=\"accelerometer; autoplay; clipboard-write; encrypted-media; gyroscope; picture-in-picture; web-share\" referrerpolicy=\"strict-origin-when-cross-origin\" allowfullscreen><\/iframe><\/p>\n<p>&nbsp;<\/p>\n<h4>P\u00e1ginas&nbsp; <a href=\"https:\/\/globalsolidarity.live\/wikiyoga\/yoga-sistema-digestivo-1\/\" target=\"_blank\" rel=\"noopener noreferrer\">1<\/a> &#8211; <a href=\"https:\/\/globalsolidarity.live\/wikiyoga\/yoga-sistema-digestivo-2\/\" target=\"_blank\" rel=\"noopener noreferrer\">2<\/a> &#8211; <a href=\"https:\/\/globalsolidarity.live\/wikiyoga\/yoga-sistema-digestivo-3\/\" target=\"_blank\" rel=\"noopener noreferrer\">3<\/a><\/h4>\n","protected":false},"excerpt":{"rendered":"<p>&nbsp; &nbsp; &nbsp; &nbsp; &nbsp; &nbsp; https:\/\/www.youtube.com\/watch?v=tYQGZhjmQpY &nbsp; &nbsp; &nbsp; &nbsp; &nbsp; &nbsp; &nbsp; &nbsp; &nbsp; &nbsp; &nbsp;<\/p>\n","protected":false},"author":1,"featured_media":0,"parent":0,"menu_order":0,"comment_status":"closed","ping_status":"closed","template":"","meta":{"footnotes":""},"class_list":["post-4848","page","type-page","status-publish","hentry"],"_links":{"self":[{"href":"https:\/\/globalsolidarity.live\/wikiyoga\/wp-json\/wp\/v2\/pages\/4848","targetHints":{"allow":["GET"]}}],"collection":[{"href":"https:\/\/globalsolidarity.live\/wikiyoga\/wp-json\/wp\/v2\/pages"}],"about":[{"href":"https:\/\/globalsolidarity.live\/wikiyoga\/wp-json\/wp\/v2\/types\/page"}],"author":[{"embeddable":true,"href":"https:\/\/globalsolidarity.live\/wikiyoga\/wp-json\/wp\/v2\/users\/1"}],"replies":[{"embeddable":true,"href":"https:\/\/globalsolidarity.live\/wikiyoga\/wp-json\/wp\/v2\/comments?post=4848"}],"version-history":[{"count":3,"href":"https:\/\/globalsolidarity.live\/wikiyoga\/wp-json\/wp\/v2\/pages\/4848\/revisions"}],"predecessor-version":[{"id":4856,"href":"https:\/\/globalsolidarity.live\/wikiyoga\/wp-json\/wp\/v2\/pages\/4848\/revisions\/4856"}],"wp:attachment":[{"href":"https:\/\/globalsolidarity.live\/wikiyoga\/wp-json\/wp\/v2\/media?parent=4848"}],"curies":[{"name":"wp","href":"https:\/\/api.w.org\/{rel}","templated":true}]}}