{"id":4864,"date":"2021-06-01T00:44:48","date_gmt":"2021-06-01T00:44:48","guid":{"rendered":"https:\/\/globalsolidarity.live\/wikiyoga\/?page_id=4864"},"modified":"2021-06-01T00:48:20","modified_gmt":"2021-06-01T00:48:20","slug":"yoga-sistema-endocrino-2","status":"publish","type":"page","link":"https:\/\/globalsolidarity.live\/wikiyoga\/yoga-sistema-endocrino-2\/","title":{"rendered":"Yoga Sistema Endocrino &#8211; 2"},"content":{"rendered":"<p><iframe loading=\"lazy\" title=\"Resumen sobre las hormonas de las gl\u00e1ndulas endocrinas | Fisiolog\u00eda del sistema end\u00f3crino\" width=\"640\" height=\"360\" src=\"https:\/\/www.youtube.com\/embed\/HDD9YSZ80Gk?feature=oembed\" frameborder=\"0\" allow=\"accelerometer; autoplay; clipboard-write; encrypted-media; gyroscope; picture-in-picture; web-share\" referrerpolicy=\"strict-origin-when-cross-origin\" allowfullscreen><\/iframe><\/p>\n<p>&nbsp;<\/p>\n<p><iframe loading=\"lazy\" title=\"Kundalini Yoga en Directo 02\/05 para las Gl\u00e1ndulas Endocrinas\" width=\"640\" height=\"360\" src=\"https:\/\/www.youtube.com\/embed\/E7mSE0aCgNQ?feature=oembed\" frameborder=\"0\" allow=\"accelerometer; autoplay; clipboard-write; encrypted-media; gyroscope; picture-in-picture; web-share\" referrerpolicy=\"strict-origin-when-cross-origin\" allowfullscreen><\/iframe><\/p>\n<p>&nbsp;<\/p>\n<p><iframe loading=\"lazy\" title=\"Yoga Alamedas - Fortalece el sistema glandular\" width=\"640\" height=\"360\" src=\"https:\/\/www.youtube.com\/embed\/vNClr4kcUYM?feature=oembed\" frameborder=\"0\" allow=\"accelerometer; autoplay; clipboard-write; encrypted-media; gyroscope; picture-in-picture; web-share\" referrerpolicy=\"strict-origin-when-cross-origin\" allowfullscreen><\/iframe><\/p>\n<p>&nbsp;<\/p>\n<p>https:\/\/www.youtube.com\/watch?v=1gx6BHrNItI<\/p>\n<p>&nbsp;<\/p>\n<p><iframe loading=\"lazy\" title=\"Sistema endocrino y sus gl\u00e1ndulas\" width=\"640\" height=\"360\" src=\"https:\/\/www.youtube.com\/embed\/aGsw059nGls?feature=oembed\" frameborder=\"0\" allow=\"accelerometer; autoplay; clipboard-write; encrypted-media; gyroscope; picture-in-picture; web-share\" referrerpolicy=\"strict-origin-when-cross-origin\" allowfullscreen><\/iframe><\/p>\n<p>&nbsp;<\/p>\n<p><iframe loading=\"lazy\" title=\"Kundalini Yoga en casa 2. Kriya para el sistema nervioso y el equilibrio glandular.\" width=\"640\" height=\"480\" src=\"https:\/\/www.youtube.com\/embed\/IrYMbeMR7eU?feature=oembed\" frameborder=\"0\" allow=\"accelerometer; autoplay; clipboard-write; encrypted-media; gyroscope; picture-in-picture; web-share\" referrerpolicy=\"strict-origin-when-cross-origin\" allowfullscreen><\/iframe><\/p>\n<p>&nbsp;<\/p>\n<p><iframe loading=\"lazy\" title=\"Relajaci\u00f3n guiada. Mima tu sistema endocrino.\" width=\"640\" height=\"360\" src=\"https:\/\/www.youtube.com\/embed\/GHEqDDYieQE?feature=oembed\" frameborder=\"0\" allow=\"accelerometer; autoplay; clipboard-write; encrypted-media; gyroscope; picture-in-picture; web-share\" referrerpolicy=\"strict-origin-when-cross-origin\" allowfullscreen><\/iframe><\/p>\n<p>&nbsp;<\/p>\n<p>https:\/\/www.youtube.com\/watch?v=0qvR3X-ikqE<\/p>\n<p>&nbsp;<\/p>\n<p><iframe loading=\"lazy\" title=\"\ud83d\udfe5SISTEMA ENDOCRINO \ud83d\udc9aEXPLICADO F\u00c1CIL\ud83e\udde0GL\u00c1NDULAS Y HORMONAS\ud83d\udfe5\" width=\"640\" height=\"360\" src=\"https:\/\/www.youtube.com\/embed\/2vHIMtKFuGk?feature=oembed\" frameborder=\"0\" allow=\"accelerometer; autoplay; clipboard-write; encrypted-media; gyroscope; picture-in-picture; web-share\" referrerpolicy=\"strict-origin-when-cross-origin\" allowfullscreen><\/iframe><\/p>\n<p>&nbsp;<\/p>\n<p><iframe loading=\"lazy\" title=\"AUTOMASAJE TIBETANO REJUVENECEDOR , MEJORA LA VISTA, EL O\u00cdDO , SISTEMA ENDOCRINO\" width=\"640\" height=\"360\" src=\"https:\/\/www.youtube.com\/embed\/0wpwdImBsRM?feature=oembed\" frameborder=\"0\" allow=\"accelerometer; autoplay; clipboard-write; encrypted-media; gyroscope; picture-in-picture; web-share\" referrerpolicy=\"strict-origin-when-cross-origin\" allowfullscreen><\/iframe><\/p>\n<p>&nbsp;<\/p>\n<p><iframe loading=\"lazy\" title=\"Documental Biologia Humana   EL SISTEMA ENDOCRINO\" width=\"640\" height=\"480\" src=\"https:\/\/www.youtube.com\/embed\/9jFPcpVmqOo?feature=oembed\" frameborder=\"0\" allow=\"accelerometer; autoplay; clipboard-write; encrypted-media; gyroscope; picture-in-picture; web-share\" referrerpolicy=\"strict-origin-when-cross-origin\" allowfullscreen><\/iframe><\/p>\n<p>&nbsp;<\/p>\n<p><iframe loading=\"lazy\" title=\"Yoga para el Sistema Hormonal\" width=\"640\" height=\"360\" src=\"https:\/\/www.youtube.com\/embed\/SVPof5jXb_Q?feature=oembed\" frameborder=\"0\" allow=\"accelerometer; autoplay; clipboard-write; encrypted-media; gyroscope; picture-in-picture; web-share\" referrerpolicy=\"strict-origin-when-cross-origin\" allowfullscreen><\/iframe><\/p>\n<p>&nbsp;<\/p>\n<p><iframe loading=\"lazy\" title=\"Clase de Yoga para mejorar el sistema hormonal\" width=\"640\" height=\"360\" src=\"https:\/\/www.youtube.com\/embed\/26J0FdCNhtE?feature=oembed\" frameborder=\"0\" allow=\"accelerometer; autoplay; clipboard-write; encrypted-media; gyroscope; picture-in-picture; web-share\" referrerpolicy=\"strict-origin-when-cross-origin\" allowfullscreen><\/iframe><\/p>\n<p>&nbsp;<\/p>\n<p><iframe loading=\"lazy\" title=\"Aprende a Hackear tu Sistema End\u00f3crino en segundos\" width=\"640\" height=\"360\" src=\"https:\/\/www.youtube.com\/embed\/TCsnD3RQhgM?feature=oembed\" frameborder=\"0\" allow=\"accelerometer; autoplay; clipboard-write; encrypted-media; gyroscope; picture-in-picture; web-share\" referrerpolicy=\"strict-origin-when-cross-origin\" allowfullscreen><\/iframe><\/p>\n<p>&nbsp;<\/p>\n<p><iframe loading=\"lazy\" title=\"YOGA RESTAURATIVO. Depuraci\u00f3n sangu\u00ednea\" width=\"640\" height=\"360\" src=\"https:\/\/www.youtube.com\/embed\/2lbSwwlw2NQ?feature=oembed\" frameborder=\"0\" allow=\"accelerometer; autoplay; clipboard-write; encrypted-media; gyroscope; picture-in-picture; web-share\" referrerpolicy=\"strict-origin-when-cross-origin\" allowfullscreen><\/iframe><\/p>\n<p>&nbsp;<\/p>\n<p><iframe loading=\"lazy\" title=\"KUNDALINI YOGA &amp; ANAT\u00d3MICO. Para el sistema endocrino. CL7\" width=\"640\" height=\"360\" src=\"https:\/\/www.youtube.com\/embed\/vOvJT3AelOU?feature=oembed\" frameborder=\"0\" allow=\"accelerometer; autoplay; clipboard-write; encrypted-media; gyroscope; picture-in-picture; web-share\" referrerpolicy=\"strict-origin-when-cross-origin\" allowfullscreen><\/iframe><\/p>\n<p>&nbsp;<\/p>\n<p><iframe loading=\"lazy\" title=\"Kundalini Yoga - Gl\u00e1ndula Pituitaria\" width=\"640\" height=\"360\" src=\"https:\/\/www.youtube.com\/embed\/aBKGfS9-yiw?feature=oembed\" frameborder=\"0\" allow=\"accelerometer; autoplay; clipboard-write; encrypted-media; gyroscope; picture-in-picture; web-share\" referrerpolicy=\"strict-origin-when-cross-origin\" allowfullscreen><\/iframe><\/p>\n<p>&nbsp;<\/p>\n<p>https:\/\/www.youtube.com\/watch?v=I9M4ZDkMCaY<\/p>\n<p>&nbsp;<\/p>\n<p><iframe loading=\"lazy\" title=\"BioFrecuencias: SISTEMA ENDOCRINO (Rife-Nogier-Bahr-Reininger).\" width=\"640\" height=\"360\" src=\"https:\/\/www.youtube.com\/embed\/XU05NgK-awY?feature=oembed\" frameborder=\"0\" allow=\"accelerometer; autoplay; clipboard-write; encrypted-media; gyroscope; picture-in-picture; web-share\" referrerpolicy=\"strict-origin-when-cross-origin\" allowfullscreen><\/iframe><\/p>\n<p>&nbsp;<\/p>\n<p>https:\/\/www.youtube.com\/watch?v=2adueUdwk48<\/p>\n<p>&nbsp;<\/p>\n<p>https:\/\/www.youtube.com\/watch?v=0X7zXyVrIJc<\/p>\n<p>&nbsp;<\/p>\n<p><iframe loading=\"lazy\" title=\"La Gl\u00e1ndula Timo y La Felicidad\" width=\"640\" height=\"480\" src=\"https:\/\/www.youtube.com\/embed\/NmbcLMLtUMQ?feature=oembed\" frameborder=\"0\" allow=\"accelerometer; autoplay; clipboard-write; encrypted-media; gyroscope; picture-in-picture; web-share\" referrerpolicy=\"strict-origin-when-cross-origin\" allowfullscreen><\/iframe><\/p>\n<p>&nbsp;<\/p>\n<p>https:\/\/www.youtube.com\/watch?v=0WDruv1HwMg<\/p>\n<p>&nbsp;<\/p>\n<p><iframe loading=\"lazy\" title=\"KUNDALINI YOGA PARA EL SISTEMA GLANDULAR \ud83e\udd17\" width=\"640\" height=\"360\" src=\"https:\/\/www.youtube.com\/embed\/8aW4cg-W9YM?feature=oembed\" frameborder=\"0\" allow=\"accelerometer; autoplay; clipboard-write; encrypted-media; gyroscope; picture-in-picture; web-share\" referrerpolicy=\"strict-origin-when-cross-origin\" allowfullscreen><\/iframe><\/p>\n<p>&nbsp;<\/p>\n<p>https:\/\/www.youtube.com\/watch?v=iPsip8Plyf8<\/p>\n<p>&nbsp;<\/p>\n<p><iframe loading=\"lazy\" title=\"C\u00f3mo activar la gl\u00e1ndula timo con este ejercicio de Yoga | Ravi Sangeeta Kaur - Terapias Hol\u00edsticas\" width=\"640\" height=\"360\" src=\"https:\/\/www.youtube.com\/embed\/-gMTM8kBu7A?feature=oembed\" frameborder=\"0\" allow=\"accelerometer; autoplay; clipboard-write; encrypted-media; gyroscope; picture-in-picture; web-share\" referrerpolicy=\"strict-origin-when-cross-origin\" allowfullscreen><\/iframe><\/p>\n<p>&nbsp;<\/p>\n<h4>P\u00e1ginas&nbsp;<a href=\"https:\/\/globalsolidarity.live\/wikiyoga\/yoga-sistema-endocrino-1\/\" target=\"_blank\" rel=\"noopener noreferrer\">1<\/a> &#8211; <a href=\"https:\/\/globalsolidarity.live\/wikiyoga\/yoga-sistema-endocrino-2\/\" target=\"_blank\" rel=\"noopener noreferrer\">2<\/a> &#8211; <a href=\"https:\/\/globalsolidarity.live\/wikiyoga\/yoga-sistema-endocrino-3\/\" target=\"_blank\" rel=\"noopener noreferrer\">3<\/a><\/h4>\n","protected":false},"excerpt":{"rendered":"<p>&nbsp; &nbsp; &nbsp; https:\/\/www.youtube.com\/watch?v=1gx6BHrNItI &nbsp; &nbsp; &nbsp; &nbsp; https:\/\/www.youtube.com\/watch?v=0qvR3X-ikqE &nbsp; &nbsp; &nbsp; &nbsp; &nbsp; &nbsp; &nbsp; &nbsp; &nbsp;<\/p>\n","protected":false},"author":1,"featured_media":0,"parent":0,"menu_order":0,"comment_status":"closed","ping_status":"closed","template":"","meta":{"footnotes":""},"class_list":["post-4864","page","type-page","status-publish","hentry"],"_links":{"self":[{"href":"https:\/\/globalsolidarity.live\/wikiyoga\/wp-json\/wp\/v2\/pages\/4864","targetHints":{"allow":["GET"]}}],"collection":[{"href":"https:\/\/globalsolidarity.live\/wikiyoga\/wp-json\/wp\/v2\/pages"}],"about":[{"href":"https:\/\/globalsolidarity.live\/wikiyoga\/wp-json\/wp\/v2\/types\/page"}],"author":[{"embeddable":true,"href":"https:\/\/globalsolidarity.live\/wikiyoga\/wp-json\/wp\/v2\/users\/1"}],"replies":[{"embeddable":true,"href":"https:\/\/globalsolidarity.live\/wikiyoga\/wp-json\/wp\/v2\/comments?post=4864"}],"version-history":[{"count":2,"href":"https:\/\/globalsolidarity.live\/wikiyoga\/wp-json\/wp\/v2\/pages\/4864\/revisions"}],"predecessor-version":[{"id":4869,"href":"https:\/\/globalsolidarity.live\/wikiyoga\/wp-json\/wp\/v2\/pages\/4864\/revisions\/4869"}],"wp:attachment":[{"href":"https:\/\/globalsolidarity.live\/wikiyoga\/wp-json\/wp\/v2\/media?parent=4864"}],"curies":[{"name":"wp","href":"https:\/\/api.w.org\/{rel}","templated":true}]}}