{"id":4938,"date":"2021-06-01T01:38:36","date_gmt":"2021-06-01T01:38:36","guid":{"rendered":"https:\/\/globalsolidarity.live\/wikiyoga\/?page_id=4938"},"modified":"2021-06-01T01:38:36","modified_gmt":"2021-06-01T01:38:36","slug":"pranayama-2","status":"publish","type":"page","link":"https:\/\/globalsolidarity.live\/wikiyoga\/pranayama-2\/","title":{"rendered":"Pranayama"},"content":{"rendered":"<p><iframe loading=\"lazy\" title=\"\u00bfQu\u00e9 es Pranayama?\" width=\"640\" height=\"360\" src=\"https:\/\/www.youtube.com\/embed\/yUB_RxspPko?feature=oembed\" frameborder=\"0\" allow=\"accelerometer; autoplay; clipboard-write; encrypted-media; gyroscope; picture-in-picture; web-share\" referrerpolicy=\"strict-origin-when-cross-origin\" allowfullscreen><\/iframe><\/p>\n<p>&nbsp;<\/p>\n<p><iframe loading=\"lazy\" title=\"Purificaci\u00f3n energ\u00e9tica con Kapalabhati Pranayama\" width=\"640\" height=\"360\" src=\"https:\/\/www.youtube.com\/embed\/QkY-vbfP3B8?feature=oembed\" frameborder=\"0\" allow=\"accelerometer; autoplay; clipboard-write; encrypted-media; gyroscope; picture-in-picture; web-share\" referrerpolicy=\"strict-origin-when-cross-origin\" allowfullscreen><\/iframe><\/p>\n<p>&nbsp;<\/p>\n<p><iframe loading=\"lazy\" title=\"Pranayama para principiantes | Ejercicios de respiraci\u00f3n\" width=\"640\" height=\"360\" src=\"https:\/\/www.youtube.com\/embed\/jzLLgej3pi8?feature=oembed\" frameborder=\"0\" allow=\"accelerometer; autoplay; clipboard-write; encrypted-media; gyroscope; picture-in-picture; web-share\" referrerpolicy=\"strict-origin-when-cross-origin\" allowfullscreen><\/iframe><\/p>\n<p>&nbsp;<\/p>\n<p><iframe loading=\"lazy\" title=\"Nadi Shodhana Pranayama (10 min)\" width=\"640\" height=\"360\" src=\"https:\/\/www.youtube.com\/embed\/9-4IGq-28TU?feature=oembed\" frameborder=\"0\" allow=\"accelerometer; autoplay; clipboard-write; encrypted-media; gyroscope; picture-in-picture; web-share\" referrerpolicy=\"strict-origin-when-cross-origin\" allowfullscreen><\/iframe><\/p>\n<p>&nbsp;<\/p>\n<p><iframe loading=\"lazy\" title=\"Ejercicios de respiracio\u0301n Pranayama con Lourdes Caballero\" width=\"640\" height=\"360\" src=\"https:\/\/www.youtube.com\/embed\/IiEA94BwtWI?feature=oembed\" frameborder=\"0\" allow=\"accelerometer; autoplay; clipboard-write; encrypted-media; gyroscope; picture-in-picture; web-share\" referrerpolicy=\"strict-origin-when-cross-origin\" allowfullscreen><\/iframe><\/p>\n<p>&nbsp;<\/p>\n<p><iframe loading=\"lazy\" title=\"Empezando el Pranayama - 3 ejercicios\" width=\"640\" height=\"360\" src=\"https:\/\/www.youtube.com\/embed\/rRJ7ImuL_HM?feature=oembed\" frameborder=\"0\" allow=\"accelerometer; autoplay; clipboard-write; encrypted-media; gyroscope; picture-in-picture; web-share\" referrerpolicy=\"strict-origin-when-cross-origin\" allowfullscreen><\/iframe><\/p>\n<p>&nbsp;<\/p>\n<p><iframe loading=\"lazy\" title=\"Kapalabhati - Ejercicio de respiraci\u00f3n | Pranayama\" width=\"640\" height=\"360\" src=\"https:\/\/www.youtube.com\/embed\/nPHCkmu0rvs?feature=oembed\" frameborder=\"0\" allow=\"accelerometer; autoplay; clipboard-write; encrypted-media; gyroscope; picture-in-picture; web-share\" referrerpolicy=\"strict-origin-when-cross-origin\" allowfullscreen><\/iframe><\/p>\n<p>&nbsp;<\/p>\n<p><iframe loading=\"lazy\" title=\"Meditaci\u00f3n Pranayama Ejercicios de Respiraci\u00f3n\" width=\"640\" height=\"360\" src=\"https:\/\/www.youtube.com\/embed\/VB0mLmUYj_c?feature=oembed\" frameborder=\"0\" allow=\"accelerometer; autoplay; clipboard-write; encrypted-media; gyroscope; picture-in-picture; web-share\" referrerpolicy=\"strict-origin-when-cross-origin\" allowfullscreen><\/iframe><\/p>\n<p>&nbsp;<\/p>\n<p><iframe loading=\"lazy\" title=\"Yoga Pranayama Asanas | Tipos, pose y Posturas | Tutorial Yoga En Espa\u00f1ol\" width=\"640\" height=\"480\" src=\"https:\/\/www.youtube.com\/embed\/5AKuwvHBv7A?feature=oembed\" frameborder=\"0\" allow=\"accelerometer; autoplay; clipboard-write; encrypted-media; gyroscope; picture-in-picture; web-share\" referrerpolicy=\"strict-origin-when-cross-origin\" allowfullscreen><\/iframe><\/p>\n<p>&nbsp;<\/p>\n<p><iframe loading=\"lazy\" title=\"PRANAYAMA  respiraci\u00f3n que cura\" width=\"640\" height=\"480\" src=\"https:\/\/www.youtube.com\/embed\/1wJEPoBJPVA?feature=oembed\" frameborder=\"0\" allow=\"accelerometer; autoplay; clipboard-write; encrypted-media; gyroscope; picture-in-picture; web-share\" referrerpolicy=\"strict-origin-when-cross-origin\" allowfullscreen><\/iframe><\/p>\n<p>&nbsp;<\/p>\n<p><iframe loading=\"lazy\" title=\"La Ciencia de la Respiraci\u00f3n- Pranayama por Paramahamsa Nithyananda\" width=\"640\" height=\"480\" src=\"https:\/\/www.youtube.com\/embed\/Zm_6n-9Ixh4?feature=oembed\" frameborder=\"0\" allow=\"accelerometer; autoplay; clipboard-write; encrypted-media; gyroscope; picture-in-picture; web-share\" referrerpolicy=\"strict-origin-when-cross-origin\" allowfullscreen><\/iframe><\/p>\n<p>&nbsp;<\/p>\n<p><iframe loading=\"lazy\" title=\"Complete Breathwork\/Pranayama session with Micha\u00ebl Bijker - Yogalap\" width=\"640\" height=\"360\" src=\"https:\/\/www.youtube.com\/embed\/mVchZ8D15Ec?feature=oembed\" frameborder=\"0\" allow=\"accelerometer; autoplay; clipboard-write; encrypted-media; gyroscope; picture-in-picture; web-share\" referrerpolicy=\"strict-origin-when-cross-origin\" allowfullscreen><\/iframe><\/p>\n<p>&nbsp;<\/p>\n<p>https:\/\/www.youtube.com\/watch?v=N2wR1OWhD4s<\/p>\n<p>&nbsp;<\/p>\n<p><iframe loading=\"lazy\" title=\"KUNDALINI YOGA CLASE DE PRANAYAMAS en espa\u00f1ol \u2705 kriya kundalini - pranayama ejercicios.\" width=\"640\" height=\"360\" src=\"https:\/\/www.youtube.com\/embed\/myLR7DIJphg?feature=oembed\" frameborder=\"0\" allow=\"accelerometer; autoplay; clipboard-write; encrypted-media; gyroscope; picture-in-picture; web-share\" referrerpolicy=\"strict-origin-when-cross-origin\" allowfullscreen><\/iframe><\/p>\n<p>&nbsp;<\/p>\n<p><iframe loading=\"lazy\" title=\"Relaja tu cuerpo y mente | Respiraci\u00f3n Alternada| Pranayama | T\u00e9cnicas de Respiraci\u00f3n\" width=\"640\" height=\"360\" src=\"https:\/\/www.youtube.com\/embed\/NMUUS-_7ijM?feature=oembed\" frameborder=\"0\" allow=\"accelerometer; autoplay; clipboard-write; encrypted-media; gyroscope; picture-in-picture; web-share\" referrerpolicy=\"strict-origin-when-cross-origin\" allowfullscreen><\/iframe><\/p>\n<p>&nbsp;<\/p>\n<p><iframe loading=\"lazy\" title=\"T\u00e9cnicas de pranayama. Respiraci\u00f3n y\u00f3guica o completa.\" width=\"640\" height=\"360\" src=\"https:\/\/www.youtube.com\/embed\/3dejv3xWQ30?feature=oembed\" frameborder=\"0\" allow=\"accelerometer; autoplay; clipboard-write; encrypted-media; gyroscope; picture-in-picture; web-share\" referrerpolicy=\"strict-origin-when-cross-origin\" allowfullscreen><\/iframe><\/p>\n<p>&nbsp;<\/p>\n<p><iframe loading=\"lazy\" title=\"Pranayama y Yoga Nidra para mejorar el sue\u00f1o\" width=\"640\" height=\"360\" src=\"https:\/\/www.youtube.com\/embed\/SOm9NAkAbjc?feature=oembed\" frameborder=\"0\" allow=\"accelerometer; autoplay; clipboard-write; encrypted-media; gyroscope; picture-in-picture; web-share\" referrerpolicy=\"strict-origin-when-cross-origin\" allowfullscreen><\/iframe><\/p>\n<p>&nbsp;<\/p>\n<p>https:\/\/www.youtube.com\/watch?v=817fiBUDChg<\/p>\n<p>&nbsp;<\/p>\n<p><iframe loading=\"lazy\" title=\"Yoga Para Mi Bienestar | Pr\u00e1ctica 3: Pranayama Rechaka 2:1\" width=\"640\" height=\"360\" src=\"https:\/\/www.youtube.com\/embed\/jCp8JxTMjTQ?feature=oembed\" frameborder=\"0\" allow=\"accelerometer; autoplay; clipboard-write; encrypted-media; gyroscope; picture-in-picture; web-share\" referrerpolicy=\"strict-origin-when-cross-origin\" allowfullscreen><\/iframe><\/p>\n<p>&nbsp;<\/p>\n<p><iframe loading=\"lazy\" title=\"Respiracio\u0301n Ujjayi (respiraci\u00f3n victoriosa)\" width=\"640\" height=\"360\" src=\"https:\/\/www.youtube.com\/embed\/RyXajBIugZI?feature=oembed\" frameborder=\"0\" allow=\"accelerometer; autoplay; clipboard-write; encrypted-media; gyroscope; picture-in-picture; web-share\" referrerpolicy=\"strict-origin-when-cross-origin\" allowfullscreen><\/iframe><\/p>\n<p>&nbsp;<\/p>\n<p><iframe loading=\"lazy\" title=\"Bhramri Pranayam - Detailed Explanation by Swami Ramdev\" width=\"640\" height=\"360\" src=\"https:\/\/www.youtube.com\/embed\/rd590U_4fII?feature=oembed\" frameborder=\"0\" allow=\"accelerometer; autoplay; clipboard-write; encrypted-media; gyroscope; picture-in-picture; web-share\" referrerpolicy=\"strict-origin-when-cross-origin\" allowfullscreen><\/iframe><\/p>\n<p>&nbsp;<\/p>\n<p><iframe loading=\"lazy\" title=\"Pranayama Kapalabhati  | Respiraci\u00f3n de Fuego | Para Activar la Energ\u00eda.\" width=\"640\" height=\"360\" src=\"https:\/\/www.youtube.com\/embed\/IHCYZXZm6_o?feature=oembed\" frameborder=\"0\" allow=\"accelerometer; autoplay; clipboard-write; encrypted-media; gyroscope; picture-in-picture; web-share\" referrerpolicy=\"strict-origin-when-cross-origin\" allowfullscreen><\/iframe><\/p>\n<p>&nbsp;<\/p>\n<p><iframe loading=\"lazy\" title=\"APRENDE la MEJOR manera de practicar la respiraci\u00f3n UJJAYI desde CERO.\" width=\"640\" height=\"360\" src=\"https:\/\/www.youtube.com\/embed\/7DhdFUnI2QI?feature=oembed\" frameborder=\"0\" allow=\"accelerometer; autoplay; clipboard-write; encrypted-media; gyroscope; picture-in-picture; web-share\" referrerpolicy=\"strict-origin-when-cross-origin\" allowfullscreen><\/iframe><\/p>\n<p>&nbsp;<\/p>\n<p><iframe loading=\"lazy\" title=\"BHRAMARI PRANAYAMA | RESPIRACI\u00d3N de la ABEJA en YOGA\" width=\"640\" height=\"360\" src=\"https:\/\/www.youtube.com\/embed\/gLI90Q87bvA?feature=oembed\" frameborder=\"0\" allow=\"accelerometer; autoplay; clipboard-write; encrypted-media; gyroscope; picture-in-picture; web-share\" referrerpolicy=\"strict-origin-when-cross-origin\" allowfullscreen><\/iframe><\/p>\n<p>&nbsp;<\/p>\n<p><iframe loading=\"lazy\" title=\"T\u00e9cnicas Pranayama. Respiraci\u00f3n completa.\" width=\"640\" height=\"360\" src=\"https:\/\/www.youtube.com\/embed\/wunnuLOxTdo?feature=oembed\" frameborder=\"0\" allow=\"accelerometer; autoplay; clipboard-write; encrypted-media; gyroscope; picture-in-picture; web-share\" referrerpolicy=\"strict-origin-when-cross-origin\" allowfullscreen><\/iframe><\/p>\n<p>&nbsp;<\/p>\n<p><iframe loading=\"lazy\" title=\"Bastrika Pranayama: la respiraci\u00f3n del fuelle | Yoga\" width=\"640\" height=\"360\" src=\"https:\/\/www.youtube.com\/embed\/XU6UxAVBhwY?feature=oembed\" frameborder=\"0\" allow=\"accelerometer; autoplay; clipboard-write; encrypted-media; gyroscope; picture-in-picture; web-share\" referrerpolicy=\"strict-origin-when-cross-origin\" allowfullscreen><\/iframe><\/p>\n<p>&nbsp;<\/p>\n<p>&nbsp;<\/p>\n<p>&nbsp;<\/p>\n<p>&nbsp;<\/p>\n<p>&nbsp;<\/p>\n<p>&nbsp;<\/p>\n","protected":false},"excerpt":{"rendered":"<p>&nbsp; &nbsp; &nbsp; &nbsp; &nbsp; &nbsp; &nbsp; &nbsp; &nbsp; &nbsp; &nbsp; &nbsp; https:\/\/www.youtube.com\/watch?v=N2wR1OWhD4s &nbsp; &nbsp; &nbsp; &nbsp; &nbsp;<\/p>\n","protected":false},"author":1,"featured_media":0,"parent":0,"menu_order":0,"comment_status":"closed","ping_status":"closed","template":"","meta":{"footnotes":""},"class_list":["post-4938","page","type-page","status-publish","hentry"],"_links":{"self":[{"href":"https:\/\/globalsolidarity.live\/wikiyoga\/wp-json\/wp\/v2\/pages\/4938","targetHints":{"allow":["GET"]}}],"collection":[{"href":"https:\/\/globalsolidarity.live\/wikiyoga\/wp-json\/wp\/v2\/pages"}],"about":[{"href":"https:\/\/globalsolidarity.live\/wikiyoga\/wp-json\/wp\/v2\/types\/page"}],"author":[{"embeddable":true,"href":"https:\/\/globalsolidarity.live\/wikiyoga\/wp-json\/wp\/v2\/users\/1"}],"replies":[{"embeddable":true,"href":"https:\/\/globalsolidarity.live\/wikiyoga\/wp-json\/wp\/v2\/comments?post=4938"}],"version-history":[{"count":1,"href":"https:\/\/globalsolidarity.live\/wikiyoga\/wp-json\/wp\/v2\/pages\/4938\/revisions"}],"predecessor-version":[{"id":4939,"href":"https:\/\/globalsolidarity.live\/wikiyoga\/wp-json\/wp\/v2\/pages\/4938\/revisions\/4939"}],"wp:attachment":[{"href":"https:\/\/globalsolidarity.live\/wikiyoga\/wp-json\/wp\/v2\/media?parent=4938"}],"curies":[{"name":"wp","href":"https:\/\/api.w.org\/{rel}","templated":true}]}}