{"id":4972,"date":"2021-06-01T02:01:13","date_gmt":"2021-06-01T02:01:13","guid":{"rendered":"https:\/\/globalsolidarity.live\/wikiyoga\/?page_id=4972"},"modified":"2021-06-01T02:01:13","modified_gmt":"2021-06-01T02:01:13","slug":"yoga-para-aliviar-el-higado","status":"publish","type":"page","link":"https:\/\/globalsolidarity.live\/wikiyoga\/yoga-para-aliviar-el-higado\/","title":{"rendered":"Yoga para aliviar el H\u00edgado"},"content":{"rendered":"<p><iframe loading=\"lazy\" title=\"\u00bfC\u00f3mo mantenemos el h\u00edgado sano por medio del yoga?\" width=\"640\" height=\"360\" src=\"https:\/\/www.youtube.com\/embed\/xHCvk3gExS0?feature=oembed\" frameborder=\"0\" allow=\"accelerometer; autoplay; clipboard-write; encrypted-media; gyroscope; picture-in-picture; web-share\" referrerpolicy=\"strict-origin-when-cross-origin\" allowfullscreen><\/iframe><\/p>\n<p>&nbsp;<\/p>\n<p><iframe loading=\"lazy\" title=\"C\u00f3mo limpiar el h\u00edgado - Ejercicio para el h\u00edgado\" width=\"640\" height=\"360\" src=\"https:\/\/www.youtube.com\/embed\/v2URgqsTrT4?feature=oembed\" frameborder=\"0\" allow=\"accelerometer; autoplay; clipboard-write; encrypted-media; gyroscope; picture-in-picture; web-share\" referrerpolicy=\"strict-origin-when-cross-origin\" allowfullscreen><\/iframe><\/p>\n<p>&nbsp;<\/p>\n<p><iframe loading=\"lazy\" title=\"Hi\u0301gado y el Yoga\" width=\"640\" height=\"360\" src=\"https:\/\/www.youtube.com\/embed\/I8byQtDGS8w?feature=oembed\" frameborder=\"0\" allow=\"accelerometer; autoplay; clipboard-write; encrypted-media; gyroscope; picture-in-picture; web-share\" referrerpolicy=\"strict-origin-when-cross-origin\" allowfullscreen><\/iframe><\/p>\n<p>&nbsp;<\/p>\n<p><iframe loading=\"lazy\" title=\"KUNDALINI YOGA EN ESPA\u00d1OL Clase limpieza higado\" width=\"640\" height=\"360\" src=\"https:\/\/www.youtube.com\/embed\/v5MPGFWKB_I?feature=oembed\" frameborder=\"0\" allow=\"accelerometer; autoplay; clipboard-write; encrypted-media; gyroscope; picture-in-picture; web-share\" referrerpolicy=\"strict-origin-when-cross-origin\" allowfullscreen><\/iframe><\/p>\n<p>&nbsp;<\/p>\n<p><iframe loading=\"lazy\" title=\"Clase de YOGA &amp; Primavera\ud83c\udf31(H\u00edgado y Vesicula Biliar)\" width=\"640\" height=\"360\" src=\"https:\/\/www.youtube.com\/embed\/H_Lu0x1YAZw?feature=oembed\" frameborder=\"0\" allow=\"accelerometer; autoplay; clipboard-write; encrypted-media; gyroscope; picture-in-picture; web-share\" referrerpolicy=\"strict-origin-when-cross-origin\" allowfullscreen><\/iframe><\/p>\n<p>&nbsp;<\/p>\n<p><iframe loading=\"lazy\" title=\"C\u00f3mo el yoga nos ayuda a depurar nuestro h\u00edgado\" width=\"640\" height=\"360\" src=\"https:\/\/www.youtube.com\/embed\/-YBz-mYE-_0?feature=oembed\" frameborder=\"0\" allow=\"accelerometer; autoplay; clipboard-write; encrypted-media; gyroscope; picture-in-picture; web-share\" referrerpolicy=\"strict-origin-when-cross-origin\" allowfullscreen><\/iframe><\/p>\n<p>&nbsp;<\/p>\n<p><iframe loading=\"lazy\" title=\"limpieza de h\u00edgado y ves\u00edcula biliar. Fisioterapia Logro\u00f1o\" width=\"640\" height=\"360\" src=\"https:\/\/www.youtube.com\/embed\/V35uFe9Y1RE?feature=oembed\" frameborder=\"0\" allow=\"accelerometer; autoplay; clipboard-write; encrypted-media; gyroscope; picture-in-picture; web-share\" referrerpolicy=\"strict-origin-when-cross-origin\" allowfullscreen><\/iframe><\/p>\n<p>&nbsp;<\/p>\n<p><iframe loading=\"lazy\" title=\"Yoga para todos, cuida tu h\u00edgado\" width=\"640\" height=\"360\" src=\"https:\/\/www.youtube.com\/embed\/Y9MWv25XjrA?feature=oembed\" frameborder=\"0\" allow=\"accelerometer; autoplay; clipboard-write; encrypted-media; gyroscope; picture-in-picture; web-share\" referrerpolicy=\"strict-origin-when-cross-origin\" allowfullscreen><\/iframe><\/p>\n<p>&nbsp;<\/p>\n<p>https:\/\/www.youtube.com\/watch?v=rTo5iZXNP0o<\/p>\n<p>&nbsp;<\/p>\n<p>https:\/\/www.youtube.com\/watch?v=_9tu2KKwj-U<\/p>\n<p>&nbsp;<\/p>\n<p><iframe loading=\"lazy\" title=\"Ayurvedic Yoga desintoxicaci\u00f3n de h\u00edgado y bazo\" width=\"640\" height=\"360\" src=\"https:\/\/www.youtube.com\/embed\/fecgDd7jZFo?feature=oembed\" frameborder=\"0\" allow=\"accelerometer; autoplay; clipboard-write; encrypted-media; gyroscope; picture-in-picture; web-share\" referrerpolicy=\"strict-origin-when-cross-origin\" allowfullscreen><\/iframe><\/p>\n<p>&nbsp;<\/p>\n<p><iframe loading=\"lazy\" title=\"Presiona Aqu\u00ed y tendr\u00e1s el h\u00edgado nuevo\" width=\"640\" height=\"360\" src=\"https:\/\/www.youtube.com\/embed\/O9r3nMfXFW8?feature=oembed\" frameborder=\"0\" allow=\"accelerometer; autoplay; clipboard-write; encrypted-media; gyroscope; picture-in-picture; web-share\" referrerpolicy=\"strict-origin-when-cross-origin\" allowfullscreen><\/iframe><\/p>\n<p>&nbsp;<\/p>\n<p><iframe loading=\"lazy\" title=\"Como Limpiar el Higado Dia 6 Ejercicio\" width=\"640\" height=\"360\" src=\"https:\/\/www.youtube.com\/embed\/k1cLVxRGPFM?feature=oembed\" frameborder=\"0\" allow=\"accelerometer; autoplay; clipboard-write; encrypted-media; gyroscope; picture-in-picture; web-share\" referrerpolicy=\"strict-origin-when-cross-origin\" allowfullscreen><\/iframe><\/p>\n<p>&nbsp;<\/p>\n<p><iframe loading=\"lazy\" title=\"YOGA para el H\u00edgado\" width=\"640\" height=\"360\" src=\"https:\/\/www.youtube.com\/embed\/uqg2LFtNmMI?feature=oembed\" frameborder=\"0\" allow=\"accelerometer; autoplay; clipboard-write; encrypted-media; gyroscope; picture-in-picture; web-share\" referrerpolicy=\"strict-origin-when-cross-origin\" allowfullscreen><\/iframe><\/p>\n<p>&nbsp;<\/p>\n<p><iframe loading=\"lazy\" title=\"ELIMINA GRASAS EN H\u00cdGADO Y MANT\u00c9NLO SANO POR SIEMPRE | HAZ ESTO CADA D\u00cdA\" width=\"640\" height=\"360\" src=\"https:\/\/www.youtube.com\/embed\/Nx4I5rs5its?feature=oembed\" frameborder=\"0\" allow=\"accelerometer; autoplay; clipboard-write; encrypted-media; gyroscope; picture-in-picture; web-share\" referrerpolicy=\"strict-origin-when-cross-origin\" allowfullscreen><\/iframe><\/p>\n<p>&nbsp;<\/p>\n<p><iframe loading=\"lazy\" title=\"\u00bfPICORES POR EL CUERPO? La causa podr\u00eda estar en tu h\u00edgado.\" width=\"640\" height=\"360\" src=\"https:\/\/www.youtube.com\/embed\/FeqKfk2c8Rs?feature=oembed\" frameborder=\"0\" allow=\"accelerometer; autoplay; clipboard-write; encrypted-media; gyroscope; picture-in-picture; web-share\" referrerpolicy=\"strict-origin-when-cross-origin\" allowfullscreen><\/iframe><\/p>\n<p>&nbsp;<\/p>\n<p><iframe loading=\"lazy\" title=\"S\u00daPER AYUDA #55 Aprende A Limpiar Tu H\u00edgado Y Ves\u00edcula\" width=\"640\" height=\"360\" src=\"https:\/\/www.youtube.com\/embed\/8sHId3tTC2M?feature=oembed\" frameborder=\"0\" allow=\"accelerometer; autoplay; clipboard-write; encrypted-media; gyroscope; picture-in-picture; web-share\" referrerpolicy=\"strict-origin-when-cross-origin\" allowfullscreen><\/iframe><\/p>\n<p>&nbsp;<\/p>\n<p><iframe loading=\"lazy\" title=\"Yin Yoga Meridianos del H\u00edgado y Ves\u00edcula Biliar. Practica de 90 minutos.\" width=\"640\" height=\"360\" src=\"https:\/\/www.youtube.com\/embed\/EYnZfgA-PUg?feature=oembed\" frameborder=\"0\" allow=\"accelerometer; autoplay; clipboard-write; encrypted-media; gyroscope; picture-in-picture; web-share\" referrerpolicy=\"strict-origin-when-cross-origin\" allowfullscreen><\/iframe><\/p>\n<p>&nbsp;<\/p>\n<p><iframe loading=\"lazy\" title=\"Yin Yoga para caderas, h\u00edgado y enfado. Clase completa\" width=\"640\" height=\"360\" src=\"https:\/\/www.youtube.com\/embed\/J2c5vyvfxL8?feature=oembed\" frameborder=\"0\" allow=\"accelerometer; autoplay; clipboard-write; encrypted-media; gyroscope; picture-in-picture; web-share\" referrerpolicy=\"strict-origin-when-cross-origin\" allowfullscreen><\/iframe><\/p>\n<p>&nbsp;<\/p>\n<p><iframe loading=\"lazy\" title=\"Salud Estirando Meridianos - 7\u00aa Parte: H\u00edgado y Ves\u00edcula Biliar\" width=\"640\" height=\"360\" src=\"https:\/\/www.youtube.com\/embed\/a0I1EyqfY3Y?feature=oembed\" frameborder=\"0\" allow=\"accelerometer; autoplay; clipboard-write; encrypted-media; gyroscope; picture-in-picture; web-share\" referrerpolicy=\"strict-origin-when-cross-origin\" allowfullscreen><\/iframe><\/p>\n<p>&nbsp;<\/p>\n<p><iframe loading=\"lazy\" title=\"C\u00f3mo mejorar la salud de tu h\u00edgado con ejercicio y yoga\" width=\"640\" height=\"360\" src=\"https:\/\/www.youtube.com\/embed\/yMfuz0ZvF80?feature=oembed\" frameborder=\"0\" allow=\"accelerometer; autoplay; clipboard-write; encrypted-media; gyroscope; picture-in-picture; web-share\" referrerpolicy=\"strict-origin-when-cross-origin\" allowfullscreen><\/iframe><\/p>\n<p>&nbsp;<\/p>\n<p><iframe loading=\"lazy\" title=\"Por qu\u00e9 el h\u00edgado afecta el hombro\" width=\"640\" height=\"480\" src=\"https:\/\/www.youtube.com\/embed\/0wzV7ztSrU8?feature=oembed\" frameborder=\"0\" allow=\"accelerometer; autoplay; clipboard-write; encrypted-media; gyroscope; picture-in-picture; web-share\" referrerpolicy=\"strict-origin-when-cross-origin\" allowfullscreen><\/iframe><\/p>\n<p>&nbsp;<\/p>\n<p><iframe loading=\"lazy\" title=\"HIGADO - BIODESCODIFICACI\u00d3N\" width=\"640\" height=\"360\" src=\"https:\/\/www.youtube.com\/embed\/yFmCHXMIr9Y?feature=oembed\" frameborder=\"0\" allow=\"accelerometer; autoplay; clipboard-write; encrypted-media; gyroscope; picture-in-picture; web-share\" referrerpolicy=\"strict-origin-when-cross-origin\" allowfullscreen><\/iframe><\/p>\n<p>&nbsp;<\/p>\n<p>https:\/\/www.youtube.com\/watch?v=oW1c-FqtBzg<\/p>\n<p>&nbsp;<\/p>\n<p><iframe loading=\"lazy\" title=\"C\u00f3mo darte cuenta que padeces de h\u00edgado graso\" width=\"640\" height=\"360\" src=\"https:\/\/www.youtube.com\/embed\/hNYzGyiK2P8?feature=oembed\" frameborder=\"0\" allow=\"accelerometer; autoplay; clipboard-write; encrypted-media; gyroscope; picture-in-picture; web-share\" referrerpolicy=\"strict-origin-when-cross-origin\" allowfullscreen><\/iframe><\/p>\n<p>&nbsp;<\/p>\n<p><iframe loading=\"lazy\" title=\"Qu\u00e9 tomar para limpiar el h\u00edgado graso (y otras dudas de salud) | Dr. Juan\" width=\"640\" height=\"360\" src=\"https:\/\/www.youtube.com\/embed\/g2HbtcSYwso?feature=oembed\" frameborder=\"0\" allow=\"accelerometer; autoplay; clipboard-write; encrypted-media; gyroscope; picture-in-picture; web-share\" referrerpolicy=\"strict-origin-when-cross-origin\" allowfullscreen><\/iframe><\/p>\n<p>&nbsp;<\/p>\n<p>https:\/\/www.youtube.com\/watch?v=j0HUS1KWkCY<\/p>\n<p>&nbsp;<\/p>\n<p><iframe loading=\"lazy\" title=\"Como sanar tu h\u00edgado\" width=\"640\" height=\"360\" src=\"https:\/\/www.youtube.com\/embed\/duldG40XyS4?feature=oembed\" frameborder=\"0\" allow=\"accelerometer; autoplay; clipboard-write; encrypted-media; gyroscope; picture-in-picture; web-share\" referrerpolicy=\"strict-origin-when-cross-origin\" allowfullscreen><\/iframe><\/p>\n<p>&nbsp;<\/p>\n<p>https:\/\/www.youtube.com\/watch?v=Q-GcyqQIC38<\/p>\n<p>&nbsp;<\/p>\n<p><iframe loading=\"lazy\" title=\"Yin Yang Yoga ( H\u00edgado- Ves\u00edcula)\" width=\"640\" height=\"480\" src=\"https:\/\/www.youtube.com\/embed\/49SG6oFdTs8?feature=oembed\" frameborder=\"0\" allow=\"accelerometer; autoplay; clipboard-write; encrypted-media; gyroscope; picture-in-picture; web-share\" referrerpolicy=\"strict-origin-when-cross-origin\" allowfullscreen><\/iframe><\/p>\n<p>&nbsp;<\/p>\n<p><iframe loading=\"lazy\" title=\"C\u00d3MO SANAR TU H\u00cdGADO\" width=\"640\" height=\"360\" src=\"https:\/\/www.youtube.com\/embed\/wspwQmiSKmI?feature=oembed\" frameborder=\"0\" allow=\"accelerometer; autoplay; clipboard-write; encrypted-media; gyroscope; picture-in-picture; web-share\" referrerpolicy=\"strict-origin-when-cross-origin\" allowfullscreen><\/iframe><\/p>\n","protected":false},"excerpt":{"rendered":"<p>&nbsp; &nbsp; &nbsp; &nbsp; &nbsp; &nbsp; &nbsp; &nbsp; https:\/\/www.youtube.com\/watch?v=rTo5iZXNP0o &nbsp; https:\/\/www.youtube.com\/watch?v=_9tu2KKwj-U &nbsp; &nbsp; &nbsp; &nbsp; &nbsp; &nbsp; &nbsp;<\/p>\n","protected":false},"author":1,"featured_media":0,"parent":0,"menu_order":0,"comment_status":"closed","ping_status":"closed","template":"","meta":{"footnotes":""},"class_list":["post-4972","page","type-page","status-publish","hentry"],"_links":{"self":[{"href":"https:\/\/globalsolidarity.live\/wikiyoga\/wp-json\/wp\/v2\/pages\/4972","targetHints":{"allow":["GET"]}}],"collection":[{"href":"https:\/\/globalsolidarity.live\/wikiyoga\/wp-json\/wp\/v2\/pages"}],"about":[{"href":"https:\/\/globalsolidarity.live\/wikiyoga\/wp-json\/wp\/v2\/types\/page"}],"author":[{"embeddable":true,"href":"https:\/\/globalsolidarity.live\/wikiyoga\/wp-json\/wp\/v2\/users\/1"}],"replies":[{"embeddable":true,"href":"https:\/\/globalsolidarity.live\/wikiyoga\/wp-json\/wp\/v2\/comments?post=4972"}],"version-history":[{"count":1,"href":"https:\/\/globalsolidarity.live\/wikiyoga\/wp-json\/wp\/v2\/pages\/4972\/revisions"}],"predecessor-version":[{"id":4973,"href":"https:\/\/globalsolidarity.live\/wikiyoga\/wp-json\/wp\/v2\/pages\/4972\/revisions\/4973"}],"wp:attachment":[{"href":"https:\/\/globalsolidarity.live\/wikiyoga\/wp-json\/wp\/v2\/media?parent=4972"}],"curies":[{"name":"wp","href":"https:\/\/api.w.org\/{rel}","templated":true}]}}