{"id":5015,"date":"2021-06-01T03:15:16","date_gmt":"2021-06-01T03:15:16","guid":{"rendered":"https:\/\/globalsolidarity.live\/wikiyoga\/?page_id=5015"},"modified":"2021-06-01T03:15:16","modified_gmt":"2021-06-01T03:15:16","slug":"meditaciones","status":"publish","type":"page","link":"https:\/\/globalsolidarity.live\/wikiyoga\/meditaciones\/","title":{"rendered":"Meditaciones"},"content":{"rendered":"<p><iframe loading=\"lazy\" title=\"Meditaci\u00f3n 7 min para dejar de pensar | Elena Malova\" width=\"640\" height=\"360\" src=\"https:\/\/www.youtube.com\/embed\/3usD165utuI?feature=oembed\" frameborder=\"0\" allow=\"accelerometer; autoplay; clipboard-write; encrypted-media; gyroscope; picture-in-picture; web-share\" referrerpolicy=\"strict-origin-when-cross-origin\" allowfullscreen><\/iframe><\/p>\n<p>&nbsp;<\/p>\n<p><iframe loading=\"lazy\" title=\"Relajaci\u00f3n guiada para dormir, profundo sue\u00f1o restaurativo | MalovaElena\" width=\"640\" height=\"360\" src=\"https:\/\/www.youtube.com\/embed\/75Wh25sAm-U?feature=oembed\" frameborder=\"0\" allow=\"accelerometer; autoplay; clipboard-write; encrypted-media; gyroscope; picture-in-picture; web-share\" referrerpolicy=\"strict-origin-when-cross-origin\" allowfullscreen><\/iframe><\/p>\n<p>&nbsp;<\/p>\n<p><iframe loading=\"lazy\" title=\"MEDITACION para DEJAR DE PENSAR, aliviar estres y ansiedad - guiada | MalovaElena\" width=\"640\" height=\"360\" src=\"https:\/\/www.youtube.com\/embed\/hTKDQ5FRB18?feature=oembed\" frameborder=\"0\" allow=\"accelerometer; autoplay; clipboard-write; encrypted-media; gyroscope; picture-in-picture; web-share\" referrerpolicy=\"strict-origin-when-cross-origin\" allowfullscreen><\/iframe><\/p>\n<p>&nbsp;<\/p>\n<p><iframe loading=\"lazy\" title=\"Meditacion para dormir | Liberarse de los pensamientos negativos\" width=\"640\" height=\"360\" src=\"https:\/\/www.youtube.com\/embed\/Sv7IuaTWFYs?feature=oembed\" frameborder=\"0\" allow=\"accelerometer; autoplay; clipboard-write; encrypted-media; gyroscope; picture-in-picture; web-share\" referrerpolicy=\"strict-origin-when-cross-origin\" allowfullscreen><\/iframe><\/p>\n<p>&nbsp;<\/p>\n<p><iframe loading=\"lazy\" title=\"Meditaci\u00f3n \u00b0YO SOY\u00b0 para el amor propio, autoconfianza y valoraci\u00f3n\" width=\"640\" height=\"360\" src=\"https:\/\/www.youtube.com\/embed\/-WCrOMJMR4I?feature=oembed\" frameborder=\"0\" allow=\"accelerometer; autoplay; clipboard-write; encrypted-media; gyroscope; picture-in-picture; web-share\" referrerpolicy=\"strict-origin-when-cross-origin\" allowfullscreen><\/iframe><\/p>\n<p>&nbsp;<\/p>\n<p><iframe loading=\"lazy\" title=\"Meditaci\u00f3n para sanar cuerpo, emociones, elevar vibraciones y abrir corazon | MalovaElena\" width=\"640\" height=\"360\" src=\"https:\/\/www.youtube.com\/embed\/noqxm4B66FU?feature=oembed\" frameborder=\"0\" allow=\"accelerometer; autoplay; clipboard-write; encrypted-media; gyroscope; picture-in-picture; web-share\" referrerpolicy=\"strict-origin-when-cross-origin\" allowfullscreen><\/iframe><\/p>\n<p>&nbsp;<\/p>\n<p><iframe loading=\"lazy\" title=\"Meditaci\u00f3n para CALMAR la mente | Estar PRESENTE 10 min\" width=\"640\" height=\"360\" src=\"https:\/\/www.youtube.com\/embed\/D3zOMUMC2zc?feature=oembed\" frameborder=\"0\" allow=\"accelerometer; autoplay; clipboard-write; encrypted-media; gyroscope; picture-in-picture; web-share\" referrerpolicy=\"strict-origin-when-cross-origin\" allowfullscreen><\/iframe><\/p>\n<p>&nbsp;<\/p>\n<p><iframe loading=\"lazy\" title=\"Meditaci\u00f3n guiada 10 min - sabidur\u00eda e intuici\u00f3n | Elena Malova\" width=\"640\" height=\"360\" src=\"https:\/\/www.youtube.com\/embed\/ZL2p3xVrNkQ?feature=oembed\" frameborder=\"0\" allow=\"accelerometer; autoplay; clipboard-write; encrypted-media; gyroscope; picture-in-picture; web-share\" referrerpolicy=\"strict-origin-when-cross-origin\" allowfullscreen><\/iframe><\/p>\n<p>&nbsp;<\/p>\n<p><iframe loading=\"lazy\" title=\"Meditaci\u00f3n 7 minutos - estar presente | Elena Malova\" width=\"640\" height=\"360\" src=\"https:\/\/www.youtube.com\/embed\/vDNhRSv2QGI?feature=oembed\" frameborder=\"0\" allow=\"accelerometer; autoplay; clipboard-write; encrypted-media; gyroscope; picture-in-picture; web-share\" referrerpolicy=\"strict-origin-when-cross-origin\" allowfullscreen><\/iframe><\/p>\n<p>&nbsp;<\/p>\n<p><iframe loading=\"lazy\" title=\"Reducir ANSIEDAD en 12 minutos - practica para calmarse | MalovaElena\" width=\"640\" height=\"360\" src=\"https:\/\/www.youtube.com\/embed\/ytpQo4CNrdg?feature=oembed\" frameborder=\"0\" allow=\"accelerometer; autoplay; clipboard-write; encrypted-media; gyroscope; picture-in-picture; web-share\" referrerpolicy=\"strict-origin-when-cross-origin\" allowfullscreen><\/iframe><\/p>\n<p>&nbsp;<\/p>\n<p><iframe loading=\"lazy\" title=\"Meditaci\u00f3n de la ma\u00f1ana | Emociones y desiciones positivas | 8 min MalovaElena\" width=\"640\" height=\"360\" src=\"https:\/\/www.youtube.com\/embed\/fyZuszegDtM?feature=oembed\" frameborder=\"0\" allow=\"accelerometer; autoplay; clipboard-write; encrypted-media; gyroscope; picture-in-picture; web-share\" referrerpolicy=\"strict-origin-when-cross-origin\" allowfullscreen><\/iframe><\/p>\n<p>&nbsp;<\/p>\n<p><iframe loading=\"lazy\" title=\"Meditaci\u00f3n - AMOR - ABUNDANCIA - GRATITUD\" width=\"640\" height=\"360\" src=\"https:\/\/www.youtube.com\/embed\/Igo42WLgNgw?feature=oembed\" frameborder=\"0\" allow=\"accelerometer; autoplay; clipboard-write; encrypted-media; gyroscope; picture-in-picture; web-share\" referrerpolicy=\"strict-origin-when-cross-origin\" allowfullscreen><\/iframe><\/p>\n","protected":false},"excerpt":{"rendered":"<p>&nbsp; &nbsp; &nbsp; &nbsp; &nbsp; &nbsp; &nbsp; &nbsp; &nbsp; &nbsp; &nbsp;<\/p>\n","protected":false},"author":1,"featured_media":0,"parent":0,"menu_order":0,"comment_status":"closed","ping_status":"closed","template":"","meta":{"footnotes":""},"class_list":["post-5015","page","type-page","status-publish","hentry"],"_links":{"self":[{"href":"https:\/\/globalsolidarity.live\/wikiyoga\/wp-json\/wp\/v2\/pages\/5015","targetHints":{"allow":["GET"]}}],"collection":[{"href":"https:\/\/globalsolidarity.live\/wikiyoga\/wp-json\/wp\/v2\/pages"}],"about":[{"href":"https:\/\/globalsolidarity.live\/wikiyoga\/wp-json\/wp\/v2\/types\/page"}],"author":[{"embeddable":true,"href":"https:\/\/globalsolidarity.live\/wikiyoga\/wp-json\/wp\/v2\/users\/1"}],"replies":[{"embeddable":true,"href":"https:\/\/globalsolidarity.live\/wikiyoga\/wp-json\/wp\/v2\/comments?post=5015"}],"version-history":[{"count":1,"href":"https:\/\/globalsolidarity.live\/wikiyoga\/wp-json\/wp\/v2\/pages\/5015\/revisions"}],"predecessor-version":[{"id":5016,"href":"https:\/\/globalsolidarity.live\/wikiyoga\/wp-json\/wp\/v2\/pages\/5015\/revisions\/5016"}],"wp:attachment":[{"href":"https:\/\/globalsolidarity.live\/wikiyoga\/wp-json\/wp\/v2\/media?parent=5015"}],"curies":[{"name":"wp","href":"https:\/\/api.w.org\/{rel}","templated":true}]}}