{"id":5103,"date":"2021-06-02T01:36:06","date_gmt":"2021-06-02T01:36:06","guid":{"rendered":"https:\/\/globalsolidarity.live\/wikiyoga\/?page_id=5103"},"modified":"2021-06-02T01:36:06","modified_gmt":"2021-06-02T01:36:06","slug":"meditacion-para-liberarse-de-los-pensamientos-negativos","status":"publish","type":"page","link":"https:\/\/globalsolidarity.live\/wikiyoga\/meditacion-para-liberarse-de-los-pensamientos-negativos\/","title":{"rendered":"Meditaci\u00f3n para liberarse de los pensamientos negativos"},"content":{"rendered":"<p><iframe loading=\"lazy\" title=\"Meditaci\u00f3n Guiada para liberarnos de los pensamientos negativos\" width=\"640\" height=\"480\" src=\"https:\/\/www.youtube.com\/embed\/6VKi0StcOxI?feature=oembed\" frameborder=\"0\" allow=\"accelerometer; autoplay; clipboard-write; encrypted-media; gyroscope; picture-in-picture; web-share\" referrerpolicy=\"strict-origin-when-cross-origin\" allowfullscreen><\/iframe><\/p>\n<p>&nbsp;<\/p>\n<p><iframe loading=\"lazy\" title=\"Meditaci\u00f3n Guiada para Gestionar Pensamientos Negativos\" width=\"640\" height=\"360\" src=\"https:\/\/www.youtube.com\/embed\/ypYKL9A-Djc?feature=oembed\" frameborder=\"0\" allow=\"accelerometer; autoplay; clipboard-write; encrypted-media; gyroscope; picture-in-picture; web-share\" referrerpolicy=\"strict-origin-when-cross-origin\" allowfullscreen><\/iframe><\/p>\n<p>&nbsp;<\/p>\n<p><iframe loading=\"lazy\" title=\"Meditaci\u00f3n guiada para Soltar Pensamientos Negativos. 20 minutos de Paz y Libertad.\" width=\"640\" height=\"360\" src=\"https:\/\/www.youtube.com\/embed\/o-X-F-MXLrA?feature=oembed\" frameborder=\"0\" allow=\"accelerometer; autoplay; clipboard-write; encrypted-media; gyroscope; picture-in-picture; web-share\" referrerpolicy=\"strict-origin-when-cross-origin\" allowfullscreen><\/iframe><\/p>\n<p>&nbsp;<\/p>\n<p><iframe loading=\"lazy\" title=\"\ud83c\udf0c MEDITACI\u00d3N GUIADA para LIBERARNOS de los PENSAMIENTOS NEGATIVOS\" width=\"640\" height=\"360\" src=\"https:\/\/www.youtube.com\/embed\/zL-HthnaLoU?feature=oembed\" frameborder=\"0\" allow=\"accelerometer; autoplay; clipboard-write; encrypted-media; gyroscope; picture-in-picture; web-share\" referrerpolicy=\"strict-origin-when-cross-origin\" allowfullscreen><\/iframe><\/p>\n<p>&nbsp;<\/p>\n<p><iframe loading=\"lazy\" title=\"meditacion guiada para liberarnos de los pensamientos negativos ansiedad\" width=\"640\" height=\"360\" src=\"https:\/\/www.youtube.com\/embed\/8l0PqMeqbpY?feature=oembed\" frameborder=\"0\" allow=\"accelerometer; autoplay; clipboard-write; encrypted-media; gyroscope; picture-in-picture; web-share\" referrerpolicy=\"strict-origin-when-cross-origin\" allowfullscreen><\/iframe><\/p>\n<p>&nbsp;<\/p>\n<p><iframe loading=\"lazy\" title=\"\ud83e\uddd8MEDITACI\u00d3N guiada para LIBERARNOS de los pensamientos NEGATIVOS\ud83c\udf04\" width=\"640\" height=\"360\" src=\"https:\/\/www.youtube.com\/embed\/AdT7pq137uY?feature=oembed\" frameborder=\"0\" allow=\"accelerometer; autoplay; clipboard-write; encrypted-media; gyroscope; picture-in-picture; web-share\" referrerpolicy=\"strict-origin-when-cross-origin\" allowfullscreen><\/iframe><\/p>\n<p>&nbsp;<\/p>\n<p><iframe loading=\"lazy\" title=\"MEDITACI\u00d3N GUIADA PARA LIMPIARNOS DE PENSAMIENTOS  NEGATIVOS\" width=\"640\" height=\"480\" src=\"https:\/\/www.youtube.com\/embed\/i3A7pMed3ho?feature=oembed\" frameborder=\"0\" allow=\"accelerometer; autoplay; clipboard-write; encrypted-media; gyroscope; picture-in-picture; web-share\" referrerpolicy=\"strict-origin-when-cross-origin\" allowfullscreen><\/iframe><\/p>\n<p>&nbsp;<\/p>\n<p><iframe loading=\"lazy\" title=\"Meditaci\u00f3n guiada para eliminar pensamientos negativos\" width=\"640\" height=\"360\" src=\"https:\/\/www.youtube.com\/embed\/PdL8M3h_43c?feature=oembed\" frameborder=\"0\" allow=\"accelerometer; autoplay; clipboard-write; encrypted-media; gyroscope; picture-in-picture; web-share\" referrerpolicy=\"strict-origin-when-cross-origin\" allowfullscreen><\/iframe><\/p>\n<p>&nbsp;<\/p>\n<p><iframe loading=\"lazy\" title=\"\ud83d\ude4f Meditaci\u00f3n guiada para liberarnos de los pensamientos negativos \ud83d\udeab\ud83d\udc79Y DORMIR BIEN mindfulness\" width=\"640\" height=\"360\" src=\"https:\/\/www.youtube.com\/embed\/5zJeNVL1v4I?feature=oembed\" frameborder=\"0\" allow=\"accelerometer; autoplay; clipboard-write; encrypted-media; gyroscope; picture-in-picture; web-share\" referrerpolicy=\"strict-origin-when-cross-origin\" allowfullscreen><\/iframe><\/p>\n<p>&nbsp;<\/p>\n<p><iframe loading=\"lazy\" title=\"MEDITACI\u00d3N GUIADA PARA LIBERARSE DE LOS PENSAMIENTOS NEGATIVOS. TEOR\u00cdA Y PR\u00c1CTICA.SANACI\u00d3N DURMIENDO\" width=\"640\" height=\"360\" src=\"https:\/\/www.youtube.com\/embed\/KJXpVc4x7UE?feature=oembed\" frameborder=\"0\" allow=\"accelerometer; autoplay; clipboard-write; encrypted-media; gyroscope; picture-in-picture; web-share\" referrerpolicy=\"strict-origin-when-cross-origin\" allowfullscreen><\/iframe><\/p>\n<p>&nbsp;<\/p>\n<p><iframe loading=\"lazy\" title=\"MEDITACION PARA ELIMINAR PENSAMIENTOS NEGATIVOS - ELIMINA LA ANSIEDAD\" width=\"640\" height=\"360\" src=\"https:\/\/www.youtube.com\/embed\/v2maT7z9hW0?feature=oembed\" frameborder=\"0\" allow=\"accelerometer; autoplay; clipboard-write; encrypted-media; gyroscope; picture-in-picture; web-share\" referrerpolicy=\"strict-origin-when-cross-origin\" allowfullscreen><\/iframe><\/p>\n<p>&nbsp;<\/p>\n<p><iframe loading=\"lazy\" title=\"Meditaci\u00f3n guiada para liberarnos de los pensamientos negativos\" width=\"640\" height=\"360\" src=\"https:\/\/www.youtube.com\/embed\/H4gMhwvG2oU?feature=oembed\" frameborder=\"0\" allow=\"accelerometer; autoplay; clipboard-write; encrypted-media; gyroscope; picture-in-picture; web-share\" referrerpolicy=\"strict-origin-when-cross-origin\" allowfullscreen><\/iframe><\/p>\n<p>&nbsp;<\/p>\n<p><iframe loading=\"lazy\" title=\"Meditaci\u00f3n Guiada para liberarnos de los pensamientos negativos  ser feliz\" width=\"640\" height=\"480\" src=\"https:\/\/www.youtube.com\/embed\/XVmdiRgIzHw?feature=oembed\" frameborder=\"0\" allow=\"accelerometer; autoplay; clipboard-write; encrypted-media; gyroscope; picture-in-picture; web-share\" referrerpolicy=\"strict-origin-when-cross-origin\" allowfullscreen><\/iframe><\/p>\n<p>&nbsp;<\/p>\n<p><iframe loading=\"lazy\" title=\"MEDITACI\u00d3N guiada para DORMIR y CALMAR la MENTE \u2728 Mindfulness\" width=\"640\" height=\"360\" src=\"https:\/\/www.youtube.com\/embed\/k12w4JSSUhs?feature=oembed\" frameborder=\"0\" allow=\"accelerometer; autoplay; clipboard-write; encrypted-media; gyroscope; picture-in-picture; web-share\" referrerpolicy=\"strict-origin-when-cross-origin\" allowfullscreen><\/iframe><\/p>\n<p>&nbsp;<\/p>\n<p><iframe loading=\"lazy\" title=\"MEDITACION GUIADA PARA LIBERARNOS DE PENSAMIENTOS NEGATIVOS, RELAJACION, MUSICA DE PAZ PARA EL ALMA\" width=\"640\" height=\"360\" src=\"https:\/\/www.youtube.com\/embed\/Q24PfWKputI?feature=oembed\" frameborder=\"0\" allow=\"accelerometer; autoplay; clipboard-write; encrypted-media; gyroscope; picture-in-picture; web-share\" referrerpolicy=\"strict-origin-when-cross-origin\" allowfullscreen><\/iframe><\/p>\n<p>&nbsp;<\/p>\n<p><iframe loading=\"lazy\" title=\"Meditaci\u00f3n guiada para soltar pensamientos negativos\" width=\"640\" height=\"360\" src=\"https:\/\/www.youtube.com\/embed\/TDB9-HhAH1Y?feature=oembed\" frameborder=\"0\" allow=\"accelerometer; autoplay; clipboard-write; encrypted-media; gyroscope; picture-in-picture; web-share\" referrerpolicy=\"strict-origin-when-cross-origin\" allowfullscreen><\/iframe><\/p>\n<p>&nbsp;<\/p>\n<p><iframe loading=\"lazy\" title=\"Meditacion Guiada Para Liberarnos De Los Pensamientos Negativos y Dormir\" width=\"640\" height=\"360\" src=\"https:\/\/www.youtube.com\/embed\/2DM_YFjnfAs?feature=oembed\" frameborder=\"0\" allow=\"accelerometer; autoplay; clipboard-write; encrypted-media; gyroscope; picture-in-picture; web-share\" referrerpolicy=\"strict-origin-when-cross-origin\" allowfullscreen><\/iframe><\/p>\n<p>&nbsp;<\/p>\n<p><iframe loading=\"lazy\" title=\"Meditaci\u00f3n Guiada. Para liberarnos de  los pensamientos negativos\" width=\"640\" height=\"360\" src=\"https:\/\/www.youtube.com\/embed\/gumbO91_jGE?feature=oembed\" frameborder=\"0\" allow=\"accelerometer; autoplay; clipboard-write; encrypted-media; gyroscope; picture-in-picture; web-share\" referrerpolicy=\"strict-origin-when-cross-origin\" allowfullscreen><\/iframe><\/p>\n<p>&nbsp;<\/p>\n<p><iframe loading=\"lazy\" title=\"Meditaci\u00f3n guiada para liberarnos de los pensamientos negativos\" width=\"640\" height=\"360\" src=\"https:\/\/www.youtube.com\/embed\/eKuZGPKgkTA?feature=oembed\" frameborder=\"0\" allow=\"accelerometer; autoplay; clipboard-write; encrypted-media; gyroscope; picture-in-picture; web-share\" referrerpolicy=\"strict-origin-when-cross-origin\" allowfullscreen><\/iframe><\/p>\n<p>&nbsp;<\/p>\n<p><iframe loading=\"lazy\" title=\"MEDITACION guiada para LIBERARNOS de PENSAMIENTOS NEGATIVOS \ud83e\udd2f\ud83d\ude42 (15 minutos)\" width=\"640\" height=\"360\" src=\"https:\/\/www.youtube.com\/embed\/uVLlLbZJLnU?feature=oembed\" frameborder=\"0\" allow=\"accelerometer; autoplay; clipboard-write; encrypted-media; gyroscope; picture-in-picture; web-share\" referrerpolicy=\"strict-origin-when-cross-origin\" allowfullscreen><\/iframe><\/p>\n<p>&nbsp;<\/p>\n<p><iframe loading=\"lazy\" title=\"Meditacion para dormir | Liberarse de los pensamientos negativos\" width=\"640\" height=\"360\" src=\"https:\/\/www.youtube.com\/embed\/Sv7IuaTWFYs?feature=oembed\" frameborder=\"0\" allow=\"accelerometer; autoplay; clipboard-write; encrypted-media; gyroscope; picture-in-picture; web-share\" referrerpolicy=\"strict-origin-when-cross-origin\" allowfullscreen><\/iframe><\/p>\n<p>&nbsp;<\/p>\n<p><iframe loading=\"lazy\" title=\"MEDITACI\u00d3N GUIADA PARA ELIMINAR EL EXCESO DE PENSAMIENTOS | Ansiedad, TOC, Depresi\u00f3n | \u2665 EASY ZEN\" width=\"640\" height=\"360\" src=\"https:\/\/www.youtube.com\/embed\/PFIezgoROUQ?feature=oembed\" frameborder=\"0\" allow=\"accelerometer; autoplay; clipboard-write; encrypted-media; gyroscope; picture-in-picture; web-share\" referrerpolicy=\"strict-origin-when-cross-origin\" allowfullscreen><\/iframe><\/p>\n<p>&nbsp;<\/p>\n<p><iframe loading=\"lazy\" title=\"MEDITACION para DORMIR \ud83d\ude34\ud83d\ude34\ud83d\ude34 |  Liberar pensamientos NEGATIVOS  | Relajacion PROFUNDA (10 minutos)\" width=\"640\" height=\"360\" src=\"https:\/\/www.youtube.com\/embed\/UOt-Tznn3sA?feature=oembed\" frameborder=\"0\" allow=\"accelerometer; autoplay; clipboard-write; encrypted-media; gyroscope; picture-in-picture; web-share\" referrerpolicy=\"strict-origin-when-cross-origin\" allowfullscreen><\/iframe><\/p>\n<p>&nbsp;<\/p>\n<p><iframe loading=\"lazy\" title=\"Meditacion Guiada - LIBERAR PENSAMIENTOS Y EMOCIONES NEGATIVAS\" width=\"640\" height=\"480\" src=\"https:\/\/www.youtube.com\/embed\/Yi0FR0JGtdA?feature=oembed\" frameborder=\"0\" allow=\"accelerometer; autoplay; clipboard-write; encrypted-media; gyroscope; picture-in-picture; web-share\" referrerpolicy=\"strict-origin-when-cross-origin\" allowfullscreen><\/iframe><\/p>\n<p>&nbsp;<\/p>\n<p><iframe loading=\"lazy\" title=\"D\u00eda 3: Meditaci\u00f3n guiada para liberarnos de los pensamientos negativos y sentir paz interior\" width=\"640\" height=\"360\" src=\"https:\/\/www.youtube.com\/embed\/W0JA5XculPc?feature=oembed\" frameborder=\"0\" allow=\"accelerometer; autoplay; clipboard-write; encrypted-media; gyroscope; picture-in-picture; web-share\" referrerpolicy=\"strict-origin-when-cross-origin\" allowfullscreen><\/iframe><\/p>\n<p>&nbsp;<\/p>\n<p><iframe loading=\"lazy\" title=\"\u25c8 Meditaci\u00f3n Guiada para Liberarnos de los Pensamientos Negativos \u2714\u2714\u2714\" width=\"640\" height=\"360\" src=\"https:\/\/www.youtube.com\/embed\/KxSQr06387Q?feature=oembed\" frameborder=\"0\" allow=\"accelerometer; autoplay; clipboard-write; encrypted-media; gyroscope; picture-in-picture; web-share\" referrerpolicy=\"strict-origin-when-cross-origin\" allowfullscreen><\/iframe><\/p>\n","protected":false},"excerpt":{"rendered":"<p>&nbsp; &nbsp; &nbsp; &nbsp; &nbsp; &nbsp; &nbsp; &nbsp; &nbsp; &nbsp; &nbsp; &nbsp; &nbsp; &nbsp; &nbsp; &nbsp; &nbsp; &nbsp;<\/p>\n","protected":false},"author":1,"featured_media":0,"parent":0,"menu_order":0,"comment_status":"closed","ping_status":"closed","template":"","meta":{"footnotes":""},"class_list":["post-5103","page","type-page","status-publish","hentry"],"_links":{"self":[{"href":"https:\/\/globalsolidarity.live\/wikiyoga\/wp-json\/wp\/v2\/pages\/5103","targetHints":{"allow":["GET"]}}],"collection":[{"href":"https:\/\/globalsolidarity.live\/wikiyoga\/wp-json\/wp\/v2\/pages"}],"about":[{"href":"https:\/\/globalsolidarity.live\/wikiyoga\/wp-json\/wp\/v2\/types\/page"}],"author":[{"embeddable":true,"href":"https:\/\/globalsolidarity.live\/wikiyoga\/wp-json\/wp\/v2\/users\/1"}],"replies":[{"embeddable":true,"href":"https:\/\/globalsolidarity.live\/wikiyoga\/wp-json\/wp\/v2\/comments?post=5103"}],"version-history":[{"count":1,"href":"https:\/\/globalsolidarity.live\/wikiyoga\/wp-json\/wp\/v2\/pages\/5103\/revisions"}],"predecessor-version":[{"id":5104,"href":"https:\/\/globalsolidarity.live\/wikiyoga\/wp-json\/wp\/v2\/pages\/5103\/revisions\/5104"}],"wp:attachment":[{"href":"https:\/\/globalsolidarity.live\/wikiyoga\/wp-json\/wp\/v2\/media?parent=5103"}],"curies":[{"name":"wp","href":"https:\/\/api.w.org\/{rel}","templated":true}]}}