{"id":5139,"date":"2021-06-02T01:54:13","date_gmt":"2021-06-02T01:54:13","guid":{"rendered":"https:\/\/globalsolidarity.live\/wikiyoga\/?page_id=5139"},"modified":"2021-06-02T01:54:13","modified_gmt":"2021-06-02T01:54:13","slug":"jesucristo","status":"publish","type":"page","link":"https:\/\/globalsolidarity.live\/wikiyoga\/jesucristo\/","title":{"rendered":"Jesucristo"},"content":{"rendered":"<p><iframe loading=\"lazy\" title=\"La Vida de Jesucristo (Espa\u00f1ol) HD\" width=\"640\" height=\"360\" src=\"https:\/\/www.youtube.com\/embed\/_UmY2gLQR4I?feature=oembed\" frameborder=\"0\" allow=\"accelerometer; autoplay; clipboard-write; encrypted-media; gyroscope; picture-in-picture; web-share\" referrerpolicy=\"strict-origin-when-cross-origin\" allowfullscreen><\/iframe><\/p>\n<p>&nbsp;<\/p>\n<p><iframe loading=\"lazy\" title=\"Esta es la prisi\u00f3n donde Jesucristo fue encerrado antes de morir\" width=\"640\" height=\"360\" src=\"https:\/\/www.youtube.com\/embed\/bGgEids8Ogo?feature=oembed\" frameborder=\"0\" allow=\"accelerometer; autoplay; clipboard-write; encrypted-media; gyroscope; picture-in-picture; web-share\" referrerpolicy=\"strict-origin-when-cross-origin\" allowfullscreen><\/iframe><\/p>\n<p>&nbsp;<\/p>\n<p><iframe loading=\"lazy\" title=\"La Vida de Nuestro Se\u00f1or Jesucristo - Pel\u00edcula Completa en HD\" width=\"640\" height=\"360\" src=\"https:\/\/www.youtube.com\/embed\/LBr6lk1qr30?feature=oembed\" frameborder=\"0\" allow=\"accelerometer; autoplay; clipboard-write; encrypted-media; gyroscope; picture-in-picture; web-share\" referrerpolicy=\"strict-origin-when-cross-origin\" allowfullscreen><\/iframe><\/p>\n<p>&nbsp;<\/p>\n<p><iframe loading=\"lazy\" title=\"3 Pruebas para demostrar que Jesucristo existio\u0301 realmente\" width=\"640\" height=\"360\" src=\"https:\/\/www.youtube.com\/embed\/DYxQS90QB9w?feature=oembed\" frameborder=\"0\" allow=\"accelerometer; autoplay; clipboard-write; encrypted-media; gyroscope; picture-in-picture; web-share\" referrerpolicy=\"strict-origin-when-cross-origin\" allowfullscreen><\/iframe><\/p>\n<p>&nbsp;<\/p>\n<p><iframe loading=\"lazy\" title=\"Jesucristo est\u00e1 con nosotros, #Esc\u00fachalo esta \u00e9poca de Pascua\" width=\"640\" height=\"360\" src=\"https:\/\/www.youtube.com\/embed\/0Aks9jpgrhY?feature=oembed\" frameborder=\"0\" allow=\"accelerometer; autoplay; clipboard-write; encrypted-media; gyroscope; picture-in-picture; web-share\" referrerpolicy=\"strict-origin-when-cross-origin\" allowfullscreen><\/iframe><\/p>\n<p>&nbsp;<\/p>\n<p><iframe loading=\"lazy\" title=\"La Vida de Jesucristo    Pel\u00edcula completa  en espa\u00f1ol    HD\" width=\"640\" height=\"360\" src=\"https:\/\/www.youtube.com\/embed\/r1E2sPoZERw?feature=oembed\" frameborder=\"0\" allow=\"accelerometer; autoplay; clipboard-write; encrypted-media; gyroscope; picture-in-picture; web-share\" referrerpolicy=\"strict-origin-when-cross-origin\" allowfullscreen><\/iframe><\/p>\n<p>&nbsp;<\/p>\n<p><iframe loading=\"lazy\" title=\"Escucha la voz de Jesucristo\" width=\"640\" height=\"360\" src=\"https:\/\/www.youtube.com\/embed\/GNExB03WG8M?feature=oembed\" frameborder=\"0\" allow=\"accelerometer; autoplay; clipboard-write; encrypted-media; gyroscope; picture-in-picture; web-share\" referrerpolicy=\"strict-origin-when-cross-origin\" allowfullscreen><\/iframe><\/p>\n<p>&nbsp;<\/p>\n<p><iframe loading=\"lazy\" title=\"Conociendo al Jes\u00fas Hist\u00f3rico: Mitos y verdades sobre Jesucristo\" width=\"640\" height=\"360\" src=\"https:\/\/www.youtube.com\/embed\/frcWDIZ372s?feature=oembed\" frameborder=\"0\" allow=\"accelerometer; autoplay; clipboard-write; encrypted-media; gyroscope; picture-in-picture; web-share\" referrerpolicy=\"strict-origin-when-cross-origin\" allowfullscreen><\/iframe><\/p>\n<p>&nbsp;<\/p>\n<p><iframe loading=\"lazy\" title=\"La vida de Nuestro Se\u00f1or Jesucristo seg\u00fan San Juan\" width=\"640\" height=\"360\" src=\"https:\/\/www.youtube.com\/embed\/Rm-_MLvy6sE?feature=oembed\" frameborder=\"0\" allow=\"accelerometer; autoplay; clipboard-write; encrypted-media; gyroscope; picture-in-picture; web-share\" referrerpolicy=\"strict-origin-when-cross-origin\" allowfullscreen><\/iframe><\/p>\n<p>&nbsp;<\/p>\n<p><iframe loading=\"lazy\" title=\"Conoce el lugar que camin\u00f3 Jesucristo antes de su crucifixi\u00f3n\" width=\"640\" height=\"360\" src=\"https:\/\/www.youtube.com\/embed\/kSok6Dp2tuQ?feature=oembed\" frameborder=\"0\" allow=\"accelerometer; autoplay; clipboard-write; encrypted-media; gyroscope; picture-in-picture; web-share\" referrerpolicy=\"strict-origin-when-cross-origin\" allowfullscreen><\/iframe><\/p>\n<p>&nbsp;<\/p>\n<p>https:\/\/www.youtube.com\/watch?v=DZrZe31SklU<\/p>\n<p>&nbsp;<\/p>\n<p><iframe loading=\"lazy\" title=\"10 FRASES DE JESUCRISTO\" width=\"640\" height=\"360\" src=\"https:\/\/www.youtube.com\/embed\/df6Y5C40h9Y?feature=oembed\" frameborder=\"0\" allow=\"accelerometer; autoplay; clipboard-write; encrypted-media; gyroscope; picture-in-picture; web-share\" referrerpolicy=\"strict-origin-when-cross-origin\" allowfullscreen><\/iframe><\/p>\n<p>&nbsp;<\/p>\n<p><iframe loading=\"lazy\" title=\"YO CREO EN JESUCRISTO\" width=\"640\" height=\"360\" src=\"https:\/\/www.youtube.com\/embed\/MGZBnTUlopE?feature=oembed\" frameborder=\"0\" allow=\"accelerometer; autoplay; clipboard-write; encrypted-media; gyroscope; picture-in-picture; web-share\" referrerpolicy=\"strict-origin-when-cross-origin\" allowfullscreen><\/iframe><\/p>\n<p>&nbsp;<\/p>\n<p><iframe loading=\"lazy\" title=\"\u00bfPor qu\u00e9 muri\u00f3 Jes\u00fas de Nazaret? Cap 1 de 2\" width=\"640\" height=\"360\" src=\"https:\/\/www.youtube.com\/embed\/CHyqObTuzPg?feature=oembed\" frameborder=\"0\" allow=\"accelerometer; autoplay; clipboard-write; encrypted-media; gyroscope; picture-in-picture; web-share\" referrerpolicy=\"strict-origin-when-cross-origin\" allowfullscreen><\/iframe><\/p>\n<p>&nbsp;<\/p>\n<p><iframe loading=\"lazy\" title=\"Himno a Jesucristo\" width=\"640\" height=\"480\" src=\"https:\/\/www.youtube.com\/embed\/AbrFnv1XQ04?feature=oembed\" frameborder=\"0\" allow=\"accelerometer; autoplay; clipboard-write; encrypted-media; gyroscope; picture-in-picture; web-share\" referrerpolicy=\"strict-origin-when-cross-origin\" allowfullscreen><\/iframe><\/p>\n<p>&nbsp;<\/p>\n<p><iframe loading=\"lazy\" title=\"JESUCRISTO  { Pel\u00edcula Completa}\" width=\"640\" height=\"480\" src=\"https:\/\/www.youtube.com\/embed\/1gP4Lg7pC6g?feature=oembed\" frameborder=\"0\" allow=\"accelerometer; autoplay; clipboard-write; encrypted-media; gyroscope; picture-in-picture; web-share\" referrerpolicy=\"strict-origin-when-cross-origin\" allowfullscreen><\/iframe><\/p>\n<p>&nbsp;<\/p>\n<p><iframe loading=\"lazy\" title=\"\u00bfPor qu\u00e9 los Judios no aceptan a Jesucristo? CAP 1\" width=\"640\" height=\"360\" src=\"https:\/\/www.youtube.com\/embed\/7s8Y6ZKDuHA?feature=oembed\" frameborder=\"0\" allow=\"accelerometer; autoplay; clipboard-write; encrypted-media; gyroscope; picture-in-picture; web-share\" referrerpolicy=\"strict-origin-when-cross-origin\" allowfullscreen><\/iframe><\/p>\n<p>&nbsp;<\/p>\n<p><iframe loading=\"lazy\" title=\"La TUMBA de JESUS en JERUSALEN \/ aqu\u00ed en Israel sepultaron y resucit\u00f3 nuestro Se\u00f1or JESUCRISTO\" width=\"640\" height=\"360\" src=\"https:\/\/www.youtube.com\/embed\/_LQaJ8H_6cE?feature=oembed\" frameborder=\"0\" allow=\"accelerometer; autoplay; clipboard-write; encrypted-media; gyroscope; picture-in-picture; web-share\" referrerpolicy=\"strict-origin-when-cross-origin\" allowfullscreen><\/iframe><\/p>\n<p>&nbsp;<\/p>\n<p><iframe loading=\"lazy\" title=\"Rosario a la Precios\u00edsima Sangre de Jesucristo El Se\u00f1or\" width=\"640\" height=\"480\" src=\"https:\/\/www.youtube.com\/embed\/By5VaSoa-lg?feature=oembed\" frameborder=\"0\" allow=\"accelerometer; autoplay; clipboard-write; encrypted-media; gyroscope; picture-in-picture; web-share\" referrerpolicy=\"strict-origin-when-cross-origin\" allowfullscreen><\/iframe><\/p>\n","protected":false},"excerpt":{"rendered":"<p>&nbsp; &nbsp; &nbsp; &nbsp; &nbsp; &nbsp; &nbsp; &nbsp; &nbsp; &nbsp; https:\/\/www.youtube.com\/watch?v=DZrZe31SklU &nbsp; &nbsp; &nbsp; &nbsp; &nbsp; &nbsp; &nbsp;<\/p>\n","protected":false},"author":1,"featured_media":0,"parent":0,"menu_order":0,"comment_status":"closed","ping_status":"closed","template":"","meta":{"footnotes":""},"class_list":["post-5139","page","type-page","status-publish","hentry"],"_links":{"self":[{"href":"https:\/\/globalsolidarity.live\/wikiyoga\/wp-json\/wp\/v2\/pages\/5139","targetHints":{"allow":["GET"]}}],"collection":[{"href":"https:\/\/globalsolidarity.live\/wikiyoga\/wp-json\/wp\/v2\/pages"}],"about":[{"href":"https:\/\/globalsolidarity.live\/wikiyoga\/wp-json\/wp\/v2\/types\/page"}],"author":[{"embeddable":true,"href":"https:\/\/globalsolidarity.live\/wikiyoga\/wp-json\/wp\/v2\/users\/1"}],"replies":[{"embeddable":true,"href":"https:\/\/globalsolidarity.live\/wikiyoga\/wp-json\/wp\/v2\/comments?post=5139"}],"version-history":[{"count":1,"href":"https:\/\/globalsolidarity.live\/wikiyoga\/wp-json\/wp\/v2\/pages\/5139\/revisions"}],"predecessor-version":[{"id":5140,"href":"https:\/\/globalsolidarity.live\/wikiyoga\/wp-json\/wp\/v2\/pages\/5139\/revisions\/5140"}],"wp:attachment":[{"href":"https:\/\/globalsolidarity.live\/wikiyoga\/wp-json\/wp\/v2\/media?parent=5139"}],"curies":[{"name":"wp","href":"https:\/\/api.w.org\/{rel}","templated":true}]}}