{"id":5142,"date":"2021-06-02T01:55:38","date_gmt":"2021-06-02T01:55:38","guid":{"rendered":"https:\/\/globalsolidarity.live\/wikiyoga\/?page_id=5142"},"modified":"2021-06-02T01:55:38","modified_gmt":"2021-06-02T01:55:38","slug":"buda","status":"publish","type":"page","link":"https:\/\/globalsolidarity.live\/wikiyoga\/buda\/","title":{"rendered":"Buda"},"content":{"rendered":"<p><iframe loading=\"lazy\" title=\"Siddharta Gautama Buda - Los 53 Sutras de Buda (Audiolibro Completo en Espa\u00f1ol) &quot;Voz Real Humana&quot;\" width=\"640\" height=\"360\" src=\"https:\/\/www.youtube.com\/embed\/NJ0FkMyv1fw?feature=oembed\" frameborder=\"0\" allow=\"accelerometer; autoplay; clipboard-write; encrypted-media; gyroscope; picture-in-picture; web-share\" referrerpolicy=\"strict-origin-when-cross-origin\" allowfullscreen><\/iframe><\/p>\n<p>&nbsp;<\/p>\n<p><iframe loading=\"lazy\" title=\"12 ense\u00f1anzas budistas que transformar\u00e1n tu vida\" width=\"640\" height=\"360\" src=\"https:\/\/www.youtube.com\/embed\/siWEk5uzKko?feature=oembed\" frameborder=\"0\" allow=\"accelerometer; autoplay; clipboard-write; encrypted-media; gyroscope; picture-in-picture; web-share\" referrerpolicy=\"strict-origin-when-cross-origin\" allowfullscreen><\/iframe><\/p>\n<p>&nbsp;<\/p>\n<p><iframe loading=\"lazy\" title=\"13 Consejos de Gautama Buda para tiempos dif\u00edciles\" width=\"640\" height=\"360\" src=\"https:\/\/www.youtube.com\/embed\/z5JHU7m7C8s?feature=oembed\" frameborder=\"0\" allow=\"accelerometer; autoplay; clipboard-write; encrypted-media; gyroscope; picture-in-picture; web-share\" referrerpolicy=\"strict-origin-when-cross-origin\" allowfullscreen><\/iframe><\/p>\n<p>&nbsp;<\/p>\n<p><iframe loading=\"lazy\" title=\"Introducci\u00f3n al Budismo - Ciencia del Saber\" width=\"640\" height=\"360\" src=\"https:\/\/www.youtube.com\/embed\/T7WnOBWttHE?feature=oembed\" frameborder=\"0\" allow=\"accelerometer; autoplay; clipboard-write; encrypted-media; gyroscope; picture-in-picture; web-share\" referrerpolicy=\"strict-origin-when-cross-origin\" allowfullscreen><\/iframe><\/p>\n<p>&nbsp;<\/p>\n<p><iframe loading=\"lazy\" title=\"El Habla Correcta - Ense\u00f1anzas de Buda\" width=\"640\" height=\"480\" src=\"https:\/\/www.youtube.com\/embed\/o43otL4TyZQ?feature=oembed\" frameborder=\"0\" allow=\"accelerometer; autoplay; clipboard-write; encrypted-media; gyroscope; picture-in-picture; web-share\" referrerpolicy=\"strict-origin-when-cross-origin\" allowfullscreen><\/iframe><\/p>\n<p>&nbsp;<\/p>\n<p><iframe loading=\"lazy\" title=\"10 Ense\u00f1anzas De Buda Que Cambiar\u00e1n Tu Vida\" width=\"640\" height=\"360\" src=\"https:\/\/www.youtube.com\/embed\/d7a-iZrUfLY?feature=oembed\" frameborder=\"0\" allow=\"accelerometer; autoplay; clipboard-write; encrypted-media; gyroscope; picture-in-picture; web-share\" referrerpolicy=\"strict-origin-when-cross-origin\" allowfullscreen><\/iframe><\/p>\n<p>&nbsp;<\/p>\n<p><iframe loading=\"lazy\" title=\"Vida y Ense\u00f1anzas de Buda - Ciencia del Saber\" width=\"640\" height=\"360\" src=\"https:\/\/www.youtube.com\/embed\/5By8bxeXS0k?feature=oembed\" frameborder=\"0\" allow=\"accelerometer; autoplay; clipboard-write; encrypted-media; gyroscope; picture-in-picture; web-share\" referrerpolicy=\"strict-origin-when-cross-origin\" allowfullscreen><\/iframe><\/p>\n<p>&nbsp;<\/p>\n<p>https:\/\/www.youtube.com\/watch?v=MLQvYcMJAoM<\/p>\n<p>&nbsp;<\/p>\n<p><iframe loading=\"lazy\" title=\"Ense\u00f1anzas B\u00e1sicas del BUDISMO - Ciencia del Saber\" width=\"640\" height=\"360\" src=\"https:\/\/www.youtube.com\/embed\/D6ooQI-Mpxc?feature=oembed\" frameborder=\"0\" allow=\"accelerometer; autoplay; clipboard-write; encrypted-media; gyroscope; picture-in-picture; web-share\" referrerpolicy=\"strict-origin-when-cross-origin\" allowfullscreen><\/iframe><\/p>\n<p>&nbsp;<\/p>\n<p><iframe loading=\"lazy\" title=\"Soltar todo para lograr todo\" width=\"640\" height=\"360\" src=\"https:\/\/www.youtube.com\/embed\/nxNh1UxyqUg?feature=oembed\" frameborder=\"0\" allow=\"accelerometer; autoplay; clipboard-write; encrypted-media; gyroscope; picture-in-picture; web-share\" referrerpolicy=\"strict-origin-when-cross-origin\" allowfullscreen><\/iframe><\/p>\n<p>&nbsp;<\/p>\n<p><iframe loading=\"lazy\" title=\"Conquista al enemigo sin atacarlo - Ense\u00f1anza del Budismo Zen\" width=\"640\" height=\"360\" src=\"https:\/\/www.youtube.com\/embed\/krWTmTriG0U?feature=oembed\" frameborder=\"0\" allow=\"accelerometer; autoplay; clipboard-write; encrypted-media; gyroscope; picture-in-picture; web-share\" referrerpolicy=\"strict-origin-when-cross-origin\" allowfullscreen><\/iframe><\/p>\n<p>&nbsp;<\/p>\n<p>https:\/\/www.youtube.com\/watch?v=0vb9qe2c36A<\/p>\n<p>&nbsp;<\/p>\n<p><iframe loading=\"lazy\" title=\"La Atenci\u00f3n Correcta - Sabidur\u00eda de Buda\" width=\"640\" height=\"360\" src=\"https:\/\/www.youtube.com\/embed\/T-LeKLkUDYA?feature=oembed\" frameborder=\"0\" allow=\"accelerometer; autoplay; clipboard-write; encrypted-media; gyroscope; picture-in-picture; web-share\" referrerpolicy=\"strict-origin-when-cross-origin\" allowfullscreen><\/iframe><\/p>\n<p>&nbsp;<\/p>\n<p>https:\/\/www.youtube.com\/watch?v=jHUiIpHuAp0<\/p>\n<p>&nbsp;<\/p>\n<p><iframe loading=\"lazy\" title=\"El Verdadero Mensaje de Buda, Cristo y Krishna | La Ense\u00f1anza Oculta de Todos los Maestros\" width=\"640\" height=\"360\" src=\"https:\/\/www.youtube.com\/embed\/jl52nfLnO_o?feature=oembed\" frameborder=\"0\" allow=\"accelerometer; autoplay; clipboard-write; encrypted-media; gyroscope; picture-in-picture; web-share\" referrerpolicy=\"strict-origin-when-cross-origin\" allowfullscreen><\/iframe><\/p>\n<p>&nbsp;<\/p>\n<p><iframe loading=\"lazy\" title=\"Las Cuatro Nobles Verdades del Buda - La Esencia de sus Ense\u00f1anzas\" width=\"640\" height=\"360\" src=\"https:\/\/www.youtube.com\/embed\/TY5-KPGc-_I?feature=oembed\" frameborder=\"0\" allow=\"accelerometer; autoplay; clipboard-write; encrypted-media; gyroscope; picture-in-picture; web-share\" referrerpolicy=\"strict-origin-when-cross-origin\" allowfullscreen><\/iframe><\/p>\n<p>&nbsp;<\/p>\n<p>https:\/\/www.youtube.com\/watch?v=-886jFfszFY<\/p>\n<p>&nbsp;<\/p>\n<p><iframe loading=\"lazy\" title=\"ENSE\u00d1ANZAS DE BUDA\" width=\"640\" height=\"480\" src=\"https:\/\/www.youtube.com\/embed\/OHCmWQsT9Qk?feature=oembed\" frameborder=\"0\" allow=\"accelerometer; autoplay; clipboard-write; encrypted-media; gyroscope; picture-in-picture; web-share\" referrerpolicy=\"strict-origin-when-cross-origin\" allowfullscreen><\/iframe><\/p>\n<p>&nbsp;<\/p>\n<p><iframe loading=\"lazy\" title=\"Cuando Buda fue Insultado Parabolas Budistas\" width=\"640\" height=\"360\" src=\"https:\/\/www.youtube.com\/embed\/BylNg-90dt0?feature=oembed\" frameborder=\"0\" allow=\"accelerometer; autoplay; clipboard-write; encrypted-media; gyroscope; picture-in-picture; web-share\" referrerpolicy=\"strict-origin-when-cross-origin\" allowfullscreen><\/iframe><\/p>\n<p>&nbsp;<\/p>\n<p><iframe loading=\"lazy\" title=\"Las 10 Ense\u00f1anzas de Buda - Ciencia del Saber\" width=\"640\" height=\"360\" src=\"https:\/\/www.youtube.com\/embed\/IsxkdJ3j57Q?feature=oembed\" frameborder=\"0\" allow=\"accelerometer; autoplay; clipboard-write; encrypted-media; gyroscope; picture-in-picture; web-share\" referrerpolicy=\"strict-origin-when-cross-origin\" allowfullscreen><\/iframe><\/p>\n<p>&nbsp;<\/p>\n<p><iframe loading=\"lazy\" title=\"Los 53 Sutras de Sidharta Gautama Buda, Dhammapada (Budha)\" width=\"640\" height=\"360\" src=\"https:\/\/www.youtube.com\/embed\/ygI3Tsw1OqU?feature=oembed\" frameborder=\"0\" allow=\"accelerometer; autoplay; clipboard-write; encrypted-media; gyroscope; picture-in-picture; web-share\" referrerpolicy=\"strict-origin-when-cross-origin\" allowfullscreen><\/iframe><\/p>\n<p>&nbsp;<\/p>\n<p><iframe loading=\"lazy\" title=\"LA \u00daLTIMA ENSE\u00d1ANZA DE BUDA\" width=\"640\" height=\"360\" src=\"https:\/\/www.youtube.com\/embed\/IeFuyPXHxbw?feature=oembed\" frameborder=\"0\" allow=\"accelerometer; autoplay; clipboard-write; encrypted-media; gyroscope; picture-in-picture; web-share\" referrerpolicy=\"strict-origin-when-cross-origin\" allowfullscreen><\/iframe><\/p>\n<p>&nbsp;<\/p>\n<p><iframe loading=\"lazy\" title=\"La Concentraci\u00f3n Correcta - Ense\u00f1anzas de Buda\" width=\"640\" height=\"480\" src=\"https:\/\/www.youtube.com\/embed\/XK60ZGKLtrk?feature=oembed\" frameborder=\"0\" allow=\"accelerometer; autoplay; clipboard-write; encrypted-media; gyroscope; picture-in-picture; web-share\" referrerpolicy=\"strict-origin-when-cross-origin\" allowfullscreen><\/iframe><\/p>\n<p>&nbsp;<\/p>\n<p><iframe loading=\"lazy\" title=\"La Ense\u00f1anza Secreta De Jes\u00fas Es La Misma Ense\u00f1anza Del Buda\" width=\"640\" height=\"360\" src=\"https:\/\/www.youtube.com\/embed\/SYkmf8O0q0A?feature=oembed\" frameborder=\"0\" allow=\"accelerometer; autoplay; clipboard-write; encrypted-media; gyroscope; picture-in-picture; web-share\" referrerpolicy=\"strict-origin-when-cross-origin\" allowfullscreen><\/iframe><\/p>\n<p>&nbsp;<\/p>\n<p><iframe loading=\"lazy\" title=\"Curso sobre el budismo: El coraz\u00f3n de las ense\u00f1anzas del Buda\" width=\"640\" height=\"360\" src=\"https:\/\/www.youtube.com\/embed\/xFpfeeIhYro?feature=oembed\" frameborder=\"0\" allow=\"accelerometer; autoplay; clipboard-write; encrypted-media; gyroscope; picture-in-picture; web-share\" referrerpolicy=\"strict-origin-when-cross-origin\" allowfullscreen><\/iframe><\/p>\n","protected":false},"excerpt":{"rendered":"<p>&nbsp; &nbsp; &nbsp; &nbsp; &nbsp; &nbsp; &nbsp; https:\/\/www.youtube.com\/watch?v=MLQvYcMJAoM &nbsp; &nbsp; &nbsp; &nbsp; https:\/\/www.youtube.com\/watch?v=0vb9qe2c36A &nbsp; &nbsp; https:\/\/www.youtube.com\/watch?v=jHUiIpHuAp0 &nbsp; &nbsp;<\/p>\n","protected":false},"author":1,"featured_media":0,"parent":0,"menu_order":0,"comment_status":"closed","ping_status":"closed","template":"","meta":{"footnotes":""},"class_list":["post-5142","page","type-page","status-publish","hentry"],"_links":{"self":[{"href":"https:\/\/globalsolidarity.live\/wikiyoga\/wp-json\/wp\/v2\/pages\/5142","targetHints":{"allow":["GET"]}}],"collection":[{"href":"https:\/\/globalsolidarity.live\/wikiyoga\/wp-json\/wp\/v2\/pages"}],"about":[{"href":"https:\/\/globalsolidarity.live\/wikiyoga\/wp-json\/wp\/v2\/types\/page"}],"author":[{"embeddable":true,"href":"https:\/\/globalsolidarity.live\/wikiyoga\/wp-json\/wp\/v2\/users\/1"}],"replies":[{"embeddable":true,"href":"https:\/\/globalsolidarity.live\/wikiyoga\/wp-json\/wp\/v2\/comments?post=5142"}],"version-history":[{"count":1,"href":"https:\/\/globalsolidarity.live\/wikiyoga\/wp-json\/wp\/v2\/pages\/5142\/revisions"}],"predecessor-version":[{"id":5143,"href":"https:\/\/globalsolidarity.live\/wikiyoga\/wp-json\/wp\/v2\/pages\/5142\/revisions\/5143"}],"wp:attachment":[{"href":"https:\/\/globalsolidarity.live\/wikiyoga\/wp-json\/wp\/v2\/media?parent=5142"}],"curies":[{"name":"wp","href":"https:\/\/api.w.org\/{rel}","templated":true}]}}