{"id":5151,"date":"2021-06-02T01:59:44","date_gmt":"2021-06-02T01:59:44","guid":{"rendered":"https:\/\/globalsolidarity.live\/wikiyoga\/?page_id=5151"},"modified":"2021-06-02T01:59:44","modified_gmt":"2021-06-02T01:59:44","slug":"dalai-lama","status":"publish","type":"page","link":"https:\/\/globalsolidarity.live\/wikiyoga\/dalai-lama\/","title":{"rendered":"Dalai Lama"},"content":{"rendered":"<p><iframe loading=\"lazy\" title=\"\ud83d\udca5EI DALAI LAMA, DE UNA VIDA A OTRA - Espa\u00f1ol\" width=\"640\" height=\"480\" src=\"https:\/\/www.youtube.com\/embed\/xNKYjhITyhI?feature=oembed\" frameborder=\"0\" allow=\"accelerometer; autoplay; clipboard-write; encrypted-media; gyroscope; picture-in-picture; web-share\" referrerpolicy=\"strict-origin-when-cross-origin\" allowfullscreen><\/iframe><\/p>\n<p>&nbsp;<\/p>\n<p><iframe loading=\"lazy\" title=\"Un Coraz\u00f3n Abierto es una Mente Abierta | Dalai Lama en Espa\u00f1ol: 10 Reglas para el \u00e9xito\" width=\"640\" height=\"360\" src=\"https:\/\/www.youtube.com\/embed\/k9eb_4zdvO4?feature=oembed\" frameborder=\"0\" allow=\"accelerometer; autoplay; clipboard-write; encrypted-media; gyroscope; picture-in-picture; web-share\" referrerpolicy=\"strict-origin-when-cross-origin\" allowfullscreen><\/iframe><\/p>\n<p>&nbsp;<\/p>\n<p><iframe loading=\"lazy\" title=\"Dalai Lama - El Enojo Destruye (Sub Espa\u00f1ol)\" width=\"640\" height=\"480\" src=\"https:\/\/www.youtube.com\/embed\/q7I8kDpmuA8?feature=oembed\" frameborder=\"0\" allow=\"accelerometer; autoplay; clipboard-write; encrypted-media; gyroscope; picture-in-picture; web-share\" referrerpolicy=\"strict-origin-when-cross-origin\" allowfullscreen><\/iframe><\/p>\n<p>&nbsp;<\/p>\n<p><iframe loading=\"lazy\" title=\"El Arte de la Felicidad - Conferencia del Dalai Lama\" width=\"640\" height=\"480\" src=\"https:\/\/www.youtube.com\/embed\/P3MSSf87Pro?feature=oembed\" frameborder=\"0\" allow=\"accelerometer; autoplay; clipboard-write; encrypted-media; gyroscope; picture-in-picture; web-share\" referrerpolicy=\"strict-origin-when-cross-origin\" allowfullscreen><\/iframe><\/p>\n<p>&nbsp;<\/p>\n<p><iframe loading=\"lazy\" title=\"DALAI LAMA DOCUMENTAL\" width=\"640\" height=\"480\" src=\"https:\/\/www.youtube.com\/embed\/2L1MZP4ttzg?feature=oembed\" frameborder=\"0\" allow=\"accelerometer; autoplay; clipboard-write; encrypted-media; gyroscope; picture-in-picture; web-share\" referrerpolicy=\"strict-origin-when-cross-origin\" allowfullscreen><\/iframe><\/p>\n<p>&nbsp;<\/p>\n<p><iframe loading=\"lazy\" title=\"Cultiva tu Fortaleza Interior | Dalai Lama en Espa\u00f1ol: 10 Reglas para el \u00e9xito Vol 2\" width=\"640\" height=\"360\" src=\"https:\/\/www.youtube.com\/embed\/lHdGs1XkhAQ?feature=oembed\" frameborder=\"0\" allow=\"accelerometer; autoplay; clipboard-write; encrypted-media; gyroscope; picture-in-picture; web-share\" referrerpolicy=\"strict-origin-when-cross-origin\" allowfullscreen><\/iframe><\/p>\n<p>&nbsp;<\/p>\n<p><iframe loading=\"lazy\" title=\"Dalai Lama, Las 7 Claves de la Felicidad - Susana Gime\u0301nez\" width=\"640\" height=\"480\" src=\"https:\/\/www.youtube.com\/embed\/po4QxZ-sOtw?feature=oembed\" frameborder=\"0\" allow=\"accelerometer; autoplay; clipboard-write; encrypted-media; gyroscope; picture-in-picture; web-share\" referrerpolicy=\"strict-origin-when-cross-origin\" allowfullscreen><\/iframe><\/p>\n<p>&nbsp;<\/p>\n<p><iframe loading=\"lazy\" title=\"2 - COMO MEDITAR (1 de 4)\" width=\"640\" height=\"480\" src=\"https:\/\/www.youtube.com\/embed\/-sGmNXt7E2s?feature=oembed\" frameborder=\"0\" allow=\"accelerometer; autoplay; clipboard-write; encrypted-media; gyroscope; picture-in-picture; web-share\" referrerpolicy=\"strict-origin-when-cross-origin\" allowfullscreen><\/iframe><\/p>\n<p>&nbsp;<\/p>\n<p><iframe loading=\"lazy\" title=\"El Sutra del Coraz\u00f3n - D\u00eda 1\" width=\"640\" height=\"360\" src=\"https:\/\/www.youtube.com\/embed\/PNDUs_82MI0?feature=oembed\" frameborder=\"0\" allow=\"accelerometer; autoplay; clipboard-write; encrypted-media; gyroscope; picture-in-picture; web-share\" referrerpolicy=\"strict-origin-when-cross-origin\" allowfullscreen><\/iframe><\/p>\n<p>&nbsp;<\/p>\n<p><iframe loading=\"lazy\" title=\"Por qu\u00e9 hablar te roba energ\u00eda (Dalai Lama revela la verdad) - LAMA m\u00e9dica personal del DALAI LAMA\" width=\"640\" height=\"360\" src=\"https:\/\/www.youtube.com\/embed\/jXOK_9G8aC8?feature=oembed\" frameborder=\"0\" allow=\"accelerometer; autoplay; clipboard-write; encrypted-media; gyroscope; picture-in-picture; web-share\" referrerpolicy=\"strict-origin-when-cross-origin\" allowfullscreen><\/iframe><\/p>\n<p>&nbsp;<\/p>\n<p><iframe loading=\"lazy\" title=\"Guirnalda Preciosa - D\u00eda 1\" width=\"640\" height=\"360\" src=\"https:\/\/www.youtube.com\/embed\/ku4jZ71Iow4?feature=oembed\" frameborder=\"0\" allow=\"accelerometer; autoplay; clipboard-write; encrypted-media; gyroscope; picture-in-picture; web-share\" referrerpolicy=\"strict-origin-when-cross-origin\" allowfullscreen><\/iframe><\/p>\n<p>&nbsp;<\/p>\n<p><iframe loading=\"lazy\" title=\"Dalai Lama, \u00bfQue es Meditar? - Susana Gime\u0301nez\" width=\"640\" height=\"480\" src=\"https:\/\/www.youtube.com\/embed\/3Q3xmhj4s-8?feature=oembed\" frameborder=\"0\" allow=\"accelerometer; autoplay; clipboard-write; encrypted-media; gyroscope; picture-in-picture; web-share\" referrerpolicy=\"strict-origin-when-cross-origin\" allowfullscreen><\/iframe><\/p>\n<p>&nbsp;<\/p>\n<p><iframe loading=\"lazy\" title=\"Dalai Lama Barcelona &quot;Palau Sant Jordi&quot;\" width=\"640\" height=\"480\" src=\"https:\/\/www.youtube.com\/embed\/YHe9XmLytgU?feature=oembed\" frameborder=\"0\" allow=\"accelerometer; autoplay; clipboard-write; encrypted-media; gyroscope; picture-in-picture; web-share\" referrerpolicy=\"strict-origin-when-cross-origin\" allowfullscreen><\/iframe><\/p>\n<p>&nbsp;<\/p>\n<p><iframe loading=\"lazy\" title=\"&quot;Los diez ladrones de tu energ\u00eda&quot;  Dalai Lama\" width=\"640\" height=\"360\" src=\"https:\/\/www.youtube.com\/embed\/TNwiSIla728?feature=oembed\" frameborder=\"0\" allow=\"accelerometer; autoplay; clipboard-write; encrypted-media; gyroscope; picture-in-picture; web-share\" referrerpolicy=\"strict-origin-when-cross-origin\" allowfullscreen><\/iframe><\/p>\n<p>&nbsp;<\/p>\n<p><iframe loading=\"lazy\" title=\"DALAI LAMA  100 FRASES QUE CAMBIAR\u00c1N TU VIDA - PROSPERIDAD UNIVERSAL\" width=\"640\" height=\"360\" src=\"https:\/\/www.youtube.com\/embed\/jQFES6VnCKE?feature=oembed\" frameborder=\"0\" allow=\"accelerometer; autoplay; clipboard-write; encrypted-media; gyroscope; picture-in-picture; web-share\" referrerpolicy=\"strict-origin-when-cross-origin\" allowfullscreen><\/iframe><\/p>\n<p>&nbsp;<\/p>\n<p><iframe loading=\"lazy\" title=\"DALAI LAMA: &quot;LA MUJER FEA NO SIRVE&quot;\" width=\"640\" height=\"360\" src=\"https:\/\/www.youtube.com\/embed\/h3vZtsgwsfA?feature=oembed\" frameborder=\"0\" allow=\"accelerometer; autoplay; clipboard-write; encrypted-media; gyroscope; picture-in-picture; web-share\" referrerpolicy=\"strict-origin-when-cross-origin\" allowfullscreen><\/iframe><\/p>\n<p>&nbsp;<\/p>\n<p><iframe loading=\"lazy\" title=\"Adiestra TU Mente | Dalai Lama AUDIOLIBRO [ESPA\u00d1OL] [COMPLETO]\" width=\"640\" height=\"480\" src=\"https:\/\/www.youtube.com\/embed\/M4JzzhUn_WA?feature=oembed\" frameborder=\"0\" allow=\"accelerometer; autoplay; clipboard-write; encrypted-media; gyroscope; picture-in-picture; web-share\" referrerpolicy=\"strict-origin-when-cross-origin\" allowfullscreen><\/iframe><\/p>\n<p>&nbsp;<\/p>\n<p><iframe loading=\"lazy\" title=\"El KARMA NO ES DESTINO-Dalai Lama\" width=\"640\" height=\"360\" src=\"https:\/\/www.youtube.com\/embed\/9GuW3NVpU8E?feature=oembed\" frameborder=\"0\" allow=\"accelerometer; autoplay; clipboard-write; encrypted-media; gyroscope; picture-in-picture; web-share\" referrerpolicy=\"strict-origin-when-cross-origin\" allowfullscreen><\/iframe><\/p>\n<p>&nbsp;<\/p>\n<p><iframe loading=\"lazy\" title=\"COMO MEDITAR - Breve y sencilla explicaci\u00f3n del Dalai Lama\" width=\"640\" height=\"480\" src=\"https:\/\/www.youtube.com\/embed\/PRjJ_ok37FI?feature=oembed\" frameborder=\"0\" allow=\"accelerometer; autoplay; clipboard-write; encrypted-media; gyroscope; picture-in-picture; web-share\" referrerpolicy=\"strict-origin-when-cross-origin\" allowfullscreen><\/iframe><\/p>\n<p>&nbsp;<\/p>\n<p><iframe loading=\"lazy\" title=\"TENER \u00c9XITO EN LA VIDA-Dalai Lama\" width=\"640\" height=\"360\" src=\"https:\/\/www.youtube.com\/embed\/2Bb1Nz6rkrA?feature=oembed\" frameborder=\"0\" allow=\"accelerometer; autoplay; clipboard-write; encrypted-media; gyroscope; picture-in-picture; web-share\" referrerpolicy=\"strict-origin-when-cross-origin\" allowfullscreen><\/iframe><\/p>\n<p>&nbsp;<\/p>\n<p>https:\/\/www.youtube.com\/watch?v=dEZAW1yqjpk<\/p>\n<p>&nbsp;<\/p>\n<p>https:\/\/www.youtube.com\/watch?v=D-XHmqqFDx4<\/p>\n<p>&nbsp;<\/p>\n<p>https:\/\/www.youtube.com\/watch?v=SZOlB1e0iAg<\/p>\n<p>&nbsp;<\/p>\n<p><iframe loading=\"lazy\" title=\"\u2728EL MOMENTO PRESENTE\ud83d\udca6Dalai Lama\" width=\"640\" height=\"360\" src=\"https:\/\/www.youtube.com\/embed\/DBlqWtymavo?feature=oembed\" frameborder=\"0\" allow=\"accelerometer; autoplay; clipboard-write; encrypted-media; gyroscope; picture-in-picture; web-share\" referrerpolicy=\"strict-origin-when-cross-origin\" allowfullscreen><\/iframe><\/p>\n<p>&nbsp;<\/p>\n<p><iframe loading=\"lazy\" title=\"Las \u00abTreinta y siete pr\u00e1cticas de un bodisatva\u00bb\" width=\"640\" height=\"360\" src=\"https:\/\/www.youtube.com\/embed\/5lCM-h30Qq0?feature=oembed\" frameborder=\"0\" allow=\"accelerometer; autoplay; clipboard-write; encrypted-media; gyroscope; picture-in-picture; web-share\" referrerpolicy=\"strict-origin-when-cross-origin\" allowfullscreen><\/iframe><\/p>\n<p>&nbsp;<\/p>\n<p><iframe loading=\"lazy\" title=\"Biograf\u00eda Dalai Lama\" width=\"640\" height=\"360\" src=\"https:\/\/www.youtube.com\/embed\/KMQ_1GXsYmg?feature=oembed\" frameborder=\"0\" allow=\"accelerometer; autoplay; clipboard-write; encrypted-media; gyroscope; picture-in-picture; web-share\" referrerpolicy=\"strict-origin-when-cross-origin\" allowfullscreen><\/iframe><\/p>\n<p>&nbsp;<\/p>\n<p><iframe loading=\"lazy\" title=\"La Naturaleza De La Mente Dalai Lama Sub Esp\" width=\"640\" height=\"360\" src=\"https:\/\/www.youtube.com\/embed\/AaRfiQtEyhk?feature=oembed\" frameborder=\"0\" allow=\"accelerometer; autoplay; clipboard-write; encrypted-media; gyroscope; picture-in-picture; web-share\" referrerpolicy=\"strict-origin-when-cross-origin\" allowfullscreen><\/iframe><\/p>\n<p>&nbsp;<\/p>\n<p><iframe loading=\"lazy\" title=\"\ud83d\udca5MEDITAR SOBRE LAS EMOCIONES\ud83c\udf40Dalai Lama\" width=\"640\" height=\"480\" src=\"https:\/\/www.youtube.com\/embed\/fSNVas1g1DA?feature=oembed\" frameborder=\"0\" allow=\"accelerometer; autoplay; clipboard-write; encrypted-media; gyroscope; picture-in-picture; web-share\" referrerpolicy=\"strict-origin-when-cross-origin\" allowfullscreen><\/iframe><\/p>\n<p>&nbsp;<\/p>\n<p><iframe loading=\"lazy\" title=\"Ochenta a\u00f1os siendo el Dalai Lama, de los cuales sesenta ha vivido en el exilio\" width=\"640\" height=\"360\" src=\"https:\/\/www.youtube.com\/embed\/7UAFEq6hhxM?feature=oembed\" frameborder=\"0\" allow=\"accelerometer; autoplay; clipboard-write; encrypted-media; gyroscope; picture-in-picture; web-share\" referrerpolicy=\"strict-origin-when-cross-origin\" allowfullscreen><\/iframe><\/p>\n<p>&nbsp;<\/p>\n<p><iframe loading=\"lazy\" title=\"\ud83d\udca5TU PRINCIPAL ENEMIGO-Dalai Lama\" width=\"640\" height=\"360\" src=\"https:\/\/www.youtube.com\/embed\/qZoaumUbLvg?feature=oembed\" frameborder=\"0\" allow=\"accelerometer; autoplay; clipboard-write; encrypted-media; gyroscope; picture-in-picture; web-share\" referrerpolicy=\"strict-origin-when-cross-origin\" allowfullscreen><\/iframe><\/p>\n<p>&nbsp;<\/p>\n<p><iframe loading=\"lazy\" title=\"\ud83d\udca2RESPIRACI\u00d3N-VIZUALIZACI\u00d3N-SHAMATA-Dalai Lama\" width=\"640\" height=\"480\" src=\"https:\/\/www.youtube.com\/embed\/zZ8CVWZG2Vc?feature=oembed\" frameborder=\"0\" allow=\"accelerometer; autoplay; clipboard-write; encrypted-media; gyroscope; picture-in-picture; web-share\" referrerpolicy=\"strict-origin-when-cross-origin\" allowfullscreen><\/iframe><\/p>\n<p>&nbsp;<\/p>\n<p><iframe loading=\"lazy\" title=\"3-CONSEJOS PARA EL VIVIR Y EL MORIR- Dalai Lama\" width=\"640\" height=\"480\" src=\"https:\/\/www.youtube.com\/embed\/vjxsiWpGaMM?feature=oembed\" frameborder=\"0\" allow=\"accelerometer; autoplay; clipboard-write; encrypted-media; gyroscope; picture-in-picture; web-share\" referrerpolicy=\"strict-origin-when-cross-origin\" allowfullscreen><\/iframe><\/p>\n<p>&nbsp;<\/p>\n<p><iframe loading=\"lazy\" title=\"\ud83d\udc96LA PERDIDA DE UN SER AMADO\ud83d\udc96Dalai Lama\" width=\"640\" height=\"360\" src=\"https:\/\/www.youtube.com\/embed\/hIwtioohUVA?feature=oembed\" frameborder=\"0\" allow=\"accelerometer; autoplay; clipboard-write; encrypted-media; gyroscope; picture-in-picture; web-share\" referrerpolicy=\"strict-origin-when-cross-origin\" allowfullscreen><\/iframe><\/p>\n<p>&nbsp;<\/p>\n<p>https:\/\/www.youtube.com\/watch?v=hPx_j72lJrc<\/p>\n<p>&nbsp;<\/p>\n<p><iframe loading=\"lazy\" title=\"Dalai Lama:Sobre la Paz, Compasi\u00f3n, Felicidad y Honestidad Sub\" width=\"640\" height=\"360\" src=\"https:\/\/www.youtube.com\/embed\/u5dVF0SiXrI?feature=oembed\" frameborder=\"0\" allow=\"accelerometer; autoplay; clipboard-write; encrypted-media; gyroscope; picture-in-picture; web-share\" referrerpolicy=\"strict-origin-when-cross-origin\" allowfullscreen><\/iframe><\/p>\n<p>&nbsp;<\/p>\n<p><iframe loading=\"lazy\" title=\"\ud83d\udca5PAZ, COMPASI\u00d3N, FELICIDAD Y HONESTIDAD-Dalai Lama\" width=\"640\" height=\"360\" src=\"https:\/\/www.youtube.com\/embed\/He0S_rVvZUU?feature=oembed\" frameborder=\"0\" allow=\"accelerometer; autoplay; clipboard-write; encrypted-media; gyroscope; picture-in-picture; web-share\" referrerpolicy=\"strict-origin-when-cross-origin\" allowfullscreen><\/iframe><\/p>\n<p>&nbsp;<\/p>\n<p><iframe loading=\"lazy\" title=\"Mira lo que opina Dalai Lama sobre el matrimonio gay\" width=\"640\" height=\"480\" src=\"https:\/\/www.youtube.com\/embed\/VbVUwpDgweY?feature=oembed\" frameborder=\"0\" allow=\"accelerometer; autoplay; clipboard-write; encrypted-media; gyroscope; picture-in-picture; web-share\" referrerpolicy=\"strict-origin-when-cross-origin\" allowfullscreen><\/iframe><\/p>\n","protected":false},"excerpt":{"rendered":"<p>&nbsp; &nbsp; &nbsp; &nbsp; &nbsp; &nbsp; &nbsp; &nbsp; &nbsp; &nbsp; &nbsp; &nbsp; &nbsp; &nbsp; &nbsp; &nbsp; &nbsp; &nbsp;<\/p>\n","protected":false},"author":1,"featured_media":0,"parent":0,"menu_order":0,"comment_status":"closed","ping_status":"closed","template":"","meta":{"footnotes":""},"class_list":["post-5151","page","type-page","status-publish","hentry"],"_links":{"self":[{"href":"https:\/\/globalsolidarity.live\/wikiyoga\/wp-json\/wp\/v2\/pages\/5151","targetHints":{"allow":["GET"]}}],"collection":[{"href":"https:\/\/globalsolidarity.live\/wikiyoga\/wp-json\/wp\/v2\/pages"}],"about":[{"href":"https:\/\/globalsolidarity.live\/wikiyoga\/wp-json\/wp\/v2\/types\/page"}],"author":[{"embeddable":true,"href":"https:\/\/globalsolidarity.live\/wikiyoga\/wp-json\/wp\/v2\/users\/1"}],"replies":[{"embeddable":true,"href":"https:\/\/globalsolidarity.live\/wikiyoga\/wp-json\/wp\/v2\/comments?post=5151"}],"version-history":[{"count":1,"href":"https:\/\/globalsolidarity.live\/wikiyoga\/wp-json\/wp\/v2\/pages\/5151\/revisions"}],"predecessor-version":[{"id":5152,"href":"https:\/\/globalsolidarity.live\/wikiyoga\/wp-json\/wp\/v2\/pages\/5151\/revisions\/5152"}],"wp:attachment":[{"href":"https:\/\/globalsolidarity.live\/wikiyoga\/wp-json\/wp\/v2\/media?parent=5151"}],"curies":[{"name":"wp","href":"https:\/\/api.w.org\/{rel}","templated":true}]}}