{"id":5177,"date":"2021-06-02T02:22:45","date_gmt":"2021-06-02T02:22:45","guid":{"rendered":"https:\/\/globalsolidarity.live\/wikiyoga\/?page_id=5177"},"modified":"2021-06-02T02:49:51","modified_gmt":"2021-06-02T02:49:51","slug":"videos-documentales","status":"publish","type":"page","link":"https:\/\/globalsolidarity.live\/wikiyoga\/videos-documentales\/","title":{"rendered":"Videos, documentales"},"content":{"rendered":"<h3>\u201cCada uno de nosotros es una preciosidad, en una perspectiva c\u00f3smica. Si alguien discrepa de tus opiniones, d\u00e9jalo vivir. En un trill\u00f3n de galaxias, no hallar\u00edas otro igual\u201d.\u00a0 Carl Sagan<\/h3>\n<p>&nbsp;<\/p>\n<p><span style=\"color: #ff6600;\"><strong>TRADUCCI\u00d3N<\/strong><\/span><\/p>\n<p>Haga click sobre la rueda dentada en la esquina inferior derecha del video a traducir. Seleccione: Subt\u00edtulos \u2013 Traducir autom\u00e1ticamente \u2013 espa\u00f1ol<\/p>\n<p>&nbsp;<\/p>\n<p>&nbsp;<\/p>\n<ul>\n<li><a href=\"https:\/\/globalsolidarity.live\/wikiyoga\/history-channel-1\/\" target=\"_blank\" rel=\"noopener noreferrer\">History Channel<\/a><\/li>\n<li><a href=\"https:\/\/globalsolidarity.live\/wikiyoga\/discovery-channel-1\/\" target=\"_blank\" rel=\"noopener noreferrer\">Discovery Channel<\/a><\/li>\n<li><a href=\"https:\/\/globalsolidarity.live\/wikiyoga\/national-geographic-1\/\" target=\"_blank\" rel=\"noopener noreferrer\">National Geographic<\/a><\/li>\n<li><a href=\"https:\/\/globalsolidarity.live\/wikiyoga\/animal-planet\/\" target=\"_blank\" rel=\"noopener noreferrer\">Animal Planet<\/a><\/li>\n<li><a href=\"https:\/\/globalsolidarity.live\/wikiyoga\/nasa\/\" target=\"_blank\" rel=\"noopener noreferrer\">NASA<\/a><\/li>\n<li><a href=\"https:\/\/globalsolidarity.live\/wikiyoga\/misterios-del-universo-con-morgan-freeman\/\" target=\"_blank\" rel=\"noopener noreferrer\">Misterios del Universo, con Morgan Freeman<\/a><\/li>\n<li><a href=\"https:\/\/globalsolidarity.live\/wikiyoga\/calentamiento-global\/\" target=\"_blank\" rel=\"noopener noreferrer\">Calentamiento Global<\/a><\/li>\n<\/ul>\n","protected":false},"excerpt":{"rendered":"<p>\u201cCada uno de nosotros es una preciosidad, en una perspectiva c\u00f3smica. Si alguien discrepa de tus opiniones, d\u00e9jalo<\/p>\n","protected":false},"author":1,"featured_media":0,"parent":0,"menu_order":0,"comment_status":"closed","ping_status":"closed","template":"","meta":{"footnotes":""},"class_list":["post-5177","page","type-page","status-publish","hentry"],"_links":{"self":[{"href":"https:\/\/globalsolidarity.live\/wikiyoga\/wp-json\/wp\/v2\/pages\/5177","targetHints":{"allow":["GET"]}}],"collection":[{"href":"https:\/\/globalsolidarity.live\/wikiyoga\/wp-json\/wp\/v2\/pages"}],"about":[{"href":"https:\/\/globalsolidarity.live\/wikiyoga\/wp-json\/wp\/v2\/types\/page"}],"author":[{"embeddable":true,"href":"https:\/\/globalsolidarity.live\/wikiyoga\/wp-json\/wp\/v2\/users\/1"}],"replies":[{"embeddable":true,"href":"https:\/\/globalsolidarity.live\/wikiyoga\/wp-json\/wp\/v2\/comments?post=5177"}],"version-history":[{"count":8,"href":"https:\/\/globalsolidarity.live\/wikiyoga\/wp-json\/wp\/v2\/pages\/5177\/revisions"}],"predecessor-version":[{"id":5221,"href":"https:\/\/globalsolidarity.live\/wikiyoga\/wp-json\/wp\/v2\/pages\/5177\/revisions\/5221"}],"wp:attachment":[{"href":"https:\/\/globalsolidarity.live\/wikiyoga\/wp-json\/wp\/v2\/media?parent=5177"}],"curies":[{"name":"wp","href":"https:\/\/api.w.org\/{rel}","templated":true}]}}